{"id":99213,"date":"2022-12-16T12:16:45","date_gmt":"2022-12-16T11:16:45","guid":{"rendered":"https:\/\/www.dogpride.nl\/?post_type=product&#038;p=99213"},"modified":"2025-12-03T13:06:29","modified_gmt":"2025-12-03T12:06:29","slug":"precision-explosives-getxent-tubes-dynamite","status":"publish","type":"product","link":"https:\/\/dogpride.nl\/fr\/precision-explosives-getxent-tubes-dynamite\/","title":{"rendered":"PRECISION Explosives Getxent tubes Dynamite"},"content":{"rendered":"<h4>PRECISION Explosives Getxent tubes Dynamite<\/h4>\n<p>PRECISION Explosives Getxent tubes Dynamite<\/p>\n<p><span class=\"\">Nous vous proposons des tubes Getxent exclusifs en Europe et en Afrique avec impr\u00e9gnation. G\u00e9r\u00e9 par les experts am\u00e9ricains de Precision Explosives.<\/span><\/p>\n<p>Precision Explosives est un sp\u00e9cialiste internationalement reconnu pour ses impr\u00e9gnations. Ils ont con\u00e7u pour nous une gamme sp\u00e9ciale sur le support de tuyau Getxent. Pour entra\u00eener les chiens \u00e0 d\u00e9tecter les NARCOTIQUES\/DROGUES\/EXPLOSIFS.<\/p>\n<p>La technologie Getxent n&#039;est plus d\u00e9montrable. Il capte une v\u00e9ritable odeur lors d&#039;une phase d&#039;impr\u00e9gnation et la restitue pendant plusieurs mois lors des phases d&#039;entra\u00eenement.<br \/>\nL&#039;avantage est que le chien est dress\u00e9 sur la base d&#039;odeurs r\u00e9elles, ce n&#039;est pas une odeur chimique.<\/p>\n<h4 class=\"fusion-responsive-typography-calculated\" data-fontsize=\"18\" data-lineheight=\"21.6px\">Les tubes impr\u00e9gn\u00e9s sont stock\u00e9s par lot de 10 dans des sachets Mylar pour garantir puret\u00e9 et long\u00e9vit\u00e9.<\/h4>\n<p>La technologie est brevet\u00e9e, n\u00b0 WO2018206808.<br \/>\nDes solutions largement utilis\u00e9es aux \u00c9tats-Unis depuis des ann\u00e9es.<\/p>\n<p>Le produit peut rester dans le sac non ouvert pendant 2 ans sans changement d&#039;odeur.<br \/>\nUne fois ouvert, il est recommand\u00e9 de ne pas remettre les tubes usag\u00e9s dans le sachet, mais un pot en verre (nous pr\u00e9conisons des pots en verre valid\u00e9s par CYNODEX en version 120 ml).<\/p>\n<p>Pour le transport ou le stockage des tubes en vrac apr\u00e8s utilisation, il est \u00e9galement possible de les conditionner en flacons de 10 ml.<br \/>\nles tubes doivent \u00eatre manipul\u00e9s avec des pinces m\u00e9talliques et des gants en nitrile non poudr\u00e9s pour minimiser la contamination.<br \/>\nTous ces accessoires sont en vente sur notre site et visibles dans les produits recommand\u00e9s ci-dessous.<\/p>\n<p>Chaque tube peut \u00eatre utilis\u00e9 entre 5 et 7 fois, selon le lieu, la dur\u00e9e de la sortie et l&#039;environnement d&#039;entra\u00eenement g\u00e9n\u00e9ral.<\/p>\n<ul>\n<li>1 sachet contient 10 tubes.<\/li>\n<\/ul>\n<p><strong>Pour assurer l&#039;int\u00e9grit\u00e9 des produits, il n&#039;y a aucun retour pour \u00e9change ou remboursement.<\/strong><br \/>\n<strong><span class=\"goog-text-highlight\">Nous avons toujours un petit stock de produits les plus frais possible afin de pouvoir livrer rapidement. Pour des quantit\u00e9s importantes, un d\u00e9lai de 2 \u00e0 3 semaines sera n\u00e9cessaire.<\/span><\/strong><\/p>\n<p><a href=\"https:\/\/dogpride.nl\/fr\/k9\/detectie\/detectie-geurstoffen\/precision-geurstoffen\/\"><img loading=\"lazy\" decoding=\"async\" class=\"alignnone\" title=\"PRECISION Explosives Getxent tubes Dynamite\" src=\"https:\/\/dogpride.nl\/wp-content\/uploads\/dynamiet.jpg\" alt=\"PRECISION Explosives Getxent tubes Dynamite\" width=\"135\" height=\"135\" \/><\/a><\/p>\n<h4 data-start=\"390\" data-end=\"441\"><strong data-start=\"392\" data-end=\"439\">PRECISION Explosives Getxent Tubes Dynamite<\/strong><\/h4>\n<p data-start=\"442\" data-end=\"563\"><strong data-start=\"442\" data-end=\"563\">Professionele geurdragers voor explosievendetectiehonden \u2013 veilig, consistent en ontworpen voor realistische training<\/strong><\/p>\n<p data-start=\"565\" data-end=\"1091\">Le <strong data-start=\"568\" data-end=\"615\">PRECISION Explosives Getxent Tubes Dynamite<\/strong> zijn ontwikkeld om explosievendetectiehonden (EDD\u2019s) veilig en betrouwbaar te trainen op de specifieke geurcomponenten die geassocieerd worden met dynamiet. Omdat dynamiet echte explosieve stoffen bevat en dus onder zware regelgeving valt, is het in de praktijk vaak onmogelijk of onveilig om hiermee te trainen. Getxent biedt met deze tubes een volledig gecontroleerde, veilige en reproduceerbare geurbron, zodat K9 teams hun vaardigheden kunnen opbouwen zonder enig risico.<\/p>\n<p data-start=\"1093\" data-end=\"1404\">Deze tubes worden wereldwijd ingezet door politie, grensbewaking, douane, militaire eenheden, luchthavensecurity en internationale K9-opleidingscentra. Dankzij hun wetenschappelijk ontworpen geurabsorptiesysteem bieden ze een constante geurafgifte, waardoor trainingsresultaten betrouwbaar en objectief blijven.<\/p>\n<hr data-start=\"1406\" data-end=\"1409\" \/>\n<h4 data-start=\"1411\" data-end=\"1481\"><strong data-start=\"1414\" data-end=\"1481\">Waarom kiezen voor PRECISION Explosives Getxent Tubes Dynamite?<\/strong><\/h4>\n<h4 data-start=\"1483\" data-end=\"1547\"><strong data-start=\"1487\" data-end=\"1545\">1. Volledig veilig \u2013 geen explosief materiaal aanwezig<\/strong><\/h4>\n<p data-start=\"1548\" data-end=\"1718\">Werken met echt dynamiet brengt risico\u2019s mee zoals instabiliteit, ontstekingsgevaar en strikte veiligheidsrestricties.<br data-start=\"1666\" data-end=\"1669\" \/>Getxent Tubes elimineren deze problemen volledig:<\/p>\n<ul>\n<li data-start=\"1722\" data-end=\"1758\">geen explosieve stoffen in de tube<\/li>\n<li data-start=\"1761\" data-end=\"1789\">geen risico op ontbranding<\/li>\n<li data-start=\"1792\" data-end=\"1834\">geen chemische reacties of instabiliteit<\/li>\n<li data-start=\"1837\" data-end=\"1916\">geurcomponenten worden onder gecontroleerde laboratoriumcondities aangebracht<\/li>\n<li data-start=\"1919\" data-end=\"1969\">veilig op te slaan, te vervoeren en te gebruiken<\/li>\n<li data-start=\"1972\" data-end=\"2013\">geen contaminatie van trainingslocaties<\/li>\n<\/ul>\n<p data-start=\"2015\" data-end=\"2108\">Hierdoor kunnen detection dogs regelmatig en veilig worden getraind, zowel binnen als buiten.<\/p>\n<h4 data-start=\"2110\" data-end=\"2177\"><strong data-start=\"2114\" data-end=\"2175\">2. Wetenschappelijk gevalideerde geurabsorptietechnologie<\/strong><\/h4>\n<p data-start=\"2178\" data-end=\"2303\">De tubes zijn gemaakt van een gepatenteerd microporeus polymeer dat geurmoleculen op moleculair niveau absorbeert en afgeeft.<\/p>\n<p data-start=\"2305\" data-end=\"2315\">Avantages :<\/p>\n<ul>\n<li data-start=\"2319\" data-end=\"2352\">langdurige stabiele geurafgifte<\/li>\n<li data-start=\"2355\" data-end=\"2405\">hoge reproduceerbaarheid tussen trainingssessies<\/li>\n<li data-start=\"2408\" data-end=\"2439\">realistische detectieprikkels<\/li>\n<li data-start=\"2442\" data-end=\"2480\">minimale variatie in geurintensiteit<\/li>\n<li data-start=\"2483\" data-end=\"2537\">geschikt voor certificering en geavanceerde training<\/li>\n<\/ul>\n<p data-start=\"2539\" data-end=\"2705\">Deze precisie is essentieel voor dynamiet, aangezien het geurprofiel bestaat uit complexe componenten afkomstig van de stoffen die traditioneel in dynamiet voorkomen.<\/p>\n<hr data-start=\"2707\" data-end=\"2710\" \/>\n<h4 data-start=\"2712\" data-end=\"2767\"><strong data-start=\"2715\" data-end=\"2767\">Onmisbaar voor professionele veiligheidsdiensten<\/strong><\/h4>\n<p data-start=\"2769\" data-end=\"2852\">Le <strong data-start=\"2772\" data-end=\"2819\">PRECISION Explosives Getxent Tubes Dynamite<\/strong> worden wereldwijd gebruikt door:<\/p>\n<ul>\n<li data-start=\"2856\" data-end=\"2898\">militaire explosievendetectiehondenteams<\/li>\n<li data-start=\"2901\" data-end=\"2941\">politie en federale opsporingsdiensten<\/li>\n<li data-start=\"2944\" data-end=\"2969\">douane en grensbewaking<\/li>\n<li data-start=\"2972\" data-end=\"3011\">luchthavensecurity en cargo screening<\/li>\n<li data-start=\"3014\" data-end=\"3045\">nationale veiligheidsdiensten<\/li>\n<li data-start=\"3048\" data-end=\"3095\">K9 trainingsacademies en certificeringscentra<\/li>\n<\/ul>\n<p data-start=\"3097\" data-end=\"3271\">Training op dynamietgerelateerde geuren is van groot belang in anti-explosieven operaties, waardoor deze tubes een onmisbare tool zijn binnen elk professioneel EDD-programma.<\/p>\n<hr data-start=\"3273\" data-end=\"3276\" \/>\n<h4 data-start=\"3278\" data-end=\"3338\"><strong data-start=\"3281\" data-end=\"3338\">Realistische trainingsmogelijkheden voor alle niveaus<\/strong><\/h4>\n<h4 data-start=\"3340\" data-end=\"3373\"><strong data-start=\"3344\" data-end=\"3371\">\u2713 Constante geurafgifte<\/strong><\/h4>\n<p data-start=\"3374\" data-end=\"3456\">Elke tube geeft een uniforme geurintensiteit af over langere tijd.<br data-start=\"3440\" data-end=\"3443\" \/>Perfect voor:<\/p>\n<ul>\n<li data-start=\"3460\" data-end=\"3475\">basistraining<\/li>\n<li data-start=\"3478\" data-end=\"3499\">gevorderde detectie<\/li>\n<li data-start=\"3502\" data-end=\"3517\">certificering<\/li>\n<li data-start=\"3520\" data-end=\"3543\">vaardigheidsonderhoud<\/li>\n<\/ul>\n<h4 data-start=\"3545\" data-end=\"3601\"><strong data-start=\"3549\" data-end=\"3599\">\u2713 Geschikt voor geavanceerde verstopscenario\u2019s<\/strong><\/h4>\n<p data-start=\"3602\" data-end=\"3667\">Dynamietgeuren kunnen zich in realistische situaties bevinden in:<\/p>\n<ul>\n<li data-start=\"3671\" data-end=\"3683\">voertuigen<\/li>\n<li data-start=\"3686\" data-end=\"3707\">bagage of pakketten<\/li>\n<li data-start=\"3710\" data-end=\"3740\">magazijnen en opslaglocaties<\/li>\n<li data-start=\"3743\" data-end=\"3769\">verborgen compartimenten<\/li>\n<li data-start=\"3772\" data-end=\"3804\">gebouwen en technische ruimtes<\/li>\n<li data-start=\"3807\" data-end=\"3828\">ventilatieschachten<\/li>\n<\/ul>\n<p data-start=\"3830\" data-end=\"3929\">Het compacte formaat van de tubes maakt ze ideaal voor het simuleren van echte dreigingsscenario\u2019s.<\/p>\n<h4 data-start=\"3931\" data-end=\"3975\"><strong data-start=\"3935\" data-end=\"3973\">\u2713 Ideaal voor micro scent training<\/strong><\/h4>\n<p data-start=\"3976\" data-end=\"4120\">Omdat explosieven vaak subtiele geursporen laten, is training met lage concentraties essentieel.<br data-start=\"4072\" data-end=\"4075\" \/>De tubes ondersteunen detectiescenario\u2019s met:<\/p>\n<ul>\n<li data-start=\"4124\" data-end=\"4148\">minimale luchtstroming<\/li>\n<li data-start=\"4151\" data-end=\"4177\">gemengde omgevingsgeuren<\/li>\n<li data-start=\"4180\" data-end=\"4202\">lange zoekopdrachten<\/li>\n<li data-start=\"4205\" data-end=\"4227\">complexe geurkaarten<\/li>\n<\/ul>\n<p data-start=\"4229\" data-end=\"4300\">Deze nauwkeurigheid verhoogt de betrouwbaarheid van operationele inzet.<\/p>\n<h4 data-start=\"4302\" data-end=\"4350\"><strong data-start=\"4306\" data-end=\"4348\">\u2713 Duurzaam, hygi\u00ebnisch en herbruikbaar<\/strong><\/h4>\n<p data-start=\"4351\" data-end=\"4472\">De tubes behouden hun prestaties, zelfs bij intensief gebruik.<br data-start=\"4413\" data-end=\"4416\" \/>Ze zijn eenvoudig te reinigen en keer op keer inzetbaar.<\/p>\n<p data-start=\"4351\" data-end=\"4472\"><img loading=\"lazy\" decoding=\"async\" class=\"alignnone\" title=\"PRECISION Explosives Getxent Tubes Dynamite\" src=\"https:\/\/dogpride.nl\/wp-content\/uploads\/verybig-5772-2-5-150x150.jpg\" alt=\"PRECISION Explosives Getxent Tubes Dynamite\" width=\"115\" height=\"115\" \/><\/p>\n<hr data-start=\"4474\" data-end=\"4477\" \/>\n<h4 data-start=\"4479\" data-end=\"4540\"><strong data-start=\"4482\" data-end=\"4540\">Hoe PRECISION Explosives Getxent Tubes Dynamite werken<\/strong><\/h4>\n<ol data-start=\"4542\" data-end=\"5074\">\n<li data-start=\"4542\" data-end=\"4720\">\n<p data-start=\"4545\" data-end=\"4720\"><strong data-start=\"4545\" data-end=\"4557\">Belading<\/strong><br data-start=\"4557\" data-end=\"4560\" \/>De tubes worden in gecontroleerde laboratoria blootgesteld aan geurcomponenten die geassocieerd worden met dynamiet.<br data-start=\"4676\" data-end=\"4679\" \/>Ze bevatten <strong data-start=\"4691\" data-end=\"4719\">g\u00e9\u00e9n explosief materiaal<\/strong>.<\/p>\n<\/li>\n<li data-start=\"4722\" data-end=\"4816\">\n<p data-start=\"4725\" data-end=\"4816\"><strong data-start=\"4725\" data-end=\"4738\">Absorptie<\/strong><br data-start=\"4738\" data-end=\"4741\" \/>Het microporeuze polymeer neemt de geurcomponenten op mol\u00e9culair niveau op.<\/p>\n<\/li>\n<li data-start=\"4818\" data-end=\"4924\">\n<p data-start=\"4821\" data-end=\"4924\"><strong data-start=\"4821\" data-end=\"4836\">Geurafgifte<\/strong><br data-start=\"4836\" data-end=\"4839\" \/>Tijdens training geeft de tube de geur af met een stabiel en reproduceerbaar profiel.<\/p>\n<\/li>\n<li data-start=\"4926\" data-end=\"5074\">\n<p data-start=\"4929\" data-end=\"5074\"><strong data-start=\"4929\" data-end=\"4941\">D\u00e9tection<\/strong><br data-start=\"4941\" data-end=\"4944\" \/>EDD-honden leren de relevante geursignatuur herkennen in uiteenlopende scenario\u2019s, zonder enig risico voor mens, dier of omgeving.<\/p>\n<\/li>\n<\/ol>\n<hr data-start=\"5076\" data-end=\"5079\" \/>\n<h4 data-start=\"5081\" data-end=\"5114\"><strong data-start=\"5084\" data-end=\"5114\">Voordelen PRECISION Explosives Getxent Tubes Dynamite in \u00e9\u00e9n oogopslag<\/strong><\/h4>\n<ul>\n<li data-start=\"5118\" data-end=\"5159\">Volledig explosieve-vrij en 100% veilig<\/li>\n<li data-start=\"5162\" data-end=\"5204\">Constante en reproduceerbare geurafgifte<\/li>\n<li data-start=\"5207\" data-end=\"5246\">Ideaal voor dynamiet detectietraining<\/li>\n<li data-start=\"5249\" data-end=\"5305\">Geschikt voor certificering en geavanceerde scenario\u2019s<\/li>\n<li data-start=\"5308\" data-end=\"5353\">Compact, discreet en eenvoudig te verbergen<\/li>\n<li data-start=\"5356\" data-end=\"5399\">Hygi\u00ebnisch, herbruikbaar en zeer duurzaam<\/li>\n<li data-start=\"5402\" data-end=\"5447\">Wetenschappelijk gevalideerde geurstandaard<\/li>\n<li data-start=\"5450\" data-end=\"5500\">Internationaal gebruikt door veiligheidsdiensten<\/li>\n<\/ul>\n<hr data-start=\"5502\" data-end=\"5505\" \/>\n<h4 data-start=\"5507\" data-end=\"5528\"><strong data-start=\"5510\" data-end=\"5526\">Samenvatting<\/strong><\/h4>\n<p data-start=\"5529\" data-end=\"5872\">Le <strong data-start=\"5532\" data-end=\"5579\">PRECISION Explosives Getxent Tubes Dynamite<\/strong> bieden een wetenschappelijk gecontroleerde, veilige en uiterst betrouwbare methode om explosievendetectiehonden te trainen op dynamietgerelateerde geuren. Ze combineren hoge reproduceerbaarheid met volledige veiligheid, waardoor professionele K9-teams consistent en risicoloos kunnen trainen.<\/p>\n<p data-start=\"5874\" data-end=\"6041\">Voor elke organisatie die explosievendetectie serieus neemt, zijn deze geurdragers een onmisbaar onderdeel van een modern, professioneel en veilig opleidingsprogramma.<\/p>\n<p data-start=\"5874\" data-end=\"6041\">\n<p data-start=\"5874\" data-end=\"6041\"><a href=\"https:\/\/www.pre-exp.com\/\" target=\"_blank\" rel=\"noopener\"><img loading=\"lazy\" decoding=\"async\" class=\"alignnone wp-image-145806 size-full\" title=\"PRECISION Explosives Getxent Tubes Dynamite\" src=\"https:\/\/dogpride.nl\/wp-content\/uploads\/Logo-9.jpg\" alt=\"PRECISION Explosives Getxent Tubes Dynamite\" width=\"124\" height=\"91\" srcset=\"https:\/\/dogpride.nl\/wp-content\/uploads\/Logo-9.jpg 124w, https:\/\/dogpride.nl\/wp-content\/uploads\/Logo-9-16x12.jpg 16w\" sizes=\"auto, (max-width: 124px) 100vw, 124px\" \/><\/a><\/p>\n<p>&nbsp;<\/p>","protected":false},"excerpt":{"rendered":"<p>Le <strong data-start=\"568\" data-end=\"615\">PRECISION Explosives Getxent Tubes Dynamite<\/strong> zijn ontwikkeld om explosievendetectiehonden (EDD\u2019s) veilig en betrouwbaar te trainen op de specifieke geurcomponenten die geassocieerd worden met dynamiet.<\/p>","protected":false},"featured_media":99214,"template":"","meta":[],"product_brand":[],"product_cat":[4021],"product_tag":[3247,15641,15646,15642,15483,15552,15533,15543,4898,15643,4895,15639,15645,15524,4893,15640,15647,15540,15644,4896],"class_list":{"0":"post-99213","1":"product","2":"type-product","3":"status-publish","4":"has-post-thumbnail","6":"product_cat-precision-geurstoffen","7":"product_tag-dynamiet","8":"product_tag-dynamite-detection-dog-training","9":"product_tag-dynamite-getxent-tubes","10":"product_tag-dynamite-scent-carrier","11":"product_tag-explosieven-detectiehond-training","12":"product_tag-explosievendetectie-hondentraining","13":"product_tag-explosive-detection-dog-equipment","14":"product_tag-explosive-detection-training-tools","15":"product_tag-explosives","16":"product_tag-gecontroleerde-dynamiet-geurtraining","17":"product_tag-getxent","18":"product_tag-getxent-tubes-dynamite","19":"product_tag-k9-detection-dynamite","20":"product_tag-k9-explosive-detection-training","21":"product_tag-precision","22":"product_tag-precision-explosives-getxent-tubes-dynamite","23":"product_tag-professionele-explosieven-training","24":"product_tag-reproduceerbare-geurdragers-explosieven","25":"product_tag-scent-polymer-dynamite","26":"product_tag-tubes","27":"product_shipping_class-vast-tarief-eu-overig","29":"first","30":"instock","31":"taxable","32":"shipping-taxable","33":"purchasable","34":"product-type-simple"},"exclude_global_add_ons":[],"addons":[],"mb":[],"mfb_rest_fields":["title","exclude_global_add_ons","addons"],"_links":{"self":[{"href":"https:\/\/dogpride.nl\/fr\/wp-json\/wp\/v2\/product\/99213","targetHints":{"allow":["GET"]}}],"collection":[{"href":"https:\/\/dogpride.nl\/fr\/wp-json\/wp\/v2\/product"}],"about":[{"href":"https:\/\/dogpride.nl\/fr\/wp-json\/wp\/v2\/types\/product"}],"wp:featuredmedia":[{"embeddable":true,"href":"https:\/\/dogpride.nl\/fr\/wp-json\/wp\/v2\/media\/99214"}],"wp:attachment":[{"href":"https:\/\/dogpride.nl\/fr\/wp-json\/wp\/v2\/media?parent=99213"}],"wp:term":[{"taxonomy":"product_brand","embeddable":true,"href":"https:\/\/dogpride.nl\/fr\/wp-json\/wp\/v2\/product_brand?post=99213"},{"taxonomy":"product_cat","embeddable":true,"href":"https:\/\/dogpride.nl\/fr\/wp-json\/wp\/v2\/product_cat?post=99213"},{"taxonomy":"product_tag","embeddable":true,"href":"https:\/\/dogpride.nl\/fr\/wp-json\/wp\/v2\/product_tag?post=99213"}],"curies":[{"name":"wp","href":"https:\/\/api.w.org\/{rel}","templated":true}]}}