{"id":99207,"date":"2022-12-16T10:23:28","date_gmt":"2022-12-16T09:23:28","guid":{"rendered":"https:\/\/www.dogpride.nl\/?post_type=product&#038;p=99207"},"modified":"2025-12-03T13:06:51","modified_gmt":"2025-12-03T12:06:51","slug":"precision-getxent-tubes-ammonium-nitrate","status":"publish","type":"product","link":"https:\/\/dogpride.nl\/fr\/precision-getxent-tubes-ammonium-nitrate\/","title":{"rendered":"PRECISION Getxent tubes Ammonium Nitrate"},"content":{"rendered":"<h4>PRECISION Getxent tubes Ammonium Nitrate<\/h4>\n<p>PRECISION Getxent tubes Ammonium Nitrate<\/p>\n<p>Nous vous proposons des tubes exclusifs Getxent en Europe et en Afrique avec une impr\u00e9gnation g\u00e9r\u00e9e par les experts am\u00e9ricains de Precision Explosives.<\/p>\n<p>Precision Explosives est un sp\u00e9cialiste internationalement reconnu pour ses impr\u00e9gnations. Ils ont con\u00e7u pour nous une gamme sp\u00e9ciale sur le support de tuyau Getxent. Pour entra\u00eener les chiens \u00e0 d\u00e9tecter les explosifs.<\/p>\n<p>La technologie Getxent n&#039;est plus d\u00e9montrable. Il capte une v\u00e9ritable odeur lors d&#039;une phase d&#039;impr\u00e9gnation et la restitue pendant plusieurs mois lors des phases d&#039;entra\u00eenement.<br \/>\nL&#039;avantage est que le chien est dress\u00e9 sur la base d&#039;odeurs r\u00e9elles, ce n&#039;est pas un odorant chimique.<\/p>\n<h4>Les tubes impr\u00e9gn\u00e9s sont stock\u00e9s par lot de 10 dans des sachets Mylar pour garantir puret\u00e9 et long\u00e9vit\u00e9.<\/h4>\n<p>La technologie est brevet\u00e9e, n\u00b0 WO2018206808.<br \/>\nDes solutions largement utilis\u00e9es aux \u00c9tats-Unis depuis des ann\u00e9es.<\/p>\n<p>Le produit peut rester dans le sac non ouvert pendant 2 ans sans changement d&#039;odeur.<br \/>\nUne fois ouvert, il est recommand\u00e9 de ne pas remettre les tubes usag\u00e9s dans le sachet, mais un pot en verre (nous pr\u00e9conisons des pots en verre valid\u00e9s par CYNODEX en version 120 ml).<br \/>\nPour le transport ou le stockage des tubes en vrac apr\u00e8s utilisation, il est \u00e9galement possible de les conditionner en flacons de 10 ml.<br \/>\nles tubes doivent \u00eatre manipul\u00e9s avec des pinces m\u00e9talliques et des gants en nitrile non poudr\u00e9s pour minimiser la contamination.<br \/>\nTous ces accessoires sont en vente sur notre site et visibles dans les produits recommand\u00e9s ci-dessous.<\/p>\n<p><span class=\"goog-text-highlight\">Chaque tube peut \u00eatre utilis\u00e9 entre 5 et 7 fois, selon le lieu, la dur\u00e9e de la sortie et l&#039;environnement d&#039;entra\u00eenement g\u00e9n\u00e9ral.<\/span><\/p>\n<ul>\n<li>1 sachet contient 10 tubes.<\/li>\n<\/ul>\n<p><strong>Pour assurer l&#039;int\u00e9grit\u00e9 des produits, il n&#039;y a aucun retour pour \u00e9change ou remboursement.<\/strong><br \/>\n<strong>Nous avons toujours un petit stock de produits les plus frais possible afin de pouvoir livrer rapidement. Pour des quantit\u00e9s importantes, un d\u00e9lai de 2 \u00e0 3 semaines sera n\u00e9cessaire.<\/strong><\/p>\n<p><a href=\"https:\/\/dogpride.nl\/fr\/k9\/detectie\/detectie-geurstoffen\/precision-geurstoffen\/\"><img loading=\"lazy\" decoding=\"async\" class=\"alignnone\" title=\"PRECISION Getxent tubes Ammonium Nitrate\" src=\"https:\/\/dogpride.nl\/wp-content\/uploads\/Ammoniumnitraat.jpg\" alt=\"PRECISION Getxent tubes Ammonium Nitrate\" width=\"145\" height=\"145\" \/><\/a><\/p>\n<h4 data-start=\"386\" data-end=\"434\"><strong data-start=\"388\" data-end=\"432\">PRECISION Getxent Tubes Ammonium Nitrate<\/strong><\/h4>\n<p data-start=\"435\" data-end=\"568\"><strong data-start=\"435\" data-end=\"568\">Professionele geurdragers voor K9 detectietraining op ammoniumnitraat \u2013 veilig, reproduceerbaar en wetenschappelijk gecontroleerd<\/strong><\/p>\n<p data-start=\"570\" data-end=\"1121\">Le <strong data-start=\"573\" data-end=\"617\">PRECISION Getxent Tubes Ammonium Nitrate<\/strong> zijn speciaal ontworpen voor professionele K9 teams die worden getraind in het herkennen van geurcomponenten die geassocieerd zijn met ammoniumnitraat. Ammoniumnitraat is een internationaal gereguleerd precursor-bestanddeel dat in diverse veiligheidscontexten een belangrijke rol speelt. Omdat het werken met echte grondstoffen risico\u2019s en wettelijke beperkingen met zich meebrengt, vormen de PRECISION Getxent Tubes een volledig veilige manier om detection dogs te trainen zonder enige vorm van gevaar.<\/p>\n<p data-start=\"1123\" data-end=\"1442\">Deze geurdragers worden wereldwijd ingezet door politie, douane, militaire EDD-teams, luchthavensecurity en professionele trainingsinstituten. Dankzij de wetenschappelijke geurabsorptietechnologie bieden ze een betrouwbare, stabiele en consistent reproduceerbare geurbron die onmisbaar is voor moderne detectietraining.<\/p>\n<hr data-start=\"1444\" data-end=\"1447\" \/>\n<h4 data-start=\"1449\" data-end=\"1504\"><strong data-start=\"1452\" data-end=\"1504\">Waarom PRECISION Getxent Tubes Ammonium Nitrate?<\/strong><\/h4>\n<h4 data-start=\"1506\" data-end=\"1575\"><strong data-start=\"1510\" data-end=\"1573\">1. Volledig veilig \u2013 geen ammoniumnitraat als stof aanwezig<\/strong><\/h4>\n<p data-start=\"1576\" data-end=\"1764\">Omdat ammoniumnitraat onder strikte regelgeving valt en in hoge concentraties gevaarlijk kan zijn, is training met echte stoffen vaak onmogelijk.<br data-start=\"1721\" data-end=\"1724\" \/>De Getxent Tubes lossen dit volledig op:<\/p>\n<ul>\n<li data-start=\"1768\" data-end=\"1817\">geen explosieve of risicovolle stoffen aanwezig<\/li>\n<li data-start=\"1820\" data-end=\"1859\">geen instabiliteit of ontvlambaarheid<\/li>\n<li data-start=\"1862\" data-end=\"1891\">veilige opslag en transport<\/li>\n<li data-start=\"1894\" data-end=\"1937\">geen gevaar voor hond, trainer of locatie<\/li>\n<li data-start=\"1940\" data-end=\"1977\">geen afval of contaminatie achteraf<\/li>\n<\/ul>\n<p data-start=\"1979\" data-end=\"2042\">Zo kunnen K9 teams gewoon dagelijks oefenen zonder restricties.<\/p>\n<h4 data-start=\"2044\" data-end=\"2115\"><strong data-start=\"2048\" data-end=\"2113\">2. Wetenschappelijk ontwerp voor geurabsorptie en geurafgifte<\/strong><\/h4>\n<p data-start=\"2116\" data-end=\"2262\">De tubes bestaan uit een gepatenteerd microporeus polymeer dat geurcomponenten van ammoniumnitraat volledig gecontroleerd absorbeert en afgeeft.<\/p>\n<p data-start=\"2264\" data-end=\"2279\">Dit zorgt voor:<\/p>\n<ul>\n<li data-start=\"2283\" data-end=\"2306\">constante geurafgifte<\/li>\n<li data-start=\"2309\" data-end=\"2363\">perfecte reproduceerbaarheid tussen trainingssessies<\/li>\n<li data-start=\"2366\" data-end=\"2411\">realistische en betrouwbare detectiestimuli<\/li>\n<li data-start=\"2414\" data-end=\"2452\">minimale variatie in geurintensiteit<\/li>\n<li data-start=\"2455\" data-end=\"2520\">stabiele prestaties voor certificering en vaardigheidsonderhoud<\/li>\n<\/ul>\n<p data-start=\"2522\" data-end=\"2613\">Deze consistentie is cruciaal voor het trainen van professionele explosievendetectiehonden.<\/p>\n<hr data-start=\"2615\" data-end=\"2618\" \/>\n<h4 data-start=\"2620\" data-end=\"2693\"><strong data-start=\"2623\" data-end=\"2693\">Voor wie zijn de PRECISION Getxent Tubes Ammonium Nitrate bedoeld?<\/strong><\/h4>\n<p data-start=\"2695\" data-end=\"2733\">Deze geurdragers worden gebruikt door:<\/p>\n<ul>\n<li data-start=\"2737\" data-end=\"2779\">militaire explosievendetectiehondenteams<\/li>\n<li data-start=\"2782\" data-end=\"2804\">politie en recherche<\/li>\n<li data-start=\"2807\" data-end=\"2832\">douane en grensbewaking<\/li>\n<li data-start=\"2835\" data-end=\"2874\">luchthavensecurity en cargo screening<\/li>\n<li data-start=\"2877\" data-end=\"2917\">antiterrorisme- en veiligheidsdiensten<\/li>\n<li data-start=\"2920\" data-end=\"2967\">K9 trainingsacademies en certificeringscentra<\/li>\n<\/ul>\n<p data-start=\"2969\" data-end=\"3117\">Ammoniumnitraat is een veel voorkomende precursor in internationale veiligheidsdossiers, waardoor detectietraining op deze geur extra belangrijk is.<\/p>\n<hr data-start=\"3119\" data-end=\"3122\" \/>\n<h4 data-start=\"3124\" data-end=\"3183\"><strong data-start=\"3127\" data-end=\"3183\">Realistische en professionele trainingsmogelijkheden<\/strong><\/h4>\n<h4 data-start=\"3185\" data-end=\"3244\"><strong data-start=\"3189\" data-end=\"3242\">\u2713 Constante geurafgifte voor betrouwbare detectie<\/strong><\/h4>\n<p data-start=\"3245\" data-end=\"3351\">De tubes bieden een langdurig en stabiel geurprofiel waardoor trainingen consistent verlopen. Ideaal voor:<\/p>\n<ul>\n<li data-start=\"3355\" data-end=\"3373\">basisopleidingen<\/li>\n<li data-start=\"3376\" data-end=\"3399\">geavanceerde detectie<\/li>\n<li data-start=\"3402\" data-end=\"3421\">scenario-training<\/li>\n<li data-start=\"3424\" data-end=\"3453\">periodieke hercertificering<\/li>\n<li data-start=\"3456\" data-end=\"3476\">vaardigheidsbehoud<\/li>\n<\/ul>\n<h4 data-start=\"3478\" data-end=\"3544\"><strong data-start=\"3482\" data-end=\"3542\">\u2713 Ideaal voor complexe en operationele verstopscenario\u2019s<\/strong><\/h4>\n<p data-start=\"3545\" data-end=\"3618\">Ammoniumnitraatgeur kan in realistische situaties aanwezig zijn op of in:<\/p>\n<ul>\n<li data-start=\"3622\" data-end=\"3634\">voertuigen<\/li>\n<li data-start=\"3637\" data-end=\"3666\">pakketten, tassen en bagage<\/li>\n<li data-start=\"3669\" data-end=\"3698\">containers en opslagruimtes<\/li>\n<li data-start=\"3701\" data-end=\"3727\">verborgen compartimenten<\/li>\n<li data-start=\"3730\" data-end=\"3750\">technische ruimtes<\/li>\n<li data-start=\"3753\" data-end=\"3799\">buitenlocaties met wind- en geurverstoringen<\/li>\n<\/ul>\n<p data-start=\"3801\" data-end=\"3889\">Door hun compacte formaat passen de tubes overal waar een realistisch scenario nodig is.<\/p>\n<h4 data-start=\"3891\" data-end=\"3936\"><strong data-start=\"3895\" data-end=\"3934\">\u2713 Perfect voor micro scent training<\/strong><\/h4>\n<p data-start=\"3937\" data-end=\"4092\">Omdat ammoniumnitraat lage maar herkenbare geursporen kan afgeven, is micro scent training essentieel.<br data-start=\"4039\" data-end=\"4042\" \/>De tubes ondersteunen training in situaties zoals:<\/p>\n<ul>\n<li data-start=\"4096\" data-end=\"4124\">minimale luchtverplaatsing<\/li>\n<li data-start=\"4127\" data-end=\"4152\">gemengde geuromgevingen<\/li>\n<li data-start=\"4155\" data-end=\"4175\">grote zoekgebieden<\/li>\n<li data-start=\"4178\" data-end=\"4224\">subtiele geursporen in complexe luchtstromen<\/li>\n<\/ul>\n<p data-start=\"4226\" data-end=\"4314\">Zo leren honden met maximale precisie te werken \u2014 een vereiste voor professionele inzet.<\/p>\n<h4 data-start=\"4316\" data-end=\"4364\"><strong data-start=\"4320\" data-end=\"4362\">\u2713 Herbruikbaar, duurzaam en hygi\u00ebnisch<\/strong><\/h4>\n<p data-start=\"4365\" data-end=\"4422\">De PRECISION tubes zijn ontworpen voor langdurig gebruik:<\/p>\n<ul>\n<li data-start=\"4426\" data-end=\"4449\">eenvoudig te reinigen<\/li>\n<li data-start=\"4452\" data-end=\"4487\">resistente geurabsorptiestructuur<\/li>\n<li data-start=\"4490\" data-end=\"4532\">behouden hun kwaliteit over vele sessies<\/li>\n<li data-start=\"4535\" data-end=\"4582\">geschikt voor dagelijks professioneel gebruik<\/li>\n<\/ul>\n<p><img loading=\"lazy\" decoding=\"async\" class=\"alignnone\" title=\"PRECISION Getxent Tubes Ammonium Nitrate\" src=\"https:\/\/dogpride.nl\/wp-content\/uploads\/verybig-5772-2-5-150x150.jpg\" alt=\"PRECISION Getxent Tubes Ammonium Nitrate\" width=\"116\" height=\"116\" \/><\/p>\n<hr data-start=\"4584\" data-end=\"4587\" \/>\n<h4 data-start=\"4589\" data-end=\"4647\"><strong data-start=\"4592\" data-end=\"4647\">Hoe PRECISION Getxent Tubes Ammonium Nitrate werken<\/strong><\/h4>\n<ol data-start=\"4649\" data-end=\"5212\">\n<li data-start=\"4649\" data-end=\"4859\">\n<p data-start=\"4652\" data-end=\"4859\"><strong data-start=\"4652\" data-end=\"4664\">Belading<\/strong><br data-start=\"4664\" data-end=\"4667\" \/>De tubes worden in gecertificeerde laboratoria kort blootgesteld aan geurcomponenten die geassocieerd zijn met ammoniumnitraat.<br data-start=\"4794\" data-end=\"4797\" \/><em data-start=\"4797\" data-end=\"4859\">Er wordt g\u00e9\u00e9n ammoniumnitraat als stof in de tube geplaatst.<\/em><\/p>\n<\/li>\n<li data-start=\"4861\" data-end=\"4955\">\n<p data-start=\"4864\" data-end=\"4955\"><strong data-start=\"4864\" data-end=\"4877\">Absorptie<\/strong><br data-start=\"4877\" data-end=\"4880\" \/>Het microporeuze polymeer neemt de geurcomponenten op moleculair niveau op.<\/p>\n<\/li>\n<li data-start=\"4957\" data-end=\"5064\">\n<p data-start=\"4960\" data-end=\"5064\"><strong data-start=\"4960\" data-end=\"4975\">Geurafgifte<\/strong><br data-start=\"4975\" data-end=\"4978\" \/>De tube geeft een stabiele geur af die ideaal is voor training en detectie-oefeningen.<\/p>\n<\/li>\n<li data-start=\"5066\" data-end=\"5212\">\n<p data-start=\"5069\" data-end=\"5212\"><strong data-start=\"5069\" data-end=\"5081\">D\u00e9tection<\/strong><br data-start=\"5081\" data-end=\"5084\" \/>Explosievendetectiehonden leren de geursignatuur herkennen in uiteenlopende scenario\u2019s, zonder risico\u2019s voor trainer of locatie.<\/p>\n<\/li>\n<\/ol>\n<hr data-start=\"5214\" data-end=\"5217\" \/>\n<h4 data-start=\"5219\" data-end=\"5252\"><strong data-start=\"5222\" data-end=\"5252\">Avantages\u00a0<\/strong><strong data-start=\"4592\" data-end=\"4647\">PRECISION Getxent Tubes Ammonium Nitrate\u00a0<\/strong><strong data-start=\"5222\" data-end=\"5252\">in \u00e9\u00e9n oogopslag<\/strong><\/h4>\n<ul>\n<li data-start=\"5256\" data-end=\"5285\">100% veilig en explosievrij<\/li>\n<li data-start=\"5288\" data-end=\"5326\">Volledig reproduceerbare geurafgifte<\/li>\n<li data-start=\"5329\" data-end=\"5375\">Ideaal voor ammoniumnitraat detectietraining<\/li>\n<li data-start=\"5378\" data-end=\"5432\">Geschikt voor certificering en gevorderde scenario\u2019s<\/li>\n<li data-start=\"5435\" data-end=\"5488\">Herbruikbaar, duurzaam en eenvoudig schoon te maken<\/li>\n<li data-start=\"5491\" data-end=\"5549\">Past in kleine, complexe en realistische verstoplocaties<\/li>\n<li data-start=\"5552\" data-end=\"5599\">Wetenschappelijk gevalideerde geurtechnologie<\/li>\n<li data-start=\"5602\" data-end=\"5660\">Wereldwijd erkend door professionele veiligheidsdiensten<\/li>\n<\/ul>\n<hr data-start=\"5662\" data-end=\"5665\" \/>\n<h4 data-start=\"5667\" data-end=\"5688\"><strong data-start=\"5670\" data-end=\"5686\">Samenvatting<\/strong><\/h4>\n<p data-start=\"5689\" data-end=\"6048\">Le <strong data-start=\"5692\" data-end=\"5736\">PRECISION Getxent Tubes Ammonium Nitrate<\/strong> bieden de perfecte oplossing voor het veilig en reproduceerbaar trainen van explosievendetectiehonden op ammoniumnitraatgeuren. Dankzij hun wetenschappelijke constructie, constante geurafgifte en volledige afwezigheid van gevaarlijke stoffen zijn ze een essentieel onderdeel van elk professioneel EDD-programma.<\/p>\n<p data-start=\"6050\" data-end=\"6189\">Voor organisaties die betrouwbaarheid, veiligheid en realistisch trainen centraal stellen, zijn deze geurdragers een onmisbare investering.<\/p>\n<p data-start=\"6050\" data-end=\"6189\">\n<p data-start=\"6050\" data-end=\"6189\"><a href=\"https:\/\/www.pre-exp.com\/\" target=\"_blank\" rel=\"noopener\"><img loading=\"lazy\" decoding=\"async\" class=\"alignnone wp-image-145806 size-full\" title=\"PRECISION Getxent Tubes Ammonium Nitrate\" src=\"https:\/\/dogpride.nl\/wp-content\/uploads\/Logo-9.jpg\" alt=\"PRECISION Getxent Tubes Ammonium Nitrate\" width=\"124\" height=\"91\" srcset=\"https:\/\/dogpride.nl\/wp-content\/uploads\/Logo-9.jpg 124w, https:\/\/dogpride.nl\/wp-content\/uploads\/Logo-9-16x12.jpg 16w\" sizes=\"auto, (max-width: 124px) 100vw, 124px\" \/><\/a><\/p>","protected":false},"excerpt":{"rendered":"<p>Le <strong data-start=\"573\" data-end=\"617\">PRECISION Getxent Tubes Ammonium Nitrate<\/strong> zijn speciaal ontworpen voor professionele K9 teams die worden getraind in het herkennen van geurcomponenten die geassocieerd zijn met ammoniumnitraat.<\/p>","protected":false},"featured_media":99208,"template":"","meta":[],"product_brand":[],"product_cat":[4021],"product_tag":[15670,15675,3245,15674,15607,15628,15613,4898,4895,15668,15671,15535,4893,15669,15677,15537,15673,15672,15676,4896],"class_list":{"0":"post-99207","1":"product","2":"type-product","3":"status-publish","4":"has-post-thumbnail","6":"product_cat-precision-geurstoffen","7":"product_tag-ammonium-nitrate-detection-dog-training","8":"product_tag-ammonium-nitrate-getxent-tubes","9":"product_tag-ammoniumnitraat","10":"product_tag-ammoniumnitraat-detectie-hond","11":"product_tag-explosieven-detectiehond-nitraat-training","12":"product_tag-explosive-detection-tools","13":"product_tag-explosive-precursor-detection-dog","14":"product_tag-explosives","15":"product_tag-getxent","16":"product_tag-getxent-tubes-ammonium-nitrate","17":"product_tag-k9-ammonium-nitrate-scent-training","18":"product_tag-k9-explosive-detection-gear","19":"product_tag-precision","20":"product_tag-precision-getxent-tubes-ammonium-nitrate","21":"product_tag-precursor-detection-training-honden","22":"product_tag-professionele-k9-explosieven-training","23":"product_tag-reproduceerbare-geurdragers-nitraat","24":"product_tag-scent-polymer-ammonium-nitrate","25":"product_tag-scent-training-ammonium-nitrate","26":"product_tag-tubes","27":"product_shipping_class-vast-tarief-eu-overig","29":"first","30":"instock","31":"taxable","32":"shipping-taxable","33":"purchasable","34":"product-type-simple"},"mb":[],"mfb_rest_fields":["title"],"_links":{"self":[{"href":"https:\/\/dogpride.nl\/fr\/wp-json\/wp\/v2\/product\/99207","targetHints":{"allow":["GET"]}}],"collection":[{"href":"https:\/\/dogpride.nl\/fr\/wp-json\/wp\/v2\/product"}],"about":[{"href":"https:\/\/dogpride.nl\/fr\/wp-json\/wp\/v2\/types\/product"}],"wp:featuredmedia":[{"embeddable":true,"href":"https:\/\/dogpride.nl\/fr\/wp-json\/wp\/v2\/media\/99208"}],"wp:attachment":[{"href":"https:\/\/dogpride.nl\/fr\/wp-json\/wp\/v2\/media?parent=99207"}],"wp:term":[{"taxonomy":"product_brand","embeddable":true,"href":"https:\/\/dogpride.nl\/fr\/wp-json\/wp\/v2\/product_brand?post=99207"},{"taxonomy":"product_cat","embeddable":true,"href":"https:\/\/dogpride.nl\/fr\/wp-json\/wp\/v2\/product_cat?post=99207"},{"taxonomy":"product_tag","embeddable":true,"href":"https:\/\/dogpride.nl\/fr\/wp-json\/wp\/v2\/product_tag?post=99207"}],"curies":[{"name":"wp","href":"https:\/\/api.w.org\/{rel}","templated":true}]}}