{"id":98979,"date":"2022-12-08T12:34:50","date_gmt":"2022-12-08T11:34:50","guid":{"rendered":"https:\/\/www.dogpride.nl\/?post_type=product&#038;p=98979"},"modified":"2026-02-19T13:10:42","modified_gmt":"2026-02-19T12:10:42","slug":"arrak-flexible-zip-off-pant-men","status":"publish","type":"product","link":"https:\/\/dogpride.nl\/fr\/arrak-flexible-zip-off-pant-men\/","title":{"rendered":"Arrak Flexible Zip Off Pantalon Homme"},"content":{"rendered":"<h4>Arrak Flexible Zip Off Pantalon Homme<\/h4>\n<p>Arrak Flexible Zip Off Pantalon Homme<\/p>\n<p>Les pantalons Arraks Flexible zip-off sont des pantalons d&#039;ext\u00e9rieur l\u00e9g\u00e8rement plus fins et plus flexibles avec ce petit d\u00e9tail suppl\u00e9mentaire. Coupe r\u00e9guli\u00e8re pour une libert\u00e9 de mouvement optimale pour une vie active en plein air.<br \/>\nLe pantalon est fait d&#039;un mat\u00e9riau extensible flexible pour un meilleur ajustement et a une taille \u00e9lastiqu\u00e9e. Panneaux de renfort en polyester\/coton durable. Le pantalon est trait\u00e9 DWR, mais peut \u00e9galement \u00eatre facilement impr\u00e9gn\u00e9 pour mieux r\u00e9sister \u00e0 l&#039;humidit\u00e9. Il a des poches coup\u00e9es ouvertes en haut et de g\u00e9n\u00e9reuses poches sur les cuisses dont la poche sur la cuisse gauche est dot\u00e9e d&#039;une fermeture \u00e0 glissi\u00e8re. La poche sur la cuisse droite comprend une poche pour votre t\u00e9l\u00e9phone portable.<\/p>\n<p>Zips de ventilation sur le c\u00f4t\u00e9. Poches genoux pour espace avec genouill\u00e8res. Fermeture \u00e0 glissi\u00e8re \u00e0 l&#039;extr\u00e9mit\u00e9 de la jambe pour faciliter l&#039;entr\u00e9e dans les bottes et les bottes et l&#039;utiliser comme ventilation.<br \/>\nRenfort \u00e0 l&#039;int\u00e9rieur des extr\u00e9mit\u00e9s des jambes. Extr\u00e9mit\u00e9s des jambes r\u00e9glables et possibilit\u00e9 de nouer le lacet pour maintenir fermement la jambe du pantalon contre la botte. Les jambes du pantalon peuvent \u00e9galement \u00eatre retir\u00e9es afin que vous puissiez combiner des shorts.<\/p>\n<h3 class=\"fusion-responsive-typography-calculated\" data-fontsize=\"18\" data-lineheight=\"21.6px\">Caract\u00e9ristiques:<\/h3>\n<ul>\n<li>Tissu extensible dans les 4 sens<\/li>\n<li>96% Polyamide\/4% \u00c9lasthanne<\/li>\n<li>\u200bPanneaux de renfort en polyester ribstop 65%\/coton 35%<\/li>\n<li>Impr\u00e9gnation hydrofuge<\/li>\n<li>7 passants de ceinture<\/li>\n<li>Poches lat\u00e9rales ouvertes<\/li>\n<li>Grandes poches sur les cuisses avec plusieurs poches<\/li>\n<li>Poches pour genouill\u00e8res<\/li>\n<li>Zips de ventilation sur le c\u00f4t\u00e9<\/li>\n<li>Fermeture \u00e9clair aux extr\u00e9mit\u00e9s des jambes<\/li>\n<li>Extr\u00e9mit\u00e9 de jambe r\u00e9glable<\/li>\n<li>Crochet de botte \u00e0 l&#039;extr\u00e9mit\u00e9 de la jambe<\/li>\n<li>Coupe r\u00e9guli\u00e8re<\/li>\n<li>Les jambes du pantalon peuvent \u00eatre retir\u00e9es pour obtenir un short<\/li>\n<\/ul>\n<p><strong>Disponible dans les couleurs :<\/strong>\u00a0Anthracite et Vert<\/p>\n<p><strong>Tailles\u00a0:<\/strong> 46 \u00e0 60<\/p>\n<p><strong>Tableau des tailles:<\/strong><\/p>\n<p><img loading=\"lazy\" decoding=\"async\" class=\"alignnone size-full wp-image-98859\" src=\"https:\/\/www.dogpride.nl\/wp-content\/uploads\/Maattabel-AO-New-pants-men-13.jpg\" alt=\"Maattabel\" width=\"644\" height=\"853\" srcset=\"https:\/\/dogpride.nl\/wp-content\/uploads\/Maattabel-AO-New-pants-men-13.jpg 644w, https:\/\/dogpride.nl\/wp-content\/uploads\/Maattabel-AO-New-pants-men-13-250x331.jpg 250w, https:\/\/dogpride.nl\/wp-content\/uploads\/Maattabel-AO-New-pants-men-13-400x530.jpg 400w, https:\/\/dogpride.nl\/wp-content\/uploads\/Maattabel-AO-New-pants-men-13-226x300.jpg 226w, https:\/\/dogpride.nl\/wp-content\/uploads\/Maattabel-AO-New-pants-men-13-200x265.jpg 200w, https:\/\/dogpride.nl\/wp-content\/uploads\/Maattabel-AO-New-pants-men-13-600x795.jpg 600w\" sizes=\"auto, (max-width: 644px) 100vw, 644px\" \/><\/p>\n<p><a href=\"https:\/\/arrakoutdoor.com\/\" target=\"_blank\" rel=\"noopener\"><img loading=\"lazy\" decoding=\"async\" class=\"alignnone wp-image-136085 size-full\" src=\"https:\/\/dogpride.nl\/wp-content\/uploads\/Logo-1.jpg\" alt=\"Arrak Quick Dry Pants Woman Navy Blue \" width=\"313\" height=\"137\" srcset=\"https:\/\/dogpride.nl\/wp-content\/uploads\/Logo-1.jpg 313w, https:\/\/dogpride.nl\/wp-content\/uploads\/Logo-1-300x131.jpg 300w, https:\/\/dogpride.nl\/wp-content\/uploads\/Logo-1-18x8.jpg 18w, https:\/\/dogpride.nl\/wp-content\/uploads\/Logo-1-250x109.jpg 250w\" sizes=\"auto, (max-width: 313px) 100vw, 313px\" \/><\/a><\/p>\n<p><a href=\"https:\/\/dogpride.nl\/fr\/kleding\/broeken\/arrak-outdoor-broeken\/\"><img loading=\"lazy\" decoding=\"async\" class=\"alignnone\" title=\"Arrak Flexible Zip Off Pantalon Homme\" src=\"https:\/\/dogpride.nl\/wp-content\/uploads\/23047_green_det1_1-150x150.jpg\" alt=\"Arrak Flexible Zip Off Pant Men\" width=\"150\" height=\"150\" \/><\/a><\/p>","protected":false},"excerpt":{"rendered":"<p>Les pantalons Arraks Flexible zip-off sont des pantalons d&#039;ext\u00e9rieur l\u00e9g\u00e8rement plus fins et plus flexibles avec ce petit d\u00e9tail suppl\u00e9mentaire. Coupe r\u00e9guli\u00e8re pour une libert\u00e9 de mouvement optimale pour une vie active en plein air.<\/p>","protected":false},"featured_media":98980,"template":"","meta":[],"product_brand":[],"product_cat":[24458],"product_tag":[4833,3334,4831,3208,3171,4770,4832],"class_list":{"0":"post-98979","1":"product","2":"type-product","3":"status-publish","4":"has-post-thumbnail","6":"product_cat-arrak-outdoor-heren-broeken","7":"product_tag-afritsbroek","8":"product_tag-arrak-outdoor","9":"product_tag-flexible","10":"product_tag-heren","11":"product_tag-men","12":"product_tag-pant","13":"product_tag-zip-off","15":"first","16":"instock","17":"taxable","18":"shipping-taxable","19":"purchasable","20":"product-type-variable"},"mb":[],"mfb_rest_fields":["title"],"_links":{"self":[{"href":"https:\/\/dogpride.nl\/fr\/wp-json\/wp\/v2\/product\/98979","targetHints":{"allow":["GET"]}}],"collection":[{"href":"https:\/\/dogpride.nl\/fr\/wp-json\/wp\/v2\/product"}],"about":[{"href":"https:\/\/dogpride.nl\/fr\/wp-json\/wp\/v2\/types\/product"}],"wp:featuredmedia":[{"embeddable":true,"href":"https:\/\/dogpride.nl\/fr\/wp-json\/wp\/v2\/media\/98980"}],"wp:attachment":[{"href":"https:\/\/dogpride.nl\/fr\/wp-json\/wp\/v2\/media?parent=98979"}],"wp:term":[{"taxonomy":"product_brand","embeddable":true,"href":"https:\/\/dogpride.nl\/fr\/wp-json\/wp\/v2\/product_brand?post=98979"},{"taxonomy":"product_cat","embeddable":true,"href":"https:\/\/dogpride.nl\/fr\/wp-json\/wp\/v2\/product_cat?post=98979"},{"taxonomy":"product_tag","embeddable":true,"href":"https:\/\/dogpride.nl\/fr\/wp-json\/wp\/v2\/product_tag?post=98979"}],"curies":[{"name":"wp","href":"https:\/\/api.w.org\/{rel}","templated":true}]}}