{"id":98018,"date":"2022-11-29T10:44:35","date_gmt":"2022-11-29T09:44:35","guid":{"rendered":"https:\/\/www.dogpride.nl\/?post_type=product&#038;p=98018"},"modified":"2026-02-19T13:11:22","modified_gmt":"2026-02-19T12:11:22","slug":"arrak-feeler-pants-unisex-grey","status":"publish","type":"product","link":"https:\/\/dogpride.nl\/fr\/arrak-feeler-pants-unisex-grey\/","title":{"rendered":"Arrak Feeler Pantalon Unisexe Gris"},"content":{"rendered":"<h4>Arrak Feeler Pantalon Unisexe Gris<\/h4>\n<p>Arrak Feeler Pantalon Unisexe Gris<\/p>\n<p>Les pantalons Arrak Classic sont des pantalons merveilleusement doux et beaux pour ceux qui veulent s&#039;habiller de mani\u00e8re d\u00e9contract\u00e9e. Le pantalon est en coton et polyester et est l\u00e9g\u00e8rement bross\u00e9 \u00e0 l&#039;int\u00e9rieur. Vous pouvez serrer la taille \u00e0 l&#039;aide d&#039;une ceinture et vous avez deux poches ouvertes.<\/p>\n<p><strong>Caract\u00e9ristiques:<\/strong><\/p>\n<ul>\n<li>Coton 65% \/ polyester 35%<\/li>\n<li>Ajustement confortable<\/li>\n<\/ul>\n<p><strong>Couleur:<\/strong> Gris<\/p>\n<p><strong>Tailles\u00a0:<\/strong> TP\u20134TG, 120, 140, 160<\/p>\n<p><strong>Tableau des tailles:<\/strong><\/p>\n<p><img loading=\"lazy\" decoding=\"async\" class=\"alignnone size-full wp-image-98021\" src=\"https:\/\/www.dogpride.nl\/wp-content\/uploads\/men_s_pants-3.jpg\" alt=\"Maattabel\" width=\"822\" height=\"1200\" srcset=\"https:\/\/dogpride.nl\/wp-content\/uploads\/men_s_pants-3.jpg 822w, https:\/\/dogpride.nl\/wp-content\/uploads\/men_s_pants-3-250x365.jpg 250w, https:\/\/dogpride.nl\/wp-content\/uploads\/men_s_pants-3-400x584.jpg 400w, https:\/\/dogpride.nl\/wp-content\/uploads\/men_s_pants-3-206x300.jpg 206w, https:\/\/dogpride.nl\/wp-content\/uploads\/men_s_pants-3-701x1024.jpg 701w, https:\/\/dogpride.nl\/wp-content\/uploads\/men_s_pants-3-768x1121.jpg 768w, https:\/\/dogpride.nl\/wp-content\/uploads\/men_s_pants-3-200x292.jpg 200w, https:\/\/dogpride.nl\/wp-content\/uploads\/men_s_pants-3-600x876.jpg 600w, https:\/\/dogpride.nl\/wp-content\/uploads\/men_s_pants-3-800x1168.jpg 800w\" sizes=\"auto, (max-width: 822px) 100vw, 822px\" \/><\/p>\n<p><a href=\"https:\/\/arrakoutdoor.com\/\" target=\"_blank\" rel=\"noopener\"><img loading=\"lazy\" decoding=\"async\" class=\"alignnone wp-image-139301 size-medium\" src=\"https:\/\/dogpride.nl\/wp-content\/uploads\/Arrak-300x118.jpeg\" alt=\"Logo\" width=\"300\" height=\"118\" srcset=\"https:\/\/dogpride.nl\/wp-content\/uploads\/Arrak-300x118.jpeg 300w, https:\/\/dogpride.nl\/wp-content\/uploads\/Arrak-768x303.jpeg 768w, https:\/\/dogpride.nl\/wp-content\/uploads\/Arrak-18x7.jpeg 18w, https:\/\/dogpride.nl\/wp-content\/uploads\/Arrak-250x99.jpeg 250w, https:\/\/dogpride.nl\/wp-content\/uploads\/Arrak-400x158.jpeg 400w, https:\/\/dogpride.nl\/wp-content\/uploads\/Arrak.jpeg 916w\" sizes=\"auto, (max-width: 300px) 100vw, 300px\" \/><\/a><\/p>\n<p><a href=\"https:\/\/dogpride.nl\/fr\/kleding\/broeken\/arrak-outdoor-broeken\/?product-page=2\"><img loading=\"lazy\" decoding=\"async\" class=\"alignnone\" title=\"Arrak Feeler Pantalon Unisexe Gris\" src=\"https:\/\/dogpride.nl\/wp-content\/uploads\/60001-gray_side-150x150.jpg\" alt=\"Arrak Feeler Pants Unisex Grey\" width=\"150\" height=\"150\" \/><\/a><\/p>","protected":false},"excerpt":{"rendered":"<p>Les pantalons Arrak Classic sont des pantalons merveilleusement doux et beaux pour ceux qui veulent s&#039;habiller de mani\u00e8re d\u00e9contract\u00e9e. Le pantalon est en coton et polyester et est l\u00e9g\u00e8rement bross\u00e9 \u00e0 l&#039;int\u00e9rieur.<\/p>","protected":false},"featured_media":98019,"template":"","meta":[],"product_brand":[],"product_cat":[3860,24458],"product_tag":[3335,4762,4764,4765,3339,4763],"class_list":{"0":"post-98018","1":"product","2":"type-product","3":"status-publish","4":"has-post-thumbnail","6":"product_cat-arrak-outdoor-dames-broeken","7":"product_cat-arrak-outdoor-heren-broeken","8":"product_tag-arrak","9":"product_tag-feeler","10":"product_tag-grey","11":"product_tag-joggingbroek","12":"product_tag-pants","13":"product_tag-unisex","15":"first","16":"instock","17":"taxable","18":"shipping-taxable","19":"purchasable","20":"product-type-variable"},"mb":[],"mfb_rest_fields":["title"],"_links":{"self":[{"href":"https:\/\/dogpride.nl\/fr\/wp-json\/wp\/v2\/product\/98018","targetHints":{"allow":["GET"]}}],"collection":[{"href":"https:\/\/dogpride.nl\/fr\/wp-json\/wp\/v2\/product"}],"about":[{"href":"https:\/\/dogpride.nl\/fr\/wp-json\/wp\/v2\/types\/product"}],"wp:featuredmedia":[{"embeddable":true,"href":"https:\/\/dogpride.nl\/fr\/wp-json\/wp\/v2\/media\/98019"}],"wp:attachment":[{"href":"https:\/\/dogpride.nl\/fr\/wp-json\/wp\/v2\/media?parent=98018"}],"wp:term":[{"taxonomy":"product_brand","embeddable":true,"href":"https:\/\/dogpride.nl\/fr\/wp-json\/wp\/v2\/product_brand?post=98018"},{"taxonomy":"product_cat","embeddable":true,"href":"https:\/\/dogpride.nl\/fr\/wp-json\/wp\/v2\/product_cat?post=98018"},{"taxonomy":"product_tag","embeddable":true,"href":"https:\/\/dogpride.nl\/fr\/wp-json\/wp\/v2\/product_tag?post=98018"}],"curies":[{"name":"wp","href":"https:\/\/api.w.org\/{rel}","templated":true}]}}