{"id":97744,"date":"2022-11-17T11:55:10","date_gmt":"2022-11-17T10:55:10","guid":{"rendered":"https:\/\/www.dogpride.nl\/?post_type=product&#038;p=97744"},"modified":"2026-02-19T12:47:58","modified_gmt":"2026-02-19T11:47:58","slug":"arrak-outdoor-parka-men-black","status":"publish","type":"product","link":"https:\/\/dogpride.nl\/fr\/arrak-outdoor-parka-men-black\/","title":{"rendered":"ARRAK OUTDOOR Parka Homme Noir"},"content":{"rendered":"<h4>ARRAK OUTDOOR Parka Homme Noir<\/h4>\n<p>ARRAK OUTDOOR Parka Homme Noir<\/p>\n<div class=\"woocommerce-tabs wc-tabs-wrapper\">\n<div id=\"tab-description\" class=\"woocommerce-Tabs-panel woocommerce-Tabs-panel--description panel entry-content wc-tab\" role=\"tabpanel\" aria-labelledby=\"tab-title-description\">\n<div class=\"post-content\">\n<p>Une parka merveilleusement confortable et chaude pour les jours les plus froids.<br \/>\nTissu ext\u00e9rieur lisse en polyamide 100%. Colonne d&#039;eau 10 000. Garni de duvet synth\u00e9tique polyester 100%. Reflex sur les manches et le dos.<\/p>\n<p>Grande poche arri\u00e8re, 2 poches avant \u00e0 rabat et poches lat\u00e9rales avec doublure chaude en micropolaire. La poche gauche contient \u00e9galement un sac \u00e0 bonbons amovible \u00e0 l&#039;int\u00e9rieur. Poches poitrine zipp\u00e9es dissimul\u00e9es.<br \/>\n\u00c0 l&#039;int\u00e9rieur de la patte de boutonnage se trouve une poche int\u00e9rieure zipp\u00e9e. 2 grandes poches int\u00e9rieures en filet parfaites pour les gants ou le mat\u00e9riel.<br \/>\nFermeture \u00e9clair \u00e0 double sens sur le devant. Grande capuche r\u00e9glable robuste. Il y a aussi des poignets tricot\u00e9s sur les manches.<\/p>\n<p>Poids en taille homme L 1587g.<\/p>\n<p><strong>Caract\u00e9ristiques:<\/strong><\/p>\n<ul>\n<li>Tissu ext\u00e9rieur lisse en polyamide 100%<\/li>\n<li>10 000 dans la colonne d&#039;eau<\/li>\n<li>R\u00e9flexes sur les bras et le dos<\/li>\n<li>Poche tunnel arri\u00e8re<\/li>\n<li>Sac \u00e0 bonbons amovible dans la poche avant gauche<\/li>\n<li>De nombreuses autres poches pratiques<\/li>\n<li>Capuche ajustable<\/li>\n<li>Poignets des manches<\/li>\n<li>Poids en taille homme L 1587g<\/li>\n<\/ul>\n<p><strong>Couleur:<\/strong> Noir<\/p>\n<p><strong>Tailles\u00a0:<\/strong>\u00a0S \u00e0 4XL<\/p>\n<p><strong>Tableau des tailles:<\/strong><\/p>\n<p><img loading=\"lazy\" decoding=\"async\" class=\"alignnone size-full wp-image-97736\" src=\"https:\/\/www.dogpride.nl\/wp-content\/uploads\/men_s_tops_-10.jpg\" alt=\"Maattabel\" width=\"833\" height=\"1200\" srcset=\"https:\/\/dogpride.nl\/wp-content\/uploads\/men_s_tops_-10.jpg 833w, https:\/\/dogpride.nl\/wp-content\/uploads\/men_s_tops_-10-250x360.jpg 250w, https:\/\/dogpride.nl\/wp-content\/uploads\/men_s_tops_-10-400x576.jpg 400w, https:\/\/dogpride.nl\/wp-content\/uploads\/men_s_tops_-10-208x300.jpg 208w, https:\/\/dogpride.nl\/wp-content\/uploads\/men_s_tops_-10-711x1024.jpg 711w, https:\/\/dogpride.nl\/wp-content\/uploads\/men_s_tops_-10-768x1106.jpg 768w, https:\/\/dogpride.nl\/wp-content\/uploads\/men_s_tops_-10-200x288.jpg 200w, https:\/\/dogpride.nl\/wp-content\/uploads\/men_s_tops_-10-600x864.jpg 600w, https:\/\/dogpride.nl\/wp-content\/uploads\/men_s_tops_-10-800x1152.jpg 800w\" sizes=\"auto, (max-width: 833px) 100vw, 833px\" \/><\/p>\n<p><a href=\"https:\/\/dogpride.nl\/fr\/kleding\/jassen\/arrak-outdoor\/\"><img loading=\"lazy\" decoding=\"async\" class=\"alignnone\" title=\"ARRAK OUTDOOR Parka Homme Noir\" src=\"https:\/\/dogpride.nl\/wp-content\/uploads\/21047_front3_web.jpg\" alt=\"ARRAK OUTDOOR Parka Men Black\" width=\"202\" height=\"202\" \/><\/a><\/p>\n<\/div>\n<\/div>\n<\/div>\n<p><span style=\"color: #ffffff;\"><a style=\"color: #ffffff;\" href=\"https:\/\/devrolijkekwispel.nl\/\" target=\"_blank\" rel=\"noopener\">Dogpride NL parraine Kelly Albers<\/a><\/span><\/p>","protected":false},"excerpt":{"rendered":"<p>Une parka merveilleusement confortable et chaude pour les jours les plus froids. Tissu ext\u00e9rieur lisse en polyamide 100%. Colonne d&#039;eau 10 000. Garni de duvet synth\u00e9tique polyester 100%. Reflex sur les manches et le dos.<\/p>","protected":false},"featured_media":97745,"template":"","meta":[],"product_brand":[],"product_cat":[24457],"product_tag":[3334,4751,3171,4749],"class_list":{"0":"post-97744","1":"product","2":"type-product","3":"status-publish","4":"has-post-thumbnail","6":"product_cat-arrak-outdoor-heren-jassen","7":"product_tag-arrak-outdoor","8":"product_tag-black","9":"product_tag-men","10":"product_tag-parka","12":"first","13":"instock","14":"taxable","15":"shipping-taxable","16":"purchasable","17":"product-type-variable"},"mb":[],"mfb_rest_fields":["title"],"_links":{"self":[{"href":"https:\/\/dogpride.nl\/fr\/wp-json\/wp\/v2\/product\/97744","targetHints":{"allow":["GET"]}}],"collection":[{"href":"https:\/\/dogpride.nl\/fr\/wp-json\/wp\/v2\/product"}],"about":[{"href":"https:\/\/dogpride.nl\/fr\/wp-json\/wp\/v2\/types\/product"}],"wp:featuredmedia":[{"embeddable":true,"href":"https:\/\/dogpride.nl\/fr\/wp-json\/wp\/v2\/media\/97745"}],"wp:attachment":[{"href":"https:\/\/dogpride.nl\/fr\/wp-json\/wp\/v2\/media?parent=97744"}],"wp:term":[{"taxonomy":"product_brand","embeddable":true,"href":"https:\/\/dogpride.nl\/fr\/wp-json\/wp\/v2\/product_brand?post=97744"},{"taxonomy":"product_cat","embeddable":true,"href":"https:\/\/dogpride.nl\/fr\/wp-json\/wp\/v2\/product_cat?post=97744"},{"taxonomy":"product_tag","embeddable":true,"href":"https:\/\/dogpride.nl\/fr\/wp-json\/wp\/v2\/product_tag?post=97744"}],"curies":[{"name":"wp","href":"https:\/\/api.w.org\/{rel}","templated":true}]}}