{"id":97725,"date":"2022-11-17T11:45:05","date_gmt":"2022-11-17T10:45:05","guid":{"rendered":"https:\/\/www.dogpride.nl\/?post_type=product&#038;p=97725"},"modified":"2026-02-19T12:48:09","modified_gmt":"2026-02-19T11:48:09","slug":"arrak-outdoor-parka-men-olive","status":"publish","type":"product","link":"https:\/\/dogpride.nl\/fr\/arrak-outdoor-parka-men-olive\/","title":{"rendered":"ARRAK OUTDOOR Parka Homme Olive"},"content":{"rendered":"<h4>ARRAK OUTDOOR Parka Homme Olive<\/h4>\n<p>ARRAK OUTDOOR Parka Homme Olive<\/p>\n<p>Une parka merveilleusement confortable et chaude pour les jours les plus froids.<br \/>\nTissu ext\u00e9rieur lisse en polyamide 100%. Colonne d&#039;eau 10 000. Garni de duvet synth\u00e9tique polyester 100%. Reflex sur les manches et le dos.<\/p>\n<p>Grande poche arri\u00e8re, 2 poches avant \u00e0 rabat et poches lat\u00e9rales avec doublure chaude en micropolaire.<br \/>\nLa poche gauche contient \u00e9galement un sac \u00e0 bonbons amovible \u00e0 l&#039;int\u00e9rieur. Poches poitrine zipp\u00e9es dissimul\u00e9es. \u00c0 l&#039;int\u00e9rieur de la patte de boutonnage se trouve une poche int\u00e9rieure zipp\u00e9e.<br \/>\n2 grandes poches int\u00e9rieures en filet parfaites pour les gants ou le mat\u00e9riel. Fermeture \u00e9clair \u00e0 double sens sur le devant.<br \/>\nGrande capuche r\u00e9glable robuste. Il y a aussi des poignets tricot\u00e9s aux manches.<\/p>\n<p>Poids en taille homme L 1587g.<\/p>\n<p><strong>Caract\u00e9ristiques:<\/strong><\/p>\n<ul>\n<li>Tissu ext\u00e9rieur lisse en polyamide 100%<\/li>\n<li>10 000 dans la colonne d&#039;eau<\/li>\n<li>R\u00e9flexes sur les bras et le dos<\/li>\n<li>Poche tunnel arri\u00e8re<\/li>\n<li>Sac \u00e0 bonbons amovible dans la poche avant gauche<\/li>\n<li>De nombreuses autres poches pratiques<\/li>\n<li>Capuche ajustable<\/li>\n<li>Poignets des manches<\/li>\n<li>Poids en taille homme L 1587g<\/li>\n<\/ul>\n<p><strong>Couleur:<\/strong> olive<\/p>\n<p><strong>Tailles\u00a0:<\/strong> S \u00e0 4XL<\/p>\n<p><strong>Tableau des tailles:<\/strong><\/p>\n<p><img loading=\"lazy\" decoding=\"async\" class=\"alignnone size-full wp-image-97736\" src=\"https:\/\/www.dogpride.nl\/wp-content\/uploads\/men_s_tops_-10.jpg\" alt=\"Maattabel\" width=\"833\" height=\"1200\" srcset=\"https:\/\/dogpride.nl\/wp-content\/uploads\/men_s_tops_-10.jpg 833w, https:\/\/dogpride.nl\/wp-content\/uploads\/men_s_tops_-10-250x360.jpg 250w, https:\/\/dogpride.nl\/wp-content\/uploads\/men_s_tops_-10-400x576.jpg 400w, https:\/\/dogpride.nl\/wp-content\/uploads\/men_s_tops_-10-208x300.jpg 208w, https:\/\/dogpride.nl\/wp-content\/uploads\/men_s_tops_-10-711x1024.jpg 711w, https:\/\/dogpride.nl\/wp-content\/uploads\/men_s_tops_-10-768x1106.jpg 768w, https:\/\/dogpride.nl\/wp-content\/uploads\/men_s_tops_-10-200x288.jpg 200w, https:\/\/dogpride.nl\/wp-content\/uploads\/men_s_tops_-10-600x864.jpg 600w, https:\/\/dogpride.nl\/wp-content\/uploads\/men_s_tops_-10-800x1152.jpg 800w\" sizes=\"auto, (max-width: 833px) 100vw, 833px\" \/><\/p>\n<p><a href=\"https:\/\/arrakoutdoor.com\/\" target=\"_blank\" rel=\"noopener\"><img loading=\"lazy\" decoding=\"async\" class=\"alignnone wp-image-139301 size-medium\" src=\"https:\/\/dogpride.nl\/wp-content\/uploads\/Arrak-300x118.jpeg\" alt=\"Logo\" width=\"300\" height=\"118\" srcset=\"https:\/\/dogpride.nl\/wp-content\/uploads\/Arrak-300x118.jpeg 300w, https:\/\/dogpride.nl\/wp-content\/uploads\/Arrak-768x303.jpeg 768w, https:\/\/dogpride.nl\/wp-content\/uploads\/Arrak-18x7.jpeg 18w, https:\/\/dogpride.nl\/wp-content\/uploads\/Arrak-250x99.jpeg 250w, https:\/\/dogpride.nl\/wp-content\/uploads\/Arrak-400x158.jpeg 400w, https:\/\/dogpride.nl\/wp-content\/uploads\/Arrak.jpeg 916w\" sizes=\"auto, (max-width: 300px) 100vw, 300px\" \/><\/a><\/p>\n<p><a href=\"https:\/\/dogpride.nl\/fr\/kleding\/jassen\/arrak-outdoor-jassen\/\"><img loading=\"lazy\" decoding=\"async\" class=\"alignnone\" title=\"ARRAK OUTDOOR Parka Homme Olive\" src=\"https:\/\/dogpride.nl\/wp-content\/uploads\/21047_olive_side3-150x150.jpg\" alt=\"ARRAK OUTDOOR Parka Men Olive\" width=\"150\" height=\"150\" \/><\/a><\/p>","protected":false},"excerpt":{"rendered":"<p>Une parka merveilleusement confortable et chaude pour les jours les plus froids. Tissu ext\u00e9rieur lisse en polyamide 100%. Colonne d&#039;eau 10 000. Garni de duvet synth\u00e9tique polyester 100%. Reflex sur les manches et le dos.<\/p>","protected":false},"featured_media":97726,"template":"","meta":[],"product_brand":[],"product_cat":[24457],"product_tag":[3334,3171,4750,4749],"class_list":{"0":"post-97725","1":"product","2":"type-product","3":"status-publish","4":"has-post-thumbnail","6":"product_cat-arrak-outdoor-heren-jassen","7":"product_tag-arrak-outdoor","8":"product_tag-men","9":"product_tag-olive","10":"product_tag-parka","12":"first","13":"instock","14":"taxable","15":"shipping-taxable","16":"purchasable","17":"product-type-variable"},"mb":[],"mfb_rest_fields":["title"],"_links":{"self":[{"href":"https:\/\/dogpride.nl\/fr\/wp-json\/wp\/v2\/product\/97725","targetHints":{"allow":["GET"]}}],"collection":[{"href":"https:\/\/dogpride.nl\/fr\/wp-json\/wp\/v2\/product"}],"about":[{"href":"https:\/\/dogpride.nl\/fr\/wp-json\/wp\/v2\/types\/product"}],"wp:featuredmedia":[{"embeddable":true,"href":"https:\/\/dogpride.nl\/fr\/wp-json\/wp\/v2\/media\/97726"}],"wp:attachment":[{"href":"https:\/\/dogpride.nl\/fr\/wp-json\/wp\/v2\/media?parent=97725"}],"wp:term":[{"taxonomy":"product_brand","embeddable":true,"href":"https:\/\/dogpride.nl\/fr\/wp-json\/wp\/v2\/product_brand?post=97725"},{"taxonomy":"product_cat","embeddable":true,"href":"https:\/\/dogpride.nl\/fr\/wp-json\/wp\/v2\/product_cat?post=97725"},{"taxonomy":"product_tag","embeddable":true,"href":"https:\/\/dogpride.nl\/fr\/wp-json\/wp\/v2\/product_tag?post=97725"}],"curies":[{"name":"wp","href":"https:\/\/api.w.org\/{rel}","templated":true}]}}