{"id":97155,"date":"2022-11-07T13:03:49","date_gmt":"2022-11-07T12:03:49","guid":{"rendered":"https:\/\/www.dogpride.nl\/?post_type=product&#038;p=97155"},"modified":"2026-04-24T17:44:39","modified_gmt":"2026-04-24T15:44:39","slug":"speed-dogsport-hoodie-jacket-kira","status":"publish","type":"product","link":"https:\/\/dogpride.nl\/fr\/speed-dogsport-hoodie-jacket-kira\/","title":{"rendered":"Veste \u00e0 capuche Speed Dogsport KIRA"},"content":{"rendered":"<h4>Veste \u00e0 capuche Speed Dogsport KIRA<\/h4>\n<p>Veste \u00e0 capuche Speed Dogsport KIRA<\/p>\n<p>De nieuwe hondensport trui jas met kangoeroezakken voor en achter! Modieuze sweater jas van Speed Dogsport\u00ae met offset rits, hoogwaardig logo borduurwerk, capuchon en kangoeroezak voor en achter.<\/p>\n<p style=\"font-weight: 400;\">Speed Dogsport Hoodie Jacket KIRA is comfortabel om te dragen en houdt je warm. We kunnen ze in eerste instantie leveren in de kleurencombinatie zwart-groen en zwart-roze.<br \/>\nMati\u00e8re maillot Speed Dogsport\u00ae en THERMAL FLEECE pour une chaleur parfaite<\/p>\n<ul style=\"font-weight: 400;\">\n<li><b><strong>design et coupe \u00e0 la mode<\/strong><\/b><\/li>\n<li><b><strong>mati\u00e8re chaude et agr\u00e9able \u00e0 porter<\/strong><\/b><\/li>\n<li>avec capuche<\/li>\n<li>broderie noble avec fil \u00e0 broder MADEIRA<\/li>\n<li>Poche kangourou devant et <strong>derri\u00e8re!<\/strong><\/li>\n<li>Fermeture \u00e9clair YKK de haute qualit\u00e9<\/li>\n<li>petit accessoire en os sur la fermeture \u00e9clair<\/li>\n<li>disponible jusqu&#039;\u00e0 la taille 4-XL<\/li>\n<li>Marque : Speed Dogsport\u00ae<\/li>\n<li>Couleur de base : nombreuses combinaisons de couleurs<\/li>\n<li>Applications : Broderie (fil \u00e0 broder MADEIRA)<\/li>\n<li>Mod\u00e8le : KIRA<\/li>\n<\/ul>\n<p><strong>Mat\u00e9riel:<\/strong><br \/>\nPOLAIRE THERMIQUE* Polyester 65% et coton 35%<\/p>\n<p><strong>Lavable \u00e0 30\u00b0C.<\/strong><\/p>\n<h3>Tableau des tailles:<\/h3>\n<p><img loading=\"lazy\" decoding=\"async\" class=\"alignnone size-full wp-image-122206\" src=\"https:\/\/dogpride.nl\/wp-content\/uploads\/Maattabel-Kira.jpg\" alt=\"Maattabel\" width=\"800\" height=\"800\" srcset=\"https:\/\/dogpride.nl\/wp-content\/uploads\/Maattabel-Kira.jpg 800w, https:\/\/dogpride.nl\/wp-content\/uploads\/Maattabel-Kira-300x300.jpg 300w, https:\/\/dogpride.nl\/wp-content\/uploads\/Maattabel-Kira-150x150.jpg 150w, https:\/\/dogpride.nl\/wp-content\/uploads\/Maattabel-Kira-768x768.jpg 768w, https:\/\/dogpride.nl\/wp-content\/uploads\/Maattabel-Kira-12x12.jpg 12w, https:\/\/dogpride.nl\/wp-content\/uploads\/Maattabel-Kira-250x250.jpg 250w, https:\/\/dogpride.nl\/wp-content\/uploads\/Maattabel-Kira-400x400.jpg 400w, https:\/\/dogpride.nl\/wp-content\/uploads\/Maattabel-Kira-100x100.jpg 100w\" sizes=\"auto, (max-width: 800px) 100vw, 800px\" \/><\/p>\n<p><a href=\"https:\/\/speed-dogsport.com\/en\/\" target=\"_blank\" rel=\"noopener\"><img loading=\"lazy\" decoding=\"async\" class=\"alignnone wp-image-142927 size-medium\" src=\"https:\/\/dogpride.nl\/wp-content\/uploads\/Logo-13-300x102.png\" alt=\"Logo Speed dogsport \" width=\"300\" height=\"102\" srcset=\"https:\/\/dogpride.nl\/wp-content\/uploads\/Logo-13-300x102.png 300w, https:\/\/dogpride.nl\/wp-content\/uploads\/Logo-13-768x260.png 768w, https:\/\/dogpride.nl\/wp-content\/uploads\/Logo-13-18x6.png 18w, https:\/\/dogpride.nl\/wp-content\/uploads\/Logo-13-250x85.png 250w, https:\/\/dogpride.nl\/wp-content\/uploads\/Logo-13-400x135.png 400w, https:\/\/dogpride.nl\/wp-content\/uploads\/Logo-13.png 836w\" sizes=\"auto, (max-width: 300px) 100vw, 300px\" \/><\/a><\/p>\n<p>&nbsp;<\/p>\n<p><a href=\"https:\/\/dogpride.nl\/fr\/kleding\/hoodies\/speed-dogsport-hoodies\/\"><img loading=\"lazy\" decoding=\"async\" class=\"alignnone\" title=\"Veste \u00e0 capuche Speed Dogsport KIRA\" src=\"https:\/\/dogpride.nl\/wp-content\/uploads\/hundesport-sweater-jacke-kira-unisex-hundefuehrerin-3.jpg\" alt=\"Speed Dogsport Hoodie Jacket KIRA\" width=\"97\" height=\"97\" \/><\/a><\/p>","protected":false},"excerpt":{"rendered":"<p>De nieuwe hondensport trui jas met kangoeroezakken voor en achter! Modieuze sweater jas van Speed Dogsport\u00ae met offset rits, hoogwaardig logo borduurwerk, capuchon en kangoeroezak voor en achter.<\/p>\n<p style=\"text-align: center;\"><span style=\"color: #ff0000;\">Remarque : Mesdames, veuillez commander une taille plus petite !!!<\/span><\/p>","protected":false},"featured_media":97156,"template":"","meta":[],"product_brand":[],"product_cat":[3892,3876],"product_tag":[4687,4141,4688,4686],"class_list":{"0":"post-97155","1":"product","2":"type-product","3":"status-publish","4":"has-post-thumbnail","6":"product_cat-speed-dogsport-hoodies","7":"product_cat-speed-dogsport-trainingsvesten","8":"product_tag-hoodie","9":"product_tag-jacket","10":"product_tag-kira","11":"product_tag-speed-dogsport","13":"first","14":"instock","15":"taxable","16":"shipping-taxable","17":"purchasable","18":"product-type-variable"},"mb":[],"mfb_rest_fields":["title"],"_links":{"self":[{"href":"https:\/\/dogpride.nl\/fr\/wp-json\/wp\/v2\/product\/97155","targetHints":{"allow":["GET"]}}],"collection":[{"href":"https:\/\/dogpride.nl\/fr\/wp-json\/wp\/v2\/product"}],"about":[{"href":"https:\/\/dogpride.nl\/fr\/wp-json\/wp\/v2\/types\/product"}],"wp:featuredmedia":[{"embeddable":true,"href":"https:\/\/dogpride.nl\/fr\/wp-json\/wp\/v2\/media\/97156"}],"wp:attachment":[{"href":"https:\/\/dogpride.nl\/fr\/wp-json\/wp\/v2\/media?parent=97155"}],"wp:term":[{"taxonomy":"product_brand","embeddable":true,"href":"https:\/\/dogpride.nl\/fr\/wp-json\/wp\/v2\/product_brand?post=97155"},{"taxonomy":"product_cat","embeddable":true,"href":"https:\/\/dogpride.nl\/fr\/wp-json\/wp\/v2\/product_cat?post=97155"},{"taxonomy":"product_tag","embeddable":true,"href":"https:\/\/dogpride.nl\/fr\/wp-json\/wp\/v2\/product_tag?post=97155"}],"curies":[{"name":"wp","href":"https:\/\/api.w.org\/{rel}","templated":true}]}}