{"id":96794,"date":"2022-11-01T11:05:17","date_gmt":"2022-11-01T10:05:17","guid":{"rendered":"https:\/\/www.dogpride.nl\/?post_type=product&#038;p=96794"},"modified":"2026-03-17T10:13:03","modified_gmt":"2026-03-17T09:13:03","slug":"hondenkussens-passend-bij-houtart-hondenmanden","status":"publish","type":"product","link":"https:\/\/dogpride.nl\/fr\/hondenkussens-passend-bij-houtart-hondenmanden\/","title":{"rendered":"Coussins pour chiens assortis aux lits pour chiens Houtart"},"content":{"rendered":"<h4>Coussins pour chiens assortis aux lits pour chiens Houtart<\/h4>\n<p>Coussins pour chiens assortis aux lits pour chiens Houtart<\/p>\n<p>Joli coussin pour chien, \u00e0 assembler selon vos envies ! Votre ami \u00e0 quatre pattes dormira \u00e0 merveille dans nos paniers avec oreillers.<\/p>\n<p><a href=\"https:\/\/dogpride.nl\/fr\/\"><img loading=\"lazy\" decoding=\"async\" class=\"alignnone\" title=\"Coussins pour chiens assortis aux lits pour chiens Houtart\" src=\"https:\/\/dogpride.nl\/wp-content\/uploads\/houtart_kussens_kleuren_uni-150x150.jpg\" alt=\"Hondenkussens passend bij Houtart hondenmanden\" width=\"150\" height=\"150\" \/><\/a><\/p>\n<p>Choisissez votre propre couleur et taille. Des coussins pour chiens beaux et soign\u00e9s qui s&#039;int\u00e8grent dans nos paniers pour chiens.<br \/>\nLe coussin a une fermeture \u00e9clair sur le c\u00f4t\u00e9 long, ce qui vous permet de retirer et de laver facilement la housse.<\/p>\n<p><a href=\"https:\/\/nl.wikipedia.org\/wiki\/Hoofdpagina\" target=\"_blank\" rel=\"noopener\"><img loading=\"lazy\" decoding=\"async\" class=\"alignnone\" src=\"https:\/\/dogpride.nl\/wp-content\/uploads\/houtart_kussens_kleuren_uni-150x150.jpg\" alt=\"Hondenkussens passend bij Houtart hondenmanden\" width=\"150\" height=\"150\" \/><\/a><\/p>\n<p><strong>Caract\u00e9ristiques:<\/strong><br \/>\n\u2022 Diff\u00e9rentes tailles et couleurs<br \/>\n\u2022 Pour l&#039;int\u00e9rieur et l&#039;ext\u00e9rieur<br \/>\n\u2022 R\u00e9sistant aux intemp\u00e9ries<br \/>\n\u2022 R\u00e9sistant \u00e0 l&#039;usure, aux couleurs inalt\u00e9rables et anti-salissures<\/p>\n<p><strong>\u00c9paisseur : \u00b1 10 cm<\/strong><\/p>\n<p><strong>Type de tissu\u00a0:<br \/>\n<\/strong>\u2022 Uni est un tissu lisse.<br \/>\n\u2022 SE est un tissu m\u00e9lang\u00e9 avec une structure fine.<\/p>","protected":false},"excerpt":{"rendered":"<p>Joli coussin pour chien, \u00e0 assembler selon vos envies ! Votre ami \u00e0 quatre pattes dormira \u00e0 merveille dans nos paniers avec oreillers. Choisissez votre propre couleur et taille. Des coussins pour chiens beaux et soign\u00e9s qui s&#039;int\u00e8grent dans nos paniers pour chiens.<\/p>","protected":false},"featured_media":96795,"template":"","meta":[],"product_brand":[],"product_cat":[5244],"product_tag":[4659,4660],"class_list":{"0":"post-96794","1":"product","2":"type-product","3":"status-publish","4":"has-post-thumbnail","6":"product_cat-hout-art-hondenmanden","7":"product_tag-hondenkussens","8":"product_tag-houtart-hondenmanden","10":"first","11":"instock","12":"taxable","13":"shipping-taxable","14":"purchasable","15":"product-type-variable"},"mb":[],"mfb_rest_fields":["title"],"_links":{"self":[{"href":"https:\/\/dogpride.nl\/fr\/wp-json\/wp\/v2\/product\/96794","targetHints":{"allow":["GET"]}}],"collection":[{"href":"https:\/\/dogpride.nl\/fr\/wp-json\/wp\/v2\/product"}],"about":[{"href":"https:\/\/dogpride.nl\/fr\/wp-json\/wp\/v2\/types\/product"}],"wp:featuredmedia":[{"embeddable":true,"href":"https:\/\/dogpride.nl\/fr\/wp-json\/wp\/v2\/media\/96795"}],"wp:attachment":[{"href":"https:\/\/dogpride.nl\/fr\/wp-json\/wp\/v2\/media?parent=96794"}],"wp:term":[{"taxonomy":"product_brand","embeddable":true,"href":"https:\/\/dogpride.nl\/fr\/wp-json\/wp\/v2\/product_brand?post=96794"},{"taxonomy":"product_cat","embeddable":true,"href":"https:\/\/dogpride.nl\/fr\/wp-json\/wp\/v2\/product_cat?post=96794"},{"taxonomy":"product_tag","embeddable":true,"href":"https:\/\/dogpride.nl\/fr\/wp-json\/wp\/v2\/product_tag?post=96794"}],"curies":[{"name":"wp","href":"https:\/\/api.w.org\/{rel}","templated":true}]}}