{"id":96387,"date":"2022-10-14T07:50:44","date_gmt":"2022-10-14T05:50:44","guid":{"rendered":"https:\/\/www.dogpride.nl\/?post_type=product&#038;p=96387"},"modified":"2025-10-06T12:36:34","modified_gmt":"2025-10-06T10:36:34","slug":"dark-systems-darkfighter-k9-helm-gen5","status":"publish","type":"product","link":"https:\/\/dogpride.nl\/fr\/dark-systems-darkfighter-k9-helm-gen5\/","title":{"rendered":"DARK SYSTEMS DarkFighter K9 Helm GEN5"},"content":{"rendered":"<h4>DARK SYSTEMS DarkFighter K9 Helm GEN5<\/h4>\n<p>DARK SYSTEMS DarkFighter K9 Helm GEN5<\/p>\n<p><a href=\"https:\/\/dogpride.nl\/fr\/k9\/cynotechnische-eenheden\/dark-systems-helmen\/\"><img loading=\"lazy\" decoding=\"async\" class=\"alignnone wp-image-122293 size-full\" title=\"DARK SYSTEMS DarkFighter K9 Helm GEN5\" src=\"https:\/\/dogpride.nl\/wp-content\/uploads\/DarkFighter-Gen-4.png\" alt=\"DARK SYSTEMS DarkFighter K9 Helm GEN5\" width=\"1310\" height=\"517\" srcset=\"https:\/\/dogpride.nl\/wp-content\/uploads\/DarkFighter-Gen-4.png 1310w, https:\/\/dogpride.nl\/wp-content\/uploads\/DarkFighter-Gen-4-300x118.png 300w, https:\/\/dogpride.nl\/wp-content\/uploads\/DarkFighter-Gen-4-1024x404.png 1024w, https:\/\/dogpride.nl\/wp-content\/uploads\/DarkFighter-Gen-4-768x303.png 768w, https:\/\/dogpride.nl\/wp-content\/uploads\/DarkFighter-Gen-4-18x7.png 18w, https:\/\/dogpride.nl\/wp-content\/uploads\/DarkFighter-Gen-4-250x99.png 250w, https:\/\/dogpride.nl\/wp-content\/uploads\/DarkFighter-Gen-4-400x158.png 400w\" sizes=\"auto, (max-width: 1310px) 100vw, 1310px\" \/><\/a><\/p>\n<h3>Bescherming in perfectie.<\/h3>\n<p>Een juiste pasvorm is cruciaal bij een K9-helm \u2013 niet alleen voor maximale bescherming, maar ook voor het comfort van de drager op lange termijn.<br \/>\nEen comfortabele pasvorm vermindert ook aanzienlijk de vermoeidheid, vooral tijdens lange operaties.<br \/>\nMinimaal gewicht met maximale bescherming; meerdere verbeteringen, van muilkorfadapters tot een houder voor een helmlamp of camera&#8217;s, en volledige flexibiliteit dankzij een breed scala aan instelmogelijkheden.<br \/>\nUpgrade uw kit op elk gewenst moment.<\/p>\n<p>Deze helm is ontworpen om u een optimale oplossing te bieden, of u nu op een helikopter stapt, in de woestijn patrouilleert, op de schietbaan schiet, door doornen zoekt of vuile gebouwen doorzoekt.<br \/>\nOnze helm biedt een comfortabel en praktisch oog ( s) en gehoorbescherming.<br \/>\nProt\u00e9gez votre meilleur ami et votre bien le plus pr\u00e9cieux. Si vous portez une protection, votre chien devrait le faire aussi.<\/p>\n<h4>Dark Systems-helm biedt duurzame, betrouwbare bescherming voor uw partner.<\/h4>\n<p>Alle lenzen zijn slagvast, hebben een UV400-classificatie en zijn eenvoudig te vervangen.<br \/>\nLa conception de la lentille sph\u00e9rique offre un excellent champ de vision. En rendant votre K9 imperm\u00e9able \u00e0 la protection des yeux et en ayant un casque dans votre kit, vous pouvez vous assurer que votre partenaire est en s\u00e9curit\u00e9, quelle que soit la situation dans laquelle votre \u00e9quipe peut se trouver.<\/p>\n<p>Ce casque est \u00e9galement con\u00e7u pour transporter des \u00e9quipements \u00e9lectroniques sur la surface sup\u00e9rieure \u00e0 l&#039;aide d&#039;un panneau velcro, notre cam\u00e9ra DarkMesh K9 est \u00e9galement compatible.<\/p>\n<h4>Ce casque est \u00e9quip\u00e9 en standard d&#039;une sangle en caoutchouc, mais peut d\u00e9sormais \u00e9galement \u00eatre fourni avec une sangle en nylon avec fermeture COBRA moyennant un co\u00fbt suppl\u00e9mentaire.<\/h4>\n<p>En option, il est possible d&#039;\u00e9quiper le casque de la coque de protection auditive.<\/p>\n<ul>\n<li><span class=\"goog-text-highlight\">Poids du casque seul (sans protection auditive) : 392 g<\/span><\/li>\n<li><span class=\"goog-text-highlight\">Poids du casque avec protection auditive : 589 g<\/span><\/li>\n<\/ul>\n<p><strong>CARACT\u00c9RISTIQUES:<\/strong><\/p>\n<ul>\n<li>Facile \u00e0 utiliser - aucune formation requise.<\/li>\n<li>Protection visuelle et acoustique.<\/li>\n<li>L\u00e9ger moins de 400g.<\/li>\n<li>La lentille sph\u00e9rique offre un excellent champ de vision.<\/li>\n<li>Les verres en polycarbonate sont r\u00e9sistants aux chocs et au laser.<\/li>\n<li>Polym\u00e8re hautement r\u00e9sistant aux chocs.<\/li>\n<li>Remplissage modulaire pour tous les chiens.<\/li>\n<\/ul>\n<h4><strong>CONTENU DU KIT<\/strong><\/h4>\n<ul>\n<li>1x sac tactique MOLLE, noir<\/li>\n<li>1x Casque DarkFighter K9 noir<\/li>\n<li>1x Set lentille claire et fum\u00e9e<\/li>\n<li>1x mousse principale, 1x jeu de coussinets<\/li>\n<li>1x feuille d&#039;instructions<\/li>\n<\/ul>\n<h4>COULEURS DISPONIBLES<\/h4>\n<p><a href=\"https:\/\/darksystems.com\/\" target=\"_blank\" rel=\"noopener\"><img loading=\"lazy\" decoding=\"async\" class=\"alignnone wp-image-122325 size-full\" title=\"DARK SYSTEMS Casque DarkFighter K9\" src=\"https:\/\/dogpride.nl\/wp-content\/uploads\/Colors-DarkFighter-Gen4.png\" alt=\"DARK SYSTEMS DarkFighter K9 Helm\" width=\"718\" height=\"166\" srcset=\"https:\/\/dogpride.nl\/wp-content\/uploads\/Colors-DarkFighter-Gen4.png 718w, https:\/\/dogpride.nl\/wp-content\/uploads\/Colors-DarkFighter-Gen4-300x69.png 300w, https:\/\/dogpride.nl\/wp-content\/uploads\/Colors-DarkFighter-Gen4-18x4.png 18w, https:\/\/dogpride.nl\/wp-content\/uploads\/Colors-DarkFighter-Gen4-250x58.png 250w, https:\/\/dogpride.nl\/wp-content\/uploads\/Colors-DarkFighter-Gen4-400x92.png 400w\" sizes=\"auto, (max-width: 718px) 100vw, 718px\" \/><\/a><\/p>\n<p><img loading=\"lazy\" decoding=\"async\" class=\"alignnone size-full wp-image-122326\" src=\"https:\/\/dogpride.nl\/wp-content\/uploads\/BREEDS.png\" alt=\"Breeds\" width=\"755\" height=\"298\" srcset=\"https:\/\/dogpride.nl\/wp-content\/uploads\/BREEDS.png 755w, https:\/\/dogpride.nl\/wp-content\/uploads\/BREEDS-300x118.png 300w, https:\/\/dogpride.nl\/wp-content\/uploads\/BREEDS-18x7.png 18w, https:\/\/dogpride.nl\/wp-content\/uploads\/BREEDS-250x99.png 250w, https:\/\/dogpride.nl\/wp-content\/uploads\/BREEDS-400x158.png 400w\" sizes=\"auto, (max-width: 755px) 100vw, 755px\" \/><\/p>\n<p>Leverbaar in de maten: M, L (standaard) en XL<\/p>\n<div class=\"woocommerce-tabs wc-tabs-wrapper\">\n<div id=\"tab-description\" class=\"woocommerce-Tabs-panel woocommerce-Tabs-panel--description panel entry-content wc-tab\" role=\"tabpanel\" aria-labelledby=\"tab-title-description\">\n<div class=\"post-content\">\n<p><strong>Effen kleuren hebben de standaard prijs. MultiCam\u00ae voegt \u20ac 250 toe aan uw bestelling. Aangepaste kleuren op aanvraag.<\/strong><\/p>\n<p><img loading=\"lazy\" decoding=\"async\" class=\"alignnone size-full wp-image-122357\" src=\"https:\/\/dogpride.nl\/wp-content\/uploads\/Sizing-guide-how-to.jpg\" alt=\"Sizing\" width=\"720\" height=\"960\" srcset=\"https:\/\/dogpride.nl\/wp-content\/uploads\/Sizing-guide-how-to.jpg 720w, https:\/\/dogpride.nl\/wp-content\/uploads\/Sizing-guide-how-to-225x300.jpg 225w, https:\/\/dogpride.nl\/wp-content\/uploads\/Sizing-guide-how-to-9x12.jpg 9w, https:\/\/dogpride.nl\/wp-content\/uploads\/Sizing-guide-how-to-250x333.jpg 250w, https:\/\/dogpride.nl\/wp-content\/uploads\/Sizing-guide-how-to-400x533.jpg 400w\" sizes=\"auto, (max-width: 720px) 100vw, 720px\" \/><\/p>\n<p><a href=\"https:\/\/dogpride.nl\/wp-content\/uploads\/Width-sizing-guide.pdf\">Width sizing guide<\/a><\/p>\n<p data-start=\"0\" data-end=\"335\">Le <strong data-start=\"3\" data-end=\"44\">DARK SYSTEMS DarkFighter K9 Helm GEN5<\/strong> vertegenwoordigt de nieuwste generatie bescherming en tactische innovatie voor werkhonden.<br \/>\nOntworpen in samenwerking met professionele K9-teams uit politie, defensie en zoek- en reddingsdiensten, biedt deze helm een onge\u00ebvenaarde combinatie van <strong data-start=\"290\" data-end=\"332\">veiligheid, comfort en functionaliteit<\/strong>.<\/p>\n<p data-start=\"337\" data-end=\"731\">Le <strong data-start=\"3\" data-end=\"44\">DARK SYSTEMS DarkFighter K9 Helm GEN5<\/strong>\u00a0is vervaardigd uit <strong data-start=\"380\" data-end=\"427\">hoogwaardig, lichtgewicht polymeercomposiet<\/strong>, wat zorgt voor maximale bescherming tegen impact en scherpe objecten zonder extra belasting voor de hond.<br \/>\nDankzij het vernieuwde <strong data-start=\"558\" data-end=\"583\">QuickFit-sluitsysteem<\/strong> kan de helm snel en stabiel worden aangepast aan de vorm van het hondenhoofd, zodat hij zelfs tijdens intensieve operaties perfect blijft zitten.<\/p>\n<p data-start=\"733\" data-end=\"1106\">Een verbeterd <strong data-start=\"747\" data-end=\"768\">ventilatieontwerp<\/strong> garandeert optimale luchtstroom, terwijl de interne padding zorgt voor demping en draagcomfort.<br \/>\nDe GEN5 is bovendien uitgerust met <strong data-start=\"900\" data-end=\"932\">modulaire bevestigingspunten<\/strong> voor tactische accessoires zoals camera\u2019s, verlichting of communicatieapparatuur. Zo kunnen handlers hun hond realtime volgen en ondersteunen in elke missie, dag \u00e9n nacht.<\/p>\n<p data-start=\"1108\" data-end=\"1372\">Met zijn <strong data-start=\"1117\" data-end=\"1133\">stealth look<\/strong>, matte afwerking en robuuste bouw is de DARK SYSTEMS DarkFighter K9 Helm GEN5 niet alleen functioneel, maar ook visueel indrukwekkend.<br \/>\nDeze helm is gemaakt voor honden die werken in de zwaarste omstandigheden \u2014 van stedelijke inzet tot ruig terrein.<\/p>\n<p data-start=\"1374\" data-end=\"1587\" data-is-last-node=\"\" data-is-only-node=\"\">Kies voor de <strong data-start=\"1387\" data-end=\"1428\">DARK SYSTEMS DarkFighter K9 Helm GEN5<\/strong> als je op zoek bent naar het hoogste niveau van <strong data-start=\"1477\" data-end=\"1518\">bescherming, technologie en prestatie<\/strong> voor jouw werkhond.<br data-start=\"1538\" data-end=\"1541\" \/><strong data-start=\"1541\" data-end=\"1587\" data-is-last-node=\"\">DARK SYSTEMS \u2013 Mission Ready. K9 Approved.<\/strong><\/p>\n<\/div>\n<\/div>\n<\/div>","protected":false},"excerpt":{"rendered":"<p>DARK SYSTEMS DarkFighter K9 Helm GEN5 hondenbeschermingshelm van DARK SYSTEMS is speciaal ontworpen voor reddings- en interventiehonden van het Duitse herder- en Mechelaar-type. Labrador en Reuze Schnauzer type.<\/p>","protected":false},"featured_media":122324,"template":"","meta":[],"product_brand":[],"product_cat":[4549],"product_tag":[4575,4567,7462,6916,4576,6915,4566,6751,4890],"class_list":{"0":"post-96387","1":"product","2":"type-product","3":"status-publish","4":"has-post-thumbnail","6":"product_cat-dark-systems-k9-helmen","7":"product_tag-dark-systems","8":"product_tag-darkfighter","9":"product_tag-dog-helmets","10":"product_tag-doghelmet","11":"product_tag-helm","12":"product_tag-hondenhelm","13":"product_tag-k9","14":"product_tag-k9-helmet","15":"product_tag-tactical","16":"product_shipping_class-vast-tarief-eu-overig","18":"first","19":"instock","20":"featured","21":"taxable","22":"shipping-taxable","23":"purchasable","24":"product-type-variable"},"mb":[],"mfb_rest_fields":["title"],"_links":{"self":[{"href":"https:\/\/dogpride.nl\/fr\/wp-json\/wp\/v2\/product\/96387","targetHints":{"allow":["GET"]}}],"collection":[{"href":"https:\/\/dogpride.nl\/fr\/wp-json\/wp\/v2\/product"}],"about":[{"href":"https:\/\/dogpride.nl\/fr\/wp-json\/wp\/v2\/types\/product"}],"wp:featuredmedia":[{"embeddable":true,"href":"https:\/\/dogpride.nl\/fr\/wp-json\/wp\/v2\/media\/122324"}],"wp:attachment":[{"href":"https:\/\/dogpride.nl\/fr\/wp-json\/wp\/v2\/media?parent=96387"}],"wp:term":[{"taxonomy":"product_brand","embeddable":true,"href":"https:\/\/dogpride.nl\/fr\/wp-json\/wp\/v2\/product_brand?post=96387"},{"taxonomy":"product_cat","embeddable":true,"href":"https:\/\/dogpride.nl\/fr\/wp-json\/wp\/v2\/product_cat?post=96387"},{"taxonomy":"product_tag","embeddable":true,"href":"https:\/\/dogpride.nl\/fr\/wp-json\/wp\/v2\/product_tag?post=96387"}],"curies":[{"name":"wp","href":"https:\/\/api.w.org\/{rel}","templated":true}]}}