{"id":96367,"date":"2022-10-14T06:04:29","date_gmt":"2022-10-14T04:04:29","guid":{"rendered":"https:\/\/www.dogpride.nl\/?post_type=product&#038;p=96367"},"modified":"2026-01-08T18:32:31","modified_gmt":"2026-01-08T17:32:31","slug":"k9-darkfighter-active-ear-covers","status":"publish","type":"product","link":"https:\/\/dogpride.nl\/fr\/k9-darkfighter-active-ear-covers\/","title":{"rendered":"Couvre-oreilles actifs K9 Dark Fighter"},"content":{"rendered":"<h4>Couvre-oreilles actifs K9 Dark Fighter<\/h4>\n<p>Couvre-oreilles actifs K9 Dark Fighter<\/p>\n<p>Avec ce kit, vous pouvez \u00e9quiper le casque de cache-oreilles antibruit actifs. Il s&#039;agit d&#039;un ensemble complet d&#039;\u00e9couteurs avec entr\u00e9e st\u00e9r\u00e9o 3,5 mm pour l&#039;\u00e9coute uniquement.<\/p>\n<p>Ce casque est con\u00e7u pour vous offrir une solution optimale, que vous montiez \u00e0 bord d&#039;un h\u00e9licopt\u00e8re, patrouilliez dans le d\u00e9sert, tiriez sur le champ de tir, cherchiez \u00e0 travers des \u00e9pines ou cherchiez des b\u00e2timents sales, notre casque offre une protection oculaire et auditive confortable et pratique. .<br \/>\nProt\u00e9gez votre meilleur ami et votre bien le plus pr\u00e9cieux. Si vous portez une protection, votre chien devrait le faire aussi.<\/p>\n<p>Le casque Dark Systems offre une protection oculaire durable et fiable \u00e0 votre partenaire. Toutes les lentilles sont r\u00e9sistantes aux chocs, class\u00e9es UV400 et faciles \u00e0 remplacer.<br \/>\nLa conception de la lentille sph\u00e9rique offre un excellent champ de vision. En rendant votre K9 imperm\u00e9able \u00e0 la protection des yeux et en ayant un casque dans votre kit, vous pouvez vous assurer que votre partenaire est en s\u00e9curit\u00e9, quelle que soit la situation dans laquelle votre \u00e9quipe peut se trouver.<\/p>\n<p>Ce casque est \u00e9galement con\u00e7u pour transporter des \u00e9quipements \u00e9lectroniques sur la surface sup\u00e9rieure \u00e0 l&#039;aide d&#039;un panneau velcro, notre cam\u00e9ra DarkMesh K9 est \u00e9galement compatible.<\/p>\n<p>En option, il est possible d&#039;\u00e9quiper le casque de la coque de protection auditive.<\/p>\n<ul>\n<li><span class=\"goog-text-highlight\">Poids du casque seul (sans protection auditive) : 392 g<\/span><\/li>\n<li><span class=\"goog-text-highlight\">Poids du casque avec protection auditive : 589 g<\/span><\/li>\n<\/ul>\n<p><strong>Standaard uitvoering K9 DarkFighter Active Ear Covers:<\/strong> Walker&#8217;s Razor<\/p>\n<p><strong>Uitvoering met bijbetaling:<\/strong> Peltor Protac III, AMP opsCore, FalCom<\/p>\n<p>We kunnen ook andere versies integreren, zoals de 3M Comtac, Falcom, Invisio, AMP OpsCore, enz. <strong>Vraag ons naar de mogelijkheden.<\/strong><\/p>\n<p><img loading=\"lazy\" decoding=\"async\" class=\"alignnone wp-image-151254 size-medium\" src=\"https:\/\/dogpride.nl\/wp-content\/uploads\/active_walkers-2_9be23317-7b72-405d-93ae-139c291341c2-300x119.webp\" alt=\"K9 DarkFighter Active Ear Covers\" width=\"300\" height=\"119\" srcset=\"https:\/\/dogpride.nl\/wp-content\/uploads\/active_walkers-2_9be23317-7b72-405d-93ae-139c291341c2-300x119.webp 300w, https:\/\/dogpride.nl\/wp-content\/uploads\/active_walkers-2_9be23317-7b72-405d-93ae-139c291341c2-1024x406.webp 1024w, https:\/\/dogpride.nl\/wp-content\/uploads\/active_walkers-2_9be23317-7b72-405d-93ae-139c291341c2-768x304.webp 768w, https:\/\/dogpride.nl\/wp-content\/uploads\/active_walkers-2_9be23317-7b72-405d-93ae-139c291341c2-1536x608.webp 1536w, https:\/\/dogpride.nl\/wp-content\/uploads\/active_walkers-2_9be23317-7b72-405d-93ae-139c291341c2-2048x811.webp 2048w, https:\/\/dogpride.nl\/wp-content\/uploads\/active_walkers-2_9be23317-7b72-405d-93ae-139c291341c2-18x7.webp 18w, https:\/\/dogpride.nl\/wp-content\/uploads\/active_walkers-2_9be23317-7b72-405d-93ae-139c291341c2-250x99.webp 250w, https:\/\/dogpride.nl\/wp-content\/uploads\/active_walkers-2_9be23317-7b72-405d-93ae-139c291341c2-400x158.webp 400w\" sizes=\"auto, (max-width: 300px) 100vw, 300px\" \/>\u00a0 <a href=\"https:\/\/dogpride.nl\/fr\/k9\/cynotechnische-eenheden\/dark-systems-helmen\/\"><img loading=\"lazy\" decoding=\"async\" class=\"alignnone wp-image-151255 size-medium\" title=\"Couvre-oreilles actifs K9 Dark Fighter\" src=\"https:\/\/dogpride.nl\/wp-content\/uploads\/active-peltor-300x119.webp\" alt=\"K9 DarkFighter Active Ear Covers\" width=\"300\" height=\"119\" srcset=\"https:\/\/dogpride.nl\/wp-content\/uploads\/active-peltor-300x119.webp 300w, https:\/\/dogpride.nl\/wp-content\/uploads\/active-peltor-1024x406.webp 1024w, https:\/\/dogpride.nl\/wp-content\/uploads\/active-peltor-768x304.webp 768w, https:\/\/dogpride.nl\/wp-content\/uploads\/active-peltor-1536x608.webp 1536w, https:\/\/dogpride.nl\/wp-content\/uploads\/active-peltor-2048x811.webp 2048w, https:\/\/dogpride.nl\/wp-content\/uploads\/active-peltor-18x7.webp 18w, https:\/\/dogpride.nl\/wp-content\/uploads\/active-peltor-250x99.webp 250w, https:\/\/dogpride.nl\/wp-content\/uploads\/active-peltor-400x158.webp 400w\" sizes=\"auto, (max-width: 300px) 100vw, 300px\" \/>\u00a0 <\/a><a href=\"https:\/\/dogpride.nl\/fr\/k9\/cynotechnische-eenheden\/dark-systems-helmen\/\"><img loading=\"lazy\" decoding=\"async\" class=\"alignnone wp-image-151253 size-medium\" title=\"Couvre-oreilles actifs K9 Dark Fighter\" src=\"https:\/\/dogpride.nl\/wp-content\/uploads\/active_pods-2_2ac2dcd2-09fc-49eb-bc40-90b81e6a752b-300x119.webp\" alt=\"K9 DarkFighter Active Ear Covers\" width=\"300\" height=\"119\" srcset=\"https:\/\/dogpride.nl\/wp-content\/uploads\/active_pods-2_2ac2dcd2-09fc-49eb-bc40-90b81e6a752b-300x119.webp 300w, https:\/\/dogpride.nl\/wp-content\/uploads\/active_pods-2_2ac2dcd2-09fc-49eb-bc40-90b81e6a752b-1024x406.webp 1024w, https:\/\/dogpride.nl\/wp-content\/uploads\/active_pods-2_2ac2dcd2-09fc-49eb-bc40-90b81e6a752b-768x304.webp 768w, https:\/\/dogpride.nl\/wp-content\/uploads\/active_pods-2_2ac2dcd2-09fc-49eb-bc40-90b81e6a752b-1536x608.webp 1536w, https:\/\/dogpride.nl\/wp-content\/uploads\/active_pods-2_2ac2dcd2-09fc-49eb-bc40-90b81e6a752b-2048x811.webp 2048w, https:\/\/dogpride.nl\/wp-content\/uploads\/active_pods-2_2ac2dcd2-09fc-49eb-bc40-90b81e6a752b-18x7.webp 18w, https:\/\/dogpride.nl\/wp-content\/uploads\/active_pods-2_2ac2dcd2-09fc-49eb-bc40-90b81e6a752b-250x99.webp 250w, https:\/\/dogpride.nl\/wp-content\/uploads\/active_pods-2_2ac2dcd2-09fc-49eb-bc40-90b81e6a752b-400x158.webp 400w\" sizes=\"auto, (max-width: 300px) 100vw, 300px\" \/>\u00a0 <\/a><a href=\"https:\/\/dogpride.nl\/fr\/k9\/cynotechnische-eenheden\/dark-systems-helmen\/\"><img loading=\"lazy\" decoding=\"async\" class=\"alignnone wp-image-151252 size-medium\" title=\"Couvre-oreilles actifs K9 Dark Fighter\" src=\"https:\/\/dogpride.nl\/wp-content\/uploads\/active_amp-2-300x119.webp\" alt=\"K9 DarkFighter Active Ear Covers\" width=\"300\" height=\"119\" srcset=\"https:\/\/dogpride.nl\/wp-content\/uploads\/active_amp-2-300x119.webp 300w, https:\/\/dogpride.nl\/wp-content\/uploads\/active_amp-2-1024x406.webp 1024w, https:\/\/dogpride.nl\/wp-content\/uploads\/active_amp-2-768x304.webp 768w, https:\/\/dogpride.nl\/wp-content\/uploads\/active_amp-2-1536x608.webp 1536w, https:\/\/dogpride.nl\/wp-content\/uploads\/active_amp-2-2048x811.webp 2048w, https:\/\/dogpride.nl\/wp-content\/uploads\/active_amp-2-18x7.webp 18w, https:\/\/dogpride.nl\/wp-content\/uploads\/active_amp-2-250x99.webp 250w, https:\/\/dogpride.nl\/wp-content\/uploads\/active_amp-2-400x158.webp 400w\" sizes=\"auto, (max-width: 300px) 100vw, 300px\" \/><\/a><\/p>\n<p data-start=\"0\" data-end=\"346\">Le <strong data-start=\"3\" data-end=\"39\">Couvre-oreilles actifs K9 Dark Fighter<\/strong> par <strong data-start=\"44\" data-end=\"60\">SYST\u00c8MES obscurs<\/strong> zijn ontwikkeld voor werkhonden die worden ingezet in de meest veeleisende omstandigheden.<br \/>\nDeze geavanceerde gehoorbescherming combineert <strong data-start=\"199\" data-end=\"226\">actieve geluidsreductie<\/strong> met hoog draagcomfort, zodat K9-teams veilig, effici\u00ebnt en gefocust kunnen opereren \u2014 ongeacht de omgeving of missie.<\/p>\n<h4 data-start=\"348\" data-end=\"402\">Maximale gehoorbescherming, minimale belemmering<\/h4>\n<p data-start=\"403\" data-end=\"844\">Le <strong>K9<\/strong> <strong data-start=\"406\" data-end=\"439\">DarkFighter Active Ear Covers<\/strong> beschermen het gehoor van de hond tegen harde impulsgeluiden zoals explosies, schoten of sirenes.<br \/>\nDankzij de ingebouwde <strong data-start=\"560\" data-end=\"602\">Active Noise Control (ANC) technologie<\/strong> worden schadelijke geluidsniveaus onmiddellijk gedempt, terwijl belangrijke omgevingsgeluiden \u2014 zoals stemcommando\u2019s of natuurlijke omgevingsgeluiden \u2014 hoorbaar blijven.<br \/>\nZo blijft de hond alert en responsief, zonder risico op gehoorschade.<\/p>\n<h4 data-start=\"846\" data-end=\"883\">Comfortabel en duurzaam ontwerp<\/h4>\n<p data-start=\"884\" data-end=\"1339\">Het ergonomische ontwerp van de <strong data-start=\"916\" data-end=\"937\">Active Ear Covers<\/strong> sluit perfect aan op de contouren van het hondenhoofd. De zachte, ademende oorkussens zorgen voor langdurig draagcomfort, zelfs tijdens intensieve missies of trainingen.<br \/>\nDe verstelbare bevestigingsbanden maken een stabiele pasvorm mogelijk, ongeacht de grootte of vorm van de hond. Daarnaast is de buitenzijde vervaardigd uit <strong data-start=\"1264\" data-end=\"1285\">slagvast polymeer<\/strong>, dat bescherming biedt tegen stoten, water en vuil.<\/p>\n<h4 data-start=\"1341\" data-end=\"1386\">Tactische integratie en compatibiliteit<\/h4>\n<p data-start=\"1387\" data-end=\"1725\">Le <strong data-start=\"1390\" data-end=\"1426\">Couvre-oreilles actifs K9 Dark Fighter<\/strong> zijn volledig <strong data-start=\"1441\" data-end=\"1487\">compatibel met de DarkFighter K9 Helm GEN5<\/strong>, waardoor ze eenvoudig kunnen worden ge\u00efntegreerd in bestaande tactische uitrusting.<br \/>\nGr\u00e2ce \u00e0 <strong data-start=\"1584\" data-end=\"1610\">quick-attach koppeling<\/strong> zijn de oordoppen snel te monteren of te verwijderen \u2014 ideaal voor situaties waarin flexibiliteit essentieel is.<\/p>\n<h4 data-start=\"1727\" data-end=\"1758\">Voor wie zijn ze bedoeld?<\/h4>\n<p data-start=\"1759\" data-end=\"2064\">Deze gehoorbescherming is ontworpen voor <strong data-start=\"1800\" data-end=\"1838\">politie-, militaire- en SAR-honden<\/strong>, maar ook geschikt voor civiele toepassingen zoals <strong data-start=\"1890\" data-end=\"1953\">hondensport, schietterreinen of evenementen met veel lawaai<\/strong>.<br \/>\nZe bieden niet alleen bescherming, maar verbeteren ook de focus en prestaties van de hond in elke omgeving.<\/p>\n<h4 data-start=\"2066\" data-end=\"2117\">Betrouwbaarheid en innovatie van DARK SYSTEMS<\/h4>\n<p data-start=\"2118\" data-end=\"2363\">Avec le <strong>Couvre-oreilles actifs K9 Dark Fighter<\/strong> bewijst DARK SYSTEMS opnieuw zijn toewijding aan hoogwaardige K9-bescherming. Elk detail \u2014 van de akoestische filters tot de verstelbare pasvorm \u2014 is ontwikkeld met input van professionals uit het veld.<\/p>\n<p data-start=\"2365\" data-end=\"2596\" data-is-last-node=\"\" data-is-only-node=\"\"><strong data-start=\"2365\" data-end=\"2523\">Bescherm het gehoor van je werkhond met de K9 DarkFighter Active Ear Covers \u2013 waar technologie en tactiek samenkomen voor ultieme veiligheid en prestatie.<\/strong><br data-start=\"2523\" data-end=\"2526\" \/><strong data-start=\"2526\" data-end=\"2596\" data-is-last-node=\"\">DARK SYSTEMS \u2013 Engineered for Action. Trusted by K9 Professionals.<\/strong><\/p>\n<p data-start=\"2365\" data-end=\"2596\" data-is-last-node=\"\" data-is-only-node=\"\">\n<p data-start=\"2365\" data-end=\"2596\" data-is-last-node=\"\" data-is-only-node=\"\"><a href=\"https:\/\/darksystems.com\/\" target=\"_blank\" rel=\"noopener\"><img loading=\"lazy\" decoding=\"async\" class=\"alignnone wp-image-151205 size-thumbnail\" title=\"DarkFighter Biting Muzzle GEN 3\" src=\"https:\/\/dogpride.nl\/wp-content\/uploads\/black-logo-3-150x150.jpg\" alt=\"DarkFighter Biting Muzzle GEN 3\" width=\"150\" height=\"150\" srcset=\"https:\/\/dogpride.nl\/wp-content\/uploads\/black-logo-3-150x150.jpg 150w, https:\/\/dogpride.nl\/wp-content\/uploads\/black-logo-3-300x300.jpg 300w, https:\/\/dogpride.nl\/wp-content\/uploads\/black-logo-3-1024x1024.jpg 1024w, https:\/\/dogpride.nl\/wp-content\/uploads\/black-logo-3-768x768.jpg 768w, https:\/\/dogpride.nl\/wp-content\/uploads\/black-logo-3-1536x1536.jpg 1536w, https:\/\/dogpride.nl\/wp-content\/uploads\/black-logo-3-2048x2048.jpg 2048w, https:\/\/dogpride.nl\/wp-content\/uploads\/black-logo-3-12x12.jpg 12w, https:\/\/dogpride.nl\/wp-content\/uploads\/black-logo-3-250x250.jpg 250w, https:\/\/dogpride.nl\/wp-content\/uploads\/black-logo-3-400x400.jpg 400w, https:\/\/dogpride.nl\/wp-content\/uploads\/black-logo-3-100x100.jpg 100w\" sizes=\"auto, (max-width: 150px) 100vw, 150px\" \/><\/a><\/p>\n<p data-start=\"2365\" data-end=\"2596\" data-is-last-node=\"\" data-is-only-node=\"\"><span style=\"color: #ffffff;\"><a style=\"color: #ffffff;\" href=\"https:\/\/darksystems.com\/\" target=\"_blank\" rel=\"noopener\">DarkSystems<\/a><\/span><\/p>","protected":false},"excerpt":{"rendered":"<p>Le <strong data-start=\"3\" data-end=\"39\">Couvre-oreilles actifs K9 Dark Fighter<\/strong> par <strong data-start=\"44\" data-end=\"60\">SYST\u00c8MES obscurs<\/strong> zijn ontwikkeld voor werkhonden die worden ingezet in de meest veeleisende omstandigheden.<\/p>","protected":false},"featured_media":151265,"template":"","meta":[],"product_brand":[],"product_cat":[4549],"product_tag":[21617,21613,3400,4575,4567,21588,7462,4571,4566,21612,21614,21618,4890,21616,21615],"class_list":{"0":"post-96367","1":"product","2":"type-product","3":"status-publish","4":"has-post-thumbnail","6":"product_cat-dark-systems-k9-helmen","7":"product_tag-actieve-ear-covers-hond","8":"product_tag-actieve-gehoorbescherming-hond","9":"product_tag-active","10":"product_tag-dark-systems","11":"product_tag-darkfighter","12":"product_tag-darkfighter-k9-uitrusting","13":"product_tag-dog-helmets","14":"product_tag-ear-covers","15":"product_tag-k9","16":"product_tag-k9-darkfighter-active-ear-covers","17":"product_tag-k9-ear-covers-actief","18":"product_tag-professionele-k9-bescherming","19":"product_tag-tactical","20":"product_tag-tactische-honden-oorbescherming","21":"product_tag-werkhond-gehoorbescherming","23":"first","24":"instock","25":"taxable","26":"shipping-taxable","27":"purchasable","28":"product-type-variable"},"mb":[],"mfb_rest_fields":["title"],"_links":{"self":[{"href":"https:\/\/dogpride.nl\/fr\/wp-json\/wp\/v2\/product\/96367","targetHints":{"allow":["GET"]}}],"collection":[{"href":"https:\/\/dogpride.nl\/fr\/wp-json\/wp\/v2\/product"}],"about":[{"href":"https:\/\/dogpride.nl\/fr\/wp-json\/wp\/v2\/types\/product"}],"wp:featuredmedia":[{"embeddable":true,"href":"https:\/\/dogpride.nl\/fr\/wp-json\/wp\/v2\/media\/151265"}],"wp:attachment":[{"href":"https:\/\/dogpride.nl\/fr\/wp-json\/wp\/v2\/media?parent=96367"}],"wp:term":[{"taxonomy":"product_brand","embeddable":true,"href":"https:\/\/dogpride.nl\/fr\/wp-json\/wp\/v2\/product_brand?post=96367"},{"taxonomy":"product_cat","embeddable":true,"href":"https:\/\/dogpride.nl\/fr\/wp-json\/wp\/v2\/product_cat?post=96367"},{"taxonomy":"product_tag","embeddable":true,"href":"https:\/\/dogpride.nl\/fr\/wp-json\/wp\/v2\/product_tag?post=96367"}],"curies":[{"name":"wp","href":"https:\/\/api.w.org\/{rel}","templated":true}]}}