{"id":95143,"date":"2022-09-22T12:10:52","date_gmt":"2022-09-22T10:10:52","guid":{"rendered":"https:\/\/www.dogpride.nl\/?post_type=product&#038;p=95143"},"modified":"2026-02-19T12:56:42","modified_gmt":"2026-02-19T11:56:42","slug":"arrak-warmy-vest-men-olive","status":"publish","type":"product","link":"https:\/\/dogpride.nl\/fr\/arrak-warmy-vest-men-olive\/","title":{"rendered":"Cardigan Arrak Warmy Homme Olive"},"content":{"rendered":"<h4>Cardigan Arrak Warmy Homme Olive<\/h4>\n<p>Cardigan Arrak Warmy Homme Olive<\/p>\n<div class=\"woocommerce-tabs wc-tabs-wrapper\">\n<div id=\"tab-description\" class=\"woocommerce-Tabs-panel woocommerce-Tabs-panel--description panel entry-content wc-tab\" role=\"tabpanel\" aria-labelledby=\"tab-title-description\">\n<div class=\"post-content\">\n<p>Un cardigan l\u00e9ger doux et confortable en mati\u00e8re douce. Garni de duvet synth\u00e9tique.<br \/>\nPoches avant zipp\u00e9es et 2 poches poitrine zipp\u00e9es dissimul\u00e9es. 2 poches int\u00e9rieures ouvertes. Poche tunnel \u00e0 l&#039;arri\u00e8re avec fermeture \u00e9clair.<br \/>\nFermeture \u00e9clair \u00e0 double sens sur le devant. Poids en taille L 529g<\/p>\n<p><strong>Caract\u00e9ristiques:<\/strong><\/p>\n<ul>\n<li>Tissu ext\u00e9rieur en nylon 100%<\/li>\n<li>Garni de duvet synth\u00e9tique<\/li>\n<li>Quatre poches avant zipp\u00e9es<\/li>\n<li>Deux poches int\u00e9rieures ouvertes<\/li>\n<li>Poche tunnel \u00e0 l&#039;arri\u00e8re avec fermeture \u00e9clair<\/li>\n<li>fermeture \u00e9clair \u00e0 double sens<\/li>\n<li>Poids en taille L 529 g<\/li>\n<\/ul>\n<p><strong>Tableau des tailles:<\/strong><\/p>\n<p><img loading=\"lazy\" decoding=\"async\" class=\"alignnone wp-image-95121 size-full lazyautosizes ls-is-cached lazyloaded\" src=\"https:\/\/www.dogpride.nl\/wp-content\/uploads\/Maattabel-Tops-Men-3.jpg\" sizes=\"auto, 632px\" srcset=\"https:\/\/www.dogpride.nl\/wp-content\/uploads\/Maattabel-Tops-Men-3-200x215.jpg 200w, https:\/\/www.dogpride.nl\/wp-content\/uploads\/Maattabel-Tops-Men-3-280x300.jpg 280w, https:\/\/www.dogpride.nl\/wp-content\/uploads\/Maattabel-Tops-Men-3-400x429.jpg 400w, https:\/\/www.dogpride.nl\/wp-content\/uploads\/Maattabel-Tops-Men-3-600x644.jpg 600w, https:\/\/www.dogpride.nl\/wp-content\/uploads\/Maattabel-Tops-Men-3.jpg 632w\" alt=\"Maattabel\" width=\"632\" height=\"678\" data-orig-src=\"https:\/\/www.dogpride.nl\/wp-content\/uploads\/Maattabel-Tops-Men-3.jpg\" data-srcset=\"https:\/\/www.dogpride.nl\/wp-content\/uploads\/Maattabel-Tops-Men-3-200x215.jpg 200w, https:\/\/www.dogpride.nl\/wp-content\/uploads\/Maattabel-Tops-Men-3-280x300.jpg 280w, https:\/\/www.dogpride.nl\/wp-content\/uploads\/Maattabel-Tops-Men-3-400x429.jpg 400w, https:\/\/www.dogpride.nl\/wp-content\/uploads\/Maattabel-Tops-Men-3-600x644.jpg 600w, https:\/\/www.dogpride.nl\/wp-content\/uploads\/Maattabel-Tops-Men-3.jpg 632w\" data-sizes=\"auto\" data-orig-sizes=\"(max-width: 632px) 100vw, 632px\" \/><\/p>\n<p><a href=\"https:\/\/arrakoutdoor.com\/\" target=\"_blank\" rel=\"noopener\"><img loading=\"lazy\" decoding=\"async\" class=\"alignnone wp-image-139301 size-medium\" src=\"https:\/\/dogpride.nl\/wp-content\/uploads\/Arrak-300x118.jpeg\" alt=\"Logo\" width=\"300\" height=\"118\" srcset=\"https:\/\/dogpride.nl\/wp-content\/uploads\/Arrak-300x118.jpeg 300w, https:\/\/dogpride.nl\/wp-content\/uploads\/Arrak-768x303.jpeg 768w, https:\/\/dogpride.nl\/wp-content\/uploads\/Arrak-18x7.jpeg 18w, https:\/\/dogpride.nl\/wp-content\/uploads\/Arrak-250x99.jpeg 250w, https:\/\/dogpride.nl\/wp-content\/uploads\/Arrak-400x158.jpeg 400w, https:\/\/dogpride.nl\/wp-content\/uploads\/Arrak.jpeg 916w\" sizes=\"auto, (max-width: 300px) 100vw, 300px\" \/><\/a><\/p>\n<p><a href=\"https:\/\/dogpride.nl\/fr\/kleding\/trainingsvesten\/arrak-outdoor-trainingsvesten\/?product-page=2\"><img loading=\"lazy\" decoding=\"async\" class=\"alignnone\" title=\"Cardigan Arrak Warmy Homme Olive\" src=\"https:\/\/dogpride.nl\/wp-content\/uploads\/22021_olive_front3_web-150x150.jpg\" alt=\"Arrak Warmy Vest Men Olive\" width=\"150\" height=\"150\" \/><\/a><\/p>\n<\/div>\n<\/div>\n<\/div>","protected":false},"excerpt":{"rendered":"<p>Un cardigan l\u00e9ger doux et confortable en mati\u00e8re douce. Garni de duvet synth\u00e9tique. Poches avant zipp\u00e9es et 2 poches poitrine zipp\u00e9es dissimul\u00e9es. 2 poches int\u00e9rieures ouvertes. Poche tunnel \u00e0 l&#039;arri\u00e8re avec fermeture \u00e9clair.<\/p>","protected":false},"featured_media":95144,"template":"","meta":[],"product_brand":[],"product_cat":[24459,3867],"product_tag":[3334,3208,4144,4143,4152,4140],"class_list":{"0":"post-95143","1":"product","2":"type-product","3":"status-publish","4":"has-post-thumbnail","6":"product_cat-arrak-outdoor-heren-trainingsvesten","7":"product_cat-arrak-outdoor-vesten","8":"product_tag-arrak-outdoor","9":"product_tag-heren","10":"product_tag-trainingsvest","11":"product_tag-tunnelzak-op-rug","12":"product_tag-vest","13":"product_tag-warmy","15":"first","16":"instock","17":"taxable","18":"shipping-taxable","19":"purchasable","20":"product-type-variable"},"mb":[],"mfb_rest_fields":["title"],"_links":{"self":[{"href":"https:\/\/dogpride.nl\/fr\/wp-json\/wp\/v2\/product\/95143","targetHints":{"allow":["GET"]}}],"collection":[{"href":"https:\/\/dogpride.nl\/fr\/wp-json\/wp\/v2\/product"}],"about":[{"href":"https:\/\/dogpride.nl\/fr\/wp-json\/wp\/v2\/types\/product"}],"wp:featuredmedia":[{"embeddable":true,"href":"https:\/\/dogpride.nl\/fr\/wp-json\/wp\/v2\/media\/95144"}],"wp:attachment":[{"href":"https:\/\/dogpride.nl\/fr\/wp-json\/wp\/v2\/media?parent=95143"}],"wp:term":[{"taxonomy":"product_brand","embeddable":true,"href":"https:\/\/dogpride.nl\/fr\/wp-json\/wp\/v2\/product_brand?post=95143"},{"taxonomy":"product_cat","embeddable":true,"href":"https:\/\/dogpride.nl\/fr\/wp-json\/wp\/v2\/product_cat?post=95143"},{"taxonomy":"product_tag","embeddable":true,"href":"https:\/\/dogpride.nl\/fr\/wp-json\/wp\/v2\/product_tag?post=95143"}],"curies":[{"name":"wp","href":"https:\/\/api.w.org\/{rel}","templated":true}]}}