{"id":95100,"date":"2022-09-22T11:47:05","date_gmt":"2022-09-22T09:47:05","guid":{"rendered":"https:\/\/www.dogpride.nl\/?post_type=product&#038;p=95100"},"modified":"2025-10-28T20:13:15","modified_gmt":"2025-10-28T19:13:15","slug":"arrak-warmy-vest-woman-olive","status":"publish","type":"product","link":"https:\/\/dogpride.nl\/fr\/arrak-warmy-vest-woman-olive\/","title":{"rendered":"Arrak Warmy Cardigan Femme Olive"},"content":{"rendered":"<h4>Arrak Warmy Cardigan Femme Olive<\/h4>\n<p>Arrak Warmy Cardigan Femme Olive<\/p>\n<div class=\"woocommerce-tabs wc-tabs-wrapper\">\n<div id=\"tab-description\" class=\"woocommerce-Tabs-panel woocommerce-Tabs-panel--description panel entry-content wc-tab\" role=\"tabpanel\" aria-labelledby=\"tab-title-description\">\n<div class=\"post-content\">\n<p>Un cardigan l\u00e9ger doux et confortable en mati\u00e8re douce. Garni de duvet synth\u00e9tique.<br \/>\nPoches avant zipp\u00e9es et 2 poches poitrine zipp\u00e9es dissimul\u00e9es. 2 poches int\u00e9rieures ouvertes. Poche tunnel \u00e0 l&#039;arri\u00e8re avec fermeture \u00e9clair.<br \/>\nFermeture \u00e9clair \u00e0 double sens sur le devant. L\u00e9g\u00e8rement cintr\u00e9e \u00e0 la taille. Poids en taille M 470g<\/p>\n<p><strong>Caract\u00e9ristiques:<\/strong><\/p>\n<ul>\n<li>Tissu ext\u00e9rieur en nylon 100%<\/li>\n<li>Garni de duvet synth\u00e9tique<\/li>\n<li>Quatre poches avant zipp\u00e9es<\/li>\n<li>Deux poches int\u00e9rieures ouvertes<\/li>\n<li>Poche tunnel \u00e0 l&#039;arri\u00e8re avec fermeture \u00e9clair<\/li>\n<li>fermeture \u00e9clair \u00e0 double sens<\/li>\n<li>L\u00e9g\u00e8rement cintr\u00e9e \u00e0 la taille<\/li>\n<li>Poids en taille M 470 g<\/li>\n<\/ul>\n<p><strong>Tableau des tailles:<\/strong><\/p>\n<p><img loading=\"lazy\" decoding=\"async\" class=\"alignnone size-full wp-image-94968 lazyautosizes ls-is-cached lazyloaded\" src=\"https:\/\/www.dogpride.nl\/wp-content\/uploads\/women_s_tops_-4.jpg\" sizes=\"auto, 816px\" srcset=\"https:\/\/www.dogpride.nl\/wp-content\/uploads\/women_s_tops_-4-200x277.jpg 200w, https:\/\/www.dogpride.nl\/wp-content\/uploads\/women_s_tops_-4-216x300.jpg 216w, https:\/\/www.dogpride.nl\/wp-content\/uploads\/women_s_tops_-4-400x555.jpg 400w, https:\/\/www.dogpride.nl\/wp-content\/uploads\/women_s_tops_-4-600x832.jpg 600w, https:\/\/www.dogpride.nl\/wp-content\/uploads\/women_s_tops_-4-738x1024.jpg 738w, https:\/\/www.dogpride.nl\/wp-content\/uploads\/women_s_tops_-4-768x1065.jpg 768w, https:\/\/www.dogpride.nl\/wp-content\/uploads\/women_s_tops_-4-800x1110.jpg 800w, https:\/\/www.dogpride.nl\/wp-content\/uploads\/women_s_tops_-4.jpg 865w\" alt=\"Maattabel\" width=\"865\" height=\"1200\" data-orig-src=\"https:\/\/www.dogpride.nl\/wp-content\/uploads\/women_s_tops_-4.jpg\" data-srcset=\"https:\/\/www.dogpride.nl\/wp-content\/uploads\/women_s_tops_-4-200x277.jpg 200w, https:\/\/www.dogpride.nl\/wp-content\/uploads\/women_s_tops_-4-216x300.jpg 216w, https:\/\/www.dogpride.nl\/wp-content\/uploads\/women_s_tops_-4-400x555.jpg 400w, https:\/\/www.dogpride.nl\/wp-content\/uploads\/women_s_tops_-4-600x832.jpg 600w, https:\/\/www.dogpride.nl\/wp-content\/uploads\/women_s_tops_-4-738x1024.jpg 738w, https:\/\/www.dogpride.nl\/wp-content\/uploads\/women_s_tops_-4-768x1065.jpg 768w, https:\/\/www.dogpride.nl\/wp-content\/uploads\/women_s_tops_-4-800x1110.jpg 800w, https:\/\/www.dogpride.nl\/wp-content\/uploads\/women_s_tops_-4.jpg 865w\" data-sizes=\"auto\" data-orig-sizes=\"(max-width: 865px) 100vw, 865px\" \/><\/p>\n<p><a href=\"https:\/\/arrakoutdoor.com\/\" target=\"_blank\" rel=\"noopener\"><img loading=\"lazy\" decoding=\"async\" class=\"alignnone wp-image-139301 size-medium\" src=\"https:\/\/dogpride.nl\/wp-content\/uploads\/Arrak-300x118.jpeg\" alt=\"Logo\" width=\"300\" height=\"118\" srcset=\"https:\/\/dogpride.nl\/wp-content\/uploads\/Arrak-300x118.jpeg 300w, https:\/\/dogpride.nl\/wp-content\/uploads\/Arrak-768x303.jpeg 768w, https:\/\/dogpride.nl\/wp-content\/uploads\/Arrak-18x7.jpeg 18w, https:\/\/dogpride.nl\/wp-content\/uploads\/Arrak-250x99.jpeg 250w, https:\/\/dogpride.nl\/wp-content\/uploads\/Arrak-400x158.jpeg 400w, https:\/\/dogpride.nl\/wp-content\/uploads\/Arrak.jpeg 916w\" sizes=\"auto, (max-width: 300px) 100vw, 300px\" \/><\/a><\/p>\n<p><a href=\"https:\/\/dogpride.nl\/fr\/kleding\/trainingsvesten\/arrak-outdoor-trainingsvesten\/?product-page=2\"><img loading=\"lazy\" decoding=\"async\" class=\"alignnone\" src=\"https:\/\/dogpride.nl\/wp-content\/uploads\/22022_olive_front2_web-150x150.jpg\" alt=\"Arrak Warmy Vest Woman Olive\" width=\"150\" height=\"150\" \/><\/a><\/p>\n<\/div>\n<\/div>\n<\/div>","protected":false},"excerpt":{"rendered":"<p>Un cardigan l\u00e9ger doux et confortable en mati\u00e8re douce. Garni de duvet synth\u00e9tique. Poches avant zipp\u00e9es et 2 poches poitrine zipp\u00e9es dissimul\u00e9es. 2 poches int\u00e9rieures ouvertes. Poche tunnel \u00e0 l&#039;arri\u00e8re avec fermeture \u00e9clair.<\/p>","protected":false},"featured_media":95101,"template":"","meta":[],"product_brand":[],"product_cat":[3870,3867],"product_tag":[3334,4144,4143,4152,4140],"class_list":{"0":"post-95100","1":"product","2":"type-product","3":"status-publish","4":"has-post-thumbnail","6":"product_cat-arrak-outdoor-dames-trainingsvesten","7":"product_cat-arrak-outdoor-vesten","8":"product_tag-arrak-outdoor","9":"product_tag-trainingsvest","10":"product_tag-tunnelzak-op-rug","11":"product_tag-vest","12":"product_tag-warmy","14":"first","15":"instock","16":"taxable","17":"shipping-taxable","18":"purchasable","19":"product-type-variable"},"mb":[],"mfb_rest_fields":["title"],"_links":{"self":[{"href":"https:\/\/dogpride.nl\/fr\/wp-json\/wp\/v2\/product\/95100","targetHints":{"allow":["GET"]}}],"collection":[{"href":"https:\/\/dogpride.nl\/fr\/wp-json\/wp\/v2\/product"}],"about":[{"href":"https:\/\/dogpride.nl\/fr\/wp-json\/wp\/v2\/types\/product"}],"wp:featuredmedia":[{"embeddable":true,"href":"https:\/\/dogpride.nl\/fr\/wp-json\/wp\/v2\/media\/95101"}],"wp:attachment":[{"href":"https:\/\/dogpride.nl\/fr\/wp-json\/wp\/v2\/media?parent=95100"}],"wp:term":[{"taxonomy":"product_brand","embeddable":true,"href":"https:\/\/dogpride.nl\/fr\/wp-json\/wp\/v2\/product_brand?post=95100"},{"taxonomy":"product_cat","embeddable":true,"href":"https:\/\/dogpride.nl\/fr\/wp-json\/wp\/v2\/product_cat?post=95100"},{"taxonomy":"product_tag","embeddable":true,"href":"https:\/\/dogpride.nl\/fr\/wp-json\/wp\/v2\/product_tag?post=95100"}],"curies":[{"name":"wp","href":"https:\/\/api.w.org\/{rel}","templated":true}]}}