{"id":95053,"date":"2022-09-21T15:05:35","date_gmt":"2022-09-21T13:05:35","guid":{"rendered":"https:\/\/www.dogpride.nl\/?post_type=product&#038;p=95053"},"modified":"2025-10-28T20:15:10","modified_gmt":"2025-10-28T19:15:10","slug":"arrak-warmy-vest-woman-gold","status":"publish","type":"product","link":"https:\/\/dogpride.nl\/fr\/arrak-warmy-vest-woman-gold\/","title":{"rendered":"Arrak Warmy Cardigan Femme Dor\u00e9"},"content":{"rendered":"<h4>Arrak Warmy Cardigan Femme Dor\u00e9<\/h4>\n<p>Arrak Warmy Cardigan Femme Dor\u00e9<\/p>\n<p>Un cardigan l\u00e9ger doux et confortable en mati\u00e8re douce. Garni de duvet synth\u00e9tique.<br \/>\nPoches avant zipp\u00e9es et 2 poches poitrine zipp\u00e9es dissimul\u00e9es. 2 poches int\u00e9rieures ouvertes. Poche tunnel \u00e0 l&#039;arri\u00e8re avec fermeture \u00e9clair.<br \/>\nFermeture \u00e9clair \u00e0 double sens sur le devant. L\u00e9g\u00e8rement cintr\u00e9e \u00e0 la taille. Poids en taille M 470g<\/p>\n<p><strong>Caract\u00e9ristiques:<\/strong><\/p>\n<ul>\n<li>Tissu ext\u00e9rieur en nylon 100%<\/li>\n<li>Garni de duvet synth\u00e9tique<\/li>\n<li>Quatre poches avant zipp\u00e9es<\/li>\n<li>Deux poches int\u00e9rieures ouvertes<\/li>\n<li>Poche tunnel \u00e0 l&#039;arri\u00e8re avec fermeture \u00e9clair<\/li>\n<li>fermeture \u00e9clair \u00e0 double sens<\/li>\n<li>L\u00e9g\u00e8rement cintr\u00e9e \u00e0 la taille<\/li>\n<li>Poids en taille M 470 g<\/li>\n<\/ul>\n<p><strong>Tableau des tailles:<\/strong><\/p>\n<p><img loading=\"lazy\" decoding=\"async\" class=\"alignnone size-full wp-image-94968\" src=\"https:\/\/www.dogpride.nl\/wp-content\/uploads\/women_s_tops_-4.jpg\" alt=\"Maattabel\" width=\"865\" height=\"1200\" srcset=\"https:\/\/dogpride.nl\/wp-content\/uploads\/women_s_tops_-4.jpg 865w, https:\/\/dogpride.nl\/wp-content\/uploads\/women_s_tops_-4-250x347.jpg 250w, https:\/\/dogpride.nl\/wp-content\/uploads\/women_s_tops_-4-400x555.jpg 400w, https:\/\/dogpride.nl\/wp-content\/uploads\/women_s_tops_-4-216x300.jpg 216w, https:\/\/dogpride.nl\/wp-content\/uploads\/women_s_tops_-4-738x1024.jpg 738w, https:\/\/dogpride.nl\/wp-content\/uploads\/women_s_tops_-4-768x1065.jpg 768w, https:\/\/dogpride.nl\/wp-content\/uploads\/women_s_tops_-4-200x277.jpg 200w, https:\/\/dogpride.nl\/wp-content\/uploads\/women_s_tops_-4-600x832.jpg 600w, https:\/\/dogpride.nl\/wp-content\/uploads\/women_s_tops_-4-800x1110.jpg 800w\" sizes=\"auto, (max-width: 865px) 100vw, 865px\" \/><\/p>\n<p><a href=\"https:\/\/dogpride.nl\/fr\/kleding\/trainingsvesten\/arrak-outdoor-trainingsvesten\/?product-page=2\"><img loading=\"lazy\" decoding=\"async\" class=\"alignnone\" src=\"https:\/\/dogpride.nl\/wp-content\/uploads\/22022_gold_front1-150x150.jpg\" alt=\"Arrak Warmy Vest Woman Gold\" width=\"150\" height=\"150\" \/><\/a><\/p>\n<p><a href=\"https:\/\/arrakoutdoor.com\/\" target=\"_blank\" rel=\"noopener\"><img loading=\"lazy\" decoding=\"async\" class=\"alignnone wp-image-139301 size-medium\" src=\"https:\/\/dogpride.nl\/wp-content\/uploads\/Arrak-300x118.jpeg\" alt=\"Logo\" width=\"300\" height=\"118\" srcset=\"https:\/\/dogpride.nl\/wp-content\/uploads\/Arrak-300x118.jpeg 300w, https:\/\/dogpride.nl\/wp-content\/uploads\/Arrak-768x303.jpeg 768w, https:\/\/dogpride.nl\/wp-content\/uploads\/Arrak-18x7.jpeg 18w, https:\/\/dogpride.nl\/wp-content\/uploads\/Arrak-250x99.jpeg 250w, https:\/\/dogpride.nl\/wp-content\/uploads\/Arrak-400x158.jpeg 400w, https:\/\/dogpride.nl\/wp-content\/uploads\/Arrak.jpeg 916w\" sizes=\"auto, (max-width: 300px) 100vw, 300px\" \/><\/a><\/p>","protected":false},"excerpt":{"rendered":"<p>Un cardigan l\u00e9ger doux et confortable en mati\u00e8re douce. Garni de duvet synth\u00e9tique. Poches avant zipp\u00e9es et 2 poches poitrine zipp\u00e9es dissimul\u00e9es. 2 poches int\u00e9rieures ouvertes. Poche tunnel \u00e0 l&#039;arri\u00e8re avec fermeture \u00e9clair.<\/p>","protected":false},"featured_media":95054,"template":"","meta":[],"product_brand":[],"product_cat":[3870,3867],"product_tag":[3334,4144,4146,4145],"class_list":{"0":"post-95053","1":"product","2":"type-product","3":"status-publish","4":"has-post-thumbnail","6":"product_cat-arrak-outdoor-dames-trainingsvesten","7":"product_cat-arrak-outdoor-vesten","8":"product_tag-arrak-outdoor","9":"product_tag-trainingsvest","10":"product_tag-wandelen","11":"product_tag-warm-vest","13":"first","14":"instock","15":"taxable","16":"shipping-taxable","17":"purchasable","18":"product-type-variable"},"mb":[],"mfb_rest_fields":["title"],"_links":{"self":[{"href":"https:\/\/dogpride.nl\/fr\/wp-json\/wp\/v2\/product\/95053","targetHints":{"allow":["GET"]}}],"collection":[{"href":"https:\/\/dogpride.nl\/fr\/wp-json\/wp\/v2\/product"}],"about":[{"href":"https:\/\/dogpride.nl\/fr\/wp-json\/wp\/v2\/types\/product"}],"wp:featuredmedia":[{"embeddable":true,"href":"https:\/\/dogpride.nl\/fr\/wp-json\/wp\/v2\/media\/95054"}],"wp:attachment":[{"href":"https:\/\/dogpride.nl\/fr\/wp-json\/wp\/v2\/media?parent=95053"}],"wp:term":[{"taxonomy":"product_brand","embeddable":true,"href":"https:\/\/dogpride.nl\/fr\/wp-json\/wp\/v2\/product_brand?post=95053"},{"taxonomy":"product_cat","embeddable":true,"href":"https:\/\/dogpride.nl\/fr\/wp-json\/wp\/v2\/product_cat?post=95053"},{"taxonomy":"product_tag","embeddable":true,"href":"https:\/\/dogpride.nl\/fr\/wp-json\/wp\/v2\/product_tag?post=95053"}],"curies":[{"name":"wp","href":"https:\/\/api.w.org\/{rel}","templated":true}]}}