{"id":94859,"date":"2022-09-15T11:37:09","date_gmt":"2022-09-15T09:37:09","guid":{"rendered":"https:\/\/www.dogpride.nl\/?post_type=product&#038;p=94859"},"modified":"2025-11-17T15:32:39","modified_gmt":"2025-11-17T14:32:39","slug":"doggo-laarzen-met-corduroy-manchet-amy","status":"publish","type":"product","link":"https:\/\/dogpride.nl\/fr\/doggo-laarzen-met-corduroy-manchet-amy\/","title":{"rendered":"Bottes DOGGO avec revers en velours c\u00f4tel\u00e9 AMY"},"content":{"rendered":"<h4>Bottes DOGGO avec revers en velours c\u00f4tel\u00e9 AMY<\/h4>\n<p>Bottes DOGGO avec revers en velours c\u00f4tel\u00e9 AMY<\/p>\n<p><b>NOUVEAU Amy \u2014-Bottes \u00e0 doublure chaude\u2014- Extr\u00eamement l\u00e9g\u00e8res<\/b><\/p>\n<p>Nous avons inclus dans le programme une superbe botte de pluie extr\u00eamement chaude et l\u00e9g\u00e8re.<br \/>\nDOGGO laarzen met corduroy manchet AMY is ideaal voor lange wandelingen waarbij je zeker warme voeten zult houden. Het koud isolerende schuim zorgt voor warme voeten, zelfs bij ijzige temperaturen.<br \/>\nLa semelle ext\u00e9rieure habituelle tr\u00e8s bien ajust\u00e9e, adh\u00e9rente et antid\u00e9rapante vous soutient lors de la marche en hiver.<br \/>\nLa doublure chaude amovible peut \u00eatre facilement retir\u00e9e apr\u00e8s chaque promenade et garantit ainsi un int\u00e9rieur sans bact\u00e9ries.<\/p>\n<p>Tailles : 36-42<\/p>\n<div class=\"content--title\"><strong>Information produit:<\/strong><\/div>\n<div class=\"product--description\">\n<div>\n<ul>\n<li>Couleur noir<\/li>\n<li>isolation \u00e0 froid par proc\u00e9d\u00e9 mousse,<\/li>\n<li><b>POIDS : 216 grammes la paire en taille 36<\/b><\/li>\n<li>Hauteur de la tige : 25 cm<\/li>\n<li>doublure chauffante amovible et lavable \/ synth\u00e9tique<\/li>\n<li>Fonction : \u00e9tanche<\/li>\n<li>semelle ext\u00e9rieure adh\u00e9rente<\/li>\n<li>Col en velours c\u00f4tel\u00e9 en coton 100%<\/li>\n<li>tr\u00e8s bon ajustement<\/li>\n<\/ul>\n<p><a href=\"https:\/\/dogpride.nl\/fr\/kleding\/schoenen-laarzen\/doggo-schoenen\/\"><img loading=\"lazy\" decoding=\"async\" class=\"alignnone\" title=\"Bottes DOGGO avec revers en velours c\u00f4tel\u00e9 AMY\" src=\"https:\/\/dogpride.nl\/wp-content\/uploads\/image_DO-2025001-36_3-150x150.jpg\" alt=\"DOGGO laarzen met corduroy manchet AMY\" width=\"150\" height=\"150\" \/><\/a><\/p>\n<p><a href=\"https:\/\/doggo.kaufen\/\" target=\"_blank\" rel=\"noopener\"><img loading=\"lazy\" decoding=\"async\" class=\"alignnone wp-image-94814 size-full\" src=\"https:\/\/dogpride.nl\/wp-content\/uploads\/LOGO-Doggo-3.jpg\" alt=\"Logo DOGGO\" width=\"278\" height=\"97\" srcset=\"https:\/\/dogpride.nl\/wp-content\/uploads\/LOGO-Doggo-3.jpg 278w, https:\/\/dogpride.nl\/wp-content\/uploads\/LOGO-Doggo-3-250x87.jpg 250w, https:\/\/dogpride.nl\/wp-content\/uploads\/LOGO-Doggo-3-200x70.jpg 200w\" sizes=\"auto, (max-width: 278px) 100vw, 278px\" \/><\/a><\/p>\n<\/div>\n<\/div>","protected":false},"excerpt":{"rendered":"<p>Nous avons inclus dans le programme une superbe botte de pluie extr\u00eamement chaude et l\u00e9g\u00e8re. Cette botte est id\u00e9ale pour les longues marches o\u00f9 vous garderez certainement les pieds au chaud. La mousse isolante froide assure des pieds au chaud, m\u00eame par temps glacial.<\/p>","protected":false},"featured_media":94860,"template":"","meta":[],"product_brand":[],"product_cat":[3938],"product_tag":[4116,4126],"class_list":{"0":"post-94859","1":"product","2":"type-product","3":"status-publish","4":"has-post-thumbnail","6":"product_cat-doggo-schoenen","7":"product_tag-doggo","8":"product_tag-winterlaars","10":"first","11":"instock","12":"taxable","13":"shipping-taxable","14":"purchasable","15":"product-type-variable"},"mb":[],"mfb_rest_fields":["title"],"_links":{"self":[{"href":"https:\/\/dogpride.nl\/fr\/wp-json\/wp\/v2\/product\/94859","targetHints":{"allow":["GET"]}}],"collection":[{"href":"https:\/\/dogpride.nl\/fr\/wp-json\/wp\/v2\/product"}],"about":[{"href":"https:\/\/dogpride.nl\/fr\/wp-json\/wp\/v2\/types\/product"}],"wp:featuredmedia":[{"embeddable":true,"href":"https:\/\/dogpride.nl\/fr\/wp-json\/wp\/v2\/media\/94860"}],"wp:attachment":[{"href":"https:\/\/dogpride.nl\/fr\/wp-json\/wp\/v2\/media?parent=94859"}],"wp:term":[{"taxonomy":"product_brand","embeddable":true,"href":"https:\/\/dogpride.nl\/fr\/wp-json\/wp\/v2\/product_brand?post=94859"},{"taxonomy":"product_cat","embeddable":true,"href":"https:\/\/dogpride.nl\/fr\/wp-json\/wp\/v2\/product_cat?post=94859"},{"taxonomy":"product_tag","embeddable":true,"href":"https:\/\/dogpride.nl\/fr\/wp-json\/wp\/v2\/product_tag?post=94859"}],"curies":[{"name":"wp","href":"https:\/\/api.w.org\/{rel}","templated":true}]}}