{"id":94849,"date":"2022-09-15T11:23:45","date_gmt":"2022-09-15T09:23:45","guid":{"rendered":"https:\/\/www.dogpride.nl\/?post_type=product&#038;p=94849"},"modified":"2025-11-17T15:38:08","modified_gmt":"2025-11-17T14:38:08","slug":"doggo-3-4-hoge-regenlaars-lotte-b","status":"publish","type":"product","link":"https:\/\/dogpride.nl\/fr\/doggo-3-4-hoge-regenlaars-lotte-b\/","title":{"rendered":"DOGGO Botte de pluie haute 3\/4 Lotte-B"},"content":{"rendered":"<h4>DOGGO Botte de pluie haute 3\/4 Lotte-B<\/h4>\n<p>DOGGO Botte de pluie haute 3\/4 Lotte-B<\/p>\n<p>Botte en PVC DOGGO \u00e0 la mode pour femmes,\u00a0<b>3\/4 de haut<\/b>, avec semelle ext\u00e9rieure de couleur assortie et boucle d\u00e9corative mont\u00e9e sur le c\u00f4t\u00e9.<br \/>\nDe pasvorm, die al jaren beproefd en getest is, staat garant voor een prettig loopgevoel. De gripvaste en antislip buitenzool ondersteunt je bij het lopen in de regen of over de natte weide.<br \/>\nHet geborstelde oppervlak (lederlook), maakt deze schoen tot een echte blikvanger.<\/p>\n<p>Leverbaar in de kleuren: Zwart, Grijs, Blauw, Bruin.<\/p>\n<div class=\"content--title\"><strong>Information produit:<\/strong><\/div>\n<div class=\"product--description\">\n<div>\n<ul>\n<li>Lotte bross\u00e9<\/li>\n<li>Au-dessus du PVC<\/li>\n<li>Hauteur : 25cm<\/li>\n<li>Doublure : Synth\u00e9tique<\/li>\n<li>Fonction : \u00e9tanche<\/li>\n<li>semelle ext\u00e9rieure adh\u00e9rente<\/li>\n<li>Renforcement des bords et du capuchon<\/li>\n<li>bord de tige cousu<\/li>\n<li>ajustement optimal<\/li>\n<li>Tailles : 36-43<\/li>\n<li>Emballage en carton<\/li>\n<\/ul>\n<p>&nbsp;<\/p>\n<\/div>\n<p><a href=\"https:\/\/doggo.kaufen\/\" target=\"_blank\" rel=\"noopener\"><img loading=\"lazy\" decoding=\"async\" class=\"alignnone wp-image-94814 size-full\" src=\"https:\/\/dogpride.nl\/wp-content\/uploads\/LOGO-Doggo-3.jpg\" alt=\"Logo DOGGO\" width=\"278\" height=\"97\" srcset=\"https:\/\/dogpride.nl\/wp-content\/uploads\/LOGO-Doggo-3.jpg 278w, https:\/\/dogpride.nl\/wp-content\/uploads\/LOGO-Doggo-3-250x87.jpg 250w, https:\/\/dogpride.nl\/wp-content\/uploads\/LOGO-Doggo-3-200x70.jpg 200w\" sizes=\"auto, (max-width: 278px) 100vw, 278px\" \/><\/a><\/p>\n<p><a href=\"https:\/\/dogpride.nl\/fr\/kleding\/schoenen-laarzen\/doggo-schoenen\/\"><img loading=\"lazy\" decoding=\"async\" class=\"alignnone\" title=\"DOGGO Botte de pluie haute 3\/4 Lotte-B \" src=\"https:\/\/dogpride.nl\/wp-content\/uploads\/image_DO-2017006-36_2-150x150.jpg\" alt=\"DOGGO 3\/4 hoge regenlaars Lotte-B \" width=\"150\" height=\"150\" \/><\/a><\/p>\n<\/div>","protected":false},"excerpt":{"rendered":"<p>La coupe, qui a fait ses preuves depuis des ann\u00e9es, garantit une sensation de marche agr\u00e9able. La semelle ext\u00e9rieure adh\u00e9rente et antid\u00e9rapante vous soutient lorsque vous marchez sous la pluie ou \u00e0 travers la prairie humide. La surface bross\u00e9e (aspect cuir) fait de cette chaussure un v\u00e9ritable accroche-regard.<\/p>","protected":false},"featured_media":94850,"template":"","meta":[],"product_brand":[],"product_cat":[3938],"product_tag":[4137,3003,5392,4116,5388,4136,2969],"class_list":{"0":"post-94849","1":"product","2":"type-product","3":"status-publish","4":"has-post-thumbnail","6":"product_cat-doggo-schoenen","7":"product_tag-3-4-hoge-regenlaars","8":"product_tag-blauw","9":"product_tag-bruin","10":"product_tag-doggo","11":"product_tag-grijs","12":"product_tag-lotte-b","13":"product_tag-zwart","15":"first","16":"instock","17":"taxable","18":"shipping-taxable","19":"purchasable","20":"product-type-variable"},"mb":[],"mfb_rest_fields":["title"],"_links":{"self":[{"href":"https:\/\/dogpride.nl\/fr\/wp-json\/wp\/v2\/product\/94849","targetHints":{"allow":["GET"]}}],"collection":[{"href":"https:\/\/dogpride.nl\/fr\/wp-json\/wp\/v2\/product"}],"about":[{"href":"https:\/\/dogpride.nl\/fr\/wp-json\/wp\/v2\/types\/product"}],"wp:featuredmedia":[{"embeddable":true,"href":"https:\/\/dogpride.nl\/fr\/wp-json\/wp\/v2\/media\/94850"}],"wp:attachment":[{"href":"https:\/\/dogpride.nl\/fr\/wp-json\/wp\/v2\/media?parent=94849"}],"wp:term":[{"taxonomy":"product_brand","embeddable":true,"href":"https:\/\/dogpride.nl\/fr\/wp-json\/wp\/v2\/product_brand?post=94849"},{"taxonomy":"product_cat","embeddable":true,"href":"https:\/\/dogpride.nl\/fr\/wp-json\/wp\/v2\/product_cat?post=94849"},{"taxonomy":"product_tag","embeddable":true,"href":"https:\/\/dogpride.nl\/fr\/wp-json\/wp\/v2\/product_tag?post=94849"}],"curies":[{"name":"wp","href":"https:\/\/api.w.org\/{rel}","templated":true}]}}