{"id":94828,"date":"2022-09-15T10:59:43","date_gmt":"2022-09-15T08:59:43","guid":{"rendered":"https:\/\/www.dogpride.nl\/?post_type=product&#038;p=94828"},"modified":"2025-11-17T15:40:15","modified_gmt":"2025-11-17T14:40:15","slug":"doggo-halfhoge-regenlaars-paula","status":"publish","type":"product","link":"https:\/\/dogpride.nl\/fr\/doggo-halfhoge-regenlaars-paula\/","title":{"rendered":"DOGGO botte de pluie mi-hauteur Paula"},"content":{"rendered":"<h4>DOGGO botte de pluie mi-hauteur Paula<\/h4>\n<p>DOGGO botte de pluie mi-hauteur Paula<\/p>\n<p>Demi-bottes DOGGO pour femmes, tr\u00e8s actuelles et \u00e0 la mode, avec une semelle tendance, \u00e9paisse et bicolore. Semelle ext\u00e9rieure et talon antid\u00e9rapants de couleur coordonn\u00e9e. La coupe, qui a fait ses preuves depuis des ann\u00e9es, garantit une sensation de marche agr\u00e9able. La semelle ext\u00e9rieure adh\u00e9rente et antid\u00e9rapante vous soutient lorsque vous marchez sous la pluie ou sur la prairie humide. Recommand\u00e9 pour les propri\u00e9taires de chiens \u00e0 la mode.<\/p>\n<p>Tailles : 37-42<\/p>\n<p>Couleurs : cappuccino, taupe<\/p>\n<div class=\"content--title\">Information produit:<\/div>\n<div class=\"product--description\">\n<div>\n<ul>\n<li><b>Bottes de pluie pour femmes \u00e0 la mode<\/b><\/li>\n<li>Mati\u00e8re sup\u00e9rieure plastique<\/li>\n<li><b>Hauteur : 20,5cm<\/b><\/li>\n<li><b>Largeur de tige taille 38 = 34 cm<\/b><\/li>\n<li><b>Hauteur de la tige = 16,5 cm<\/b><\/li>\n<li><b>Hauteur talon = 4 cm<\/b><\/li>\n<li>Doublure : Synth\u00e9tique<\/li>\n<li>Fonction : \u00e9tanche<\/li>\n<li>semelle ext\u00e9rieure adh\u00e9rente avec talon<\/li>\n<li>2 semelles color\u00e9es<\/li>\n<li>ajustement optimal<\/li>\n<li>Tailles : 37-42<\/li>\n<li>Bo\u00eete CHIEN<\/li>\n<li>Marquage DOGGO imprim\u00e9<\/li>\n<li>Fabriqu\u00e9 en Europe<\/li>\n<li>Production sans phtalate et respectueuse de l&#039;environnement<\/li>\n<\/ul>\n<p>&nbsp;<\/p>\n<\/div>\n<p><a href=\"https:\/\/doggo.kaufen\/\" target=\"_blank\" rel=\"noopener\"><img loading=\"lazy\" decoding=\"async\" class=\"alignnone wp-image-94814 size-full\" src=\"https:\/\/dogpride.nl\/wp-content\/uploads\/LOGO-Doggo-3.jpg\" alt=\"Logo DOGGO\" width=\"278\" height=\"97\" srcset=\"https:\/\/dogpride.nl\/wp-content\/uploads\/LOGO-Doggo-3.jpg 278w, https:\/\/dogpride.nl\/wp-content\/uploads\/LOGO-Doggo-3-250x87.jpg 250w, https:\/\/dogpride.nl\/wp-content\/uploads\/LOGO-Doggo-3-200x70.jpg 200w\" sizes=\"auto, (max-width: 278px) 100vw, 278px\" \/><\/a><\/p>\n<p><a href=\"https:\/\/dogpride.nl\/fr\/kleding\/schoenen-laarzen\/doggo-schoenen\/\"><img loading=\"lazy\" decoding=\"async\" class=\"alignnone\" title=\"DOGGO botte de pluie mi-hauteur Paula\" src=\"https:\/\/dogpride.nl\/wp-content\/uploads\/image_DO-2019008-37_1-150x150.jpg\" alt=\"DOGGO halfhoge regenlaars Paula\" width=\"150\" height=\"150\" \/><\/a><\/p>\n<\/div>","protected":false},"excerpt":{"rendered":"<p>Demi-bottes DOGGO pour femmes, tr\u00e8s actuelles et \u00e0 la mode, avec une semelle tendance, \u00e9paisse et bicolore. Semelle ext\u00e9rieure et talon antid\u00e9rapants de couleur coordonn\u00e9e. La coupe, qui a fait ses preuves depuis des ann\u00e9es, garantit une sensation de marche agr\u00e9able.<\/p>","protected":false},"featured_media":94829,"template":"","meta":[],"product_brand":[],"product_cat":[3938],"product_tag":[4116,4134,4135],"class_list":{"0":"post-94828","1":"product","2":"type-product","3":"status-publish","4":"has-post-thumbnail","6":"product_cat-doggo-schoenen","7":"product_tag-doggo","8":"product_tag-halfhoge-regenlaars","9":"product_tag-paula","11":"first","12":"instock","13":"taxable","14":"shipping-taxable","15":"purchasable","16":"product-type-variable"},"mb":[],"mfb_rest_fields":["title"],"_links":{"self":[{"href":"https:\/\/dogpride.nl\/fr\/wp-json\/wp\/v2\/product\/94828","targetHints":{"allow":["GET"]}}],"collection":[{"href":"https:\/\/dogpride.nl\/fr\/wp-json\/wp\/v2\/product"}],"about":[{"href":"https:\/\/dogpride.nl\/fr\/wp-json\/wp\/v2\/types\/product"}],"wp:featuredmedia":[{"embeddable":true,"href":"https:\/\/dogpride.nl\/fr\/wp-json\/wp\/v2\/media\/94829"}],"wp:attachment":[{"href":"https:\/\/dogpride.nl\/fr\/wp-json\/wp\/v2\/media?parent=94828"}],"wp:term":[{"taxonomy":"product_brand","embeddable":true,"href":"https:\/\/dogpride.nl\/fr\/wp-json\/wp\/v2\/product_brand?post=94828"},{"taxonomy":"product_cat","embeddable":true,"href":"https:\/\/dogpride.nl\/fr\/wp-json\/wp\/v2\/product_cat?post=94828"},{"taxonomy":"product_tag","embeddable":true,"href":"https:\/\/dogpride.nl\/fr\/wp-json\/wp\/v2\/product_tag?post=94828"}],"curies":[{"name":"wp","href":"https:\/\/api.w.org\/{rel}","templated":true}]}}