{"id":94806,"date":"2022-09-15T09:29:14","date_gmt":"2022-09-15T07:29:14","guid":{"rendered":"https:\/\/www.dogpride.nl\/?post_type=product&#038;p=94806"},"modified":"2025-11-17T15:43:54","modified_gmt":"2025-11-17T14:43:54","slug":"doggo-curro-zwart-grijs-oranje","status":"publish","type":"product","link":"https:\/\/dogpride.nl\/fr\/doggo-curro-zwart-grijs-oranje\/","title":{"rendered":"DOGGO Curro behendigheidsschoen"},"content":{"rendered":"<h4>DOGGO Curro behendigheidsschoen<\/h4>\n<p>DOGGO Curro behendigheidsschoen<\/p>\n<p>Agility Shoe Doggo Curro &#8211; Maximaliseer je behendigheidstraining!<\/p>\n<p>Wil je je behendigheidstraining optimaliseren en de band tussen jou en je trouwe metgezel versterken? Dan bent u bij ons aan het juiste adres!<br \/>\nBehendigheidssport is een geweldige manier om de behendigheid en behendigheid van uw hond te verbeteren en de communicatie tussen u en uw viervoetige partner te bevorderen.<br \/>\nOm bij te blijven, is het echter cruciaal om het juiste schoeisel te kiezen. Dat is precies waarom we de Doggo Curro behendigheidsschoen hebben ontwikkeld &#8211; een echte must-have die je optimaal ondersteunt tijdens je trainings- of behendigheidstoernooien.<\/p>\n<p>De behendigheidsschoen Doggo Curro van DOGGO is speciaal ontwikkeld voor de eisen van behendigheidssporten met honden. Hij zal ervoor zorgen dat u de bewegingen van uw hond kunt bijhouden en de uitdagingen van de cursus onder de knie kunt krijgen. De schoen is licht en flexibel, wat je de bewegingsvrijheid geeft die je nodig hebt voor snelle en wendbare manoeuvres. De antislipzool biedt u een veilige basis op verschillende oppervlakken en ondersteunt u met zijn tractie.<\/p>\n<p>De Doggo Curro is gemaakt van duurzaam en ademend materiaal om u maximaal comfort te bieden tijdens intensieve behendigheidssessies. Versterkte teen- en hielkappen beschermen je voeten tegen stoten en slijtage. Met de individueel verstelbare vetersluiting kunt u de schoen optimaal aanpassen aan uw behoeften en zorgen voor een veilige pasvorm.<\/p>\n<p>De Doggo Curro behendigheidsschoen is verkrijgbaar in verschillende maten en is speciaal ontworpen om te voldoen aan de behoeften van hondenbezitters in behendigheidssporten. Het geeft je de stabiliteit, flexibiliteit en tractie die je nodig hebt om te slagen met je hond.<\/p>\n<p>Blijf in de voorhoede van je behendigheidstraining met de Doggo Curro behendigheidsschoen. Ontdek onze nieuwste aanbiedingen en ontketen je volledige potentieel als een dynamisch duo in de opwindende wereld van de hondensport.<\/p>\n<h2 class=\"content--title\"><strong>Information produit:<\/strong><\/h2>\n<div class=\"product--description\">\n<ul>\n<li>Sports canins DOGGO<\/li>\n<li>Tige : maille, PU anti-rayures et imperm\u00e9able<\/li>\n<li>Protection contre les intemp\u00e9ries : membrane continue, imperm\u00e9abilit\u00e9 dynamique<\/li>\n<li>Fonction : imperm\u00e9able, respirant<\/li>\n<li>Mat\u00e9riau int\u00e9rieur : textile<\/li>\n<li>Semelle int\u00e9rieure : amovible,<\/li>\n<li><b>Semelle DOGGO exclusive<\/b>\u00a0Trail - Semelle ext\u00e9rieure : r\u00e9sistante \u00e0 l&#039;abrasion, profil de picots agressifs, plac\u00e9 vers l&#039;ext\u00e9rieur, meilleure adh\u00e9rence sur surface molle, humide ou meuble,<\/li>\n<li>Maintien lat\u00e9ral et protection gr\u00e2ce \u00e0 un mat\u00e9riau technique et un syst\u00e8me de la\u00e7age. Point de pivot int\u00e9gr\u00e9 dans la conception des crampons.<\/li>\n<li>DOGGO Perfect Fit : semelle interm\u00e9diaire plate, empreinte plus directe, amorti optimis\u00e9, meilleur contact avec le sol<\/li>\n<li>Ajustement : 1:1<\/li>\n<li>Extras : syst\u00e8me de la\u00e7age rapide<\/li>\n<li>Sac en dentelle<\/li>\n<li>Gamme de taille : 37-47<\/li>\n<\/ul>\n<p>Kleur: Zwart\/Grijs\/Oranje, Zwart en Blauw<\/p>\n<p>&nbsp;<\/p>\n<p><a href=\"https:\/\/doggo.kaufen\/\" target=\"_blank\" rel=\"noopener\"><img loading=\"lazy\" decoding=\"async\" class=\"alignnone wp-image-94814 size-full\" src=\"https:\/\/dogpride.nl\/wp-content\/uploads\/LOGO-Doggo-3.jpg\" alt=\"Logo DOGGO\" width=\"278\" height=\"97\" srcset=\"https:\/\/dogpride.nl\/wp-content\/uploads\/LOGO-Doggo-3.jpg 278w, https:\/\/dogpride.nl\/wp-content\/uploads\/LOGO-Doggo-3-250x87.jpg 250w, https:\/\/dogpride.nl\/wp-content\/uploads\/LOGO-Doggo-3-200x70.jpg 200w\" sizes=\"auto, (max-width: 278px) 100vw, 278px\" \/><\/a><\/p>\n<p><a href=\"https:\/\/dogpride.nl\/fr\/kleding\/schoenen-laarzen\/doggo-schoenen\/\"><img loading=\"lazy\" decoding=\"async\" class=\"alignnone\" title=\"DOGGO Curro behendigheidsschoen\" src=\"https:\/\/dogpride.nl\/wp-content\/uploads\/image_DO-2030001-37_1-150x150.jpg\" alt=\"DOGGO Curro behendigheidsschoen\" width=\"150\" height=\"150\" \/><\/a><\/p>\n<\/div>","protected":false},"excerpt":{"rendered":"<p>Bien que votre chien n&#039;ait pas besoin d&#039;\u00e9quipement sp\u00e9cial et que le parcours puisse \u00eatre install\u00e9 dans la cour ou dans la cour du chien, les propri\u00e9taires et les entra\u00eeneurs doivent porter une attention particuli\u00e8re aux chaussures appropri\u00e9es pour suivre leur chien.<\/p>","protected":false},"featured_media":114793,"template":"","meta":[],"product_brand":[],"product_cat":[3938],"product_tag":[3294,4118,4117,4116],"class_list":{"0":"post-94806","1":"product","2":"type-product","3":"status-publish","4":"has-post-thumbnail","6":"product_cat-doggo-schoenen","7":"product_tag-agility","8":"product_tag-behendigheidsschoen","9":"product_tag-curro","10":"product_tag-doggo","12":"first","13":"instock","14":"taxable","15":"shipping-taxable","16":"purchasable","17":"product-type-variable"},"mb":[],"mfb_rest_fields":["title"],"_links":{"self":[{"href":"https:\/\/dogpride.nl\/fr\/wp-json\/wp\/v2\/product\/94806","targetHints":{"allow":["GET"]}}],"collection":[{"href":"https:\/\/dogpride.nl\/fr\/wp-json\/wp\/v2\/product"}],"about":[{"href":"https:\/\/dogpride.nl\/fr\/wp-json\/wp\/v2\/types\/product"}],"wp:featuredmedia":[{"embeddable":true,"href":"https:\/\/dogpride.nl\/fr\/wp-json\/wp\/v2\/media\/114793"}],"wp:attachment":[{"href":"https:\/\/dogpride.nl\/fr\/wp-json\/wp\/v2\/media?parent=94806"}],"wp:term":[{"taxonomy":"product_brand","embeddable":true,"href":"https:\/\/dogpride.nl\/fr\/wp-json\/wp\/v2\/product_brand?post=94806"},{"taxonomy":"product_cat","embeddable":true,"href":"https:\/\/dogpride.nl\/fr\/wp-json\/wp\/v2\/product_cat?post=94806"},{"taxonomy":"product_tag","embeddable":true,"href":"https:\/\/dogpride.nl\/fr\/wp-json\/wp\/v2\/product_tag?post=94806"}],"curies":[{"name":"wp","href":"https:\/\/api.w.org\/{rel}","templated":true}]}}