{"id":94432,"date":"2022-09-12T11:23:37","date_gmt":"2022-09-12T09:23:37","guid":{"rendered":"https:\/\/www.dogpride.nl\/?post_type=product&#038;p=94432"},"modified":"2026-02-19T12:48:40","modified_gmt":"2026-02-19T11:48:40","slug":"arrak-rain-jacket-men-black","status":"publish","type":"product","link":"https:\/\/dogpride.nl\/fr\/arrak-rain-jacket-men-black\/","title":{"rendered":"Veste de Pluie Arrak Homme Noir"},"content":{"rendered":"<h4>Veste de Pluie Arrak Homme Noir<\/h4>\n<p>Veste de Pluie Arrak Homme Noir<\/p>\n<p>L&#039;imperm\u00e9able Arrak Outdoor a plus de fonctions que de vous garder au sec. La veste a une grande poche tunnel avec une fermeture \u00e9clair o\u00f9 vous pouvez ranger des jouets pour chiens et une laisse pour chien, par exemple.<\/p>\n<p>De Arrak Rain Jacket Men Black is gemaakt van gelamineerd polyester dat zacht en comfortabel is. Binnenvoering van mesh voor de beste ventilatie.<br \/>\nLa colonne d&#039;eau\/la respirabilit\u00e9 est de 10 000\/5 000.<br \/>\nVous disposez d&#039;une poche int\u00e9rieure zipp\u00e9e, de deux poches avant et d&#039;une grande poche arri\u00e8re, toutes zipp\u00e9es. Sur la poitrine, il y a 2 poches avec des fermetures \u00e9clair \u00e9tanches.<br \/>\nSous les aisselles se trouvent \u00e9galement des fermetures \u00e9clair de ventilation imperm\u00e9ables avec un tissu en maille \u00e0 l&#039;int\u00e9rieur. La capuche de la veste est r\u00e9glable pour un meilleur ajustement sous la pluie.<br \/>\nLa capuche est \u00e9galement amovible. Vous pouvez \u00e9galement ajuster la veste autour de la taille et des poignets. Logo r\u00e9fl\u00e9chissant Arrak sur la poitrine et sur la capuche. L\u00e9g\u00e8rement cintr\u00e9e \u00e0 la taille. Poids en taille M 694g<\/p>\n<h4 class=\"fusion-responsive-typography-calculated\" data-fontsize=\"28\" data-lineheight=\"33.6px\">Caract\u00e9ristiques:<\/h4>\n<ul>\n<li>Polyester 100%<\/li>\n<li>Doublure en filet<\/li>\n<li>10 000 dans la colonne d&#039;eau et 5 000 ml respirant<\/li>\n<li>Poche arri\u00e8re zipp\u00e9e<\/li>\n<li>Poche int\u00e9rieure zipp\u00e9e<\/li>\n<li>Poches poitrine avec fermetures \u00e9clair \u00e9tanches<\/li>\n<li>2 poches avant zipp\u00e9es<\/li>\n<li>Capuche ajustable<\/li>\n<li>Capuche d\u00e9tachable<\/li>\n<li>R\u00e9glable autour des poignets<\/li>\n<li>Logo Arrak r\u00e9fl\u00e9chissant sur la poitrine et la capuche<\/li>\n<li>Taille l\u00e9g\u00e8rement cintr\u00e9e<\/li>\n<li>Poids en taille M 694g<\/li>\n<\/ul>\n<p><strong>Tableau des tailles:<\/strong><\/p>\n<p><img loading=\"lazy\" decoding=\"async\" class=\"alignnone size-full wp-image-94439\" src=\"https:\/\/www.dogpride.nl\/wp-content\/uploads\/men_s_tops_-8.jpg\" alt=\"Maattabel\" width=\"833\" height=\"1200\" srcset=\"https:\/\/dogpride.nl\/wp-content\/uploads\/men_s_tops_-8.jpg 833w, https:\/\/dogpride.nl\/wp-content\/uploads\/men_s_tops_-8-250x360.jpg 250w, https:\/\/dogpride.nl\/wp-content\/uploads\/men_s_tops_-8-400x576.jpg 400w, https:\/\/dogpride.nl\/wp-content\/uploads\/men_s_tops_-8-208x300.jpg 208w, https:\/\/dogpride.nl\/wp-content\/uploads\/men_s_tops_-8-711x1024.jpg 711w, https:\/\/dogpride.nl\/wp-content\/uploads\/men_s_tops_-8-768x1106.jpg 768w, https:\/\/dogpride.nl\/wp-content\/uploads\/men_s_tops_-8-200x288.jpg 200w, https:\/\/dogpride.nl\/wp-content\/uploads\/men_s_tops_-8-600x864.jpg 600w, https:\/\/dogpride.nl\/wp-content\/uploads\/men_s_tops_-8-800x1152.jpg 800w\" sizes=\"auto, (max-width: 833px) 100vw, 833px\" \/><\/p>\n<p><a href=\"https:\/\/dogpride.nl\/fr\/kleding\/jassen\/arrak-outdoor\/?product-page=4\"><img loading=\"lazy\" decoding=\"async\" class=\"alignnone\" title=\"Veste de Pluie Arrak Homme Noir\" src=\"https:\/\/dogpride.nl\/wp-content\/uploads\/21045_black_front_2_1.jpg\" alt=\"Arrak Rain Jacket Men Black\" width=\"170\" height=\"170\" \/><\/a><\/p>\n<p><span style=\"color: #ffffff;\"><a href=\"https:\/\/arrakoutdoor.com\/\" target=\"_blank\" rel=\"noopener\"><img loading=\"lazy\" decoding=\"async\" class=\"alignnone wp-image-139301 size-medium\" src=\"https:\/\/dogpride.nl\/wp-content\/uploads\/Arrak-300x118.jpeg\" alt=\"Logo\" width=\"300\" height=\"118\" srcset=\"https:\/\/dogpride.nl\/wp-content\/uploads\/Arrak-300x118.jpeg 300w, https:\/\/dogpride.nl\/wp-content\/uploads\/Arrak-768x303.jpeg 768w, https:\/\/dogpride.nl\/wp-content\/uploads\/Arrak-18x7.jpeg 18w, https:\/\/dogpride.nl\/wp-content\/uploads\/Arrak-250x99.jpeg 250w, https:\/\/dogpride.nl\/wp-content\/uploads\/Arrak-400x158.jpeg 400w, https:\/\/dogpride.nl\/wp-content\/uploads\/Arrak.jpeg 916w\" sizes=\"auto, (max-width: 300px) 100vw, 300px\" \/><\/a><\/span><\/p>","protected":false},"excerpt":{"rendered":"<p>L&#039;imperm\u00e9able Arrak Outdoor a plus de fonctions que de vous garder au sec. La veste a une grande poche tunnel avec une fermeture \u00e9clair o\u00f9 vous pouvez ranger des jouets pour chiens et une laisse pour chien, par exemple.<\/p>","protected":false},"featured_media":94433,"template":"","meta":[],"product_brand":[],"product_cat":[24457],"product_tag":[4069],"class_list":{"0":"post-94432","1":"product","2":"type-product","3":"status-publish","4":"has-post-thumbnail","6":"product_cat-arrak-outdoor-heren-jassen","7":"product_tag-regenjas","9":"first","10":"instock","11":"taxable","12":"shipping-taxable","13":"purchasable","14":"product-type-variable"},"mb":[],"mfb_rest_fields":["title"],"_links":{"self":[{"href":"https:\/\/dogpride.nl\/fr\/wp-json\/wp\/v2\/product\/94432","targetHints":{"allow":["GET"]}}],"collection":[{"href":"https:\/\/dogpride.nl\/fr\/wp-json\/wp\/v2\/product"}],"about":[{"href":"https:\/\/dogpride.nl\/fr\/wp-json\/wp\/v2\/types\/product"}],"wp:featuredmedia":[{"embeddable":true,"href":"https:\/\/dogpride.nl\/fr\/wp-json\/wp\/v2\/media\/94433"}],"wp:attachment":[{"href":"https:\/\/dogpride.nl\/fr\/wp-json\/wp\/v2\/media?parent=94432"}],"wp:term":[{"taxonomy":"product_brand","embeddable":true,"href":"https:\/\/dogpride.nl\/fr\/wp-json\/wp\/v2\/product_brand?post=94432"},{"taxonomy":"product_cat","embeddable":true,"href":"https:\/\/dogpride.nl\/fr\/wp-json\/wp\/v2\/product_cat?post=94432"},{"taxonomy":"product_tag","embeddable":true,"href":"https:\/\/dogpride.nl\/fr\/wp-json\/wp\/v2\/product_tag?post=94432"}],"curies":[{"name":"wp","href":"https:\/\/api.w.org\/{rel}","templated":true}]}}