{"id":94109,"date":"2022-09-01T11:51:28","date_gmt":"2022-09-01T09:51:28","guid":{"rendered":"https:\/\/www.dogpride.nl\/?post_type=product&#038;p=94109"},"modified":"2025-11-16T12:53:56","modified_gmt":"2025-11-16T11:53:56","slug":"arrak-awesome-wool-tee-ls-sz-men","status":"publish","type":"product","link":"https:\/\/dogpride.nl\/fr\/arrak-awesome-wool-tee-ls-sz-men\/","title":{"rendered":"Arrak Awesome T-shirt en laine LS SZ Homme"},"content":{"rendered":"<h4>Arrak Awesome T-shirt en laine LS SZ Homme<\/h4>\n<p>Arrak Awesome T-shirt en laine LS SZ Homme<\/p>\n<p>Le t-shirt Awesome Wool Half Zip d&#039;Arrak est un t-shirt couche 1 parfait avec des manches longues et une coupe raglan.<br \/>\nLa qualit\u00e9 est tr\u00e8s douce et agr\u00e9able \u00e0 porter. Fabriqu\u00e9 en laine m\u00e9rinos 50%\/viscose de bambou 45%\/\u00e9lasthanne 5%. La laine est une super mati\u00e8re car elle est antibact\u00e9rienne, \u00e9vacue bien l&#039;humidit\u00e9, rafra\u00eechit quand on a chaud, tient chaud quand on a froid, garde le corps au sec et est tr\u00e8s agr\u00e9able \u00e0 porter dans ce m\u00e9lange laine\/bambou.<br \/>\nCol montant court et zip court.<\/p>\n<p><strong>Caract\u00e9ristiques:<\/strong><\/p>\n<ul>\n<li>50% Laine m\u00e9rinos\/45% Viscose de bambou\/5% Spandex<\/li>\n<li>Antibact\u00e9rien<\/li>\n<li>Transporte bien l&#039;humidit\u00e9<\/li>\n<li>Refroidit quand vous avez chaud<\/li>\n<li>Vous garde au chaud quand vous avez froid<\/li>\n<li>Garde le corps au sec<\/li>\n<li>Qualit\u00e9 douce et agr\u00e9able<\/li>\n<li>Col montant court<\/li>\n<li>Fermeture \u00e9clair courte<\/li>\n<\/ul>\n<p><strong>Tableau des tailles:<\/strong><\/p>\n<p><img loading=\"lazy\" decoding=\"async\" class=\"alignnone size-full wp-image-94013\" src=\"https:\/\/www.dogpride.nl\/wp-content\/uploads\/men_s_tops_-7.jpg\" alt=\"Maattabel\" width=\"833\" height=\"1200\" srcset=\"https:\/\/dogpride.nl\/wp-content\/uploads\/men_s_tops_-7.jpg 833w, https:\/\/dogpride.nl\/wp-content\/uploads\/men_s_tops_-7-250x360.jpg 250w, https:\/\/dogpride.nl\/wp-content\/uploads\/men_s_tops_-7-400x576.jpg 400w, https:\/\/dogpride.nl\/wp-content\/uploads\/men_s_tops_-7-208x300.jpg 208w, https:\/\/dogpride.nl\/wp-content\/uploads\/men_s_tops_-7-711x1024.jpg 711w, https:\/\/dogpride.nl\/wp-content\/uploads\/men_s_tops_-7-768x1106.jpg 768w, https:\/\/dogpride.nl\/wp-content\/uploads\/men_s_tops_-7-200x288.jpg 200w, https:\/\/dogpride.nl\/wp-content\/uploads\/men_s_tops_-7-600x864.jpg 600w, https:\/\/dogpride.nl\/wp-content\/uploads\/men_s_tops_-7-800x1152.jpg 800w\" sizes=\"auto, (max-width: 833px) 100vw, 833px\" \/><\/p>\n<p><a href=\"https:\/\/arrakoutdoor.com\/catalogsearch\/result\/?q=29018\" target=\"_blank\" rel=\"noopener\"><img loading=\"lazy\" decoding=\"async\" class=\"alignnone wp-image-142933 size-medium\" src=\"https:\/\/dogpride.nl\/wp-content\/uploads\/Arrak-3-300x118.jpeg\" alt=\"LOGO ARRAK\" width=\"300\" height=\"118\" srcset=\"https:\/\/dogpride.nl\/wp-content\/uploads\/Arrak-3-300x118.jpeg 300w, https:\/\/dogpride.nl\/wp-content\/uploads\/Arrak-3-768x303.jpeg 768w, https:\/\/dogpride.nl\/wp-content\/uploads\/Arrak-3-18x7.jpeg 18w, https:\/\/dogpride.nl\/wp-content\/uploads\/Arrak-3-250x99.jpeg 250w, https:\/\/dogpride.nl\/wp-content\/uploads\/Arrak-3-400x158.jpeg 400w, https:\/\/dogpride.nl\/wp-content\/uploads\/Arrak-3.jpeg 916w\" sizes=\"auto, (max-width: 300px) 100vw, 300px\" \/><\/a><\/p>\n<p><a href=\"https:\/\/dogpride.nl\/fr\/kleding\/accessoires\/arrak-accessoires\/\"><img loading=\"lazy\" decoding=\"async\" class=\"alignnone\" title=\"Arrak Awesome T-shirt en laine LS SZ Homme\" src=\"https:\/\/dogpride.nl\/wp-content\/uploads\/28012-1015-150x150.jpg\" alt=\"Arrak Awesome Wool tee LS SZ Men\" width=\"150\" height=\"150\" \/><\/a><\/p>","protected":false},"excerpt":{"rendered":"<p>Fabriqu\u00e9 en laine m\u00e9rinos 50%\/viscose de bambou 45%\/\u00e9lasthanne 5%. La laine est une super mati\u00e8re car elle est antibact\u00e9rienne, \u00e9vacue bien l&#039;humidit\u00e9, rafra\u00eechit quand on a chaud, tient chaud quand on a froid, garde le corps au sec et est tr\u00e8s agr\u00e9able \u00e0 porter dans ce m\u00e9lange laine\/bambou.<\/p>","protected":false},"featured_media":94110,"template":"","meta":[],"product_brand":[],"product_cat":[3939],"product_tag":[],"class_list":{"0":"post-94109","1":"product","2":"type-product","3":"status-publish","4":"has-post-thumbnail","6":"product_cat-arrak-accessoires","8":"first","9":"instock","10":"taxable","11":"shipping-taxable","12":"purchasable","13":"product-type-variable"},"mb":[],"mfb_rest_fields":["title"],"_links":{"self":[{"href":"https:\/\/dogpride.nl\/fr\/wp-json\/wp\/v2\/product\/94109","targetHints":{"allow":["GET"]}}],"collection":[{"href":"https:\/\/dogpride.nl\/fr\/wp-json\/wp\/v2\/product"}],"about":[{"href":"https:\/\/dogpride.nl\/fr\/wp-json\/wp\/v2\/types\/product"}],"wp:featuredmedia":[{"embeddable":true,"href":"https:\/\/dogpride.nl\/fr\/wp-json\/wp\/v2\/media\/94110"}],"wp:attachment":[{"href":"https:\/\/dogpride.nl\/fr\/wp-json\/wp\/v2\/media?parent=94109"}],"wp:term":[{"taxonomy":"product_brand","embeddable":true,"href":"https:\/\/dogpride.nl\/fr\/wp-json\/wp\/v2\/product_brand?post=94109"},{"taxonomy":"product_cat","embeddable":true,"href":"https:\/\/dogpride.nl\/fr\/wp-json\/wp\/v2\/product_cat?post=94109"},{"taxonomy":"product_tag","embeddable":true,"href":"https:\/\/dogpride.nl\/fr\/wp-json\/wp\/v2\/product_tag?post=94109"}],"curies":[{"name":"wp","href":"https:\/\/api.w.org\/{rel}","templated":true}]}}