{"id":94054,"date":"2022-09-01T10:30:43","date_gmt":"2022-09-01T08:30:43","guid":{"rendered":"https:\/\/www.dogpride.nl\/?post_type=product&#038;p=94054"},"modified":"2025-11-16T12:58:46","modified_gmt":"2025-11-16T11:58:46","slug":"arrak-awesome-wool-long-johns-women","status":"publish","type":"product","link":"https:\/\/dogpride.nl\/fr\/arrak-awesome-wool-long-johns-women\/","title":{"rendered":"Arrak Awesome Wool Cale\u00e7on Long Femme"},"content":{"rendered":"<h4>Arrak Awesome Wool Cale\u00e7on Long Femme<\/h4>\n<p>Arrak Awesome Wool Cale\u00e7on Long Femme<\/p>\n<p>Les cale\u00e7ons longs Awesome Wool d&#039;Arrak sont les cale\u00e7ons de couche 1 parfaits. La qualit\u00e9 est tr\u00e8s douce et agr\u00e9able \u00e0 porter.<br \/>\nFabriqu\u00e9 en laine m\u00e9rinos 50%\/viscose de bambou 45%\/\u00e9lasthanne 5%. La laine est une super mati\u00e8re car elle est antibact\u00e9rienne, \u00e9vacue bien l&#039;humidit\u00e9, rafra\u00eechit quand on a chaud, tient chaud quand on a froid, garde le corps au sec et est tr\u00e8s agr\u00e9able \u00e0 porter dans ce m\u00e9lange laine\/bambou.<br \/>\nLarge \u00e9lastique confortable \u00e0 la taille pour un meilleur ajustement avec le logo Arrak<\/p>\n<p><strong>Caract\u00e9ristiques:<\/strong><\/p>\n<ul>\n<li>50% Laine m\u00e9rinos\/45% Viscose de bambou\/5% Spandex<\/li>\n<li>Antibact\u00e9rien<\/li>\n<li>Transporte bien l&#039;humidit\u00e9<\/li>\n<li>Refroidit quand vous avez chaud<\/li>\n<li>Vous garde au chaud quand vous avez froid<\/li>\n<li>Garde le corps au sec<\/li>\n<li>Qualit\u00e9 douce et agr\u00e9able<\/li>\n<li>Large \u00e9lastique \u00e0 la taille pour un meilleur ajustement<\/li>\n<\/ul>\n<p><strong>Tableau des tailles:<\/strong><\/p>\n<p><img loading=\"lazy\" decoding=\"async\" class=\"alignnone size-full wp-image-94060\" src=\"https:\/\/www.dogpride.nl\/wp-content\/uploads\/women_s_pants-1.jpg\" alt=\"Maattabel\" width=\"879\" height=\"1200\" srcset=\"https:\/\/dogpride.nl\/wp-content\/uploads\/women_s_pants-1.jpg 879w, https:\/\/dogpride.nl\/wp-content\/uploads\/women_s_pants-1-250x341.jpg 250w, https:\/\/dogpride.nl\/wp-content\/uploads\/women_s_pants-1-400x546.jpg 400w, https:\/\/dogpride.nl\/wp-content\/uploads\/women_s_pants-1-220x300.jpg 220w, https:\/\/dogpride.nl\/wp-content\/uploads\/women_s_pants-1-750x1024.jpg 750w, https:\/\/dogpride.nl\/wp-content\/uploads\/women_s_pants-1-768x1048.jpg 768w, https:\/\/dogpride.nl\/wp-content\/uploads\/women_s_pants-1-200x273.jpg 200w, https:\/\/dogpride.nl\/wp-content\/uploads\/women_s_pants-1-600x819.jpg 600w, https:\/\/dogpride.nl\/wp-content\/uploads\/women_s_pants-1-800x1092.jpg 800w\" sizes=\"auto, (max-width: 879px) 100vw, 879px\" \/><\/p>\n<p><a href=\"https:\/\/arrakoutdoor.com\/awesome-wool-t-shirt-women\" target=\"_blank\" rel=\"noopener\"><img loading=\"lazy\" decoding=\"async\" class=\"alignnone wp-image-142933 size-medium\" src=\"https:\/\/dogpride.nl\/wp-content\/uploads\/Arrak-3-300x118.jpeg\" alt=\"LOGO ARRAK\" width=\"300\" height=\"118\" srcset=\"https:\/\/dogpride.nl\/wp-content\/uploads\/Arrak-3-300x118.jpeg 300w, https:\/\/dogpride.nl\/wp-content\/uploads\/Arrak-3-768x303.jpeg 768w, https:\/\/dogpride.nl\/wp-content\/uploads\/Arrak-3-18x7.jpeg 18w, https:\/\/dogpride.nl\/wp-content\/uploads\/Arrak-3-250x99.jpeg 250w, https:\/\/dogpride.nl\/wp-content\/uploads\/Arrak-3-400x158.jpeg 400w, https:\/\/dogpride.nl\/wp-content\/uploads\/Arrak-3.jpeg 916w\" sizes=\"auto, (max-width: 300px) 100vw, 300px\" \/><\/a><\/p>\n<p><a href=\"https:\/\/dogpride.nl\/fr\/kleding\/accessoires\/arrak-accessoires\/\"><img loading=\"lazy\" decoding=\"async\" class=\"alignnone\" title=\"Arrak Awesome Wool Cale\u00e7on Long Femme\" src=\"https:\/\/dogpride.nl\/wp-content\/uploads\/28015_back_-150x150.jpg\" alt=\"Arrak Awesome Wool Long John\u2019s Women\" width=\"150\" height=\"150\" \/><\/a><\/p>","protected":false},"excerpt":{"rendered":"<p>La laine est une super mati\u00e8re car elle est antibact\u00e9rienne, \u00e9vacue bien l&#039;humidit\u00e9, rafra\u00eechit quand on a chaud, tient chaud quand on a froid, garde le corps au sec et est tr\u00e8s agr\u00e9able \u00e0 porter dans ce m\u00e9lange laine\/bambou.<\/p>","protected":false},"featured_media":94056,"template":"","meta":[],"product_brand":[],"product_cat":[3939],"product_tag":[],"class_list":{"0":"post-94054","1":"product","2":"type-product","3":"status-publish","4":"has-post-thumbnail","6":"product_cat-arrak-accessoires","8":"first","9":"instock","10":"taxable","11":"shipping-taxable","12":"purchasable","13":"product-type-variable"},"mb":[],"mfb_rest_fields":["title"],"_links":{"self":[{"href":"https:\/\/dogpride.nl\/fr\/wp-json\/wp\/v2\/product\/94054","targetHints":{"allow":["GET"]}}],"collection":[{"href":"https:\/\/dogpride.nl\/fr\/wp-json\/wp\/v2\/product"}],"about":[{"href":"https:\/\/dogpride.nl\/fr\/wp-json\/wp\/v2\/types\/product"}],"wp:featuredmedia":[{"embeddable":true,"href":"https:\/\/dogpride.nl\/fr\/wp-json\/wp\/v2\/media\/94056"}],"wp:attachment":[{"href":"https:\/\/dogpride.nl\/fr\/wp-json\/wp\/v2\/media?parent=94054"}],"wp:term":[{"taxonomy":"product_brand","embeddable":true,"href":"https:\/\/dogpride.nl\/fr\/wp-json\/wp\/v2\/product_brand?post=94054"},{"taxonomy":"product_cat","embeddable":true,"href":"https:\/\/dogpride.nl\/fr\/wp-json\/wp\/v2\/product_cat?post=94054"},{"taxonomy":"product_tag","embeddable":true,"href":"https:\/\/dogpride.nl\/fr\/wp-json\/wp\/v2\/product_tag?post=94054"}],"curies":[{"name":"wp","href":"https:\/\/api.w.org\/{rel}","templated":true}]}}