{"id":93395,"date":"2022-07-14T11:01:03","date_gmt":"2022-07-14T09:01:03","guid":{"rendered":"https:\/\/www.dogpride.nl\/?post_type=product&#038;p=93395"},"modified":"2025-11-25T12:03:34","modified_gmt":"2025-11-25T11:03:34","slug":"scentlogix-fentanyl-detector-dog-aid","status":"publish","type":"product","link":"https:\/\/dogpride.nl\/fr\/scentlogix-fentanyl-detector-dog-aid\/","title":{"rendered":"SCENTLOGIX Fentanyl Detector Dog Aid"},"content":{"rendered":"<h4>SCENTLOGIX Fentanyl Detector Dog Aid<\/h4>\n<p>SCENTLOGIX Fentanyl Detector Dog Aid<\/p>\n<p>Les outils de parfum Scentlogix Fentanyl Training fournissent un approvisionnement de 18 mois de parfum synth\u00e9tique Fentanyl pour le dressage de chiens toxicomanes. Les outils fonctionnent \u00e9galement pour les d\u00e9riv\u00e9s du Fentanyl.<\/p>\n<p>Elke geur is een katoenen &#8216;pouch-achtige&#8217; zak, die een silicaverbinding bevat met een geur erin ge\u00efmpregneerd. Ze zijn eenvoudig te gebruiken &#8211; verwijder het zakje uit de buitenste foliezak en plaats het in een stashkooi of narcoticazak, net zoals u een echt trainingshulpmiddel zou gebruiken. Nadat de training is afgelopen, wordt het zakje vervangen in de foliezak en opgeborgen in een <strong>koelkast of vriezer.<\/strong><\/p>\n<p>Les aides \u00e0 la formation Scentlogix ne sont ni dangereuses ni narcotiques, elles peuvent donc \u00eatre manipul\u00e9es et exp\u00e9di\u00e9es en toute s\u00e9curit\u00e9 dans le monde entier. Toutes les commandes sont accompagn\u00e9es d&#039;une fiche d&#039;information sur les dangers (MSDS).<\/p>\n<p>Les kits Fentanyl ne sont pas disponibles actuellement, mais vous pouvez acheter un pack d&#039;accessoires s\u00e9par\u00e9 dans la section des coffrets cadeaux de notre boutique.<\/p>\n<p>Fentanyl Scent Aids contient 1 x aide \u00e0 la formation Fentanyl<\/p>\n<p>Le fentanyl est un opio\u00efde synth\u00e9tique utilis\u00e9 dans la gestion de la douleur, mais \u00e9galement utilis\u00e9 \u00e0 des fins r\u00e9cr\u00e9atives.<\/p>\n<p><strong>Disponible en tant que\u00a0:<\/strong><\/p>\n<ul>\n<li>Recharge<\/li>\n<li>Trousse de parfum<\/li>\n<\/ul>\n<p><a href=\"https:\/\/dogpride.nl\/fr\/k9\/detectie\/detectie-geurstoffen\/scentlogix-geurstoffen\/\"><img loading=\"lazy\" decoding=\"async\" class=\"alignnone\" title=\"SCENTLOGIX Fentanyl Detector Dog Aid\" src=\"https:\/\/dogpride.nl\/wp-content\/uploads\/Fentany_sencillo.png\" alt=\"SCENTLOGIX Fentanyl Detector Dog Aid\" width=\"126\" height=\"126\" \/><\/a><\/p>\n<h4 data-start=\"308\" data-end=\"419\"><strong data-start=\"310\" data-end=\"419\">SCENTLOGIX Fentanyl Detector Dog Aid \u2013 Geavanceerd Geurmiddel voor Professionele Narkotica-Detectiehonden<\/strong><\/h4>\n<p data-start=\"421\" data-end=\"826\">Le <strong data-start=\"424\" data-end=\"464\">SCENTLOGIX Fentanyl Detector Dog Aid<\/strong> is een van de meest geavanceerde geurmiddelen binnen de K9-wereld en is speciaal ontwikkeld voor het trainen van honden in het detecteren van <strong data-start=\"607\" data-end=\"652\">fentanyl en fentanyl-gerelateerde stoffen<\/strong>. Door zijn wetenschappelijk ontwikkelde geurprofiel, hoge zuiverheid en extreme geurconsistentie behoort dit product tot de absolute top binnen narcotica-detectietraining.<\/p>\n<p data-start=\"828\" data-end=\"1187\">Het middel wordt wereldwijd gebruikt door <strong data-start=\"870\" data-end=\"965\">politie-eenheden, douane, defensie, beveiligingsbedrijven en gespecialiseerde detectieteams<\/strong> die zich bezighouden met de opsporing van opio\u00efden. Fentanyl is een extreem krachtige substantie, waardoor een realistische maar <strong data-start=\"1095\" data-end=\"1117\">biologisch veilige<\/strong> trainingsoplossing van levensbelang is. SCENTLOGIX biedt precies dat.<\/p>\n<hr data-start=\"1189\" data-end=\"1192\" \/>\n<h4 data-start=\"1194\" data-end=\"1245\"><strong data-start=\"1197\" data-end=\"1245\">Wetenschappelijk Geoptimaliseerd Geurprofiel<\/strong><\/h4>\n<p data-start=\"1247\" data-end=\"1517\">SCENTLOGIX staat bekend om hun geavanceerde geurchemische technologie. De Fentanyl Detector Dog Aid bevat een <strong data-start=\"1357\" data-end=\"1417\">synthetisch maar uiterst nauwkeurig nagebootst geurspoor<\/strong>, dat overeenkomt met echte fentanyl-varianten zonder de risico\u2019s van het werken met echte opio\u00efden.<\/p>\n<h4 data-start=\"1519\" data-end=\"1568\"><strong data-start=\"1523\" data-end=\"1568\">Unieke eigenschappen van het geurprofiel:<\/strong><\/h4>\n<ul>\n<li data-start=\"1571\" data-end=\"1632\">Volledig <strong data-start=\"1580\" data-end=\"1595\">non-toxisch<\/strong> et <strong data-start=\"1599\" data-end=\"1609\">veilig<\/strong> voor hond en trainer<\/li>\n<li data-start=\"1635\" data-end=\"1697\">Getest en geformuleerd door professionele geurwetenschappers<\/li>\n<li data-start=\"1700\" data-end=\"1783\">Realistisch geurcomplex op basis van fentanyl-gerelateerde moleculaire structuren<\/li>\n<li data-start=\"1786\" data-end=\"1830\">Hoogste geurconsistentie in zijn categorie<\/li>\n<li data-start=\"1833\" data-end=\"1891\">Ideaal voor zowel basis- als gevorderde detectietraining<\/li>\n<\/ul>\n<p data-start=\"1893\" data-end=\"2018\">Dankzij deze nauwkeurigheid leren honden fentanyl herkennen op een manier die direct toepasbaar is in operationele situaties.<\/p>\n<hr data-start=\"2020\" data-end=\"2023\" \/>\n<h4 data-start=\"2025\" data-end=\"2067\"><strong data-start=\"2028\" data-end=\"2067\">Perfect voor Professionele K9-Teams<\/strong><\/h4>\n<p data-start=\"2069\" data-end=\"2300\">Fentanyl-detectiehonden spelen een belangrijke rol in moderne opsporing, vooral gezien de wereldwijde toename van synthetische opio\u00efden. De SCENTLOGIX Fentanyl Detector Dog Aid is geschikt voor verschillende soorten trainingsinzet:<\/p>\n<ul>\n<li data-start=\"2304\" data-end=\"2327\"><strong data-start=\"2304\" data-end=\"2325\">Politie en douane<\/strong><\/li>\n<li data-start=\"2330\" data-end=\"2364\"><strong data-start=\"2330\" data-end=\"2362\">Grensbewaking en luchthavens<\/strong><\/li>\n<li data-start=\"2367\" data-end=\"2405\"><strong data-start=\"2367\" data-end=\"2403\">Defensie en militaire veiligheid<\/strong><\/li>\n<li data-start=\"2408\" data-end=\"2437\"><strong data-start=\"2408\" data-end=\"2435\">Mobiele opsporingsteams<\/strong><\/li>\n<li data-start=\"2440\" data-end=\"2487\"><strong data-start=\"2440\" data-end=\"2485\">Tactische eenheden en interventiediensten<\/strong><\/li>\n<li data-start=\"2490\" data-end=\"2530\"><strong data-start=\"2490\" data-end=\"2528\">Onderzoek en forensische inspectie<\/strong><\/li>\n<\/ul>\n<p data-start=\"2532\" data-end=\"2672\">Door de hoge stabiliteit en geursterkte kunnen honden worden getraind op zowel subtiele geurstalen als verstopte of afgeschermde scenario\u2019s.<\/p>\n<hr data-start=\"2674\" data-end=\"2677\" \/>\n<h4 data-start=\"2679\" data-end=\"2723\"><strong data-start=\"2682\" data-end=\"2723\">Veilig, hygi\u00ebnisch en zonder risico&#8217;s<\/strong><\/h4>\n<p data-start=\"2725\" data-end=\"3030\">Het werken met echte fentanyl is gevaarlijk. SCENTLOGIX biedt een <strong data-start=\"2791\" data-end=\"2844\">100% veilig en niet-biologisch actief alternatief<\/strong>, zodat trainers kunnen werken zonder het risico van overdosis, verspreiding of besmetting. Dat maakt dit product geschikt voor opleidingscentra, testfaciliteiten en K9-trainingsscholen.<\/p>\n<h4 data-start=\"3032\" data-end=\"3071\"><strong data-start=\"3036\" data-end=\"3071\">Voordelen van veilige training:<\/strong><\/h4>\n<ul>\n<li data-start=\"3074\" data-end=\"3113\">Geen blootstelling aan echte opio\u00efden<\/li>\n<li data-start=\"3116\" data-end=\"3159\">Geen beschermende hazmat-uitrusting nodig<\/li>\n<li data-start=\"3162\" data-end=\"3196\">Geen gevaar voor kruisbesmetting<\/li>\n<li data-start=\"3199\" data-end=\"3246\">Geen risico voor honden, trainers of omgeving<\/li>\n<li data-start=\"3249\" data-end=\"3284\">Schoon, eenvoudig en herbruikbaar<\/li>\n<\/ul>\n<p data-start=\"3286\" data-end=\"3384\">Hiermee kan training plaatsvinden in binnenruimtes, voertuigen, lockers, bagage, gebouwen en meer.<\/p>\n<p data-start=\"3286\" data-end=\"3384\"><img loading=\"lazy\" decoding=\"async\" class=\"alignnone\" title=\"SCENTLOGIX Fentanyl Detector Dog Aid\" src=\"https:\/\/dogpride.nl\/wp-content\/uploads\/fentanyl_doble-1-150x150.png\" alt=\"SCENTLOGIX Fentanyl Detector Dog Aid\" width=\"150\" height=\"150\" \/><\/p>\n<p data-start=\"3286\" data-end=\"3384\">\n<hr data-start=\"3386\" data-end=\"3389\" \/>\n<h4 data-start=\"3391\" data-end=\"3437\"><strong data-start=\"3394\" data-end=\"3437\">Lange Levensduur &amp; Stabiele Geurafgifte<\/strong><\/h4>\n<p data-start=\"3439\" data-end=\"3683\">SCENTLOGIX-producten staan bekend om hun <strong data-start=\"3480\" data-end=\"3508\">uitstekende duurzaamheid<\/strong>, en dat geldt ook voor de Fentanyl Detector Dog Aid. De formulering is ontworpen voor een langdurige, constante geurafgifte, zodat training betrouwbaar en herhaalbaar blijft.<\/p>\n<h4 data-start=\"3685\" data-end=\"3715\"><strong data-start=\"3689\" data-end=\"3715\">Belangrijke voordelen:<\/strong><\/h4>\n<ul>\n<li data-start=\"3718\" data-end=\"3745\">Extreem hoge geurretentie<\/li>\n<li data-start=\"3748\" data-end=\"3793\">Bestand tegen warme of koude omstandigheden<\/li>\n<li data-start=\"3796\" data-end=\"3843\">Geschikt voor indoor &amp; outdoor zoekopdrachten<\/li>\n<li data-start=\"3846\" data-end=\"3888\">Consistente prestaties, sessie na sessie<\/li>\n<li data-start=\"3891\" data-end=\"3942\">Economisch in gebruik dankzij lange bruikbaarheid<\/li>\n<li data-start=\"3944\" data-end=\"4020\">Deze voorspelbaarheid zorgt ervoor dat honden sneller en consistenter leren.<\/li>\n<\/ul>\n<hr data-start=\"4022\" data-end=\"4025\" \/>\n<h4 data-start=\"4027\" data-end=\"4093\"><strong data-start=\"4030\" data-end=\"4093\">Eenvoudig in gebruik &amp; compatibel met elke trainingsmethode<\/strong><\/h4>\n<p data-start=\"4095\" data-end=\"4197\">De SCENTLOGIX Fentanyl Detector Dog Aid kan worden ingezet in klassieke K9-trainingsvormen, waaronder:<\/p>\n<ul>\n<li data-start=\"4201\" data-end=\"4220\">Verstopcontainers<\/li>\n<li data-start=\"4223\" data-end=\"4240\">Detectiekoffers<\/li>\n<li data-start=\"4243\" data-end=\"4267\">Gebouwen en voertuigen<\/li>\n<li data-start=\"4270\" data-end=\"4297\">Bagage- en pakkettraining<\/li>\n<li data-start=\"4300\" data-end=\"4329\">Geurboxen en detectiewanden<\/li>\n<\/ul>\n<p data-start=\"4331\" data-end=\"4443\">Het systeem is geschikt voor clickertraining, shaping, imprinting, scenario-training en complexe zoekopdrachten.<\/p>\n<hr data-start=\"4445\" data-end=\"4448\" \/>\n<h4 data-start=\"4450\" data-end=\"4513\"><strong data-start=\"4453\" data-end=\"4513\">Waarom kiezen voor SCENTLOGIX Fentanyl Detector Dog Aid?<\/strong><\/h4>\n<ul>\n<li data-start=\"4517\" data-end=\"4562\">Veilig, synthetisch en volledig non-toxisch<\/li>\n<li data-start=\"4565\" data-end=\"4599\">Realistisch fentanyl-geurprofiel<\/li>\n<li data-start=\"4602\" data-end=\"4659\">Hoogste kwaliteit binnen professionele detectietraining<\/li>\n<li data-start=\"4662\" data-end=\"4702\">Betrouwbaar, constant en zeer duurzaam<\/li>\n<li data-start=\"4705\" data-end=\"4739\">Geschikt voor elk detectieniveau<\/li>\n<li data-start=\"4742\" data-end=\"4799\">Wereldwijd gebruikt door overheids- en veiligheidsteams<\/li>\n<\/ul>\n<p data-start=\"4801\" data-end=\"4931\">Met dit product til je fentanyl-detectietraining naar professioneel niveau \u2013 veilig, effici\u00ebnt en volledig operationeel inzetbaar.<\/p>\n<p data-start=\"4801\" data-end=\"4931\">\n<p data-start=\"4801\" data-end=\"4931\"><a href=\"https:\/\/scentlogix.com\/s\/\" target=\"_blank\" rel=\"noopener\"><img loading=\"lazy\" decoding=\"async\" class=\"alignnone wp-image-144758 size-full\" title=\"SCENTLOGIX Fentanyl Detector Dog Aid\" src=\"https:\/\/dogpride.nl\/wp-content\/uploads\/ScentLogix-logo-1.jpg\" alt=\"SCENTLOGIX Fentanyl Detector Dog Aid\" width=\"292\" height=\"89\" srcset=\"https:\/\/dogpride.nl\/wp-content\/uploads\/ScentLogix-logo-1.jpg 292w, https:\/\/dogpride.nl\/wp-content\/uploads\/ScentLogix-logo-1-18x5.jpg 18w, https:\/\/dogpride.nl\/wp-content\/uploads\/ScentLogix-logo-1-250x76.jpg 250w\" sizes=\"auto, (max-width: 292px) 100vw, 292px\" \/><\/a><\/p>","protected":false},"excerpt":{"rendered":"<p>Le <strong data-start=\"424\" data-end=\"464\">SCENTLOGIX Fentanyl Detector Dog Aid<\/strong> is een van de meest geavanceerde geurmiddelen binnen de K9-wereld en is speciaal ontwikkeld voor het trainen van honden in het detecteren van <strong data-start=\"607\" data-end=\"652\">fentanyl en fentanyl-gerelateerde stoffen<\/strong>.<\/p>","protected":false},"featured_media":93396,"template":"","meta":[],"product_brand":[],"product_cat":[4011],"product_tag":[6994,8114,4712,14576,13719,4901,14568,14578,14569,7260,14573,14570,14571,14575,14580,14574,3228,14577,3252,14567,14579,14572],"class_list":{"0":"post-93395","1":"product","2":"type-product","3":"status-publish","4":"has-post-thumbnail","6":"product_cat-scentlogix-geurstoffen","7":"product_tag-aid","8":"product_tag-detector","9":"product_tag-dog","10":"product_tag-douane-hondentraining-fentanyl","11":"product_tag-drug-detection-dog-training","12":"product_tag-fentanyl","13":"product_tag-fentanyl-detection-dog-training","14":"product_tag-fentanyl-geurtraining-hond","15":"product_tag-fentanyl-k9-training-aid","16":"product_tag-geurdetectie","17":"product_tag-k9-fentanyl-detector","18":"product_tag-narcotics-detection-dog","19":"product_tag-opioiden-detectie-hond","20":"product_tag-police-drug-detection-dog","21":"product_tag-professionele-k9-detectietraining","22":"product_tag-safe-fentanyl-training-aid","23":"product_tag-scent-detection","24":"product_tag-scent-detection-dog-aid","25":"product_tag-scentlogix","26":"product_tag-scentlogix-fentanyl-detector-dog-aid","27":"product_tag-scentlogix-training-kit","28":"product_tag-synthetic-fentanyl-odor-aid","29":"product_shipping_class-groot-pakket","31":"first","32":"instock","33":"taxable","34":"shipping-taxable","35":"purchasable","36":"product-type-variable"},"mb":[],"mfb_rest_fields":["title"],"_links":{"self":[{"href":"https:\/\/dogpride.nl\/fr\/wp-json\/wp\/v2\/product\/93395","targetHints":{"allow":["GET"]}}],"collection":[{"href":"https:\/\/dogpride.nl\/fr\/wp-json\/wp\/v2\/product"}],"about":[{"href":"https:\/\/dogpride.nl\/fr\/wp-json\/wp\/v2\/types\/product"}],"wp:featuredmedia":[{"embeddable":true,"href":"https:\/\/dogpride.nl\/fr\/wp-json\/wp\/v2\/media\/93396"}],"wp:attachment":[{"href":"https:\/\/dogpride.nl\/fr\/wp-json\/wp\/v2\/media?parent=93395"}],"wp:term":[{"taxonomy":"product_brand","embeddable":true,"href":"https:\/\/dogpride.nl\/fr\/wp-json\/wp\/v2\/product_brand?post=93395"},{"taxonomy":"product_cat","embeddable":true,"href":"https:\/\/dogpride.nl\/fr\/wp-json\/wp\/v2\/product_cat?post=93395"},{"taxonomy":"product_tag","embeddable":true,"href":"https:\/\/dogpride.nl\/fr\/wp-json\/wp\/v2\/product_tag?post=93395"}],"curies":[{"name":"wp","href":"https:\/\/api.w.org\/{rel}","templated":true}]}}