{"id":93358,"date":"2022-07-13T16:46:31","date_gmt":"2022-07-13T14:46:31","guid":{"rendered":"https:\/\/www.dogpride.nl\/?post_type=product&#038;p=93358"},"modified":"2025-11-25T12:39:07","modified_gmt":"2025-11-25T11:39:07","slug":"scentlogix-cannabis-training-aid","status":"publish","type":"product","link":"https:\/\/dogpride.nl\/fr\/scentlogix-cannabis-training-aid\/","title":{"rendered":"SCENTLOGIX Cannabis Training Aid"},"content":{"rendered":"<h4>SCENTLOGIX Cannabis Training Aid<\/h4>\n<p>SCENTLOGIX Cannabis Training Aid<\/p>\n<p>Scentlogix Cannabis Scent Aids offre un approvisionnement de 18 mois de parfum de marijuana synth\u00e9tique (cannabis) pour la d\u00e9tection de drogue K9.<br \/>\nCe parfum fonctionnera \u00e9galement pour l&#039;entra\u00eenement \u00e0 la d\u00e9tection de la r\u00e9sine de cannabis et des cannabino\u00efdes synth\u00e9tiques tels que &#039;K2&#039; ou &#039;Spice&#039;.<br \/>\nChaque aide contient un produit \u00e0 base de silice impr\u00e9gn\u00e9 d&#039;un parfum distinctif. Chaque outil est solidement enferm\u00e9 dans une pochette en coton et arrive dans un sac ext\u00e9rieur en aluminium r\u00e9sistant aux odeurs.<br \/>\nLes outils peuvent \u00eatre utilis\u00e9s exactement de la m\u00eame mani\u00e8re que de vrais monstres et plac\u00e9s dans des cages ou des sacs de stup\u00e9fiants.<\/p>\n<p>\u00c9tant donn\u00e9 que ces aides \u00e0 la formation contiennent un parfum purement synth\u00e9tique, il n&#039;y a aucune restriction quant \u00e0 leur utilisation et elles peuvent \u00eatre facilement transport\u00e9es.<\/p>\n<p><strong class=\"x-el x-el-span c2-2e c2-2f c2-3 c2-6i c2-1u c2-5s c2-6j\">Les kits de cannabis contiennent 2 x aides \u00e0 la formation au cannabis, un tube de rangement magn\u00e9tique, un tuyau de rangement souterrain, un sac de protection auxiliaire et une serviette parfum\u00e9e<\/strong><\/p>\n<p><strong class=\"x-el x-el-span c2-2e c2-2f c2-3 c2-6i c2-1u c2-5s c2-6j\">\u00c0 propos du cannabis<\/strong><\/p>\n<p>Le cannabis est consid\u00e9r\u00e9 comme la drogue illicite la plus couramment consomm\u00e9e au Royaume-Uni. Le nom &#039;Cannabis&#039; vient du nom de la plante &#039;<em class=\"x-el x-el-span c2-2e c2-2f c2-3 c2-6i c2-1u c2-2i c2-6j c2-6k\">Cannabis sativa<\/em>&#8216;.<br \/>\nLes produits se pr\u00e9sentent sous de nombreuses formes telles que la r\u00e9sine de cannabis, la \u00ab weed \u00bb, le cannabis \u00ab Skunk \u00bb et l&#039;huile de hasch.<br \/>\nEn plus de l&#039;utilisation ill\u00e9gale, les fibres des plantes de cannabis \u00e0 faible teneur en ingr\u00e9dient actif THC (t\u00e9trahydracannabinol) peuvent \u00eatre utilis\u00e9es comme chanvre pour la corde, les v\u00eatements et d&#039;autres applications.<br \/>\nLes graines de chanvre sont utilis\u00e9es dans la p\u00eache et peuvent \u00e9galement \u00eatre consomm\u00e9es ou utilis\u00e9es en cuisine. Il existe \u00e9galement des usages m\u00e9dicinaux du cannabis, comme pour le soulagement des naus\u00e9es caus\u00e9es par la chimioth\u00e9rapie.<\/p>\n<p><strong>Disponible en tant que\u00a0:<\/strong><\/p>\n<ul>\n<li>Recharge<\/li>\n<li>Trousse de parfum<\/li>\n<\/ul>\n<p><a href=\"https:\/\/dogpride.nl\/fr\/k9\/detectie\/detectie-geurstoffen\/scentlogix-geurstoffen\/\"><img loading=\"lazy\" decoding=\"async\" class=\"alignnone\" title=\"SCENTLOGIX Cannabis Training Aid\" src=\"https:\/\/dogpride.nl\/wp-content\/uploads\/Marijuana_sencillo-1-150x150.png\" alt=\"SCENTLOGIX Cannabis Training Aid\" width=\"150\" height=\"150\" \/><\/a><\/p>\n<h4 data-start=\"306\" data-end=\"408\"><strong data-start=\"308\" data-end=\"408\">SCENTLOGIX Cannabis Training Aid \u2013 Professioneel Geurmiddel voor Betrouwbare K9-Cannabisdetectie<\/strong><\/h4>\n<p data-start=\"410\" data-end=\"849\">Le <strong data-start=\"413\" data-end=\"449\">SCENTLOGIX Cannabis Training Aid<\/strong> is een geavanceerd, synthetisch geurmiddel waarmee professionele K9-teams honden trainen in het detecteren van <strong data-start=\"561\" data-end=\"622\">cannabis en cannabisgerelateerde aromatische verbindingen<\/strong>. Dankzij het wetenschappelijk ontwikkelde geurprofiel biedt dit product een <strong data-start=\"699\" data-end=\"757\">realistische, consistente en volledig veilige geurbron<\/strong>, waardoor trainers exact kunnen werken zonder gebruik te maken van echte cannabisproducten.<\/p>\n<p data-start=\"851\" data-end=\"1192\">SCENTLOGIX staat wereldwijd bekend om hun hoogwaardige geurtechnologie. Politie, douane, inspectiediensten, beveiligingsbedrijven, luchthavens en professionele hondentrainers vertrouwen op deze training aids vanwege hun <strong data-start=\"1071\" data-end=\"1116\">stabiliteit, nauwkeurigheid en veiligheid<\/strong> \u2014 eigenschappen die essentieel zijn voor een betrouwbaar detectieprogramma.<\/p>\n<hr data-start=\"1194\" data-end=\"1197\" \/>\n<h4 data-start=\"1199\" data-end=\"1256\"><strong data-start=\"1202\" data-end=\"1256\">Wetenschappelijk Geformuleerd Cannabis-Geurprofiel<\/strong><\/h4>\n<p data-start=\"1258\" data-end=\"1558\">Het unieke geurprofiel van de SCENTLOGIX Cannabis Training Aid is ontwikkeld door ervaren geurchemici die de vluchtige moleculaire componenten van cannabis nauwkeurig hebben nagebootst. Het resultaat is een geurbron die <strong data-start=\"1478\" data-end=\"1496\">bijna identiek<\/strong> is aan het aroma van echte cannabis, maar zonder enig risico.<\/p>\n<h4 data-start=\"1560\" data-end=\"1593\"><strong data-start=\"1564\" data-end=\"1593\">Geurtechnische voordelen:<\/strong><\/h4>\n<ul>\n<li data-start=\"1596\" data-end=\"1660\">Realistische simulatie van cannabisgeur \u00e9n bijhorende terpenen<\/li>\n<li data-start=\"1663\" data-end=\"1695\">Volledig non-toxisch en legaal<\/li>\n<li data-start=\"1698\" data-end=\"1757\">Consistente geurafgifte voor betrouwbare trainingssessies<\/li>\n<li data-start=\"1760\" data-end=\"1823\">Ideaal voor imprinting, proofing en gevorderde zoekopdrachten<\/li>\n<li data-start=\"1826\" data-end=\"1879\">Ontwikkeld voor gebruik in uiteenlopende omgevingen<\/li>\n<\/ul>\n<p data-start=\"1881\" data-end=\"1998\">Hierdoor kunnen honden effectief worden opgeleid in het herkennen van zowel pure cannabis als gemaskeerde geursporen.<\/p>\n<hr data-start=\"2000\" data-end=\"2003\" \/>\n<h4 data-start=\"2005\" data-end=\"2062\"><strong data-start=\"2008\" data-end=\"2062\">Geschikt voor Professionele K9-Eenheden Wereldwijd<\/strong><\/h4>\n<p data-start=\"2064\" data-end=\"2196\">De SCENTLOGIX Cannabis Training Aid wordt breed ingezet door teams die zich bezighouden met drugspreventie, opsporing en veiligheid.<\/p>\n<h4 data-start=\"2198\" data-end=\"2233\"><strong data-start=\"2202\" data-end=\"2233\">Veelgebruikte toepassingen:<\/strong><\/h4>\n<ul>\n<li data-start=\"2236\" data-end=\"2275\">Politiediensten en narcotica-eenheden<\/li>\n<li data-start=\"2278\" data-end=\"2304\">Douane- en grensbewaking<\/li>\n<li data-start=\"2307\" data-end=\"2339\">Luchthaven- en haveninspecties<\/li>\n<li data-start=\"2342\" data-end=\"2373\">School- en vastgoedinspecties<\/li>\n<li data-start=\"2376\" data-end=\"2422\">Bedrijfsbeveiliging &amp; evenementenbeveiliging<\/li>\n<li data-start=\"2425\" data-end=\"2457\">Defensie en militaire K9-units<\/li>\n<li data-start=\"2460\" data-end=\"2504\">K9-trainings- en certificeringsprogramma\u2019s<\/li>\n<\/ul>\n<p data-start=\"2506\" data-end=\"2643\">Door de hoge geurzuiverheid kunnen detectiehonden zowel microsporen als sterk geconcentreerde hoeveelheden cannabis nauwkeurig herkennen.<\/p>\n<hr data-start=\"2645\" data-end=\"2648\" \/>\n<h4 data-start=\"2650\" data-end=\"2697\"><strong data-start=\"2653\" data-end=\"2697\">Volledig Veilig, Hygi\u00ebnisch &amp; Risicoloos<\/strong><\/h4>\n<p data-start=\"2699\" data-end=\"2963\">Training met echte cannabis brengt wettelijke beperkingen en veiligheidsrisico\u2019s met zich mee. De SCENTLOGIX Cannabis Training Aid biedt een <strong data-start=\"2840\" data-end=\"2879\">veilige, schone en legale oplossing<\/strong>, waardoor trainingen overal uitgevoerd kunnen worden zonder enige terughoudendheid.<\/p>\n<h4 data-start=\"2965\" data-end=\"3008\"><strong data-start=\"2969\" data-end=\"3008\">Belangrijkste veiligheidsvoordelen:<\/strong><\/h4>\n<ul>\n<li data-start=\"3011\" data-end=\"3047\">Geen blootstelling aan echte drugs<\/li>\n<li data-start=\"3050\" data-end=\"3120\">Geen risico op contaminatie, verspreiding of juridische complicaties<\/li>\n<li data-start=\"3123\" data-end=\"3178\">Geen beschermende uitrusting of speciale opslag nodig<\/li>\n<li data-start=\"3181\" data-end=\"3232\">Veilig voor honden, trainers en trainingslocaties<\/li>\n<li data-start=\"3235\" data-end=\"3271\">Hygi\u00ebnisch en eenvoudig in gebruik<\/li>\n<\/ul>\n<p data-start=\"3273\" data-end=\"3364\">Dit maakt het product ideaal voor dagelijkse training, ook op gevoelige of drukke locaties.<\/p>\n<p data-start=\"3273\" data-end=\"3364\"><img loading=\"lazy\" decoding=\"async\" class=\"alignnone\" title=\"SCENTLOGIX Cannabis Training Aid\" src=\"https:\/\/dogpride.nl\/wp-content\/uploads\/Marijuana_doble-150x150.png\" alt=\"SCENTLOGIX Cannabis Training Aid\" width=\"150\" height=\"150\" \/><\/p>\n<hr data-start=\"3366\" data-end=\"3369\" \/>\n<h3 data-start=\"3371\" data-end=\"3429\"><strong data-start=\"3374\" data-end=\"3429\">Uitzonderlijke Duurzaamheid &amp; Constante Geurafgifte<\/strong><\/h3>\n<p data-start=\"3431\" data-end=\"3598\">Zoals alle SCENTLOGIX-producten heeft de Cannabis Training Aid een <strong data-start=\"3498\" data-end=\"3546\">lange levensduur en uitstekende geurretentie<\/strong>, waardoor het geurprofiel langdurig stabiel blijft.<\/p>\n<h4 data-start=\"3600\" data-end=\"3646\"><strong data-start=\"3604\" data-end=\"3646\">Voordelen van langdurige geurretentie:<\/strong><\/h4>\n<ul>\n<li data-start=\"3649\" data-end=\"3699\">Behoudt intensiteit, zelfs bij intensief gebruik<\/li>\n<li data-start=\"3702\" data-end=\"3740\">Bestand tegen warmte, koude en vocht<\/li>\n<li data-start=\"3743\" data-end=\"3800\">Econonomisch: langere levensduur dan veel alternatieven<\/li>\n<li data-start=\"3803\" data-end=\"3847\">Consistente geurprestatie in iedere sessie<\/li>\n<li data-start=\"3850\" data-end=\"3903\">Perfect voor zowel beginnershonden als ervaren K9\u2019s<\/li>\n<\/ul>\n<p data-start=\"3905\" data-end=\"4050\">Deze stabiliteit zorgt ervoor dat honden altijd dezelfde herkenbare geur aangeboden krijgen, wat de training betrouwbaarder en effici\u00ebnter maakt.<\/p>\n<hr data-start=\"4052\" data-end=\"4055\" \/>\n<h4 data-start=\"4057\" data-end=\"4100\"><strong data-start=\"4060\" data-end=\"4100\">Compatibel met Alle Detectiemethoden<\/strong><\/h4>\n<p data-start=\"4102\" data-end=\"4204\">De SCENTLOGIX Cannabis Training Aid kan worden toegepast in vrijwel elke moderne K9-trainingstechniek:<\/p>\n<ul>\n<li data-start=\"4208\" data-end=\"4245\">Imprinting en basis geurintroductie<\/li>\n<li data-start=\"4248\" data-end=\"4287\">Voertuig-, bagage- en pakketinspectie<\/li>\n<li data-start=\"4290\" data-end=\"4316\">Gebouw- en terreinsearch<\/li>\n<li data-start=\"4319\" data-end=\"4355\">Verstopobjecten en detectiekoffers<\/li>\n<li data-start=\"4358\" data-end=\"4387\">Geurboxen en detectiewanden<\/li>\n<li data-start=\"4390\" data-end=\"4433\">Scenario-gebaseerde operationele training<\/li>\n<\/ul>\n<p data-start=\"4435\" data-end=\"4547\">Zo past het product naadloos binnen trainingstrajecten voor zowel startende honden als tactische elite-eenheden.<\/p>\n<hr data-start=\"4549\" data-end=\"4552\" \/>\n<h4 data-start=\"4554\" data-end=\"4616\"><strong data-start=\"4557\" data-end=\"4616\">Waarom kiezen voor de SCENTLOGIX Cannabis Training Aid?<\/strong><\/h4>\n<ul>\n<li data-start=\"4620\" data-end=\"4659\">Hyperrealistisch cannabis-geurprofiel<\/li>\n<li data-start=\"4662\" data-end=\"4698\">100% veilig, legaal en non-toxisch<\/li>\n<li data-start=\"4701\" data-end=\"4751\">Wereldwijd erkend door professionele K9-diensten<\/li>\n<li data-start=\"4754\" data-end=\"4800\">Ontwikkeld door gespecialiseerde geurchemici<\/li>\n<li data-start=\"4803\" data-end=\"4845\">Zeer duurzame en consistente geurafgifte<\/li>\n<li data-start=\"4848\" data-end=\"4901\">Perfect voor imprinting, opleiding \u00e9n certificering<\/li>\n<li data-start=\"4904\" data-end=\"4960\">Betrouwbare prestaties in alle trainingsomstandigheden<\/li>\n<\/ul>\n<p data-start=\"4962\" data-end=\"5152\">Met de SCENTLOGIX Cannabis Training Aid train je honden op een <strong data-start=\"5025\" data-end=\"5079\">veilig, professioneel en uiterst nauwkeurig niveau<\/strong>, waardoor ze optimaal voorbereid zijn op realistische detectiesituaties.<\/p>\n<p data-start=\"4962\" data-end=\"5152\">\n<p data-start=\"4962\" data-end=\"5152\"><a href=\"https:\/\/scentlogix.com\/s\/\" target=\"_blank\" rel=\"noopener\"><img loading=\"lazy\" decoding=\"async\" class=\"alignnone\" title=\"SCENTLOGIX Cannabis Training Aid\" src=\"https:\/\/dogpride.nl\/wp-content\/uploads\/ScentLogix-logo-1.jpg\" alt=\"SCENTLOGIX Cannabis Training Aid\" width=\"292\" height=\"89\" \/><\/a><\/p>","protected":false},"excerpt":{"rendered":"<p>Le <strong data-start=\"413\" data-end=\"449\">SCENTLOGIX Cannabis Training Aid<\/strong> is een geavanceerd, synthetisch geurmiddel waarmee professionele K9-teams honden trainen in het detecteren van <strong data-start=\"561\" data-end=\"622\">cannabis en cannabisgerelateerde aromatische verbindingen<\/strong>.<\/p>","protected":false},"featured_media":93359,"template":"","meta":[],"product_brand":[],"product_cat":[4011],"product_tag":[4899,14648,14642,14647,14623,14604,14585,14643,14601,14645,14590,14646,3252,14641,14579,14644,3157,7741],"class_list":{"0":"post-93358","1":"product","2":"type-product","3":"status-publish","4":"has-post-thumbnail","6":"product_cat-scentlogix-geurstoffen","7":"product_tag-cannabis","8":"product_tag-cannabis-detectiehond-training","9":"product_tag-cannabis-detection-dog-training","10":"product_tag-cannabis-odor-k9-training","11":"product_tag-douane-drugshond-training","12":"product_tag-drug-detection-training-aid","13":"product_tag-k9-drug-detection-training","14":"product_tag-marihuana-geurtraining-hond","15":"product_tag-narcotica-geurmiddel-hond","16":"product_tag-politiehond-cannabis-detectie","17":"product_tag-professionele-k9-training-aid","18":"product_tag-scent-detection-cannabis","19":"product_tag-scentlogix","20":"product_tag-scentlogix-cannabis-training-aid","21":"product_tag-scentlogix-training-kit","22":"product_tag-synthetische-cannabis-geur","23":"product_tag-training","24":"product_tag-training-aid","25":"product_shipping_class-groot-pakket","27":"first","28":"instock","29":"taxable","30":"shipping-taxable","31":"purchasable","32":"product-type-variable"},"mb":[],"mfb_rest_fields":["title"],"_links":{"self":[{"href":"https:\/\/dogpride.nl\/fr\/wp-json\/wp\/v2\/product\/93358","targetHints":{"allow":["GET"]}}],"collection":[{"href":"https:\/\/dogpride.nl\/fr\/wp-json\/wp\/v2\/product"}],"about":[{"href":"https:\/\/dogpride.nl\/fr\/wp-json\/wp\/v2\/types\/product"}],"wp:featuredmedia":[{"embeddable":true,"href":"https:\/\/dogpride.nl\/fr\/wp-json\/wp\/v2\/media\/93359"}],"wp:attachment":[{"href":"https:\/\/dogpride.nl\/fr\/wp-json\/wp\/v2\/media?parent=93358"}],"wp:term":[{"taxonomy":"product_brand","embeddable":true,"href":"https:\/\/dogpride.nl\/fr\/wp-json\/wp\/v2\/product_brand?post=93358"},{"taxonomy":"product_cat","embeddable":true,"href":"https:\/\/dogpride.nl\/fr\/wp-json\/wp\/v2\/product_cat?post=93358"},{"taxonomy":"product_tag","embeddable":true,"href":"https:\/\/dogpride.nl\/fr\/wp-json\/wp\/v2\/product_tag?post=93358"}],"curies":[{"name":"wp","href":"https:\/\/api.w.org\/{rel}","templated":true}]}}