{"id":93335,"date":"2022-07-13T15:17:07","date_gmt":"2022-07-13T13:17:07","guid":{"rendered":"https:\/\/www.dogpride.nl\/?post_type=product&#038;p=93335"},"modified":"2025-11-25T12:51:54","modified_gmt":"2025-11-25T11:51:54","slug":"scentlogix-nitromethane-detector-dog-training-aid","status":"publish","type":"product","link":"https:\/\/dogpride.nl\/fr\/scentlogix-nitromethane-detector-dog-training-aid\/","title":{"rendered":"SCENTLOGIX Nitromethane detector Dog Training Aid"},"content":{"rendered":"<h4>SCENTLOGIX Nitromethane detector Dog Training Aid<\/h4>\n<p>SCENTLOGIX Nitromethane detector Dog Training Aid<\/p>\n<p>Une aide \u00e0 la formation fournit un approvisionnement de 18 mois en parfum de nitrom\u00e9thane synth\u00e9tique pour la formation de chiens d\u00e9tecteurs d&#039;explosifs.<\/p>\n<p>Le parfum est impr\u00e9gn\u00e9 d&#039;une substance \u00e0 base de silice contenue dans une pochette en coton \u00e9tanche.<br \/>\nPour l&#039;utiliser, retirez simplement du sac r\u00e9sistant aux odeurs, placez-le dans une cage de rangement, un tuyau souterrain ou un sac de stup\u00e9fiants, et installez-le comme vous le feriez pour la vraie substance.<br \/>\nUne fois que vous avez termin\u00e9 la formation, remplacez le sac et rangez-le dans le cong\u00e9lateur, le r\u00e9frig\u00e9rateur ou la glaci\u00e8re.<\/p>\n<p><strong class=\"x-el x-el-span c2-2e c2-2f c2-3 c2-6i c2-1u c2-5s c2-6j\">Les kits de nitrom\u00e9thane contiennent 2 x aides \u00e0 la formation au nitrom\u00e9thane, un tube de stockage magn\u00e9tique, un tuyau de stockage souterrain, un sac de protection auxiliaire et une serviette parfum\u00e9e.<\/strong><\/p>\n<p>Le nitrom\u00e9thane est souvent utilis\u00e9 comme solvant et aussi comme carburant dans les sports m\u00e9caniques.<br \/>\nIl est \u00e9galement utilis\u00e9 comme explosif et peut \u00eatre m\u00e9lang\u00e9 avec du nitrate d&#039;ammonium pour fabriquer de l&#039;ANNM qui a \u00e9t\u00e9 utilis\u00e9 dans des bombes artisanales.<\/p>\n<p><strong>Disponible en tant que\u00a0:<\/strong><\/p>\n<ul>\n<li>Recharge<\/li>\n<li>Trousse de parfum<\/li>\n<\/ul>\n<p><a href=\"https:\/\/dogpride.nl\/fr\/k9\/detectie\/detectie-geurstoffen\/scentlogix-geurstoffen\/\"><img loading=\"lazy\" decoding=\"async\" class=\"alignnone\" title=\"SCENTLOGIX Nitromethane detector Dog Training Aid\" src=\"https:\/\/dogpride.nl\/wp-content\/uploads\/nitrometano_sencillo-150x150.png\" alt=\"SCENTLOGIX Nitromethane detector Dog Training Aid\" width=\"150\" height=\"150\" \/><\/a><\/p>\n<h4 data-start=\"299\" data-end=\"413\"><strong data-start=\"301\" data-end=\"413\">SCENTLOGIX Nitromethane Detector Dog Training Aid \u2013 Professioneel Geurmiddel voor Explosieven-Detectiehonden<\/strong><\/h4>\n<p data-start=\"415\" data-end=\"850\">Le <strong data-start=\"418\" data-end=\"471\">SCENTLOGIX Nitromethane Detector Dog Training Aid<\/strong> is een geavanceerd, wetenschappelijk samengesteld geurmiddel dat speciaal is ontwikkeld voor K9-teams die honden trainen in het detecteren van <strong data-start=\"615\" data-end=\"636\">nitromethaan (NM)<\/strong>. Nitromethaan is een belangrijke precursor in diverse explosieve mengsels en ge\u00efmproviseerde explosieven (IED\u2019s), waardoor het voor EOD- en beveiligingsteams cruciaal is dat honden dit nauwkeurig kunnen herkennen.<\/p>\n<p data-start=\"852\" data-end=\"1135\">Met zijn <strong data-start=\"861\" data-end=\"946\">hyperrealistische geurprofiel, uitzonderlijke stabiliteit en volledige veiligheid<\/strong> behoort deze training aid tot de meest betrouwbare geurmiddelen die wereldwijd worden gebruikt door politie, militaire eenheden, EOD-teams, luchthavens en gespecialiseerde detectiescholen.<\/p>\n<hr data-start=\"1137\" data-end=\"1140\" \/>\n<h4 data-start=\"1142\" data-end=\"1206\"><strong data-start=\"1145\" data-end=\"1206\">Wetenschappelijk Geoptimaliseerd Nitromethane-Geurprofiel<\/strong><\/h4>\n<p data-start=\"1208\" data-end=\"1487\">Nitromethaan heeft unieke vluchtige geurcomponenten die lastig na te bootsen zijn. SCENTLOGIX onderscheidt zich door een <strong data-start=\"1329\" data-end=\"1371\">moleculair gereconstrueerd geurprofiel<\/strong> dat de geur van echt nitromethaan extreem nauwkeurig simuleert \u2014 zonder dat er gevaarlijke stoffen worden gebruikt.<\/p>\n<h4 data-start=\"1489\" data-end=\"1522\"><strong data-start=\"1493\" data-end=\"1522\">Geurtechnische voordelen:<\/strong><\/h4>\n<ul>\n<li data-start=\"1525\" data-end=\"1582\">Realistische simulatie van nitromethaan-geurcomponenten<\/li>\n<li data-start=\"1585\" data-end=\"1625\">Non-toxisch, volledig veilig en legaal<\/li>\n<li data-start=\"1628\" data-end=\"1675\">Uitermate geschikt voor imprinting &amp; proofing<\/li>\n<li data-start=\"1678\" data-end=\"1726\">Consistente geurafgifte in alle omstandigheden<\/li>\n<li data-start=\"1729\" data-end=\"1773\">Ontwikkeld door toonaangevende geurchemici<\/li>\n<\/ul>\n<p data-start=\"1775\" data-end=\"1883\">Hierdoor leren honden een betrouwbare geurassociatie die direct toepasbaar is in operationele EOD-situaties.<\/p>\n<hr data-start=\"1885\" data-end=\"1888\" \/>\n<h4 data-start=\"1890\" data-end=\"1943\"><strong data-start=\"1893\" data-end=\"1943\">Onmisbaar voor Professionele Explosievenhonden<\/strong><\/h4>\n<p data-start=\"1945\" data-end=\"2108\">Le <strong data-start=\"418\" data-end=\"471\">SCENTLOGIX Nitromethane Detector Dog Training Aid<\/strong> wordt wereldwijd gebruikt door organisaties die werken aan explosievenopsporing, publieke veiligheid en terreurbestrijding.<\/p>\n<h4 data-start=\"2110\" data-end=\"2145\"><strong data-start=\"2114\" data-end=\"2145\">Veelgebruikte toepassingen:<\/strong><\/h4>\n<ul>\n<li data-start=\"2148\" data-end=\"2185\">Explosievenopruimingsdiensten (EOD)<\/li>\n<li data-start=\"2188\" data-end=\"2223\">Politie- en anti-terreur eenheden<\/li>\n<li data-start=\"2226\" data-end=\"2251\">Douane en grensbewaking<\/li>\n<li data-start=\"2254\" data-end=\"2279\">Militaire detectieteams<\/li>\n<li data-start=\"2282\" data-end=\"2314\">Luchthaven- en havenveiligheid<\/li>\n<li data-start=\"2317\" data-end=\"2352\">Industri\u00eble veiligheidsinspecties<\/li>\n<li data-start=\"2355\" data-end=\"2409\">Professionele trainingscentra voor explosievenhonden<\/li>\n<\/ul>\n<p data-start=\"2411\" data-end=\"2633\">Omdat nitromethaan vaak wordt gebruikt in combinatie met andere chemicali\u00ebn, is het essentieel dat honden dit component zelfstandig kunnen identificeren \u2014 zelfs wanneer het is gemaskeerd of verwerkt in complexere mengsels.<\/p>\n<hr data-start=\"2635\" data-end=\"2638\" \/>\n<h4 data-start=\"2640\" data-end=\"2687\"><strong data-start=\"2643\" data-end=\"2687\">Veilig, Hygi\u00ebnisch &amp; Volledig Risicoloos<\/strong><\/h4>\n<p data-start=\"2689\" data-end=\"2933\">Werken met echte nitromethaan kan gevaarlijk zijn vanwege de mogelijke instabiliteit en explosieve eigenschappen. Daarom biedt SCENTLOGIX een training aid die <strong data-start=\"2848\" data-end=\"2886\">volledig veilig en non-energetisch<\/strong> is, zodat honden zonder risico kunnen trainen.<\/p>\n<h4 data-start=\"2935\" data-end=\"2978\"><strong data-start=\"2939\" data-end=\"2978\">Belangrijkste veiligheidsvoordelen:<\/strong><\/h4>\n<ul>\n<li data-start=\"2981\" data-end=\"3002\">Geen explosiegevaar<\/li>\n<li data-start=\"3005\" data-end=\"3046\">Geen dampen, toxiciteit of contaminatie<\/li>\n<li data-start=\"3049\" data-end=\"3094\">Geen speciale opslag- of transportvereisten<\/li>\n<li data-start=\"3097\" data-end=\"3133\">Veilig voor zowel hond als trainer<\/li>\n<li data-start=\"3136\" data-end=\"3169\">Hygi\u00ebnisch en schoon in gebruik<\/li>\n<\/ul>\n<p data-start=\"3171\" data-end=\"3316\">Hierdoor kunnen trainingen plaatsvinden in voertuigen, gebouwen, open ruimtes, trainingscentra en zelfs drukbezochte gebieden zonder beperkingen.<\/p>\n<p data-start=\"3171\" data-end=\"3316\"><img loading=\"lazy\" decoding=\"async\" class=\"alignnone\" title=\"SCENTLOGIX Nitromethane Detector Dog Training Aid\" src=\"https:\/\/dogpride.nl\/wp-content\/uploads\/Nitromethano_doble-150x150.png\" alt=\"SCENTLOGIX Nitromethane Detector Dog Training Aid\" width=\"150\" height=\"150\" \/><\/p>\n<hr data-start=\"3318\" data-end=\"3321\" \/>\n<h4 data-start=\"3323\" data-end=\"3375\"><strong data-start=\"3326\" data-end=\"3375\">Uitstekende Duurzaamheid &amp; Lange Geurretentie<\/strong><\/h4>\n<p data-start=\"3377\" data-end=\"3611\">Zoals alle SCENTLOGIX-producten is ook deze training aid ontwikkeld voor <strong data-start=\"3450\" data-end=\"3471\">langdurig gebruik<\/strong> et <strong data-start=\"3475\" data-end=\"3504\">zeer stabiele geurafgifte<\/strong>. Dit maakt het product bijzonder geschikt voor intensieve trainingsprogramma\u2019s en dagelijkse K9-operaties.<\/p>\n<h4 data-start=\"3613\" data-end=\"3645\"><strong data-start=\"3617\" data-end=\"3645\">Belangrijkste voordelen:<\/strong><\/h4>\n<ul>\n<li data-start=\"3648\" data-end=\"3693\">Constante geurintensiteit, sessie na sessie<\/li>\n<li data-start=\"3696\" data-end=\"3731\">Bestand tegen hitte, kou en vocht<\/li>\n<li data-start=\"3734\" data-end=\"3773\">Economisch door zeer lange levensduur<\/li>\n<li data-start=\"3776\" data-end=\"3826\">Betrouwbaar in zowel indoor- als outdoortraining<\/li>\n<li data-start=\"3829\" data-end=\"3874\">Ideaal voor gecertificeerde EDD-programma\u2019s<\/li>\n<\/ul>\n<p data-start=\"3876\" data-end=\"3985\">Deze voorspelbaarheid is essentieel om de nauwkeurigheid van een explosievenhond op hoogste niveau te houden.<\/p>\n<hr data-start=\"3987\" data-end=\"3990\" \/>\n<h4 data-start=\"3992\" data-end=\"4049\"><strong data-start=\"3995\" data-end=\"4049\">Compatibel met Alle Professionele Detectiemethoden<\/strong><\/h4>\n<p data-start=\"4051\" data-end=\"4126\">Le <strong data-start=\"418\" data-end=\"471\">SCENTLOGIX Nitromethane Detector Dog Training Aid<\/strong> werkt moeiteloos in combinatie met:<\/p>\n<ul>\n<li data-start=\"4130\" data-end=\"4165\">Detectiekoffers &amp; verstopobjecten<\/li>\n<li data-start=\"4168\" data-end=\"4196\">Geurboxen &amp; detectiewanden<\/li>\n<li data-start=\"4199\" data-end=\"4225\">Gebouw- en terreinsearch<\/li>\n<li data-start=\"4228\" data-end=\"4259\">Voertuig- en bagage-inspectie<\/li>\n<li data-start=\"4262\" data-end=\"4291\">Scenario-based EOD-training<\/li>\n<li data-start=\"4294\" data-end=\"4348\">Basis imprinting \u00e9n gevorderde operationele training<\/li>\n<\/ul>\n<p data-start=\"4350\" data-end=\"4426\">Zo past het product perfect binnen elk modern explosieven-detectieprogramma.<\/p>\n<hr data-start=\"4428\" data-end=\"4431\" \/>\n<h4 data-start=\"4433\" data-end=\"4512\"><strong data-start=\"4436\" data-end=\"4512\">Waarom kiezen voor de SCENTLOGIX Nitromethane Detector Dog Training Aid?<\/strong><\/h4>\n<ul>\n<li data-start=\"4516\" data-end=\"4559\">Hyperrealistisch nitromethane-geurprofiel<\/li>\n<li data-start=\"4562\" data-end=\"4602\">100% veilig, legaal en non-energetisch<\/li>\n<li data-start=\"4605\" data-end=\"4660\">Wereldwijd erkend door militaire en civiele EOD-teams<\/li>\n<li data-start=\"4663\" data-end=\"4707\">Uitzonderlijke geurretentie en stabiliteit<\/li>\n<li data-start=\"4710\" data-end=\"4772\">Perfect voor imprinting, certificering en operationele inzet<\/li>\n<li data-start=\"4775\" data-end=\"4821\">Ontwikkeld door gespecialiseerde geurchemici<\/li>\n<li data-start=\"4824\" data-end=\"4885\">Betrouwbare prestaties in alle weers- en omgevingscondities<\/li>\n<\/ul>\n<p data-start=\"4887\" data-end=\"5058\">Met deze training aid werk je met een <strong data-start=\"4925\" data-end=\"4979\">professioneel, nauwkeurig en risicoloos geurmiddel<\/strong> dat detection dogs optimaal voorbereidt op realistische explosievenopdrachten.<\/p>\n<p data-start=\"4887\" data-end=\"5058\">\n<p data-start=\"4887\" data-end=\"5058\"><a href=\"https:\/\/scentlogix.com\/s\/\" target=\"_blank\" rel=\"noopener\"><img loading=\"lazy\" decoding=\"async\" class=\"alignnone\" title=\"SCENTLOGIX Nitromethane Detector Dog Training Aid\" src=\"https:\/\/dogpride.nl\/wp-content\/uploads\/ScentLogix-logo-1.jpg\" alt=\"SCENTLOGIX Nitromethane Detector Dog Training Aid\" width=\"292\" height=\"89\" \/><\/a><\/p>","protected":false},"excerpt":{"rendered":"<p>Le <strong data-start=\"418\" data-end=\"471\">SCENTLOGIX Nitromethane Detector Dog Training Aid<\/strong> is een geavanceerd, wetenschappelijk samengesteld geurmiddel dat speciaal is ontwikkeld voor K9-teams die honden trainen in het detecteren van <strong data-start=\"615\" data-end=\"636\">nitromethaan (NM)<\/strong>.<\/p>","protected":false},"featured_media":93336,"template":"","meta":[],"product_brand":[],"product_cat":[4011],"product_tag":[6994,14665,14678,8114,4712,14674,14680,14660,14675,14672,8122,14673,8121,14671,14661,14676,3252,14670,14579,14677,3157,14679],"class_list":{"0":"post-93335","1":"product","2":"type-product","3":"status-publish","4":"has-post-thumbnail","6":"product_cat-scentlogix-geurstoffen","7":"product_tag-aid","8":"product_tag-bomb-dog-training","9":"product_tag-detection-dog-nitromethane","10":"product_tag-detector","11":"product_tag-dog","12":"product_tag-eod-training-aid","13":"product_tag-explosieven-geurmiddel-k9","14":"product_tag-explosievenhond-training","15":"product_tag-explosive-precursor-detection","16":"product_tag-k9-explosives-detection","17":"product_tag-nitromethaan","18":"product_tag-nitromethaan-geurtraining-hond","19":"product_tag-nitromethane","20":"product_tag-nitromethane-detection-dog","21":"product_tag-pyrotechnic-detection-dog","22":"product_tag-scent-detection-nitromethane","23":"product_tag-scentlogix","24":"product_tag-scentlogix-nitromethane-detector-dog-training-aid","25":"product_tag-scentlogix-training-kit","26":"product_tag-synthetic-nitromethane-odor","27":"product_tag-training","28":"product_tag-veiligheidsdetectie-hond","29":"product_shipping_class-groot-pakket","31":"first","32":"instock","33":"taxable","34":"shipping-taxable","35":"purchasable","36":"product-type-variable"},"mb":[],"mfb_rest_fields":["title"],"_links":{"self":[{"href":"https:\/\/dogpride.nl\/fr\/wp-json\/wp\/v2\/product\/93335","targetHints":{"allow":["GET"]}}],"collection":[{"href":"https:\/\/dogpride.nl\/fr\/wp-json\/wp\/v2\/product"}],"about":[{"href":"https:\/\/dogpride.nl\/fr\/wp-json\/wp\/v2\/types\/product"}],"wp:featuredmedia":[{"embeddable":true,"href":"https:\/\/dogpride.nl\/fr\/wp-json\/wp\/v2\/media\/93336"}],"wp:attachment":[{"href":"https:\/\/dogpride.nl\/fr\/wp-json\/wp\/v2\/media?parent=93335"}],"wp:term":[{"taxonomy":"product_brand","embeddable":true,"href":"https:\/\/dogpride.nl\/fr\/wp-json\/wp\/v2\/product_brand?post=93335"},{"taxonomy":"product_cat","embeddable":true,"href":"https:\/\/dogpride.nl\/fr\/wp-json\/wp\/v2\/product_cat?post=93335"},{"taxonomy":"product_tag","embeddable":true,"href":"https:\/\/dogpride.nl\/fr\/wp-json\/wp\/v2\/product_tag?post=93335"}],"curies":[{"name":"wp","href":"https:\/\/api.w.org\/{rel}","templated":true}]}}