{"id":93323,"date":"2022-07-13T14:57:09","date_gmt":"2022-07-13T12:57:09","guid":{"rendered":"https:\/\/www.dogpride.nl\/?post_type=product&#038;p=93323"},"modified":"2025-11-25T16:06:07","modified_gmt":"2025-11-25T15:06:07","slug":"scentlogix-untagged-rdx-training-aid","status":"publish","type":"product","link":"https:\/\/dogpride.nl\/fr\/scentlogix-untagged-rdx-training-aid\/","title":{"rendered":"SCENTLOGIX Untagged RDX Training Aid"},"content":{"rendered":"<h4>SCENTLOGIX Untagged RDX Training Aid<\/h4>\n<p>SCENTLOGIX Untagged RDX Training Aid<\/p>\n<p>Aide \u00e0 la formation individuelle offrant un approvisionnement de 18 mois en parfum RDX synth\u00e9tique sans \u00e9tiquette. Le parfum est impr\u00e9gn\u00e9 d&#039;un compos\u00e9 \u00e0 base de silice contenu dans une pochette en coton \u00e9tanche.<br \/>\nPour l&#039;utiliser, retirez-le simplement du sac anti-odeur, placez-le dans une cage de rangement ou un sac \u00e0 stup\u00e9fiants et installez-le comme vous le feriez pour la vraie substance.<br \/>\nUne fois l&#039;entra\u00eenement termin\u00e9, replacez-le dans le sac et conservez-le au cong\u00e9lateur.<\/p>\n<h4><strong class=\"x-el x-el-span c2-2e c2-2f c2-3 c2-6i c2-1u c2-5s c2-6j\">Les kits RDX non \u00e9tiquet\u00e9s contiennent 2 aides \u00e0 la formation RDX non \u00e9tiquet\u00e9es, un tube de rangement magn\u00e9tique, un tuyau de rangement souterrain, un sac de protection auxiliaire et une serviette parfum\u00e9e.<\/strong><\/h4>\n<p>RDX staat voor Research Department Explosive, en is ook bekend als Cyclonite, Hexagen en T4. Het is een nitroamine dat wordt gebruikt door het leger en verschillende commerci\u00eble industrie\u00ebn.<br \/>\nNaast een explosief op zich, is RDX een belangrijk onderdeel van de volgende militaire explosieven:<\/p>\n<p>Composition A \u2013 Cire 91% RDX\/ 9%<\/p>\n<p>Composition B \u2013 60% RDX\/ 40% TNT<\/p>\n<p>Composition C - les variations incluent C-2, C-3 et C-4. Le plus courant est le C-4 (91% RDX, un plastifiant, un liant et une huile).<\/p>\n<p>Composition CH-6 \u2013 97.5% RDX avec st\u00e9arate de calcium, polyisobutyl\u00e8ne et graphite<\/p>\n<p>DBX \u2013 21% RDX\/ 21% Nitrate d&#039;ammonium\/ 40% TNT\/ 18% Aluminium<\/p>\n<p>Cyclotol - m\u00e9lange variable de RDX et de TNT, par exemple Cyclotol 70\/30 contient du 70% RDX et du 30% TNT<\/p>\n<p>PBX (explosifs polym\u00e8res)<\/p>\n<p>Aussi disponible : RDX tagu\u00e9<\/p>\n<p><strong>Disponible en tant que\u00a0:<\/strong><\/p>\n<ul>\n<li>Recharge<\/li>\n<li>Trousse de parfum<\/li>\n<\/ul>\n<p><a href=\"https:\/\/dogpride.nl\/fr\/k9\/detectie\/detectie-geurstoffen\/scentlogix-geurstoffen\/\"><img loading=\"lazy\" decoding=\"async\" class=\"alignnone\" title=\"SCENTLOGIX Untagged RDX Training Aid\" src=\"https:\/\/dogpride.nl\/wp-content\/uploads\/untag_sencillo-150x150.png\" alt=\"SCENTLOGIX Untagged RDX Training Aid\" width=\"150\" height=\"150\" \/><\/a><\/p>\n<h4 data-start=\"297\" data-end=\"404\"><strong data-start=\"299\" data-end=\"404\">SCENTLOGIX Untagged RDX Training Aid \u2013 Professioneel Geurmiddel voor Hoogwaardige Explosievendetectie<\/strong><\/h4>\n<p data-start=\"406\" data-end=\"692\">Le <strong data-start=\"409\" data-end=\"449\">SCENTLOGIX Untagged RDX Training Aid<\/strong> is een geavanceerd, wetenschappelijk ontwikkeld geurmiddel dat detection dogs traint in het herkennen van <strong data-start=\"556\" data-end=\"579\">onge\u00ebtiketteerd RDX<\/strong> \u2013 een van de meest krachtige en veelgebruikte explosieve componenten in militaire en industri\u00eble toepassingen.<\/p>\n<p data-start=\"694\" data-end=\"1036\">RDX (Cyclotrimethyleentrinitramine) vormt de basis voor tal van explosieven, waaronder C-4, Semtex-varianten, boosters en diverse IED-constructies. Omdat <strong data-start=\"848\" data-end=\"912\">untagged RDX geen detecteerbare veiligheidsmarkeerders bevat<\/strong>, is het van cruciaal belang dat explosievenhonden worden getraind op een puur, niet-gemodificeerd moleculair geurprofiel.<\/p>\n<p data-start=\"1038\" data-end=\"1257\">SCENTLOGIX biedt hiervoor een <strong data-start=\"1068\" data-end=\"1129\">veilig, non-energetisch en uiterst realistisch geurmiddel<\/strong>, waardoor K9-teams effectief kunnen worden voorbereid op operationele situaties waar pure of gemaskeerde RDX aanwezig kan zijn.<\/p>\n<hr data-start=\"1259\" data-end=\"1262\" \/>\n<h4 data-start=\"1264\" data-end=\"1291\"><strong data-start=\"1267\" data-end=\"1291\">Waarom Untagged RDX?<\/strong><\/h4>\n<p data-start=\"1292\" data-end=\"1531\">Veel commerci\u00eble explosieven bevatten markeerders die detectie makkelijker maken. Echter, in illegale of ge\u00efmproviseerde situaties wordt RDX vaak gebruikt <strong data-start=\"1447\" data-end=\"1466\">zonder taggants<\/strong>, waardoor het geurprofiel anders is dan bij getagde varianten.<\/p>\n<p data-start=\"1533\" data-end=\"1598\">Daarom is training met een <strong data-start=\"1560\" data-end=\"1581\">untagged geurbron<\/strong> essentieel voor:<\/p>\n<ul>\n<li data-start=\"1602\" data-end=\"1644\">Anti-terreur en special-operations units<\/li>\n<li data-start=\"1647\" data-end=\"1684\">Explosievenopruimingsdiensten (EOD)<\/li>\n<li data-start=\"1687\" data-end=\"1724\">Militaire explosievendetectiehonden<\/li>\n<li data-start=\"1727\" data-end=\"1757\">Luchthaven- en grenscontrole<\/li>\n<li data-start=\"1760\" data-end=\"1808\">Veiligheidsdiensten en kritieke infrastructuur<\/li>\n<\/ul>\n<p data-start=\"1810\" data-end=\"1911\">De SCENTLOGIX Untagged RDX Aid maakt deze realistische training mogelijk \u2013 volledig veilig en legaal.<\/p>\n<hr data-start=\"1913\" data-end=\"1916\" \/>\n<h4 data-start=\"1918\" data-end=\"1968\"><strong data-start=\"1921\" data-end=\"1968\">Wetenschappelijk Ontwikkeld RDX-Geurprofiel<\/strong><\/h4>\n<p data-start=\"1970\" data-end=\"2283\">Met gebruik van geavanceerde geurchemische reconstructie heeft SCENTLOGIX het complexe geurprofiel van RDX volledig nagebootst. De training aid is <strong data-start=\"2117\" data-end=\"2147\">moleculair geoptimaliseerd<\/strong>, waardoor de hond wordt blootgesteld aan dezelfde vluchtige moleculaire markers die ook afkomstig zijn van echte, onge\u00ebtiketteerde RDX.<\/p>\n<h4 data-start=\"2285\" data-end=\"2318\"><strong data-start=\"2289\" data-end=\"2318\">Geurtechnische kenmerken:<\/strong><\/h4>\n<ul>\n<li data-start=\"2321\" data-end=\"2367\">Hyperrealistische simulatie van ongetagd RDX<\/li>\n<li data-start=\"2370\" data-end=\"2417\">Stabiele, krachtige en langdurige geurafgifte<\/li>\n<li data-start=\"2420\" data-end=\"2477\">Non-energetisch, volledig veilig en niet-regimeplichtig<\/li>\n<li data-start=\"2480\" data-end=\"2524\">Ontwikkeld door toonaangevende geurchemici<\/li>\n<li data-start=\"2527\" data-end=\"2588\">Geschikt voor imprinting, proofing en operationele training<\/li>\n<\/ul>\n<p data-start=\"2590\" data-end=\"2674\">Dit maakt het product ideaal voor intensieve en specialistische detectieprogramma\u2019s.<\/p>\n<hr data-start=\"2676\" data-end=\"2679\" \/>\n<h4 data-start=\"2681\" data-end=\"2749\"><strong data-start=\"2684\" data-end=\"2749\">Perfect voor Alle Professionele EOD- en Detectie-Organisaties<\/strong><\/h4>\n<p data-start=\"2751\" data-end=\"2909\">De SCENTLOGIX Untagged RDX Training Aid wordt wereldwijd gebruikt door teams die werken aan explosievenopsporing, antiterrorisme, beveiliging en risicobeheer.<\/p>\n<h4 data-start=\"2911\" data-end=\"2946\"><strong data-start=\"2915\" data-end=\"2946\">Geschikt voor onder andere:<\/strong><\/h4>\n<ul>\n<li data-start=\"2949\" data-end=\"2990\">Politie en speciale explosieveneenheden<\/li>\n<li data-start=\"2993\" data-end=\"3029\">Militaire explosievendetectieteams<\/li>\n<li data-start=\"3032\" data-end=\"3057\">Douane en grensbewaking<\/li>\n<li data-start=\"3060\" data-end=\"3100\">Luchthavens, havens en logistieke hubs<\/li>\n<li data-start=\"3103\" data-end=\"3127\">Evenementenbeveiliging<\/li>\n<li data-start=\"3130\" data-end=\"3167\">Overheids- en defensiecontractanten<\/li>\n<li data-start=\"3170\" data-end=\"3204\">Professionele K9-trainingscentra<\/li>\n<\/ul>\n<p data-start=\"3206\" data-end=\"3331\">Doordat RDX vaak onderdeel is van gemengde of sterk gemaskeerde explosieven, is herkenning van dit basiscomponent essentieel.<\/p>\n<p data-start=\"3206\" data-end=\"3331\"><img loading=\"lazy\" decoding=\"async\" class=\"alignnone\" title=\"SCENTLOGIX Untagged RDX Training Aid\" src=\"https:\/\/dogpride.nl\/wp-content\/uploads\/untagg_doble-150x150.png\" alt=\"SCENTLOGIX Untagged RDX Training Aid\" width=\"150\" height=\"150\" \/><\/p>\n<hr data-start=\"3333\" data-end=\"3336\" \/>\n<h4 data-start=\"3338\" data-end=\"3386\"><strong data-start=\"3341\" data-end=\"3386\">Volledig Veilig, Hygi\u00ebnisch en Risicoloos<\/strong><\/h4>\n<p data-start=\"3388\" data-end=\"3532\">Waar werken met echte RDX onmogelijk en gevaarlijk is, biedt SCENTLOGIX een geurmiddel dat <strong data-start=\"3479\" data-end=\"3526\">100% veilig, non-toxisch en non-energetisch<\/strong> est.<\/p>\n<h4 data-start=\"3534\" data-end=\"3577\"><strong data-start=\"3538\" data-end=\"3577\">Belangrijkste veiligheidsvoordelen:<\/strong><\/h4>\n<ul>\n<li data-start=\"3580\" data-end=\"3611\">Geen explosie- of brandgevaar<\/li>\n<li data-start=\"3614\" data-end=\"3651\">Geen gevaarlijke dampen of residuen<\/li>\n<li data-start=\"3654\" data-end=\"3692\">Geen opslag- of transportrestricties<\/li>\n<li data-start=\"3695\" data-end=\"3742\">Veilig voor hond, trainer en trainingslocatie<\/li>\n<li data-start=\"3745\" data-end=\"3788\">Hygi\u00ebnisch, schoon en makkelijk inzetbaar<\/li>\n<\/ul>\n<p data-start=\"3790\" data-end=\"3874\">Dit maakt het een ideaal trainingsmiddel binnen zowel indoor als outdoor omgevingen.<\/p>\n<hr data-start=\"3876\" data-end=\"3879\" \/>\n<h4 data-start=\"3881\" data-end=\"3943\"><strong data-start=\"3884\" data-end=\"3943\">Uitzonderlijke Duurzaamheid &amp; Consistente K9-Prestaties<\/strong><\/h4>\n<p data-start=\"3945\" data-end=\"4036\">De Untagged RDX Training Aid is ontworpen voor langdurige, intensieve trainingsprogramma\u2019s.<\/p>\n<h4 data-start=\"4038\" data-end=\"4084\"><strong data-start=\"4042\" data-end=\"4084\">Voordelen van langdurige geurretentie:<\/strong><\/h4>\n<ul>\n<li data-start=\"4087\" data-end=\"4113\">Zeer lange bruikbaarheid<\/li>\n<li data-start=\"4116\" data-end=\"4166\">Weerbestendig: geschikt voor hitte, kou en vocht<\/li>\n<li data-start=\"4169\" data-end=\"4210\">Constante geursterkte, sessie na sessie<\/li>\n<li data-start=\"4213\" data-end=\"4257\">Economisch door uitzonderlijke stabiliteit<\/li>\n<li data-start=\"4260\" data-end=\"4308\">Perfect voor dagelijkse inzet \u00e9n certificering<\/li>\n<\/ul>\n<p data-start=\"4310\" data-end=\"4383\">Deze voorspelbaarheid zorgt ervoor dat honden sneller en accurater leren.<\/p>\n<hr data-start=\"4385\" data-end=\"4388\" \/>\n<h4 data-start=\"4390\" data-end=\"4433\"><strong data-start=\"4393\" data-end=\"4433\">Compatibel met Alle Detectiemethoden<\/strong><\/h4>\n<p data-start=\"4435\" data-end=\"4472\">De SCENTLOGIX Untagged RDX Training Aid werkt uitstekend met:<\/p>\n<ul>\n<li data-start=\"4476\" data-end=\"4504\">Geurboxen &amp; detectiewanden<\/li>\n<li data-start=\"4507\" data-end=\"4542\">Detectiekoffers &amp; verstopobjecten<\/li>\n<li data-start=\"4545\" data-end=\"4561\">Voertuigsearch<\/li>\n<li data-start=\"4564\" data-end=\"4593\">Bagage- en pakketinspecties<\/li>\n<li data-start=\"4596\" data-end=\"4622\">Gebouw- en terreinsearch<\/li>\n<li data-start=\"4625\" data-end=\"4659\">Scenario-gebaseerde EOD-training<\/li>\n<li data-start=\"4662\" data-end=\"4716\">Imprinting en proofing voor nieuwe en ervaren honden<\/li>\n<\/ul>\n<p data-start=\"4718\" data-end=\"4806\">Hiermee past het product perfect binnen elk professioneel explosieven-detectieprogramma.<\/p>\n<hr data-start=\"4808\" data-end=\"4811\" \/>\n<h4 data-start=\"4813\" data-end=\"4879\"><strong data-start=\"4816\" data-end=\"4879\">Waarom kiezen voor de SCENTLOGIX Untagged RDX Training Aid?<\/strong><\/h4>\n<ul>\n<li data-start=\"4883\" data-end=\"4938\">Realistisch geurprofiel van puur, onge\u00ebtiketteerd RDX<\/li>\n<li data-start=\"4941\" data-end=\"4995\">Wereldwijd vertrouwd door EOD- en militaire K9-teams<\/li>\n<li data-start=\"4998\" data-end=\"5047\">Synthetisch, volledig veilig en non-energetisch<\/li>\n<li data-start=\"5050\" data-end=\"5095\">Uitzonderlijke geurzuiverheid &amp; stabiliteit<\/li>\n<li data-start=\"5098\" data-end=\"5148\">Perfect voor hoogwaardige explosievenopleidingen<\/li>\n<li data-start=\"5151\" data-end=\"5202\">Ideaal voor operationele, realistische scenario\u2019s<\/li>\n<li data-start=\"5205\" data-end=\"5251\">Duurzaam, betrouwbaar en gebruiksvriendelijk<\/li>\n<\/ul>\n<p data-start=\"5253\" data-end=\"5385\">Met deze training aid train je explosievenhonden op <strong data-start=\"5305\" data-end=\"5318\">topniveau<\/strong>, zodat ze klaar zijn voor echte, ongefilterde dreigingsscenario\u2019s.<\/p>\n<p data-start=\"5253\" data-end=\"5385\">\n<p data-start=\"5253\" data-end=\"5385\"><a href=\"https:\/\/scentlogix.com\/s\/\" target=\"_blank\" rel=\"noopener\"><img loading=\"lazy\" decoding=\"async\" class=\"alignnone\" title=\"SCENTLOGIX Untagged RDX Training Aid\" src=\"https:\/\/dogpride.nl\/wp-content\/uploads\/ScentLogix-logo-1.jpg\" alt=\"SCENTLOGIX Untagged RDX Training Aid\" width=\"292\" height=\"89\" \/><\/a><\/p>","protected":false},"excerpt":{"rendered":"<p>Le <strong data-start=\"409\" data-end=\"449\">SCENTLOGIX Untagged RDX Training Aid<\/strong> is een geavanceerd, wetenschappelijk ontwikkeld geurmiddel dat detection dogs traint in het herkennen van <strong data-start=\"556\" data-end=\"579\">onge\u00ebtiketteerd RDX.<\/strong><\/p>","protected":false},"featured_media":93324,"template":"","meta":[],"product_brand":[],"product_cat":[4011],"product_tag":[6994,8126,14725,14674,14680,14657,14675,8127,14672,14723,14721,3239,14720,14726,14724,3252,14579,14719,14722,8128,3157,8125,14679],"class_list":{"0":"post-93323","1":"product","2":"type-product","3":"status-publish","4":"has-post-thumbnail","6":"product_cat-scentlogix-geurstoffen","7":"product_tag-aid","8":"product_tag-cyclonite","9":"product_tag-detection-dog-explosive-training","10":"product_tag-eod-training-aid","11":"product_tag-explosieven-geurmiddel-k9","12":"product_tag-explosive-detection-dog-aid","13":"product_tag-explosive-precursor-detection","14":"product_tag-hexagen","15":"product_tag-k9-explosives-detection","16":"product_tag-military-bomb-dog-training","17":"product_tag-ongeetiketteerd-rdx-geurtraining-hond","18":"product_tag-rdx","19":"product_tag-rdx-detection-dog-training","20":"product_tag-rdx-odor-imprinting","21":"product_tag-scent-detection-rdx","22":"product_tag-scentlogix","23":"product_tag-scentlogix-training-kit","24":"product_tag-scentlogix-untagged-rdx-training-aid","25":"product_tag-synthetic-rdx-odor","26":"product_tag-t4","27":"product_tag-training","28":"product_tag-untagged","29":"product_tag-veiligheidsdetectie-hond","30":"product_shipping_class-groot-pakket","32":"first","33":"instock","34":"taxable","35":"shipping-taxable","36":"purchasable","37":"product-type-variable"},"mb":[],"mfb_rest_fields":["title"],"_links":{"self":[{"href":"https:\/\/dogpride.nl\/fr\/wp-json\/wp\/v2\/product\/93323","targetHints":{"allow":["GET"]}}],"collection":[{"href":"https:\/\/dogpride.nl\/fr\/wp-json\/wp\/v2\/product"}],"about":[{"href":"https:\/\/dogpride.nl\/fr\/wp-json\/wp\/v2\/types\/product"}],"wp:featuredmedia":[{"embeddable":true,"href":"https:\/\/dogpride.nl\/fr\/wp-json\/wp\/v2\/media\/93324"}],"wp:attachment":[{"href":"https:\/\/dogpride.nl\/fr\/wp-json\/wp\/v2\/media?parent=93323"}],"wp:term":[{"taxonomy":"product_brand","embeddable":true,"href":"https:\/\/dogpride.nl\/fr\/wp-json\/wp\/v2\/product_brand?post=93323"},{"taxonomy":"product_cat","embeddable":true,"href":"https:\/\/dogpride.nl\/fr\/wp-json\/wp\/v2\/product_cat?post=93323"},{"taxonomy":"product_tag","embeddable":true,"href":"https:\/\/dogpride.nl\/fr\/wp-json\/wp\/v2\/product_tag?post=93323"}],"curies":[{"name":"wp","href":"https:\/\/api.w.org\/{rel}","templated":true}]}}