{"id":93317,"date":"2022-07-13T14:48:22","date_gmt":"2022-07-13T12:48:22","guid":{"rendered":"https:\/\/www.dogpride.nl\/?post_type=product&#038;p=93317"},"modified":"2025-11-25T16:11:50","modified_gmt":"2025-11-25T15:11:50","slug":"scentlogix-nitrocellulose-training-aid","status":"publish","type":"product","link":"https:\/\/dogpride.nl\/fr\/scentlogix-nitrocellulose-training-aid\/","title":{"rendered":"SCENTLOGIX Nitrocellulose Training Aid"},"content":{"rendered":"<h4>SCENTLOGIX Nitrocellulose Training Aid<\/h4>\n<p>SCENTLOGIX Nitrocellulose Training Aid<\/p>\n<p>Accompagnement individuel \u00e0 la formation pour 18 mois d&#039;approvisionnement en parfum synth\u00e9tique de nitrocellulose. Le parfum est impr\u00e9gn\u00e9 d&#039;un compos\u00e9 \u00e0 base de silice contenu dans une pochette en coton \u00e9tanche. Pour l&#039;utiliser, retirez-le simplement du sac anti-odeur, placez-le dans une cage de rangement ou un sac \u00e0 stup\u00e9fiants et installez-le comme vous le feriez pour la vraie substance. Une fois l&#039;entra\u00eenement termin\u00e9, replacez-le dans le sac et conservez-le au cong\u00e9lateur.<\/p>\n<p><strong class=\"x-el x-el-span c2-2e c2-2f c2-3 c2-6i c2-1u c2-5s c2-6j\">Les kits de nitrocellulose contiennent 2 x aides \u00e0 la formation en nitrocellulose, un tube de rangement magn\u00e9tique, un tuyau de rangement souterrain, un sac de protection auxiliaire et une serviette parfum\u00e9e<\/strong><\/p>\n<p><strong>Disponible en tant que\u00a0:<\/strong><\/p>\n<ul>\n<li>Recharge<\/li>\n<li>Trousse de parfum<\/li>\n<\/ul>\n<p><a href=\"https:\/\/dogpride.nl\/fr\/k9\/detectie\/detectie-geurstoffen\/scentlogix-geurstoffen\/\"><img loading=\"lazy\" decoding=\"async\" class=\"alignnone\" title=\"SCENTLOGIX Nitrocellulose Training Aid\" src=\"https:\/\/dogpride.nl\/wp-content\/uploads\/nitrocelulosa_sencillo-1-150x150.png\" alt=\"SCENTLOGIX Nitrocellulose Training Aid\" width=\"150\" height=\"150\" \/><\/a><\/p>\n<h4 data-start=\"305\" data-end=\"419\"><strong data-start=\"307\" data-end=\"419\">SCENTLOGIX Nitrocellulose Training Aid \u2013 Hoogwaardig Geurmiddel voor Professionele Explosievendetectiehonden<\/strong><\/h4>\n<p data-start=\"421\" data-end=\"915\">Le <strong data-start=\"424\" data-end=\"466\">SCENTLOGIX Nitrocellulose Training Aid<\/strong> is een geavanceerd, wetenschappelijk ontwikkeld geurmiddel dat detection dogs traint in het herkennen van <strong data-start=\"573\" data-end=\"591\">nitrocellulose<\/strong>, een cruciale component in rookloos kruit, pyrotechniek en diverse explosieve mengsels. Nitrocellulose \u2013 ook bekend als guncotton \u2013 vormt de basis voor talloze munitie-, propellant- en industri\u00eble explosieven. Daarom is het essentieel dat explosievenhonden dit materiaal <strong data-start=\"863\" data-end=\"897\">snel, nauwkeurig en consistent<\/strong> leren detecteren.<\/p>\n<p data-start=\"917\" data-end=\"1213\">SCENTLOGIX staat wereldwijd bekend als een pionier in geurdetectietechnologie. Politiediensten, douane, militaire EOD-units, havens, luchthavens en gespecialiseerde veiligheidsorganisaties vertrouwen op deze training aids vanwege hun <strong data-start=\"1151\" data-end=\"1212\">uitzonderlijke stabiliteit, betrouwbaarheid en veiligheid<\/strong>.<\/p>\n<hr data-start=\"1215\" data-end=\"1218\" \/>\n<h4 data-start=\"1220\" data-end=\"1286\"><strong data-start=\"1223\" data-end=\"1286\">Wetenschappelijk Geoptimaliseerd Nitrocellulose-Geurprofiel<\/strong><\/h4>\n<p data-start=\"1288\" data-end=\"1539\">De SCENTLOGIX Nitrocellulose Training Aid is ontwikkeld met behulp van geavanceerde geurchemische techniek. Het geurprofiel is zorgvuldig samengesteld om de vluchtige moleculaire componenten van echte nitrocellulose <strong data-start=\"1504\" data-end=\"1538\">hyperrealistisch na te bootsen<\/strong>.<\/p>\n<h4 data-start=\"1541\" data-end=\"1574\"><strong data-start=\"1545\" data-end=\"1574\">Geurtechnische voordelen:<\/strong><\/h4>\n<ul>\n<li data-start=\"1577\" data-end=\"1632\">Realistische reconstructie van nitrocellulose-aroma\u2019s<\/li>\n<li data-start=\"1635\" data-end=\"1684\">100% non-energetisch, volledig veilig en legaal<\/li>\n<li data-start=\"1687\" data-end=\"1751\">Sterke en stabiele geurafgifte onder wisselende omstandigheden<\/li>\n<li data-start=\"1754\" data-end=\"1814\">Geschikt voor zowel beginners als gevorderde EDD\/K9-honden<\/li>\n<li data-start=\"1817\" data-end=\"1856\">Ontwikkeld door experts in geurchemie<\/li>\n<\/ul>\n<p data-start=\"1858\" data-end=\"1957\">Hierdoor worden honden getraind op een geurbron die nauw aansluit bij echte operationele situaties.<\/p>\n<hr data-start=\"1959\" data-end=\"1962\" \/>\n<h4 data-start=\"1964\" data-end=\"2032\"><strong data-start=\"1967\" data-end=\"2032\">Ideaal voor Professionele Explosieven- en Veiligheidsdiensten<\/strong><\/h4>\n<p data-start=\"2034\" data-end=\"2220\">Nitrocellulose komt voor in tal van explosieve en pyrotechnische producten. Voor K9\u2019s die worden ingezet binnen kritieke beveiligingssectoren is detectie van deze stof van vitaal belang.<\/p>\n<h4 data-start=\"2222\" data-end=\"2257\"><strong data-start=\"2226\" data-end=\"2257\">Veelgebruikte toepassingen:<\/strong><\/h4>\n<ul>\n<li data-start=\"2260\" data-end=\"2297\">Explosievenopruimingsdiensten (EOD)<\/li>\n<li data-start=\"2300\" data-end=\"2334\">Politie- en anti-terreureenheden<\/li>\n<li data-start=\"2337\" data-end=\"2361\">Douane &amp; grensbewaking<\/li>\n<li data-start=\"2364\" data-end=\"2389\">Militaire detectieteams<\/li>\n<li data-start=\"2392\" data-end=\"2422\">Lucht- en zeehavenveiligheid<\/li>\n<li data-start=\"2425\" data-end=\"2451\">Logistieke ketenbewaking<\/li>\n<li data-start=\"2454\" data-end=\"2508\">Professionele trainingscentra voor explosievenhonden<\/li>\n<\/ul>\n<p data-start=\"2510\" data-end=\"2641\">Door de hoge geurzuiverheid kunnen honden pure nitrocellulose, gemengde poeders en gemaskeerde geursignaturen effectief detecteren.<\/p>\n<hr data-start=\"2643\" data-end=\"2646\" \/>\n<h4 data-start=\"2648\" data-end=\"2691\"><strong data-start=\"2651\" data-end=\"2691\">Volledig Veilig &amp; Risicoloos Trainen<\/strong><\/h4>\n<p data-start=\"2693\" data-end=\"2921\">Het werken met echte nitrocellulose is potentieel gevaarlijk vanwege de brandbare en explosieve eigenschappen. SCENTLOGIX biedt een <strong data-start=\"2825\" data-end=\"2864\">veilig, non-energetisch alternatief<\/strong>, waarmee trainingen zonder risico\u2019s kunnen plaatsvinden.<\/p>\n<h4 data-start=\"2923\" data-end=\"2966\"><strong data-start=\"2927\" data-end=\"2966\">Belangrijkste veiligheidsvoordelen:<\/strong><\/h4>\n<ul>\n<li data-start=\"2969\" data-end=\"3000\">Geen explosie- of brandgevaar<\/li>\n<li data-start=\"3003\" data-end=\"3046\">Geen giftige dampen of chemische residuen<\/li>\n<li data-start=\"3049\" data-end=\"3095\">Geen speciale opslag of vergunningen vereist<\/li>\n<li data-start=\"3098\" data-end=\"3140\">Veilig voor honden, trainers en omgeving<\/li>\n<li data-start=\"3143\" data-end=\"3187\">Eenvoudig, schoon en hygi\u00ebnisch in gebruik<\/li>\n<\/ul>\n<p data-start=\"3189\" data-end=\"3284\">Dit maakt het product geschikt voor zowel indoor- als outdoortraining op alle soorten locaties.<\/p>\n<p data-start=\"3189\" data-end=\"3284\"><img loading=\"lazy\" decoding=\"async\" class=\"alignnone\" title=\"SCENTLOGIX Nitrocellulose Training Aid\" src=\"https:\/\/dogpride.nl\/wp-content\/uploads\/Nitrocelulosa_doble-150x150.png\" alt=\"SCENTLOGIX Nitrocellulose Training Aid\" width=\"150\" height=\"150\" \/><\/p>\n<hr data-start=\"3286\" data-end=\"3289\" \/>\n<h4 data-start=\"3291\" data-end=\"3350\"><strong data-start=\"3294\" data-end=\"3350\">Uitzonderlijke Duurzaamheid &amp; Consistente Prestaties<\/strong><\/h4>\n<p data-start=\"3352\" data-end=\"3588\">Zoals alle SCENTLOGIX-producten staat ook deze training aid bekend om zijn <strong data-start=\"3427\" data-end=\"3472\">lange levensduur en stabiele geurretentie<\/strong>. De geur blijft intens, herkenbaar en betrouwbaar \u2013 zelfs bij herhaald gebruik of uitdagende omgevingstemperaturen.<\/p>\n<h4 data-start=\"3590\" data-end=\"3635\"><strong data-start=\"3594\" data-end=\"3635\">Voordelen van langdurige geurafgifte:<\/strong><\/h4>\n<ul>\n<li data-start=\"3638\" data-end=\"3667\">Extreem lange bruikbaarheid<\/li>\n<li data-start=\"3670\" data-end=\"3709\">Resistenter tegen hitte, kou en vocht<\/li>\n<li data-start=\"3712\" data-end=\"3760\">Betrouwbaar bij dagelijks en intensief gebruik<\/li>\n<li data-start=\"3763\" data-end=\"3793\">Altijd constante geursterkte<\/li>\n<li data-start=\"3796\" data-end=\"3835\">Kostenbesparend door hoge stabiliteit<\/li>\n<\/ul>\n<p data-start=\"3837\" data-end=\"3946\">Honden leren hierdoor sneller en effici\u00ebnter, wat leidt tot hogere nauwkeurigheid in realistischer situaties.<\/p>\n<hr data-start=\"3948\" data-end=\"3951\" \/>\n<h4 data-start=\"3953\" data-end=\"3996\"><strong data-start=\"3956\" data-end=\"3996\">Compatibel met Alle Detectiemethoden<\/strong><\/h4>\n<p data-start=\"3998\" data-end=\"4118\">De SCENTLOGIX Nitrocellulose Training Aid kan worden ge\u00efntegreerd in vrijwel elke vorm van explosievendetectie-training.<\/p>\n<h4 data-start=\"4120\" data-end=\"4142\"><strong data-start=\"4124\" data-end=\"4142\">Convient \u00e0:<\/strong><\/h4>\n<ul>\n<li data-start=\"4145\" data-end=\"4180\">Detectiekoffers &amp; verstopobjecten<\/li>\n<li data-start=\"4183\" data-end=\"4211\">Geurboxen &amp; detectiewanden<\/li>\n<li data-start=\"4214\" data-end=\"4252\">Voertuig-, bagage- &amp; pakketinspectie<\/li>\n<li data-start=\"4255\" data-end=\"4281\">Gebouw- en terreinsearch<\/li>\n<li data-start=\"4284\" data-end=\"4313\">Scenario-based EOD-training<\/li>\n<li data-start=\"4316\" data-end=\"4355\">Basis imprinting \u00e9n advanced proofing<\/li>\n<\/ul>\n<p data-start=\"4357\" data-end=\"4452\">Door deze brede inzetbaarheid vormt het product een vast onderdeel van moderne EDD-programma\u2019s.<\/p>\n<hr data-start=\"4454\" data-end=\"4457\" \/>\n<h4 data-start=\"4459\" data-end=\"4527\"><strong data-start=\"4462\" data-end=\"4527\">Waarom kiezen voor de SCENTLOGIX Nitrocellulose Training Aid?<\/strong><\/h4>\n<ul>\n<li data-start=\"4531\" data-end=\"4576\">Zeer realistisch nitrocellulose-geurprofiel<\/li>\n<li data-start=\"4579\" data-end=\"4619\">Veilig, synthetisch en non-energetisch<\/li>\n<li data-start=\"4622\" data-end=\"4677\">Wereldwijd erkend door professionele EOD- en K9-teams<\/li>\n<li data-start=\"4680\" data-end=\"4721\">Uitstekende geurretentie &amp; duurzaamheid<\/li>\n<li data-start=\"4724\" data-end=\"4780\">Nauwkeurige prestaties in alle trainingsomstandigheden<\/li>\n<li data-start=\"4783\" data-end=\"4841\">Geschikt voor zowel imprinting als operationele training<\/li>\n<li data-start=\"4844\" data-end=\"4887\">Hygi\u00ebnisch, legaal en eenvoudig inzetbaar<\/li>\n<\/ul>\n<p data-start=\"4889\" data-end=\"5072\">Met deze training aid train je explosievenhonden op een <strong data-start=\"4945\" data-end=\"4998\">veilig, professioneel en toekomstbestendig niveau<\/strong>, zodat ze voorbereid zijn op uiteenlopende real-world detectiescenario\u2019s.<\/p>\n<p data-start=\"4889\" data-end=\"5072\">\n<p data-start=\"4889\" data-end=\"5072\"><a href=\"https:\/\/scentlogix.com\/s\/\" target=\"_blank\" rel=\"noopener\"><img loading=\"lazy\" decoding=\"async\" class=\"alignnone\" title=\"SCENTLOGIX Nitrocellulose Training Aid\" src=\"https:\/\/dogpride.nl\/wp-content\/uploads\/ScentLogix-logo-1.jpg\" alt=\"SCENTLOGIX Nitrocellulose Training Aid\" width=\"292\" height=\"89\" \/><\/a><\/p>","protected":false},"excerpt":{"rendered":"<p>Le <strong data-start=\"424\" data-end=\"466\">SCENTLOGIX Nitrocellulose Training Aid<\/strong> is een geavanceerd, wetenschappelijk ontwikkeld geurmiddel dat detection dogs traint in het herkennen van <strong data-start=\"573\" data-end=\"591\">nitrocellulose<\/strong>, een cruciale component in rookloos kruit, pyrotechniek en diverse explosieve mengsels.<\/p>","protected":false},"featured_media":93318,"template":"","meta":[],"product_brand":[],"product_cat":[4011],"product_tag":[6994,14739,14674,14680,14657,14675,14735,14736,8129,14734,14740,14661,14737,14738,3252,14733,14579,3157,14679],"class_list":{"0":"post-93317","1":"product","2":"type-product","3":"status-publish","4":"has-post-thumbnail","6":"product_cat-scentlogix-geurstoffen","7":"product_tag-aid","8":"product_tag-detection-dog-explosive-odor","9":"product_tag-eod-training-aid","10":"product_tag-explosieven-geurmiddel-k9","11":"product_tag-explosive-detection-dog-aid","12":"product_tag-explosive-precursor-detection","13":"product_tag-guncotton-odor-training","14":"product_tag-k9-explosives-detection-training","15":"product_tag-nitrocellulose","16":"product_tag-nitrocellulose-detection-dog","17":"product_tag-nitrocellulose-odor-imprinting","18":"product_tag-pyrotechnic-detection-dog","19":"product_tag-rookloos-kruit-geurtraining-hond","20":"product_tag-scent-detection-nitrocellulose","21":"product_tag-scentlogix","22":"product_tag-scentlogix-nitrocellulose-training-aid","23":"product_tag-scentlogix-training-kit","24":"product_tag-training","25":"product_tag-veiligheidsdetectie-hond","26":"product_shipping_class-groot-pakket","28":"first","29":"instock","30":"taxable","31":"shipping-taxable","32":"purchasable","33":"product-type-variable"},"mb":[],"mfb_rest_fields":["title"],"_links":{"self":[{"href":"https:\/\/dogpride.nl\/fr\/wp-json\/wp\/v2\/product\/93317","targetHints":{"allow":["GET"]}}],"collection":[{"href":"https:\/\/dogpride.nl\/fr\/wp-json\/wp\/v2\/product"}],"about":[{"href":"https:\/\/dogpride.nl\/fr\/wp-json\/wp\/v2\/types\/product"}],"wp:featuredmedia":[{"embeddable":true,"href":"https:\/\/dogpride.nl\/fr\/wp-json\/wp\/v2\/media\/93318"}],"wp:attachment":[{"href":"https:\/\/dogpride.nl\/fr\/wp-json\/wp\/v2\/media?parent=93317"}],"wp:term":[{"taxonomy":"product_brand","embeddable":true,"href":"https:\/\/dogpride.nl\/fr\/wp-json\/wp\/v2\/product_brand?post=93317"},{"taxonomy":"product_cat","embeddable":true,"href":"https:\/\/dogpride.nl\/fr\/wp-json\/wp\/v2\/product_cat?post=93317"},{"taxonomy":"product_tag","embeddable":true,"href":"https:\/\/dogpride.nl\/fr\/wp-json\/wp\/v2\/product_tag?post=93317"}],"curies":[{"name":"wp","href":"https:\/\/api.w.org\/{rel}","templated":true}]}}