{"id":93315,"date":"2022-07-13T13:09:52","date_gmt":"2022-07-13T11:09:52","guid":{"rendered":"https:\/\/www.dogpride.nl\/?post_type=product&#038;p=93315"},"modified":"2025-11-26T16:37:17","modified_gmt":"2025-11-26T15:37:17","slug":"scentlogix-firearms-detector-dog-training-aid","status":"publish","type":"product","link":"https:\/\/dogpride.nl\/fr\/scentlogix-firearms-detector-dog-training-aid\/","title":{"rendered":"SCENTLOGIX Firearms Detector Dog Training Aid"},"content":{"rendered":"<h4>SCENTLOGIX Firearms Detector Dog Training Aid<\/h4>\n<p>SCENTLOGIX Firearms Detector Dog Training Aid<\/p>\n<p>Une aide \u00e0 la formation offre un approvisionnement de 18 mois en parfum d&#039;arme \u00e0 feu synth\u00e9tique pour la formation de chiens d\u00e9tecteurs d&#039;explosifs.<\/p>\n<p>Le parfum est impr\u00e9gn\u00e9 d&#039;une substance \u00e0 base de silice contenue dans une pochette en coton \u00e9tanche.<br \/>\nPour l&#039;utiliser, retirez simplement du sac r\u00e9sistant aux odeurs, placez-le dans une cage de rangement, un tuyau souterrain ou un sac de stup\u00e9fiants, et installez-le comme vous le feriez pour la vraie substance.<br \/>\nUne fois que vous avez termin\u00e9 la formation, remplacez le sac et rangez-le dans le cong\u00e9lateur, le r\u00e9frig\u00e9rateur ou la glaci\u00e8re.<\/p>\n<p>Utilisez ce parfum pour entra\u00eener les chiens d\u00e9tecteurs d&#039;armes \u00e0 feu et de munitions.<\/p>\n<ul>\n<li>Disponible en recharge et en kit de d\u00e9tection<\/li>\n<\/ul>\n<p><a href=\"https:\/\/dogpride.nl\/fr\/k9\/detectie\/detectie-geurstoffen\/scentlogix-geurstoffen\/\"><img loading=\"lazy\" decoding=\"async\" class=\"alignnone\" title=\"SCENTLOGIX Firearms Detector Dog Training Aid\" src=\"https:\/\/dogpride.nl\/wp-content\/uploads\/replacefirearms.png\" alt=\"SCENTLOGIX Firearms Detector Dog Training Aid\" width=\"134\" height=\"134\" \/><\/a><\/p>\n<h4 data-start=\"300\" data-end=\"416\"><strong data-start=\"302\" data-end=\"416\">SCENTLOGIX Firearms Detector Dog Training Aid \u2013 Geavanceerd Geurmiddel voor Professionele Wapen-Detectiehonden<\/strong><\/h4>\n<p data-start=\"418\" data-end=\"876\">Le <strong data-start=\"421\" data-end=\"470\">SCENTLOGIX Firearms Detector Dog Training Aid<\/strong> is een uiterst geavanceerd, wetenschappelijk ontwikkeld geurmiddel dat detection dogs traint in het herkennen van <strong data-start=\"585\" data-end=\"613\">wapengerelateerde geuren<\/strong>, zoals pistolen, geweren, munitie en vuurwapencomponenten. Omdat vuurwapens vaak verborgen, gemaskeerd of gedemonteerd worden vervoerd, moeten K9-detectiehonden beschikken over <strong data-start=\"791\" data-end=\"821\">uitstekende geurherkenning<\/strong> op basis van metaal-, olie-, kruit- en residugeuren.<\/p>\n<p data-start=\"878\" data-end=\"1268\">Met deze training aid biedt SCENTLOGIX een <strong data-start=\"921\" data-end=\"979\">volledig veilige, synthetische en nauwkeurige geurbron<\/strong> die detection dogs voorbereidt op de realiteit van moderne veiligheidsoperaties. Politiediensten, douane, militaire eenheden, beveiligingsorganisaties en K9-trainingscentra wereldwijd vertrouwen op deze geurfamilie vanwege de uitzonderlijke consistentie, betrouwbaarheid en geurkwaliteit.<\/p>\n<hr data-start=\"1270\" data-end=\"1273\" \/>\n<h4 data-start=\"1275\" data-end=\"1326\"><strong data-start=\"1278\" data-end=\"1326\">Wetenschappelijk Ontwikkeld Wapengeurprofiel<\/strong><\/h4>\n<p data-start=\"1328\" data-end=\"1661\">Wapens dragen meerdere vluchtige geurcomponenten met zich mee \u2014 van bewerkte metalen en wapenolie tot verbrand kruit, residu en behoudsmiddelen. De SCENTLOGIX Firearms Training Aid is ontwikkeld door geurchemici die deze complexe geurmatrix hebben <strong data-start=\"1576\" data-end=\"1660\">gereconstrueerd tot een stabiel, reproduceerbaar en hyperrealistisch geurprofiel<\/strong>.<\/p>\n<h4 data-start=\"1663\" data-end=\"1696\"><strong data-start=\"1667\" data-end=\"1696\">Geurtechnische voordelen:<\/strong><\/h4>\n<ul>\n<li data-start=\"1699\" data-end=\"1772\">Natuurgetrouwe simulatie van metaal-, olie- en kruitgerelateerde geuren<\/li>\n<li data-start=\"1775\" data-end=\"1811\">100% non-toxisch, legaal en veilig<\/li>\n<li data-start=\"1814\" data-end=\"1848\">Stabiele, langdurige geurafgifte<\/li>\n<li data-start=\"1851\" data-end=\"1911\">Effectief voor imprinting, proofing en gevorderde detectie<\/li>\n<li data-start=\"1914\" data-end=\"1967\">Ontwikkeld voor gebruik in uiteenlopende omgevingen<\/li>\n<\/ul>\n<p data-start=\"1969\" data-end=\"2064\">Dit zorgt voor uiterst consistent leergedrag en een direct toepasbare operationele vaardigheid.<\/p>\n<hr data-start=\"2066\" data-end=\"2069\" \/>\n<h4 data-start=\"2071\" data-end=\"2126\"><strong data-start=\"2074\" data-end=\"2126\">Onmisbaar voor Veiligheids- &amp; Opsporingsdiensten<\/strong><\/h4>\n<p data-start=\"2128\" data-end=\"2331\">Het detecteren van verborgen vuurwapens is cruciaal voor bijna alle beveiligings-, politie- en grensbewakingsoperaties. Met SCENTLOGIX kunnen honden effectief trainen op geurcomponenten die voorkomen op:<\/p>\n<ul>\n<li data-start=\"2335\" data-end=\"2386\">Pistolen, revolvers, geweren en shotgunonderdelen<\/li>\n<li data-start=\"2389\" data-end=\"2413\">Magazijnen en patronen<\/li>\n<li data-start=\"2416\" data-end=\"2459\">Onlangs afgevuurde wapens (GSR-profielen)<\/li>\n<li data-start=\"2462\" data-end=\"2502\">Verstopte of gemanipuleerde vuurwapens<\/li>\n<li data-start=\"2505\" data-end=\"2548\">Gedemonteerde en afzonderlijke onderdelen<\/li>\n<li data-start=\"2551\" data-end=\"2604\">Wapens in tassen, voertuigen, gebouwen of pakketten<\/li>\n<\/ul>\n<p data-start=\"2606\" data-end=\"2790\">Hiermee worden K9-teams beter voorbereid op realistische detectiescenario\u2019s, vari\u00ebrend van dagelijkse politie-inzet tot beveiliging van evenementen, openbare ruimtes en transportzones.<\/p>\n<p><img loading=\"lazy\" decoding=\"async\" class=\"alignnone\" title=\"SCENTLOGIX Firearms Detector Dog Training Aid\" src=\"https:\/\/scentlogix.com\/s\/wp-content\/uploads\/doble-firearms.png\" alt=\"SCENTLOGIX Firearms Detector Dog Training Aid\" width=\"125\" height=\"125\" \/><\/p>\n<h4 data-start=\"2797\" data-end=\"2844\"><strong data-start=\"2800\" data-end=\"2844\">Volledig Veilig, Hygi\u00ebnisch &amp; Risicoloos<\/strong><\/h4>\n<p data-start=\"2846\" data-end=\"3095\">Training met echte wapens of munitie brengt veiligheidsrisico\u2019s, wettelijke beperkingen en opslagvoorschriften met zich mee. De SCENTLOGIX Firearms Detector Aid biedt een <strong data-start=\"3017\" data-end=\"3051\">veilig synthetisch alternatief<\/strong> dat zonder restricties kan worden gebruikt.<\/p>\n<h4 data-start=\"3097\" data-end=\"3140\"><strong data-start=\"3101\" data-end=\"3140\">Belangrijkste veiligheidsvoordelen SCENTLOGIX Firearms Detector Dog Training Aid:<\/strong><\/h4>\n<ul>\n<li data-start=\"3143\" data-end=\"3174\">Geen explosie- of brandgevaar<\/li>\n<li data-start=\"3177\" data-end=\"3224\">Geen scherpe wapens of werkende munitie nodig<\/li>\n<li data-start=\"3227\" data-end=\"3272\">Geen wettelijke opslag- of vergunningseisen<\/li>\n<li data-start=\"3275\" data-end=\"3324\">Geen residu, contaminatie of schadelijke dampen<\/li>\n<li data-start=\"3327\" data-end=\"3372\">Hygi\u00ebnisch, schoon en makkelijk te hanteren<\/li>\n<\/ul>\n<p data-start=\"3374\" data-end=\"3519\">Dit maakt het product perfect voor trainingscentra, politieacademies, douanelocaties, luchthavens en binnenruimtes met strenge veiligheidsregels.<\/p>\n<hr data-start=\"3521\" data-end=\"3524\" \/>\n<h4 data-start=\"3526\" data-end=\"3582\"><strong data-start=\"3529\" data-end=\"3582\">Uitzonderlijke Duurzaamheid &amp; Stabiele Prestaties<\/strong><\/h4>\n<p data-start=\"3584\" data-end=\"3758\">De SCENTLOGIX Firearms Training Aid staat bekend om zijn <strong data-start=\"3641\" data-end=\"3690\">longe levensduur en constante geurintensiteit<\/strong>, zelfs bij intensieve trainingsprogramma\u2019s of extreme temperaturen.<\/p>\n<h4 data-start=\"3760\" data-end=\"3806\"><strong data-start=\"3764\" data-end=\"3806\">Voordelen van langdurige geurretentie:<\/strong><\/h4>\n<ul>\n<li data-start=\"3809\" data-end=\"3838\">Extreem lange bruikbaarheid<\/li>\n<li data-start=\"3841\" data-end=\"3876\">Bestand tegen kou, hitte en vocht<\/li>\n<li data-start=\"3879\" data-end=\"3921\">Consistente prestaties, sessie na sessie<\/li>\n<li data-start=\"3924\" data-end=\"3961\">Economisch dankzij lange levensduur<\/li>\n<li data-start=\"3964\" data-end=\"4023\">Ideaal voor dagelijkse \u00e9n certificeringsgerichte training<\/li>\n<\/ul>\n<p data-start=\"4025\" data-end=\"4133\">Dit maakt het product geschikt voor zowel basisopleiding van jonge honden als tactische high-level K9-teams.<\/p>\n<hr data-start=\"4135\" data-end=\"4138\" \/>\n<h4 data-start=\"4140\" data-end=\"4197\"><strong data-start=\"4143\" data-end=\"4197\">Compatibel met Alle Professionele Detectiemethoden<\/strong><\/h4>\n<p data-start=\"4199\" data-end=\"4288\">De training aid werkt perfect samen met moderne detection tools en scenario\u2019s, waaronder:<\/p>\n<ul>\n<li data-start=\"4292\" data-end=\"4327\">Detectiekoffers &amp; verstopobjecten<\/li>\n<li data-start=\"4330\" data-end=\"4359\">Geurboxen en detectiewanden<\/li>\n<li data-start=\"4362\" data-end=\"4381\">Voertuiginspectie<\/li>\n<li data-start=\"4384\" data-end=\"4418\">Bagage-, pakket- en gebouwsearch<\/li>\n<li data-start=\"4421\" data-end=\"4488\">Scenario-based training (scholen, stadions, stations, voertuigen)<\/li>\n<li data-start=\"4491\" data-end=\"4527\">Imprinting en proofing-methodieken<\/li>\n<\/ul>\n<p data-start=\"4529\" data-end=\"4612\">Hiermee past het product naadloos binnen elk professioneel wapen-detectieprogramma.<\/p>\n<hr data-start=\"4614\" data-end=\"4617\" \/>\n<h4 data-start=\"4619\" data-end=\"4694\"><strong data-start=\"4622\" data-end=\"4694\">Waarom kiezen voor de SCENTLOGIX Firearms Detector Dog Training Aid?<\/strong><\/h4>\n<ul>\n<li data-start=\"4698\" data-end=\"4753\">Hyperrealistisch geurprofiel van vuurwapens &amp; munitie<\/li>\n<li data-start=\"4756\" data-end=\"4795\">Ontwikkeld door experts in geurchemie<\/li>\n<li data-start=\"4798\" data-end=\"4842\">Volledig veilig, legaal en non-energetisch<\/li>\n<li data-start=\"4845\" data-end=\"4909\">Wereldwijd erkend door politie-, douane- en militaire K9-teams<\/li>\n<li data-start=\"4912\" data-end=\"4955\">Uitzonderlijke geurretentie &amp; stabiliteit<\/li>\n<li data-start=\"4958\" data-end=\"5018\">Perfect voor imprinting, proofing en operationele training<\/li>\n<li data-start=\"5021\" data-end=\"5071\">Uitstekende prestaties onder alle omstandigheden<\/li>\n<\/ul>\n<p data-start=\"5073\" data-end=\"5240\">Met deze training aid train je detection dogs op een <strong data-start=\"5126\" data-end=\"5181\">veilig, professioneel en uiterst betrouwbaar niveau<\/strong>, ideaal voor moderne beveiligings- en opsporingsbehoeften.<\/p>\n<p data-start=\"5073\" data-end=\"5240\"><a href=\"https:\/\/scentlogix.com\/s\/\" target=\"_blank\" rel=\"noopener\"><img loading=\"lazy\" decoding=\"async\" class=\"alignnone\" title=\"SCENTLOGIX Firearms Detector Dog Training Aid\" src=\"https:\/\/dogpride.nl\/wp-content\/uploads\/ScentLogix-logo-1.jpg\" alt=\"SCENTLOGIX Firearms Detector Dog Training Aid\" width=\"292\" height=\"89\" \/><\/a><\/p>","protected":false},"excerpt":{"rendered":"<p>Le <strong data-start=\"421\" data-end=\"470\">SCENTLOGIX Firearms Detector Dog Training Aid<\/strong> is een uiterst geavanceerd, wetenschappelijk ontwikkeld geurmiddel dat detection dogs traint in het herkennen van <strong data-start=\"585\" data-end=\"613\">wapengerelateerde geuren<\/strong>, zoals pistolen, geweren, munitie en vuurwapencomponenten.<\/p>","protected":false},"featured_media":93316,"template":"","meta":[],"product_brand":[],"product_cat":[4011],"product_tag":[6994,8114,4712,14755,14743,14749,8130,14746,14754,14745,14748,14750,3252,14742,14579,14751,14752,3157,8131,14747,14744,14753],"class_list":{"0":"post-93315","1":"product","2":"type-product","3":"status-publish","4":"has-post-thumbnail","6":"product_cat-scentlogix-geurstoffen","7":"product_tag-aid","8":"product_tag-detector","9":"product_tag-dog","10":"product_tag-explosieven-en-wapendetectie-k9","11":"product_tag-firearm-detection-dog-training","12":"product_tag-firearm-odor-imprinting","13":"product_tag-firearms","14":"product_tag-gun-odor-training-aid","15":"product_tag-gun-residue-detection-training","16":"product_tag-k9-firearms-detection","17":"product_tag-munitiedetectie-hond","18":"product_tag-police-k9-firearms-training","19":"product_tag-scentlogix","20":"product_tag-scentlogix-firearms-detector-dog-training-aid","21":"product_tag-scentlogix-training-kit","22":"product_tag-security-detection-dog-training","23":"product_tag-synthetic-firearms-odor","24":"product_tag-training","25":"product_tag-vuurwapens","26":"product_tag-wapen-geurtraining-hond","27":"product_tag-wapendetectie-hond","28":"product_tag-weapon-detection-dog-aid","29":"product_shipping_class-groot-pakket","31":"first","32":"instock","33":"taxable","34":"shipping-taxable","35":"purchasable","36":"product-type-variable"},"mb":[],"mfb_rest_fields":["title"],"_links":{"self":[{"href":"https:\/\/dogpride.nl\/fr\/wp-json\/wp\/v2\/product\/93315","targetHints":{"allow":["GET"]}}],"collection":[{"href":"https:\/\/dogpride.nl\/fr\/wp-json\/wp\/v2\/product"}],"about":[{"href":"https:\/\/dogpride.nl\/fr\/wp-json\/wp\/v2\/types\/product"}],"wp:featuredmedia":[{"embeddable":true,"href":"https:\/\/dogpride.nl\/fr\/wp-json\/wp\/v2\/media\/93316"}],"wp:attachment":[{"href":"https:\/\/dogpride.nl\/fr\/wp-json\/wp\/v2\/media?parent=93315"}],"wp:term":[{"taxonomy":"product_brand","embeddable":true,"href":"https:\/\/dogpride.nl\/fr\/wp-json\/wp\/v2\/product_brand?post=93315"},{"taxonomy":"product_cat","embeddable":true,"href":"https:\/\/dogpride.nl\/fr\/wp-json\/wp\/v2\/product_cat?post=93315"},{"taxonomy":"product_tag","embeddable":true,"href":"https:\/\/dogpride.nl\/fr\/wp-json\/wp\/v2\/product_tag?post=93315"}],"curies":[{"name":"wp","href":"https:\/\/api.w.org\/{rel}","templated":true}]}}