{"id":93305,"date":"2022-07-13T12:59:29","date_gmt":"2022-07-13T10:59:29","guid":{"rendered":"https:\/\/www.dogpride.nl\/?post_type=product&#038;p=93305"},"modified":"2025-11-25T17:10:05","modified_gmt":"2025-11-25T16:10:05","slug":"scentlogix-tagged-rdx-aid","status":"publish","type":"product","link":"https:\/\/dogpride.nl\/fr\/scentlogix-tagged-rdx-aid\/","title":{"rendered":"SCENTLOGIX Tagged RDX Aid"},"content":{"rendered":"<h4>SCENTLOGIX Tagged RDX Aid<\/h4>\n<p>SCENTLOGIX Tagged RDX Aid<\/p>\n<p>Aide \u00e0 la formation individuelle qui offre 18 mois d&#039;approvisionnement en parfum synth\u00e9tique Tagged RDX. Le parfum est impr\u00e9gn\u00e9 d&#039;un compos\u00e9 \u00e0 base de silice contenu dans une pochette en coton \u00e9tanche.<br \/>\nPour l&#039;utiliser, retirez-le simplement du sac anti-odeur, placez-le dans une cage de rangement ou un sac \u00e0 stup\u00e9fiants et installez-le comme vous le feriez pour la vraie substance.<br \/>\nUne fois l&#039;entra\u00eenement termin\u00e9, replacez-le dans le sac et conservez-le au cong\u00e9lateur.<\/p>\n<h4><strong class=\"x-el x-el-span c2-2e c2-2f c2-3 c2-6i c2-1u c2-5s c2-6j\">Les kits Tagged RDX contiennent 2 x aides \u00e0 la formation Tagged RDX, un tube de rangement magn\u00e9tique, un tuyau de rangement souterrain, un sac de protection auxiliaire et une serviette parfum\u00e9e<\/strong><\/h4>\n<p>RDX staat voor Research Department Explosive, en is ook bekend als Cyclonite, Hexagen en T4. Het is een nitroamine dat wordt gebruikt door het leger en verschillende commerci\u00eble industrie\u00ebn.<br \/>\nNaast een explosief op zich, is RDX een belangrijk onderdeel van de volgende militaire explosieven:<\/p>\n<p>Composition A \u2013 Cire 91% RDX\/ 9%<\/p>\n<p>Composition B \u2013 60% RDX\/ 40% TNT<\/p>\n<p>Composition C - les variations incluent C-2, C-3 et C-4. Le plus courant est le C-4 (91% RDX, un plastifiant, un liant et une huile).<\/p>\n<p>Composition CH-6 \u2013 97.5% RDX avec st\u00e9arate de calcium, polyisobutyl\u00e8ne et graphite<\/p>\n<p>DBX \u2013 21% RDX\/ 21% Nitrate d&#039;ammonium\/ 40% TNT\/ 18% Aluminium<\/p>\n<p>Cyclotol - m\u00e9lange variable de RDX et de TNT, par exemple Cyclotol 70\/30 contient du 70% RDX et du 30% TNT<\/p>\n<p>PBX (explosifs polym\u00e8res)<\/p>\n<p>En plus de l&#039;odeur du RDX, Tagged RDX a \u00e9galement l&#039;odeur d&#039;un marqueur de d\u00e9tection (2,3-dim\u00e9thyl-2,3-dinitrobutane).<\/p>\n<p>\u00c9galement disponible : RDX non balis\u00e9<\/p>\n<p><strong>Disponible en tant que\u00a0:<\/strong><\/p>\n<ul>\n<li>Recharge<\/li>\n<li>Trousse de parfum<\/li>\n<\/ul>\n<p><a href=\"https:\/\/dogpride.nl\/fr\/k9\/detectie\/detectie-geurstoffen\/scentlogix-geurstoffen\/\"><img loading=\"lazy\" decoding=\"async\" class=\"alignnone\" title=\"SCENTLOGIX Tagged RDX Aid\" src=\"https:\/\/dogpride.nl\/wp-content\/uploads\/Tag-sencillo-150x150.png\" alt=\"SCENTLOGIX Tagged RDX Aid\" width=\"150\" height=\"150\" \/><\/a><\/p>\n<h4 data-start=\"291\" data-end=\"380\"><strong data-start=\"293\" data-end=\"380\">SCENTLOGIX Tagged RDX Aid \u2013 Professioneel Geurmiddel voor Explosievendetectiehonden<\/strong><\/h4>\n<p data-start=\"382\" data-end=\"934\">Le <strong data-start=\"385\" data-end=\"414\">SCENTLOGIX Tagged RDX Aid<\/strong> is een geavanceerd, wetenschappelijk ontwikkeld geurmiddel dat detection dogs traint in het herkennen van <strong data-start=\"521\" data-end=\"535\">getagd RDX<\/strong> \u2013 een krachtige explosieve component die wereldwijd wordt gebruikt in militaire, industri\u00eble en commerci\u00eble toepassingen. Tagged RDX bevat specifieke <strong data-start=\"686\" data-end=\"722\">chemische markeerders (taggants)<\/strong> die door fabrikanten worden toegevoegd om detectie en tracing te vergemakkelijken. Voor professionele explosievenhonden is het daarom essentieel om deze kenmerkende geurcomponenten nauwkeurig te leren herkennen.<\/p>\n<p data-start=\"936\" data-end=\"1270\">SCENTLOGIX staat internationaal bekend om hun innovatie in geurchemische detectietechnologie. Politiediensten, defensie, douane, anti-terreurunits, luchthavens en gespecialiseerde explosievenopleidingscentra vertrouwen op hun training aids vanwege de <strong data-start=\"1187\" data-end=\"1269\">realistische geurprofielen, uitzonderlijke stabiliteit en volledige veiligheid<\/strong>.<\/p>\n<hr data-start=\"1272\" data-end=\"1275\" \/>\n<h4 data-start=\"1277\" data-end=\"1346\"><strong data-start=\"1280\" data-end=\"1346\">Realistisch &amp; Wetenschappelijk Geoptimaliseerd RDX-Geurprofiel<\/strong><\/h4>\n<p data-start=\"1348\" data-end=\"1666\">Tagged RDX bevat naast de basisgeur van RDX ook unieke markeerstoffen, zoals organische of anorganische geurcomponenten die speciaal zijn ontworpen om detectie eenvoudiger te maken. De SCENTLOGIX Tagged RDX Aid simuleert deze <strong data-start=\"1574\" data-end=\"1638\">complexe combinatie van RDX-aroma\u2019s en taggant-geurmoleculen<\/strong> met onge\u00ebvenaarde precisie.<\/p>\n<h4 data-start=\"1668\" data-end=\"1701\"><strong data-start=\"1672\" data-end=\"1701\">Geurtechnische voordelen:<\/strong><\/h4>\n<ul>\n<li data-start=\"1704\" data-end=\"1787\">Hyperrealistische reconstructie van zowel RDX-basisgeuren als taggant-componenten<\/li>\n<li data-start=\"1790\" data-end=\"1830\">100% non-energetisch, veilig en legaal<\/li>\n<li data-start=\"1833\" data-end=\"1890\">Stabiele geurafgifte onder uiteenlopende omstandigheden<\/li>\n<li data-start=\"1893\" data-end=\"1945\">Perfect voor imprinting, proofing en certificering<\/li>\n<li data-start=\"1948\" data-end=\"2024\">Ontwikkeld door professionele geurchemici met diepgaande explosievenkennis<\/li>\n<\/ul>\n<p data-start=\"2026\" data-end=\"2169\">Dit maakt het geurmiddel bijzonder geschikt voor EDD-teams die moeten trainen op de varianten van RDX die zij in het veld het meest tegenkomen.<\/p>\n<hr data-start=\"2171\" data-end=\"2174\" \/>\n<h4 data-start=\"2176\" data-end=\"2230\"><strong data-start=\"2179\" data-end=\"2230\">Belangrijk voor Professionele Explosievenhonden<\/strong><\/h4>\n<p data-start=\"2232\" data-end=\"2552\">Getagd RDX is een standaardcomponent in veel moderne explosieven. Honden die in contact komen met commerci\u00eble of militair geproduceerde explosieven moeten in staat zijn <strong data-start=\"2401\" data-end=\"2419\">taggant-geuren<\/strong> feilloos te herkennen. De SCENTLOGIX Tagged RDX Aid helpt hierbij door trainers te voorzien van een betrouwbare, constante geurbron.<\/p>\n<h4 data-start=\"2554\" data-end=\"2584\"><strong data-start=\"2558\" data-end=\"2584\">Toepassingen omvatten:<\/strong><\/h4>\n<ul>\n<li data-start=\"2587\" data-end=\"2624\">Explosievenopruimingsdiensten (EOD)<\/li>\n<li data-start=\"2627\" data-end=\"2658\">Politie- en anti-terreurteams<\/li>\n<li data-start=\"2661\" data-end=\"2696\">Defensie en militaire K9-eenheden<\/li>\n<li data-start=\"2699\" data-end=\"2723\">Douane &amp; grensbewaking<\/li>\n<li data-start=\"2726\" data-end=\"2759\">Luchthaven- en havenbeveiliging<\/li>\n<li data-start=\"2762\" data-end=\"2802\">Infrastructuur- en evenementenbewaking<\/li>\n<li data-start=\"2805\" data-end=\"2863\">Professionele K9-trainings- en certificeringsprogramma\u2019s<\/li>\n<\/ul>\n<p data-start=\"2865\" data-end=\"3056\">Of het nu gaat om detectie van commerci\u00eble ladingen, industri\u00eble explosieven of verdacht materiaal: training met een <strong data-start=\"2982\" data-end=\"3000\">tagged variant<\/strong> bereidt honden optimaal voor op operationele realiteit.<\/p>\n<hr data-start=\"3058\" data-end=\"3061\" \/>\n<h4 data-start=\"3063\" data-end=\"3110\"><strong data-start=\"3066\" data-end=\"3110\">Volledig Veilig, Hygi\u00ebnisch &amp; Risicoloos<\/strong><\/h4>\n<p data-start=\"3112\" data-end=\"3317\">Omdat RDX een krachtige explosieve stof is, is training met echte materialen onmogelijk. SCENTLOGIX biedt een <strong data-start=\"3222\" data-end=\"3285\">synthetisch, volledig veilig en non-energetisch alternatief<\/strong> dat overal kan worden gebruikt.<\/p>\n<h4 data-start=\"3319\" data-end=\"3362\"><strong data-start=\"3323\" data-end=\"3362\">Belangrijkste veiligheidsvoordelen:<\/strong><\/h4>\n<ul>\n<li data-start=\"3365\" data-end=\"3396\">Geen explosie- of brandgevaar<\/li>\n<li data-start=\"3399\" data-end=\"3432\">Geen giftige dampen of residuen<\/li>\n<li data-start=\"3435\" data-end=\"3487\">Geen regels voor opslag, vergunningen of transport<\/li>\n<li data-start=\"3490\" data-end=\"3522\">Hygi\u00ebnisch en clean in gebruik<\/li>\n<li data-start=\"3525\" data-end=\"3571\">Veilig voor hond, trainer en trainingsruimte<\/li>\n<\/ul>\n<p data-start=\"3573\" data-end=\"3669\">Dit maakt training flexibel, schaalbaar en toepasbaar op alle locaties, zowel binnen als buiten.<\/p>\n<p data-start=\"3573\" data-end=\"3669\"><img loading=\"lazy\" decoding=\"async\" class=\"alignnone\" title=\"SCENTLOGIX Tagged RDX Aid\" src=\"https:\/\/dogpride.nl\/wp-content\/uploads\/tagg_doble-150x150.png\" alt=\"SCENTLOGIX Tagged RDX Aid\" width=\"150\" height=\"150\" \/><\/p>\n<hr data-start=\"3671\" data-end=\"3674\" \/>\n<h4 data-start=\"3676\" data-end=\"3738\"><strong data-start=\"3679\" data-end=\"3738\">Uitzonderlijke Duurzaamheid &amp; Constante Geurintensiteit<\/strong><\/h4>\n<p data-start=\"3740\" data-end=\"3949\">De SCENTLOGIX Tagged RDX Aid wordt geroemd om zijn <strong data-start=\"3791\" data-end=\"3813\">lange geurretentie<\/strong> en stabiliteit. Het geurprofiel blijft krachtig en accuraat, zelfs na langdurig gebruik of blootstelling aan uitdagende omstandigheden.<\/p>\n<h4 data-start=\"3951\" data-end=\"3996\"><strong data-start=\"3955\" data-end=\"3996\">Voordelen van langdurige geurafgifte:<\/strong><\/h4>\n<ul>\n<li data-start=\"3999\" data-end=\"4040\">Constante geursterkte, sessie na sessie<\/li>\n<li data-start=\"4043\" data-end=\"4089\">Bestand tegen temperatuur- en vochtvariaties<\/li>\n<li data-start=\"4092\" data-end=\"4152\">Uitstekend geschikt voor intensieve en dagelijkse training<\/li>\n<li data-start=\"4155\" data-end=\"4202\">Kosteneffici\u00ebnt door langdurige bruikbaarheid<\/li>\n<li data-start=\"4205\" data-end=\"4270\">Betrouwbare prestaties voor certificering en operationele inzet<\/li>\n<\/ul>\n<p data-start=\"4272\" data-end=\"4368\">Dit alles resulteert in betere leerresultaten en een hogere detectienauwkeurigheid van K9-teams.<\/p>\n<hr data-start=\"4370\" data-end=\"4373\" \/>\n<h4 data-start=\"4375\" data-end=\"4426\"><strong data-start=\"4378\" data-end=\"4426\">Compatibel met Alle Moderne Detectiemethoden<\/strong><\/h4>\n<p data-start=\"4428\" data-end=\"4464\">De training aid werkt effectief met:<\/p>\n<ul>\n<li data-start=\"4468\" data-end=\"4503\">Detectiekoffers &amp; verstopobjecten<\/li>\n<li data-start=\"4506\" data-end=\"4534\">Geurboxen &amp; detectiewanden<\/li>\n<li data-start=\"4537\" data-end=\"4566\">Pakket- en bagage-inspectie<\/li>\n<li data-start=\"4569\" data-end=\"4595\">Gebouw- en terreinsearch<\/li>\n<li data-start=\"4598\" data-end=\"4618\">Voertuiginspecties<\/li>\n<li data-start=\"4621\" data-end=\"4650\">Scenario-based EOD-training<\/li>\n<li data-start=\"4653\" data-end=\"4717\">Imprinting voor jonge honden \u00e9n proofing voor gevorderde teams<\/li>\n<\/ul>\n<p data-start=\"4719\" data-end=\"4813\">Hierdoor past het product probleemloos binnen elk professioneel explosieven-detectieprogramma.<\/p>\n<hr data-start=\"4815\" data-end=\"4818\" \/>\n<h4 data-start=\"4820\" data-end=\"4872\"><strong data-start=\"4823\" data-end=\"4872\">Waarom kiezen voor SCENTLOGIX Tagged RDX Aid?<\/strong><\/h4>\n<ul>\n<li data-start=\"4876\" data-end=\"4942\">Realistisch geurprofiel van commercieel geproduceerd, getagd RDX<\/li>\n<li data-start=\"4945\" data-end=\"4994\">Wetenschappelijk geoptimaliseerd en 100% veilig<\/li>\n<li data-start=\"4997\" data-end=\"5067\">Wereldwijd erkend en gebruikt door professionele EOD- en K9-eenheden<\/li>\n<li data-start=\"5070\" data-end=\"5129\">Uitzonderlijke stabiliteit, duurzaamheid en geurkwaliteit<\/li>\n<li data-start=\"5132\" data-end=\"5202\">Geschikt voor imprinting, certificering en operationele vaardigheden<\/li>\n<li data-start=\"5205\" data-end=\"5271\">Gebruiksvriendelijk, legaal en geschikt voor dagelijkse training<\/li>\n<\/ul>\n<p data-start=\"5273\" data-end=\"5445\">Met de SCENTLOGIX Tagged RDX Aid train je detection dogs op een <strong data-start=\"5337\" data-end=\"5392\">professioneel, nauwkeurig en volledig veilig niveau<\/strong>, ideaal voor alle hoogniveau explosievenprogramma\u2019s.<\/p>\n<p data-start=\"5273\" data-end=\"5445\">\n<p data-start=\"5273\" data-end=\"5445\"><a href=\"https:\/\/scentlogix.com\/s\/\" target=\"_blank\" rel=\"noopener\"><img loading=\"lazy\" decoding=\"async\" class=\"alignnone\" title=\"SCENTLOGIX Tagged RDX Aid\" src=\"https:\/\/dogpride.nl\/wp-content\/uploads\/ScentLogix-logo-1.jpg\" alt=\"SCENTLOGIX Tagged RDX Aid\" width=\"292\" height=\"89\" \/><\/a><\/p>","protected":false},"excerpt":{"rendered":"<p>Le <strong data-start=\"385\" data-end=\"414\">SCENTLOGIX Tagged RDX Aid<\/strong> is een geavanceerd, wetenschappelijk ontwikkeld geurmiddel dat detection dogs traint in het herkennen van <strong data-start=\"521\" data-end=\"535\">getagd RDX.<\/strong><\/p>","protected":false},"featured_media":93307,"template":"","meta":[],"product_brand":[],"product_cat":[4011],"product_tag":[6994,14665,8126,14725,14674,14680,14703,14657,14781,8127,14672,3239,14779,14780,3252,14777,14579,14722,8128,8132,14782,14778],"class_list":{"0":"post-93305","1":"product","2":"type-product","3":"status-publish","4":"has-post-thumbnail","6":"product_cat-scentlogix-geurstoffen","7":"product_tag-aid","8":"product_tag-bomb-dog-training","9":"product_tag-cyclonite","10":"product_tag-detection-dog-explosive-training","11":"product_tag-eod-training-aid","12":"product_tag-explosieven-geurmiddel-k9","13":"product_tag-explosive-component-detection","14":"product_tag-explosive-detection-dog-aid","15":"product_tag-explosive-odor-imprinting","16":"product_tag-hexagen","17":"product_tag-k9-explosives-detection","18":"product_tag-rdx","19":"product_tag-rdx-taggant-geurtraining-hond","20":"product_tag-scent-detection-rdx-tagged","21":"product_tag-scentlogix","22":"product_tag-scentlogix-tagged-rdx-aid","23":"product_tag-scentlogix-training-kit","24":"product_tag-synthetic-rdx-odor","25":"product_tag-t4","26":"product_tag-tagged","27":"product_tag-tagged-explosive-detection-dog","28":"product_tag-tagged-rdx-detection-dog-training","29":"product_shipping_class-groot-pakket","31":"first","32":"instock","33":"taxable","34":"shipping-taxable","35":"purchasable","36":"product-type-variable"},"mb":[],"mfb_rest_fields":["title"],"_links":{"self":[{"href":"https:\/\/dogpride.nl\/fr\/wp-json\/wp\/v2\/product\/93305","targetHints":{"allow":["GET"]}}],"collection":[{"href":"https:\/\/dogpride.nl\/fr\/wp-json\/wp\/v2\/product"}],"about":[{"href":"https:\/\/dogpride.nl\/fr\/wp-json\/wp\/v2\/types\/product"}],"wp:featuredmedia":[{"embeddable":true,"href":"https:\/\/dogpride.nl\/fr\/wp-json\/wp\/v2\/media\/93307"}],"wp:attachment":[{"href":"https:\/\/dogpride.nl\/fr\/wp-json\/wp\/v2\/media?parent=93305"}],"wp:term":[{"taxonomy":"product_brand","embeddable":true,"href":"https:\/\/dogpride.nl\/fr\/wp-json\/wp\/v2\/product_brand?post=93305"},{"taxonomy":"product_cat","embeddable":true,"href":"https:\/\/dogpride.nl\/fr\/wp-json\/wp\/v2\/product_cat?post=93305"},{"taxonomy":"product_tag","embeddable":true,"href":"https:\/\/dogpride.nl\/fr\/wp-json\/wp\/v2\/product_tag?post=93305"}],"curies":[{"name":"wp","href":"https:\/\/api.w.org\/{rel}","templated":true}]}}