{"id":92642,"date":"2022-06-27T15:06:36","date_gmt":"2022-06-27T13:06:36","guid":{"rendered":"https:\/\/www.dogpride.nl\/?post_type=product&#038;p=92642"},"modified":"2025-10-07T14:50:28","modified_gmt":"2025-10-07T12:50:28","slug":"owney-outdoor-praktische-heupgordel","status":"publish","type":"product","link":"https:\/\/dogpride.nl\/fr\/owney-outdoor-praktische-heupgordel\/","title":{"rendered":"Ceinture pratique Owney Outdoor"},"content":{"rendered":"<h4>Ceinture pratique Owney Outdoor<\/h4>\n<p>Ceinture pratique Owney Outdoor<\/p>\n<p>Ceinture abdominale pratique, facile et rapide \u00e0 enfiler gr\u00e2ce au velcro, grandes poches ext\u00e9rieures \u00e0 fermeture magn\u00e9tique pour un acc\u00e8s facile aux accessoires, poches int\u00e9rieures de s\u00e9curit\u00e9 zipp\u00e9es. Le compagnon multifonctionnel pour tous les propri\u00e9taires de chiens et les cavaliers, pour le v\u00e9lo et bien d&#039;autres activit\u00e9s.<\/p>\n<ul class=\"product--base-info list--unstyled\">\n<li class=\"base-info--entry entry-attribute\"><strong class=\"entry--label\">Mat\u00e9riel:<\/strong>\u00a0<span class=\"entry--content\">Polyester 100%<\/span><\/li>\n<\/ul>\n<p><strong>Disponible dans les couleurs :<\/strong> Zwart en Camouflage<\/p>\n<p>Le temps que nous passons ensemble dans la nature est une partie importante de la vie commune entre humains et chiens\u00a0!<br \/>\nOWNEY OUTDOOR propose des produits fiables et innovants pour ce moment pr\u00e9cieux tout au long de l&#039;ann\u00e9e et pour toutes les conditions m\u00e9t\u00e9orologiques.<\/p>\n<p><img loading=\"lazy\" decoding=\"async\" class=\"alignnone wp-image-92645 size-large\" src=\"https:\/\/www.dogpride.nl\/wp-content\/uploads\/G_1_8804_Owney_bandee_pouch_back_E-1024x1024.jpg\" alt=\"Owney Outdoor praktische heupgordel\" width=\"1024\" height=\"1024\" srcset=\"https:\/\/dogpride.nl\/wp-content\/uploads\/G_1_8804_Owney_bandee_pouch_back_E-1024x1024.jpg 1024w, https:\/\/dogpride.nl\/wp-content\/uploads\/G_1_8804_Owney_bandee_pouch_back_E-250x250.jpg 250w, https:\/\/dogpride.nl\/wp-content\/uploads\/G_1_8804_Owney_bandee_pouch_back_E-100x100.jpg 100w, https:\/\/dogpride.nl\/wp-content\/uploads\/G_1_8804_Owney_bandee_pouch_back_E-400x400.jpg 400w, https:\/\/dogpride.nl\/wp-content\/uploads\/G_1_8804_Owney_bandee_pouch_back_E-300x300.jpg 300w, https:\/\/dogpride.nl\/wp-content\/uploads\/G_1_8804_Owney_bandee_pouch_back_E-150x150.jpg 150w, https:\/\/dogpride.nl\/wp-content\/uploads\/G_1_8804_Owney_bandee_pouch_back_E-768x768.jpg 768w, https:\/\/dogpride.nl\/wp-content\/uploads\/G_1_8804_Owney_bandee_pouch_back_E-1536x1536.jpg 1536w, https:\/\/dogpride.nl\/wp-content\/uploads\/G_1_8804_Owney_bandee_pouch_back_E-2048x2048.jpg 2048w, https:\/\/dogpride.nl\/wp-content\/uploads\/G_1_8804_Owney_bandee_pouch_back_E-66x66.jpg 66w, https:\/\/dogpride.nl\/wp-content\/uploads\/G_1_8804_Owney_bandee_pouch_back_E-200x200.jpg 200w, https:\/\/dogpride.nl\/wp-content\/uploads\/G_1_8804_Owney_bandee_pouch_back_E-600x600.jpg 600w, https:\/\/dogpride.nl\/wp-content\/uploads\/G_1_8804_Owney_bandee_pouch_back_E-800x800.jpg 800w, https:\/\/dogpride.nl\/wp-content\/uploads\/G_1_8804_Owney_bandee_pouch_back_E-1200x1200.jpg 1200w\" sizes=\"auto, (max-width: 1024px) 100vw, 1024px\" \/><\/p>\n<p><a href=\"https:\/\/dogpride.nl\/fr\/kleding\/trainingsvesten\/owney-outdoor-trainingsvesten\/\"><img loading=\"lazy\" decoding=\"async\" class=\"alignnone\" title=\"Ceinture pratique Owney Outdoor\" src=\"https:\/\/dogpride.nl\/wp-content\/uploads\/1-8804_bandee_pouch_back.jpg\" alt=\"Owney Outdoor praktische heupgordel\" width=\"167\" height=\"167\" \/><\/a><\/p>\n<p>&nbsp;<\/p>\n<p><img decoding=\"async\" class=\"TZ--description-logo2\" src=\"https:\/\/owney.de\/media\/logo.png\" \/><\/p>\n<p><span style=\"color: #ffffff;\"><a style=\"color: #ffffff;\" href=\"https:\/\/devrolijkekwispel.nl\/\" target=\"_blank\" rel=\"noopener\">Dogpride NL parraine Kelly Albers<\/a><\/span><\/p>","protected":false},"excerpt":{"rendered":"<p>Ceinture abdominale pratique, facile et rapide \u00e0 enfiler gr\u00e2ce au velcro, grandes poches ext\u00e9rieures \u00e0 fermeture magn\u00e9tique pour un acc\u00e8s facile aux accessoires, poches int\u00e9rieures de s\u00e9curit\u00e9 zipp\u00e9es.<\/p>","protected":false},"featured_media":92643,"template":"","meta":[],"product_brand":[],"product_cat":[3993],"product_tag":[7561,3332,7562,7563],"class_list":{"0":"post-92642","1":"product","2":"type-product","3":"status-publish","4":"has-post-thumbnail","6":"product_cat-owney-outdoor-trainingsvesten","7":"product_tag-heupgordel","8":"product_tag-hondensport","9":"product_tag-owney-outdoor","10":"product_tag-trainingsgordel","12":"first","13":"instock","14":"taxable","15":"shipping-taxable","16":"purchasable","17":"product-type-variable"},"mb":[],"mfb_rest_fields":["title"],"_links":{"self":[{"href":"https:\/\/dogpride.nl\/fr\/wp-json\/wp\/v2\/product\/92642","targetHints":{"allow":["GET"]}}],"collection":[{"href":"https:\/\/dogpride.nl\/fr\/wp-json\/wp\/v2\/product"}],"about":[{"href":"https:\/\/dogpride.nl\/fr\/wp-json\/wp\/v2\/types\/product"}],"wp:featuredmedia":[{"embeddable":true,"href":"https:\/\/dogpride.nl\/fr\/wp-json\/wp\/v2\/media\/92643"}],"wp:attachment":[{"href":"https:\/\/dogpride.nl\/fr\/wp-json\/wp\/v2\/media?parent=92642"}],"wp:term":[{"taxonomy":"product_brand","embeddable":true,"href":"https:\/\/dogpride.nl\/fr\/wp-json\/wp\/v2\/product_brand?post=92642"},{"taxonomy":"product_cat","embeddable":true,"href":"https:\/\/dogpride.nl\/fr\/wp-json\/wp\/v2\/product_cat?post=92642"},{"taxonomy":"product_tag","embeddable":true,"href":"https:\/\/dogpride.nl\/fr\/wp-json\/wp\/v2\/product_tag?post=92642"}],"curies":[{"name":"wp","href":"https:\/\/api.w.org\/{rel}","templated":true}]}}