{"id":92596,"date":"2022-06-27T14:17:28","date_gmt":"2022-06-27T12:17:28","guid":{"rendered":"https:\/\/www.dogpride.nl\/?post_type=product&#038;p=92596"},"modified":"2025-11-16T12:05:45","modified_gmt":"2025-11-16T11:05:45","slug":"owney-outdoor-dog-sport-vest-men","status":"publish","type":"product","link":"https:\/\/dogpride.nl\/fr\/owney-outdoor-dog-sport-vest-men\/","title":{"rendered":"Owney Outdoor Dog Sport Vest Men"},"content":{"rendered":"<h4>Owney Outdoor Dog Sport Vest Men<\/h4>\n<p>Owney Outdoor Dog Sport Vest Men 6 voorzakken, enorme dummy achterzak en extra tunnelvak aan de achterkant met rits, 2 D-ringen voor het bevestigen van meer uitrusting, klittenband voor het bevestigen van een naamplaatje of logo, voor- en achterreflectoren.<\/p>\n<ul class=\"product--base-info list--unstyled\">\n<li class=\"base-info--entry entry-attribute\"><strong class=\"entry--label\">Mat\u00e9riel:<\/strong>\u00a0<span class=\"entry--content\">Tissu ext\u00e9rieur polyester 65%, coton 35% \/ doublure polyester 100%<\/span><\/li>\n<li>Couleur : Anthracite<\/li>\n<\/ul>\n<p>Le temps que nous passons ensemble dans la nature est une partie importante de la vie commune entre humains et chiens\u00a0!<br \/>\nOWNEY OUTDOOR propose des produits fiables et innovants pour ce moment pr\u00e9cieux tout au long de l&#039;ann\u00e9e et pour toutes les conditions m\u00e9t\u00e9orologiques.<\/p>\n<p><strong>Tableau des tailles:<\/strong><\/p>\n<p><img loading=\"lazy\" decoding=\"async\" class=\"alignnone wp-image-92600 size-large\" src=\"https:\/\/www.dogpride.nl\/wp-content\/uploads\/DogSportVestUnisex-1021x1024.jpg\" alt=\"Maattabel\" width=\"1021\" height=\"1024\" srcset=\"https:\/\/dogpride.nl\/wp-content\/uploads\/DogSportVestUnisex-1021x1024.jpg 1021w, https:\/\/dogpride.nl\/wp-content\/uploads\/DogSportVestUnisex-250x250.jpg 250w, https:\/\/dogpride.nl\/wp-content\/uploads\/DogSportVestUnisex-100x100.jpg 100w, https:\/\/dogpride.nl\/wp-content\/uploads\/DogSportVestUnisex-400x401.jpg 400w, https:\/\/dogpride.nl\/wp-content\/uploads\/DogSportVestUnisex-300x300.jpg 300w, https:\/\/dogpride.nl\/wp-content\/uploads\/DogSportVestUnisex-150x150.jpg 150w, https:\/\/dogpride.nl\/wp-content\/uploads\/DogSportVestUnisex-768x770.jpg 768w, https:\/\/dogpride.nl\/wp-content\/uploads\/DogSportVestUnisex-66x66.jpg 66w, https:\/\/dogpride.nl\/wp-content\/uploads\/DogSportVestUnisex-200x200.jpg 200w, https:\/\/dogpride.nl\/wp-content\/uploads\/DogSportVestUnisex-600x602.jpg 600w, https:\/\/dogpride.nl\/wp-content\/uploads\/DogSportVestUnisex-800x802.jpg 800w, https:\/\/dogpride.nl\/wp-content\/uploads\/DogSportVestUnisex.jpg 1024w\" sizes=\"auto, (max-width: 1021px) 100vw, 1021px\" \/><\/p>\n<p>&nbsp;<\/p>\n<p><a href=\"https:\/\/owney.de\/\" target=\"_blank\" rel=\"noopener\"><img loading=\"lazy\" decoding=\"async\" class=\"TZ--description-logo2 alignnone\" src=\"https:\/\/owney.de\/media\/logo.png\" alt=\"\" width=\"139\" height=\"66\" \/><\/a><\/p>\n<p><a href=\"https:\/\/dogpride.nl\/fr\/kleding\/trainingsvesten\/owney-outdoor-trainingsvesten\/\"><img loading=\"lazy\" decoding=\"async\" class=\"alignnone\" title=\"Owney Outdoor Dog Sport Vest Men\" src=\"https:\/\/dogpride.nl\/wp-content\/uploads\/1-8660_Dog_Sport_Vest_anthracite_back-1.jpg\" alt=\"Owney Outdoor Dog Sport Vest Men\" width=\"213\" height=\"298\" \/><\/a><\/p>","protected":false},"excerpt":{"rendered":"<p>Owney Outdoor Dog Sport Vest Men met 6 voorzakken, enorme dummy achterzak en extra tunnelvak aan de achterkant met rits, 2 D-ringen voor het bevestigen van meer uitrusting, klittenband voor het bevestigen van een naamplaatje of logo, voor- en achterreflectoren.<\/p>","protected":false},"featured_media":92597,"template":"","meta":[],"product_brand":[],"product_cat":[3993],"product_tag":[8235,3332,6049,7562,4763,4152],"class_list":{"0":"post-92596","1":"product","2":"type-product","3":"status-publish","4":"has-post-thumbnail","6":"product_cat-owney-outdoor-trainingsvesten","7":"product_tag-dog-sport","8":"product_tag-hondensport","9":"product_tag-hondensportvest","10":"product_tag-owney-outdoor","11":"product_tag-unisex","12":"product_tag-vest","14":"first","15":"instock","16":"taxable","17":"shipping-taxable","18":"purchasable","19":"product-type-variable"},"mb":[],"mfb_rest_fields":["title"],"_links":{"self":[{"href":"https:\/\/dogpride.nl\/fr\/wp-json\/wp\/v2\/product\/92596","targetHints":{"allow":["GET"]}}],"collection":[{"href":"https:\/\/dogpride.nl\/fr\/wp-json\/wp\/v2\/product"}],"about":[{"href":"https:\/\/dogpride.nl\/fr\/wp-json\/wp\/v2\/types\/product"}],"wp:featuredmedia":[{"embeddable":true,"href":"https:\/\/dogpride.nl\/fr\/wp-json\/wp\/v2\/media\/92597"}],"wp:attachment":[{"href":"https:\/\/dogpride.nl\/fr\/wp-json\/wp\/v2\/media?parent=92596"}],"wp:term":[{"taxonomy":"product_brand","embeddable":true,"href":"https:\/\/dogpride.nl\/fr\/wp-json\/wp\/v2\/product_brand?post=92596"},{"taxonomy":"product_cat","embeddable":true,"href":"https:\/\/dogpride.nl\/fr\/wp-json\/wp\/v2\/product_cat?post=92596"},{"taxonomy":"product_tag","embeddable":true,"href":"https:\/\/dogpride.nl\/fr\/wp-json\/wp\/v2\/product_tag?post=92596"}],"curies":[{"name":"wp","href":"https:\/\/api.w.org\/{rel}","templated":true}]}}