{"id":92545,"date":"2022-06-27T09:01:44","date_gmt":"2022-06-27T07:01:44","guid":{"rendered":"https:\/\/www.dogpride.nl\/?post_type=product&#038;p=92545"},"modified":"2026-03-16T14:02:53","modified_gmt":"2026-03-16T13:02:53","slug":"hs-sprenger-showketting-rvs-impuls-plus","status":"publish","type":"product","link":"https:\/\/dogpride.nl\/fr\/hs-sprenger-showketting-rvs-impuls-plus\/","title":{"rendered":"HS Sprenger showketting RVS Impuls Plus"},"content":{"rendered":"<h4>HS Sprenger showketting RVS Impuls Plus<\/h4>\n<p>HS Sprenger showketting RVS Impuls Plus<\/p>\n<ul>\n<li>Calibre de fil de 3,0 mm<\/li>\n<li>Longueur 56-72cm<\/li>\n<li>Ce mod\u00e8le a des clous qui peuvent \u00eatre enlev\u00e9s<\/li>\n<li>Acier inoxydable<\/li>\n<li>Avec espace libre pour le larynx<\/li>\n<li>Pour chiens jusqu&#039;\u00e0 60 kg<\/li>\n<li>Id\u00e9al pour la formation<\/li>\n<\/ul>\n<p>Aucun compromis en termes de qualit\u00e9, d&#039;assortiment et de collaborations !<\/p>\n<p>Des d\u00e9cennies d&#039;exp\u00e9rience dans la production, une connaissance approfondie du march\u00e9 et une coop\u00e9ration avec des experts des secteurs du sport canin, de la m\u00e9decine et de la recherche constituent la base d&#039;un d\u00e9veloppement de produits qui \u00e9tablit des normes internationales.<br \/>\nDe hoge en betrouwbare kwaliteit van HS Sprenger showketting RVS Impuls+ -producten &#8220;Made in Germany&#8221; wordt gegarandeerd door ons HS-keurmerk op alle producten en door ons HS-keurmerk.<\/p>\n<h3>Les colliers pour chiens Sprenger sont une alternative respect\u00e9e aux colliers en nylon traditionnels.<\/h3>\n<p>Les avantages incluent : pas d&#039;odeur pour le mat\u00e9riau, pas de pollution, peu d&#039;entretien, un design attrayant et une bonne r\u00e9sistance en fonction du poids de votre chien.<\/p>\n<p>Des maillons courts aux maillons longs ou en tant que Neck-Tech, dans la gamme sports canins Sprenger vous trouverez le collier pour chien adapt\u00e9 \u00e0 vos attentes.<br \/>\nLa s\u00e9curit\u00e9 du chien est une priorit\u00e9 absolue dans notre production et pour notre contr\u00f4le qualit\u00e9. Des tests r\u00e9guliers confirment la durabilit\u00e9 et la robustesse de nos colliers pour chien.<\/p>\n<p>Vos amis \u00e0 quatre pattes nous tiennent \u00e0 c\u0153ur - faites votre propre impression avec la &quot;Qualit\u00e9 performante&quot;.<\/p>\n<p><a href=\"https:\/\/dogpride.nl\/fr\/hondenhalsbanden\/showkettingen-voor-honden\/\"><img loading=\"lazy\" decoding=\"async\" class=\"alignnone wp-image-143282 size-medium\" title=\"HS Sprenger showketting RVS Impuls Plus\" src=\"https:\/\/dogpride.nl\/wp-content\/uploads\/51518-55-300x300.webp\" alt=\"HS Sprenger showketting RVS Impuls Plus\" width=\"300\" height=\"300\" srcset=\"https:\/\/dogpride.nl\/wp-content\/uploads\/51518-55-300x300.webp 300w, https:\/\/dogpride.nl\/wp-content\/uploads\/51518-55-150x150.webp 150w, https:\/\/dogpride.nl\/wp-content\/uploads\/51518-55-768x768.webp 768w, https:\/\/dogpride.nl\/wp-content\/uploads\/51518-55-12x12.webp 12w, https:\/\/dogpride.nl\/wp-content\/uploads\/51518-55-250x250.webp 250w, https:\/\/dogpride.nl\/wp-content\/uploads\/51518-55-400x400.webp 400w, https:\/\/dogpride.nl\/wp-content\/uploads\/51518-55-100x100.webp 100w, https:\/\/dogpride.nl\/wp-content\/uploads\/51518-55.webp 800w\" sizes=\"auto, (max-width: 300px) 100vw, 300px\" \/><\/a><\/p>\n<p>&nbsp;<\/p>\n<p><a href=\"https:\/\/www.sprenger.de\/en\" target=\"_blank\" rel=\"noopener\"><img loading=\"lazy\" decoding=\"async\" class=\"alignnone wp-image-143281 size-full\" src=\"https:\/\/dogpride.nl\/wp-content\/uploads\/Logo-6.jpg\" alt=\"Logo \" width=\"246\" height=\"72\" srcset=\"https:\/\/dogpride.nl\/wp-content\/uploads\/Logo-6.jpg 246w, https:\/\/dogpride.nl\/wp-content\/uploads\/Logo-6-18x5.jpg 18w\" sizes=\"auto, (max-width: 246px) 100vw, 246px\" \/><\/a><\/p>","protected":false},"excerpt":{"rendered":"<p>HS Sprenger showketting RVS Impuls Plus 3\u00a0mm draaddikte. Lengte 56 &#8211; 72 cm. Met noppen die verwijderd kunnen worden. Edelstaal. Met vrije ruimte voor het strottenhoofd. Voor honden tot 60 KG.<\/p>","protected":false},"featured_media":143282,"template":"","meta":[],"product_brand":[],"product_cat":[3991],"product_tag":[25722,4272,6214],"class_list":{"0":"post-92545","1":"product","2":"type-product","3":"status-publish","4":"has-post-thumbnail","6":"product_cat-hs-sprenger-showkettingen-voor-honden","7":"product_tag-25722","8":"product_tag-hs-sprenger","9":"product_tag-showketting","11":"first","12":"instock","13":"taxable","14":"shipping-taxable","15":"purchasable","16":"product-type-variable"},"mb":[],"mfb_rest_fields":["title"],"_links":{"self":[{"href":"https:\/\/dogpride.nl\/fr\/wp-json\/wp\/v2\/product\/92545","targetHints":{"allow":["GET"]}}],"collection":[{"href":"https:\/\/dogpride.nl\/fr\/wp-json\/wp\/v2\/product"}],"about":[{"href":"https:\/\/dogpride.nl\/fr\/wp-json\/wp\/v2\/types\/product"}],"wp:featuredmedia":[{"embeddable":true,"href":"https:\/\/dogpride.nl\/fr\/wp-json\/wp\/v2\/media\/143282"}],"wp:attachment":[{"href":"https:\/\/dogpride.nl\/fr\/wp-json\/wp\/v2\/media?parent=92545"}],"wp:term":[{"taxonomy":"product_brand","embeddable":true,"href":"https:\/\/dogpride.nl\/fr\/wp-json\/wp\/v2\/product_brand?post=92545"},{"taxonomy":"product_cat","embeddable":true,"href":"https:\/\/dogpride.nl\/fr\/wp-json\/wp\/v2\/product_cat?post=92545"},{"taxonomy":"product_tag","embeddable":true,"href":"https:\/\/dogpride.nl\/fr\/wp-json\/wp\/v2\/product_tag?post=92545"}],"curies":[{"name":"wp","href":"https:\/\/api.w.org\/{rel}","templated":true}]}}