{"id":92540,"date":"2022-06-27T08:44:16","date_gmt":"2022-06-27T06:44:16","guid":{"rendered":"https:\/\/www.dogpride.nl\/?post_type=product&#038;p=92540"},"modified":"2025-11-19T14:19:48","modified_gmt":"2025-11-19T13:19:48","slug":"hs-sprenger-showketting-zwart","status":"publish","type":"product","link":"https:\/\/dogpride.nl\/fr\/hs-sprenger-showketting-zwart\/","title":{"rendered":"Cha\u00eene de pr\u00e9sentation HS Sprenger noir"},"content":{"rendered":"<h4>Cha\u00eene de pr\u00e9sentation HS Sprenger noir<\/h4>\n<p>Cha\u00eene de pr\u00e9sentation HS Sprenger noir<\/p>\n<ul>\n<li>\u00c9paisseur de fil 3,0 mm<\/li>\n<li>Longueur 56-72cm<\/li>\n<li>Cha\u00eene de spectacles agr\u00e9\u00e9e sur les salons<\/li>\n<li>Acier inoxydable<\/li>\n<li>Noir poli<\/li>\n<li>Pour chiens jusqu&#039;\u00e0 60 kg<\/li>\n<li>Avec \u00e9videment laryng\u00e9<\/li>\n<\/ul>\n<p>Aucun compromis en termes de qualit\u00e9, d&#039;assortiment et de collaborations !<br \/>\nDes d\u00e9cennies d&#039;exp\u00e9rience dans la production, une connaissance approfondie du march\u00e9 et une coop\u00e9ration avec des experts des secteurs du sport canin, de la m\u00e9decine et de la recherche constituent la base d&#039;un d\u00e9veloppement de produits qui \u00e9tablit des normes internationales.<br \/>\nDe hoge en betrouwbare kwaliteit van HS Sprenger showketting zwart\u00a0 &#8220;Made in Germany&#8221; wordt gegarandeerd door ons HS-keurmerk op alle producten en door ons HS-keurmerk.<\/p>\n<p>Les colliers pour chiens Sprenger sont une alternative respect\u00e9e aux colliers en nylon traditionnels.<br \/>\nLes avantages incluent : pas d&#039;odeur pour le mat\u00e9riau, pas de pollution, peu d&#039;entretien, un design attrayant et une bonne r\u00e9sistance en fonction du poids de votre chien.<\/p>\n<p>Des maillons courts aux maillons longs ou en tant que Neck-Tech, dans la gamme sports canins Sprenger vous trouverez le collier pour chien adapt\u00e9 \u00e0 vos attentes.<br \/>\nLa s\u00e9curit\u00e9 du chien est une priorit\u00e9 absolue dans notre production et pour notre contr\u00f4le qualit\u00e9. Des tests r\u00e9guliers confirment la durabilit\u00e9 et la robustesse de nos colliers pour chien.<\/p>\n<p>Vos amis \u00e0 quatre pattes nous tiennent \u00e0 c\u0153ur - faites votre propre impression avec la &quot;Qualit\u00e9 performante&quot;.<\/p>\n<p><a href=\"https:\/\/dogpride.nl\/fr\/hondenhalsbanden\/showkettingen-voor-honden\/\"><img loading=\"lazy\" decoding=\"async\" class=\"alignnone wp-image-143284 size-medium\" title=\"Cha\u00eene de pr\u00e9sentation HS Sprenger noir\" src=\"https:\/\/dogpride.nl\/wp-content\/uploads\/51508-57-300x300.webp\" alt=\"HS Sprenger showketting zwart\" width=\"300\" height=\"300\" srcset=\"https:\/\/dogpride.nl\/wp-content\/uploads\/51508-57-300x300.webp 300w, https:\/\/dogpride.nl\/wp-content\/uploads\/51508-57-150x150.webp 150w, https:\/\/dogpride.nl\/wp-content\/uploads\/51508-57-768x768.webp 768w, https:\/\/dogpride.nl\/wp-content\/uploads\/51508-57-12x12.webp 12w, https:\/\/dogpride.nl\/wp-content\/uploads\/51508-57-250x250.webp 250w, https:\/\/dogpride.nl\/wp-content\/uploads\/51508-57-400x400.webp 400w, https:\/\/dogpride.nl\/wp-content\/uploads\/51508-57-100x100.webp 100w, https:\/\/dogpride.nl\/wp-content\/uploads\/51508-57.webp 800w\" sizes=\"auto, (max-width: 300px) 100vw, 300px\" \/><\/a><\/p>\n<p><a href=\"https:\/\/www.sprenger.de\/en\" target=\"_blank\" rel=\"noopener\"><img loading=\"lazy\" decoding=\"async\" class=\"alignnone wp-image-143281 size-full\" src=\"https:\/\/dogpride.nl\/wp-content\/uploads\/Logo-6.jpg\" alt=\"Logo \" width=\"246\" height=\"72\" srcset=\"https:\/\/dogpride.nl\/wp-content\/uploads\/Logo-6.jpg 246w, https:\/\/dogpride.nl\/wp-content\/uploads\/Logo-6-18x5.jpg 18w\" sizes=\"auto, (max-width: 246px) 100vw, 246px\" \/><\/a><\/p>","protected":false},"excerpt":{"rendered":"<p>Cha\u00eene de pr\u00e9sentation en acier inoxydable noir HS Sprenger. \u00c9paisseur de fil 3,0 mm. Longueur 56-72cm. Cha\u00eene d&#039;exposition agr\u00e9\u00e9e sur les salons. Acier inoxydable. Noir poli. Pour chiens jusqu&#039;\u00e0 60 kg. Avec \u00e9videment laryng\u00e9<\/p>","protected":false},"featured_media":143284,"template":"","meta":[],"product_brand":[],"product_cat":[3991],"product_tag":[],"class_list":{"0":"post-92540","1":"product","2":"type-product","3":"status-publish","4":"has-post-thumbnail","6":"product_cat-hs-sprenger-showkettingen-voor-honden","8":"first","9":"instock","10":"taxable","11":"shipping-taxable","12":"purchasable","13":"product-type-variable"},"mb":[],"mfb_rest_fields":["title"],"_links":{"self":[{"href":"https:\/\/dogpride.nl\/fr\/wp-json\/wp\/v2\/product\/92540","targetHints":{"allow":["GET"]}}],"collection":[{"href":"https:\/\/dogpride.nl\/fr\/wp-json\/wp\/v2\/product"}],"about":[{"href":"https:\/\/dogpride.nl\/fr\/wp-json\/wp\/v2\/types\/product"}],"wp:featuredmedia":[{"embeddable":true,"href":"https:\/\/dogpride.nl\/fr\/wp-json\/wp\/v2\/media\/143284"}],"wp:attachment":[{"href":"https:\/\/dogpride.nl\/fr\/wp-json\/wp\/v2\/media?parent=92540"}],"wp:term":[{"taxonomy":"product_brand","embeddable":true,"href":"https:\/\/dogpride.nl\/fr\/wp-json\/wp\/v2\/product_brand?post=92540"},{"taxonomy":"product_cat","embeddable":true,"href":"https:\/\/dogpride.nl\/fr\/wp-json\/wp\/v2\/product_cat?post=92540"},{"taxonomy":"product_tag","embeddable":true,"href":"https:\/\/dogpride.nl\/fr\/wp-json\/wp\/v2\/product_tag?post=92540"}],"curies":[{"name":"wp","href":"https:\/\/api.w.org\/{rel}","templated":true}]}}