{"id":92446,"date":"2022-06-24T14:23:12","date_gmt":"2022-06-24T12:23:12","guid":{"rendered":"https:\/\/www.dogpride.nl\/?post_type=product&#038;p=92446"},"modified":"2026-02-19T12:59:03","modified_gmt":"2026-02-19T11:59:03","slug":"arrak-competition-vest-black-men","status":"publish","type":"product","link":"https:\/\/dogpride.nl\/fr\/arrak-competition-vest-black-men\/","title":{"rendered":"Gilet de concours Arrak noir homme"},"content":{"rendered":"<h4>Gilet de concours Arrak noir homme<\/h4>\n<p>Gilet de concours Arrak noir homme<\/p>\n<p>AArrak Competition Vest Black Men is het perfecte trainingsvest voor alle hondensporten. Onze ontwerpers werkten samen met honderden hondentrainers om het beste hondengeleidervest te ontwikkelen.<br \/>\nDes ma\u00eetres-chiens d\u00e9butants aux comp\u00e9titeurs de classe mondiale, ce gilet est parfait pour vous!<br \/>\nLe gilet est fait d&#039;un mat\u00e9riau polyester\/coton durable avec des panneaux lat\u00e9raux dans un mat\u00e9riau extensible flexible pour un ajustement et une mobilit\u00e9 optimaux.<br \/>\nHet Arrak Competition Vest Black Men is gevoerd met een dunne mesh voering. Een hondengeleider vest voor de veeleisende hondengeleider of voor u die gewoon op zoek bent naar een praktisch buitenvest.<br \/>\nHet Arrak Competition Vest Black Men is standaard ge\u00efmpregneerd als nieuw, maar kan ook gemakkelijk meer worden ge\u00efmpregneerd om beter bestand te zijn tegen vocht.<\/p>\n<ul>\n<li>Zips de ventilation sur le c\u00f4t\u00e9.<\/li>\n<li>Fermeture \u00e9clair \u00e0 double sens sur le devant.<\/li>\n<li>2 poches poitrine robustes et doubles poches en bas, une avec fermeture \u00e9clair et une poche ouverte.<\/li>\n<li>A l&#039;arri\u00e8re se trouve une grande poche arri\u00e8re.<\/li>\n<li>Il y a 2 grandes poches int\u00e9rieures \u00e0 l&#039;int\u00e9rieur du gilet.<\/li>\n<li>Anneaux en D \u00e0 l&#039;avant avec mousqueton et un anneau en D \u00e0 l&#039;arri\u00e8re.<\/li>\n<li>Il y a un sac \u00e0 bonbons amovible sur le devant.<\/li>\n<li>Cordon de serrage r\u00e9glable au bas du gilet.<\/li>\n<li>Un support ext\u00e9rieur \u00e9lastique est plac\u00e9 sur l&#039;essieu avant droit et sous l&#039;aisselle.<\/li>\n<li>Le placement de la bande \u00e9lastique est parfait pour tenir vos jouets de r\u00e9compense.<\/li>\n<li>Taille l\u00e9g\u00e8rement cintr\u00e9e<\/li>\n<li>65% Polyester \/ 35% Serg\u00e9 de coton<\/li>\n<li>Panneaux lat\u00e9raux en tissu stretch en Polyamide 94% \/ Elasthanne 6%<\/li>\n<\/ul>\n<p><strong>Tableau des tailles:<\/strong><\/p>\n<p><img loading=\"lazy\" decoding=\"async\" class=\"alignnone size-full wp-image-92453\" src=\"https:\/\/www.dogpride.nl\/wp-content\/uploads\/Maattabel-Tops-Men-2.jpg\" alt=\"Maattabel\" width=\"632\" height=\"678\" srcset=\"https:\/\/dogpride.nl\/wp-content\/uploads\/Maattabel-Tops-Men-2.jpg 632w, https:\/\/dogpride.nl\/wp-content\/uploads\/Maattabel-Tops-Men-2-250x268.jpg 250w, https:\/\/dogpride.nl\/wp-content\/uploads\/Maattabel-Tops-Men-2-400x429.jpg 400w, https:\/\/dogpride.nl\/wp-content\/uploads\/Maattabel-Tops-Men-2-280x300.jpg 280w, https:\/\/dogpride.nl\/wp-content\/uploads\/Maattabel-Tops-Men-2-200x215.jpg 200w, https:\/\/dogpride.nl\/wp-content\/uploads\/Maattabel-Tops-Men-2-600x644.jpg 600w\" sizes=\"auto, (max-width: 632px) 100vw, 632px\" \/><\/p>\n<p>&nbsp;<\/p>\n<p><a href=\"https:\/\/dogpride.nl\/fr\/kleding\/trainingsvesten\/arrak-outdoor-trainingsvesten\/\"><img loading=\"lazy\" decoding=\"async\" class=\"alignnone\" title=\"Gilet de concours Arrak noir homme\" src=\"https:\/\/dogpride.nl\/wp-content\/uploads\/22019_black_fron2.jpg\" alt=\" Arrak Competition Vest Black Men\" width=\"167\" height=\"167\" \/><img decoding=\"async\" src=\"https:\/\/dogpride.nl\/wp-content\/uploads\/22019_black_back-150x150.jpg\" alt=\"Arrak Competition Vest Black Men\" \/><\/a><\/p>\n<p><span style=\"color: #ffffff;\"><a style=\"color: #ffffff;\" href=\"https:\/\/arrakoutdoor.com\/competition-vest-men-black\" target=\"_blank\" rel=\"noopener\">https:\/\/arrakoutdoor.com\/competition-vest-men-black<\/a><\/span><\/p>","protected":false},"excerpt":{"rendered":"<p>Le gilet de comp\u00e9tition Arraks est le gilet d&#039;entra\u00eenement parfait pour tous les sports canins. Nos concepteurs ont collabor\u00e9 avec des centaines de dresseurs de chiens pour d\u00e9velopper le meilleur gilet pour ma\u00eetre-chien.<\/p>","protected":false},"featured_media":92447,"template":"","meta":[],"product_brand":[],"product_cat":[24459],"product_tag":[9512,9506,9504,9498,3334,9486,9517,9509,9495,9524,9505,9526,9525,9528,9518,9519,9500,6477,9510,9523,9520,9521,9522,9507,9527,9488,9516,9508,9494,9514,9511,9513,9515],"class_list":{"0":"post-92446","1":"product","2":"type-product","3":"status-publish","4":"has-post-thumbnail","6":"product_cat-arrak-outdoor-heren-trainingsvesten","7":"product_tag-ademend-vest","8":"product_tag-apporteren","9":"product_tag-arrak-competition-vest","10":"product_tag-arrak-kleding","11":"product_tag-arrak-outdoor","12":"product_tag-arrak-vest","13":"product_tag-beloningszakjes","14":"product_tag-dog-training-vest","15":"product_tag-functioneel-vest","16":"product_tag-handler-vest","17":"product_tag-honden-trainvest","18":"product_tag-hondenliefhebber","19":"product_tag-hondensport-accessoires","20":"product_tag-hondensport-gear","21":"product_tag-hondensport-kleding","22":"product_tag-hondensport-uitrusting","23":"product_tag-hondensport-vest","24":"product_tag-hondentraining","25":"product_tag-hondenuitlaat-vest","26":"product_tag-instructeursvest","27":"product_tag-jacht-vest","28":"product_tag-jachthonden-vest","29":"product_tag-kynologie","30":"product_tag-kynologisch-vest","31":"product_tag-outdoor-kleding-hond","32":"product_tag-outdoor-vest","33":"product_tag-speurhond-vest","34":"product_tag-trainingsvest-hond","35":"product_tag-unisex-vest","36":"product_tag-vest-met-rits","37":"product_tag-vest-met-zakken","38":"product_tag-waterafstotend-vest","39":"product_tag-werkvest-hond","41":"first","42":"instock","43":"taxable","44":"shipping-taxable","45":"purchasable","46":"product-type-variable"},"mb":[],"mfb_rest_fields":["title"],"_links":{"self":[{"href":"https:\/\/dogpride.nl\/fr\/wp-json\/wp\/v2\/product\/92446","targetHints":{"allow":["GET"]}}],"collection":[{"href":"https:\/\/dogpride.nl\/fr\/wp-json\/wp\/v2\/product"}],"about":[{"href":"https:\/\/dogpride.nl\/fr\/wp-json\/wp\/v2\/types\/product"}],"wp:featuredmedia":[{"embeddable":true,"href":"https:\/\/dogpride.nl\/fr\/wp-json\/wp\/v2\/media\/92447"}],"wp:attachment":[{"href":"https:\/\/dogpride.nl\/fr\/wp-json\/wp\/v2\/media?parent=92446"}],"wp:term":[{"taxonomy":"product_brand","embeddable":true,"href":"https:\/\/dogpride.nl\/fr\/wp-json\/wp\/v2\/product_brand?post=92446"},{"taxonomy":"product_cat","embeddable":true,"href":"https:\/\/dogpride.nl\/fr\/wp-json\/wp\/v2\/product_cat?post=92446"},{"taxonomy":"product_tag","embeddable":true,"href":"https:\/\/dogpride.nl\/fr\/wp-json\/wp\/v2\/product_tag?post=92446"}],"curies":[{"name":"wp","href":"https:\/\/api.w.org\/{rel}","templated":true}]}}