{"id":92413,"date":"2022-06-24T13:23:17","date_gmt":"2022-06-24T11:23:17","guid":{"rendered":"https:\/\/www.dogpride.nl\/?post_type=product&#038;p=92413"},"modified":"2025-11-27T16:54:36","modified_gmt":"2025-11-27T15:54:36","slug":"arrak-competition-burnt-orange-women","status":"publish","type":"product","link":"https:\/\/dogpride.nl\/fr\/arrak-competition-burnt-orange-women\/","title":{"rendered":"Arrak Comp\u00e9tition Orange Br\u00fbl\u00e9 F\u00e9minin"},"content":{"rendered":"<h4>Arrak Comp\u00e9tition Orange Br\u00fbl\u00e9 F\u00e9minin<\/h4>\n<p>Arrak Comp\u00e9tition Orange Br\u00fbl\u00e9 F\u00e9minin<\/p>\n<p>Le gilet de comp\u00e9tition Arraks est le gilet d&#039;entra\u00eenement parfait pour tous les sports canins. Nos concepteurs ont collabor\u00e9 avec des centaines de dresseurs de chiens pour d\u00e9velopper le meilleur gilet pour ma\u00eetre-chien.<br \/>\nDes ma\u00eetres-chiens d\u00e9butants aux comp\u00e9titeurs de classe mondiale, ce gilet est parfait pour vous!<br \/>\nLe gilet est fait d&#039;un mat\u00e9riau polyester\/coton durable avec des panneaux lat\u00e9raux dans un mat\u00e9riau extensible flexible pour un ajustement et une mobilit\u00e9 optimaux.<br \/>\nHet Arrak Competition Burnt Orange Women is gevoerd met een dunne mesh voering. Een hondengeleider vest voor de veeleisende hondengeleider of voor u die gewoon op zoek bent naar een praktisch buitenvest.<br \/>\nHet Arrak Competition Burnt Orange Women is standaard ge\u00efmpregneerd als nieuw, maar kan ook gemakkelijk meer worden ge\u00efmpregneerd om beter bestand te zijn tegen vocht.<\/p>\n<ul>\n<li>Zips de ventilation sur le c\u00f4t\u00e9.<\/li>\n<li>Fermeture \u00e9clair \u00e0 double sens sur le devant.<\/li>\n<li>2 poches poitrine robustes et doubles poches en bas, une avec fermeture \u00e9clair et une poche ouverte.<\/li>\n<li>A l&#039;arri\u00e8re se trouve une grande poche arri\u00e8re.<\/li>\n<li>Il y a 2 grandes poches int\u00e9rieures \u00e0 l&#039;int\u00e9rieur du gilet.<\/li>\n<li>Anneaux en D \u00e0 l&#039;avant avec mousqueton et un anneau en D \u00e0 l&#039;arri\u00e8re.<\/li>\n<li>Il y a un sac \u00e0 bonbons amovible sur le devant.<\/li>\n<li>Cordon de serrage r\u00e9glable au bas du gilet.<\/li>\n<li>Un support ext\u00e9rieur \u00e9lastique est plac\u00e9 sur l&#039;essieu avant droit et sous l&#039;aisselle.<\/li>\n<li>Le placement de la bande \u00e9lastique est parfait pour tenir vos jouets de r\u00e9compense.<\/li>\n<li>Taille l\u00e9g\u00e8rement cintr\u00e9e<\/li>\n<li>65% Polyester \/ 35% Serg\u00e9 de coton<\/li>\n<li>Panneaux lat\u00e9raux en tissu stretch en Polyamide 94% \/ Elasthanne 6%<\/li>\n<\/ul>\n<p><strong>Tableau des tailles:<\/strong><\/p>\n<p><a href=\"https:\/\/arrakoutdoor.com\/\" target=\"_blank\" rel=\"noopener\"><img loading=\"lazy\" decoding=\"async\" class=\"lazyautosizes ls-is-cached lazyloaded alignnone wp-image-92383 size-full\" src=\"https:\/\/dogpride.nl\/wp-content\/uploads\/Maattabel-Tops-lady-2.jpg\" alt=\"Maattabel\" width=\"632\" height=\"822\" data-orig-src=\"https:\/\/www.dogpride.nl\/wp-content\/uploads\/Maattabel-Tops-lady-2.jpg\" data-srcset=\"https:\/\/www.dogpride.nl\/wp-content\/uploads\/Maattabel-Tops-lady-2-200x260.jpg 200w, https:\/\/www.dogpride.nl\/wp-content\/uploads\/Maattabel-Tops-lady-2-231x300.jpg 231w, https:\/\/www.dogpride.nl\/wp-content\/uploads\/Maattabel-Tops-lady-2-400x520.jpg 400w, https:\/\/www.dogpride.nl\/wp-content\/uploads\/Maattabel-Tops-lady-2-600x780.jpg 600w, https:\/\/www.dogpride.nl\/wp-content\/uploads\/Maattabel-Tops-lady-2.jpg 632w\" data-sizes=\"auto\" data-orig-sizes=\"(max-width: 632px) 100vw, 632px\" srcset=\"https:\/\/dogpride.nl\/wp-content\/uploads\/Maattabel-Tops-lady-2.jpg 632w, https:\/\/dogpride.nl\/wp-content\/uploads\/Maattabel-Tops-lady-2-250x325.jpg 250w, https:\/\/dogpride.nl\/wp-content\/uploads\/Maattabel-Tops-lady-2-400x520.jpg 400w, https:\/\/dogpride.nl\/wp-content\/uploads\/Maattabel-Tops-lady-2-231x300.jpg 231w, https:\/\/dogpride.nl\/wp-content\/uploads\/Maattabel-Tops-lady-2-200x260.jpg 200w, https:\/\/dogpride.nl\/wp-content\/uploads\/Maattabel-Tops-lady-2-600x780.jpg 600w\" sizes=\"auto, (max-width: 632px) 100vw, 632px\" \/><\/a><\/p>\n<p><a href=\"https:\/\/dogpride.nl\/fr\/kleding\/trainingsvesten\/arrak-outdoor-trainingsvesten\/?product-page=2\"><img loading=\"lazy\" decoding=\"async\" class=\"alignnone\" title=\"Arrak Comp\u00e9tition Orange Br\u00fbl\u00e9 F\u00e9minin\" src=\"https:\/\/dogpride.nl\/wp-content\/uploads\/22020_front2_or-150x150.jpg\" alt=\"Arrak Competition Burnt Orange Women\" width=\"150\" height=\"150\" \/><\/a><img decoding=\"async\" src=\"https:\/\/dogpride.nl\/wp-content\/uploads\/22020_side_or-150x150.jpg\" alt=\"Arrak Competition Burnt Orange Women\" \/><\/p>","protected":false},"excerpt":{"rendered":"<p>Le gilet de comp\u00e9tition Arraks est le gilet d&#039;entra\u00eenement parfait pour tous les sports canins. Nos concepteurs ont collabor\u00e9 avec des centaines de dresseurs de chiens pour d\u00e9velopper le meilleur gilet pour ma\u00eetre-chien.<\/p>","protected":false},"featured_media":92414,"template":"","meta":[],"product_brand":[],"product_cat":[3870],"product_tag":[],"class_list":{"0":"post-92413","1":"product","2":"type-product","3":"status-publish","4":"has-post-thumbnail","6":"product_cat-arrak-outdoor-dames-trainingsvesten","8":"first","9":"instock","10":"taxable","11":"shipping-taxable","12":"purchasable","13":"product-type-variable"},"mb":[],"mfb_rest_fields":["title"],"_links":{"self":[{"href":"https:\/\/dogpride.nl\/fr\/wp-json\/wp\/v2\/product\/92413","targetHints":{"allow":["GET"]}}],"collection":[{"href":"https:\/\/dogpride.nl\/fr\/wp-json\/wp\/v2\/product"}],"about":[{"href":"https:\/\/dogpride.nl\/fr\/wp-json\/wp\/v2\/types\/product"}],"wp:featuredmedia":[{"embeddable":true,"href":"https:\/\/dogpride.nl\/fr\/wp-json\/wp\/v2\/media\/92414"}],"wp:attachment":[{"href":"https:\/\/dogpride.nl\/fr\/wp-json\/wp\/v2\/media?parent=92413"}],"wp:term":[{"taxonomy":"product_brand","embeddable":true,"href":"https:\/\/dogpride.nl\/fr\/wp-json\/wp\/v2\/product_brand?post=92413"},{"taxonomy":"product_cat","embeddable":true,"href":"https:\/\/dogpride.nl\/fr\/wp-json\/wp\/v2\/product_cat?post=92413"},{"taxonomy":"product_tag","embeddable":true,"href":"https:\/\/dogpride.nl\/fr\/wp-json\/wp\/v2\/product_tag?post=92413"}],"curies":[{"name":"wp","href":"https:\/\/api.w.org\/{rel}","templated":true}]}}