{"id":91519,"date":"2022-05-31T10:43:51","date_gmt":"2022-05-31T08:43:51","guid":{"rendered":"https:\/\/www.dogpride.nl\/?post_type=product&#038;p=91519"},"modified":"2026-02-19T13:12:36","modified_gmt":"2026-02-19T12:12:36","slug":"arrak-new-active-stretch-pants-men-camo-long","status":"publish","type":"product","link":"https:\/\/dogpride.nl\/fr\/arrak-new-active-stretch-pants-men-camo-long\/","title":{"rendered":"Arrak NOUVEAU Pantalon Active Stretch Homme Camo (long)"},"content":{"rendered":"<h4>Arrak NOUVEAU Pantalon Active Stretch Homme Camo (long)<\/h4>\n<p>Arrak NOUVEAU Pantalon Active Stretch Homme Camo (long)<\/p>\n<p>Le pantalon Active Stretch est notre pantalon le plus populaire ! Sur les genoux, les plis aux genoux et les panneaux extensibles dans les 4 sens qui rendent le pantalon extr\u00eamement flexible. Le pantalon est renforc\u00e9 en bas et \u00e9quip\u00e9 d&#039;extr\u00e9mit\u00e9s de jambes r\u00e9glables et d&#039;un crochet de bateau, de sorte qu&#039;il s&#039;adapte parfaitement autour de la botte. Il y a des trous de ventilation ouverts sur les deux cuisses avec une maille derri\u00e8re pour une ventilation parfaite. Le pantalon a 5 poches. Une \u00e0 l&#039;arri\u00e8re avec une fermeture \u00e9clair, deux poches sur les jambes et deux poches sur les cuisses avec une fermeture \u00e9clair.<\/p>\n<p>Le pantalon est parfait pour toutes sortes d&#039;activit\u00e9s de plein air.<\/p>\n<p><b>Ce mod\u00e8le a une longueur de jambe plus longue de 4 cm.<\/b><\/p>\n<p><strong>Caract\u00e9ristiques:<\/strong><\/p>\n<ul>\n<li>65% Polyester \/ 35% Coton<\/li>\n<li>Trait\u00e9 DWR (hydrofuge)<\/li>\n<li>Panneaux extensibles dans les 4 sens<\/li>\n<li>Poches pour les mains ouvertes<\/li>\n<li>poches sur les cuisses<\/li>\n<li>Une poche arri\u00e8re<\/li>\n<li>7 passants de ceinture<\/li>\n<li>Renforc\u00e9 \u00e0 l&#039;int\u00e9rieur de l&#039;extr\u00e9mit\u00e9 de la jambe<\/li>\n<li>Extr\u00e9mit\u00e9 de jambe r\u00e9glable<\/li>\n<li>Gaffe au bout des pieds<\/li>\n<li>Ventilation zipp\u00e9e le long des cuisses<\/li>\n<\/ul>\n<p><strong>Tableau des tailles:<\/strong><\/p>\n<p><img loading=\"lazy\" decoding=\"async\" class=\"alignnone size-full wp-image-91526\" src=\"https:\/\/www.dogpride.nl\/wp-content\/uploads\/Maattabel-AO-New-pants-men-12.jpg\" alt=\"Maattabel\" width=\"644\" height=\"853\" srcset=\"https:\/\/dogpride.nl\/wp-content\/uploads\/Maattabel-AO-New-pants-men-12.jpg 644w, https:\/\/dogpride.nl\/wp-content\/uploads\/Maattabel-AO-New-pants-men-12-250x331.jpg 250w, https:\/\/dogpride.nl\/wp-content\/uploads\/Maattabel-AO-New-pants-men-12-400x530.jpg 400w, https:\/\/dogpride.nl\/wp-content\/uploads\/Maattabel-AO-New-pants-men-12-226x300.jpg 226w, https:\/\/dogpride.nl\/wp-content\/uploads\/Maattabel-AO-New-pants-men-12-200x265.jpg 200w, https:\/\/dogpride.nl\/wp-content\/uploads\/Maattabel-AO-New-pants-men-12-600x795.jpg 600w\" sizes=\"auto, (max-width: 644px) 100vw, 644px\" \/><\/p>\n<p><a href=\"https:\/\/arrakoutdoor.com\/\" target=\"_blank\" rel=\"noopener\"><img loading=\"lazy\" decoding=\"async\" class=\"alignnone wp-image-139301 size-medium\" src=\"https:\/\/dogpride.nl\/wp-content\/uploads\/Arrak-300x118.jpeg\" alt=\"Logo\" width=\"300\" height=\"118\" srcset=\"https:\/\/dogpride.nl\/wp-content\/uploads\/Arrak-300x118.jpeg 300w, https:\/\/dogpride.nl\/wp-content\/uploads\/Arrak-768x303.jpeg 768w, https:\/\/dogpride.nl\/wp-content\/uploads\/Arrak-18x7.jpeg 18w, https:\/\/dogpride.nl\/wp-content\/uploads\/Arrak-250x99.jpeg 250w, https:\/\/dogpride.nl\/wp-content\/uploads\/Arrak-400x158.jpeg 400w, https:\/\/dogpride.nl\/wp-content\/uploads\/Arrak.jpeg 916w\" sizes=\"auto, (max-width: 300px) 100vw, 300px\" \/><\/a><\/p>\n<p><a href=\"https:\/\/dogpride.nl\/fr\/kleding\/broeken\/arrak-outdoor-broeken\/?product-page=2\"><img loading=\"lazy\" decoding=\"async\" class=\"alignnone\" title=\"Arrak NOUVEAU Pantalon Active Stretch Hommes Camo\" src=\"https:\/\/dogpride.nl\/wp-content\/uploads\/23033-004_ccexpress_1-150x150.jpg\" alt=\"Arrak NEW Active Stretch Pants Men Camo\" width=\"150\" height=\"150\" \/><\/a><\/p>","protected":false},"excerpt":{"rendered":"<p>Le pantalon Active Stretch est notre pantalon le plus populaire ! Sur les genoux, les plis aux genoux et les panneaux extensibles dans les 4 sens qui rendent le pantalon extr\u00eamement flexible. En couleur camouflage<\/p>","protected":false},"featured_media":91520,"template":"","meta":[],"product_brand":[],"product_cat":[24458],"product_tag":[],"class_list":{"0":"post-91519","1":"product","2":"type-product","3":"status-publish","4":"has-post-thumbnail","6":"product_cat-arrak-outdoor-heren-broeken","8":"first","9":"instock","10":"taxable","11":"shipping-taxable","12":"purchasable","13":"product-type-variable"},"mb":[],"mfb_rest_fields":["title"],"_links":{"self":[{"href":"https:\/\/dogpride.nl\/fr\/wp-json\/wp\/v2\/product\/91519","targetHints":{"allow":["GET"]}}],"collection":[{"href":"https:\/\/dogpride.nl\/fr\/wp-json\/wp\/v2\/product"}],"about":[{"href":"https:\/\/dogpride.nl\/fr\/wp-json\/wp\/v2\/types\/product"}],"wp:featuredmedia":[{"embeddable":true,"href":"https:\/\/dogpride.nl\/fr\/wp-json\/wp\/v2\/media\/91520"}],"wp:attachment":[{"href":"https:\/\/dogpride.nl\/fr\/wp-json\/wp\/v2\/media?parent=91519"}],"wp:term":[{"taxonomy":"product_brand","embeddable":true,"href":"https:\/\/dogpride.nl\/fr\/wp-json\/wp\/v2\/product_brand?post=91519"},{"taxonomy":"product_cat","embeddable":true,"href":"https:\/\/dogpride.nl\/fr\/wp-json\/wp\/v2\/product_cat?post=91519"},{"taxonomy":"product_tag","embeddable":true,"href":"https:\/\/dogpride.nl\/fr\/wp-json\/wp\/v2\/product_tag?post=91519"}],"curies":[{"name":"wp","href":"https:\/\/api.w.org\/{rel}","templated":true}]}}