{"id":90520,"date":"2022-05-11T11:15:21","date_gmt":"2022-05-11T09:15:21","guid":{"rendered":"https:\/\/www.dogpride.nl\/?post_type=product&#038;p=90520"},"modified":"2026-04-10T09:19:26","modified_gmt":"2026-04-10T07:19:26","slug":"gebruikte-kartbandjes-m","status":"publish","type":"product","link":"https:\/\/dogpride.nl\/fr\/gebruikte-kartbandjes-m\/","title":{"rendered":"Bandes de kart d&#039;occasion M"},"content":{"rendered":"<h4>Bandes de kart d&#039;occasion M<\/h4>\n<p>Gebruikte kartbandjes M. Diameter \u00b1 \u00d8 26 cm x \u00b1 13 cm. (Medium)<br \/>\nBelle alternative aux vrais mordeurs !!<\/p>\n<p><a href=\"https:\/\/dogpride.nl\/fr\/speelgoed\/kauwspeelgoed\/\"><img loading=\"lazy\" decoding=\"async\" class=\"alignnone\" title=\"Bandes de kart d&#039;occasion M\" src=\"https:\/\/dogpride.nl\/wp-content\/uploads\/Max-band2-4.jpg\" alt=\"Gebruikte kartbandjes M\" width=\"212\" height=\"212\" \/><\/a><\/p>\n<p>Contrairement aux pneus de voiture, les pneus de kart ne contiennent pas de fils d&#039;acier qui pourraient blesser votre chien.<br \/>\nIl y a un anneau de jante en m\u00e9tal dans certains pneus de kart, mais il est (presque) impossible \u00e0 atteindre et \u00e0 d\u00e9truire.<\/p>\n<p>Assurez-vous que votre chien n&#039;avale pas de morceaux de caoutchouc qui peuvent se d\u00e9tacher des sangles en mordant !<\/p>\n<p><a href=\"https:\/\/dogpride.nl\/fr\/speelgoed\/kauwspeelgoed\/\"><img loading=\"lazy\" decoding=\"async\" class=\"alignnone\" title=\"Bandes de kart d&#039;occasion M\" src=\"https:\/\/dogpride.nl\/wp-content\/uploads\/Max-band2-4.jpg\" alt=\"Gebruikte kartbandjes M\" width=\"212\" height=\"212\" \/><\/a><\/p>\n<p><span style=\"color: #ffffff;\"><a style=\"color: #ffffff;\" href=\"https:\/\/kartkings.nl\/collections\/mojo-banden\" target=\"_blank\" rel=\"noopener\">https:\/\/kartkings.nl\/collections\/mojo-banden<\/a><\/span><\/p>\n<p>&nbsp;<\/p>","protected":false},"excerpt":{"rendered":"<p>Contrairement aux pneus de voiture, les pneus de kart ne contiennent pas de fils d&#039;acier qui pourraient blesser votre chien. Il y a un anneau de jante en m\u00e9tal dans certains pneus de kart, mais il est (presque) impossible \u00e0 atteindre et \u00e0 d\u00e9truire.<\/p>","protected":false},"featured_media":90521,"template":"","meta":[],"product_brand":[],"product_cat":[187,6265],"product_tag":[6267,7484,6269,6268,7483],"class_list":{"0":"post-90520","1":"product","2":"type-product","3":"status-publish","4":"has-post-thumbnail","6":"product_cat-kauwspeelgoed","7":"product_cat-uitgelicht","8":"product_tag-gebruikte","9":"product_tag-hondenspeelgoed","10":"product_tag-kartbandje","11":"product_tag-kartbandjes","12":"product_tag-kauwspeelgoed","14":"first","15":"instock","16":"taxable","17":"shipping-taxable","18":"purchasable","19":"product-type-simple"},"mb":[],"mfb_rest_fields":["title"],"_links":{"self":[{"href":"https:\/\/dogpride.nl\/fr\/wp-json\/wp\/v2\/product\/90520","targetHints":{"allow":["GET"]}}],"collection":[{"href":"https:\/\/dogpride.nl\/fr\/wp-json\/wp\/v2\/product"}],"about":[{"href":"https:\/\/dogpride.nl\/fr\/wp-json\/wp\/v2\/types\/product"}],"wp:featuredmedia":[{"embeddable":true,"href":"https:\/\/dogpride.nl\/fr\/wp-json\/wp\/v2\/media\/90521"}],"wp:attachment":[{"href":"https:\/\/dogpride.nl\/fr\/wp-json\/wp\/v2\/media?parent=90520"}],"wp:term":[{"taxonomy":"product_brand","embeddable":true,"href":"https:\/\/dogpride.nl\/fr\/wp-json\/wp\/v2\/product_brand?post=90520"},{"taxonomy":"product_cat","embeddable":true,"href":"https:\/\/dogpride.nl\/fr\/wp-json\/wp\/v2\/product_cat?post=90520"},{"taxonomy":"product_tag","embeddable":true,"href":"https:\/\/dogpride.nl\/fr\/wp-json\/wp\/v2\/product_tag?post=90520"}],"curies":[{"name":"wp","href":"https:\/\/api.w.org\/{rel}","templated":true}]}}