{"id":90518,"date":"2022-05-11T11:11:17","date_gmt":"2022-05-11T09:11:17","guid":{"rendered":"https:\/\/www.dogpride.nl\/?post_type=product&#038;p=90518"},"modified":"2026-04-10T09:19:28","modified_gmt":"2026-04-10T07:19:28","slug":"gebruikte-kartbandjes-l","status":"publish","type":"product","link":"https:\/\/dogpride.nl\/fr\/gebruikte-kartbandjes-l\/","title":{"rendered":"Bandes de kart d&#039;occasion L"},"content":{"rendered":"<h4>Bandes de kart d&#039;occasion L<\/h4>\n<p>Bandes de kart d&#039;occasion L.<\/p>\n<p>Diam\u00e8tre \u00b1 \u00d8 26 cm x \u00b1 16 cm.<\/p>\n<p>Belle alternative aux vrais mordeurs !!<\/p>\n<p><a href=\"https:\/\/dogpride.nl\/fr\/\"><img loading=\"lazy\" decoding=\"async\" class=\"alignnone\" title=\"Bandes de kart d&#039;occasion L\" src=\"https:\/\/dogpride.nl\/wp-content\/uploads\/Bandjes-scaled.jpg\" alt=\"Gebruikte kartbandjes L\" width=\"136\" height=\"181\" \/><\/a><\/p>\n<p>Contrairement aux pneus de voiture, les pneus de kart ne contiennent pas de fils d&#039;acier qui pourraient blesser votre chien.<br \/>\nIl y a un anneau de jante en m\u00e9tal dans certains pneus de kart, mais il est (presque) impossible \u00e0 atteindre et \u00e0 d\u00e9truire.<\/p>\n<p>Assurez-vous que votre chien n&#039;avale pas de morceaux de caoutchouc qui peuvent se d\u00e9tacher des sangles en mordant !<\/p>\n<h4><\/h4>\n<p><a href=\"https:\/\/dogpride.nl\/fr\/\"><img loading=\"lazy\" decoding=\"async\" class=\"alignnone\" title=\"Bandes de kart d&#039;occasion L\" src=\"https:\/\/dogpride.nl\/wp-content\/uploads\/Bandjes-scaled.jpg\" alt=\"Gebruikte kartbandjes L\" width=\"136\" height=\"181\" \/><\/a><\/p>\n<p><span style=\"color: #ffffff;\"><a style=\"color: #ffffff;\" href=\"https:\/\/kartkings.nl\/collections\/mojo-banden\" target=\"_blank\" rel=\"noopener\">https:\/\/kartkings.nl\/collections\/mojo-banden<\/a><\/span><\/p>","protected":false},"excerpt":{"rendered":"<p>Contrairement aux pneus de voiture, les pneus de kart ne contiennent pas de fils d&#039;acier qui pourraient blesser votre chien. Il y a un anneau de jante en m\u00e9tal dans certains pneus de kart, mais il est (presque) impossible \u00e0 atteindre et \u00e0 d\u00e9truire.<\/p>","protected":false},"featured_media":90519,"template":"","meta":[],"product_brand":[],"product_cat":[187],"product_tag":[7485,7484,6269,7483],"class_list":{"0":"post-90518","1":"product","2":"type-product","3":"status-publish","4":"has-post-thumbnail","6":"product_cat-kauwspeelgoed","7":"product_tag-gebruikt","8":"product_tag-hondenspeelgoed","9":"product_tag-kartbandje","10":"product_tag-kauwspeelgoed","12":"first","13":"instock","14":"taxable","15":"shipping-taxable","16":"purchasable","17":"product-type-simple"},"mb":[],"mfb_rest_fields":["title"],"_links":{"self":[{"href":"https:\/\/dogpride.nl\/fr\/wp-json\/wp\/v2\/product\/90518","targetHints":{"allow":["GET"]}}],"collection":[{"href":"https:\/\/dogpride.nl\/fr\/wp-json\/wp\/v2\/product"}],"about":[{"href":"https:\/\/dogpride.nl\/fr\/wp-json\/wp\/v2\/types\/product"}],"wp:featuredmedia":[{"embeddable":true,"href":"https:\/\/dogpride.nl\/fr\/wp-json\/wp\/v2\/media\/90519"}],"wp:attachment":[{"href":"https:\/\/dogpride.nl\/fr\/wp-json\/wp\/v2\/media?parent=90518"}],"wp:term":[{"taxonomy":"product_brand","embeddable":true,"href":"https:\/\/dogpride.nl\/fr\/wp-json\/wp\/v2\/product_brand?post=90518"},{"taxonomy":"product_cat","embeddable":true,"href":"https:\/\/dogpride.nl\/fr\/wp-json\/wp\/v2\/product_cat?post=90518"},{"taxonomy":"product_tag","embeddable":true,"href":"https:\/\/dogpride.nl\/fr\/wp-json\/wp\/v2\/product_tag?post=90518"}],"curies":[{"name":"wp","href":"https:\/\/api.w.org\/{rel}","templated":true}]}}