{"id":89107,"date":"2022-04-15T15:15:07","date_gmt":"2022-04-15T13:15:07","guid":{"rendered":"https:\/\/www.dogpride.nl\/?post_type=product&#038;p=89107"},"modified":"2025-10-29T07:31:47","modified_gmt":"2025-10-29T06:31:47","slug":"arrak-flanellen-geisoleerd-overhemd-rood-dames","status":"publish","type":"product","link":"https:\/\/dogpride.nl\/fr\/arrak-flanellen-geisoleerd-overhemd-rood-dames\/","title":{"rendered":"Arrak Flannel Insulated Shirt Rouge Femme"},"content":{"rendered":"<h4>Arrak Flannel Insulated Shirt Rouge Femme<\/h4>\n<p>Arrak Flannel Insulated Shirt Rouge Femme. Chemise en flanelle Arrak&#039;s en coton doux bross\u00e9 100%. Dans un tissu plus solide et durable dans un design classique.<\/p>\n<ul>\n<li>Doublure int\u00e9rieure matelass\u00e9e.<\/li>\n<li>Doubles poches poitrine \u00e0 rabats.<\/li>\n<li>Coudes renforc\u00e9s.<\/li>\n<li>Poche tunnel \u00e0 l&#039;arri\u00e8re.<\/li>\n<li>Coupe droite.<\/li>\n<\/ul>\n<p><strong>Caract\u00e9ristiques:<\/strong><\/p>\n<ul>\n<li>100% coton<\/li>\n<li>Tissu durable plus lourd<\/li>\n<li>Doublure int\u00e9rieure matelass\u00e9e<\/li>\n<li>Poches poitrine avec rabats<\/li>\n<li>Coudes renforc\u00e9s<\/li>\n<li>Coupe droite<\/li>\n<li>Poche tunnel \u00e0 l&#039;arri\u00e8re<\/li>\n<\/ul>\n<p><strong>Tableau des tailles:<\/strong><\/p>\n<p><img loading=\"lazy\" decoding=\"async\" class=\"alignnone wp-image-89018 size-full lazyautosizes ls-is-cached lazyloaded\" src=\"https:\/\/www.dogpride.nl\/wp-content\/uploads\/Maattabel-Tops-lady-1.jpg\" sizes=\"auto, 632px\" srcset=\"https:\/\/www.dogpride.nl\/wp-content\/uploads\/Maattabel-Tops-lady-1-200x260.jpg 200w, https:\/\/www.dogpride.nl\/wp-content\/uploads\/Maattabel-Tops-lady-1-231x300.jpg 231w, https:\/\/www.dogpride.nl\/wp-content\/uploads\/Maattabel-Tops-lady-1-400x520.jpg 400w, https:\/\/www.dogpride.nl\/wp-content\/uploads\/Maattabel-Tops-lady-1-600x780.jpg 600w, https:\/\/www.dogpride.nl\/wp-content\/uploads\/Maattabel-Tops-lady-1.jpg 632w\" alt=\"Maattabel\" width=\"632\" height=\"822\" data-orig-src=\"https:\/\/www.dogpride.nl\/wp-content\/uploads\/Maattabel-Tops-lady-1.jpg\" data-srcset=\"https:\/\/www.dogpride.nl\/wp-content\/uploads\/Maattabel-Tops-lady-1-200x260.jpg 200w, https:\/\/www.dogpride.nl\/wp-content\/uploads\/Maattabel-Tops-lady-1-231x300.jpg 231w, https:\/\/www.dogpride.nl\/wp-content\/uploads\/Maattabel-Tops-lady-1-400x520.jpg 400w, https:\/\/www.dogpride.nl\/wp-content\/uploads\/Maattabel-Tops-lady-1-600x780.jpg 600w, https:\/\/www.dogpride.nl\/wp-content\/uploads\/Maattabel-Tops-lady-1.jpg 632w\" data-sizes=\"auto\" data-orig-sizes=\"(max-width: 632px) 100vw, 632px\" \/><\/p>\n<p><a href=\"https:\/\/arrakoutdoor.com\/\" target=\"_blank\" rel=\"noopener\"><img loading=\"lazy\" decoding=\"async\" class=\"alignnone wp-image-139301 size-medium\" src=\"https:\/\/dogpride.nl\/wp-content\/uploads\/Arrak-300x118.jpeg\" alt=\"Logo\" width=\"300\" height=\"118\" srcset=\"https:\/\/dogpride.nl\/wp-content\/uploads\/Arrak-300x118.jpeg 300w, https:\/\/dogpride.nl\/wp-content\/uploads\/Arrak-768x303.jpeg 768w, https:\/\/dogpride.nl\/wp-content\/uploads\/Arrak-18x7.jpeg 18w, https:\/\/dogpride.nl\/wp-content\/uploads\/Arrak-250x99.jpeg 250w, https:\/\/dogpride.nl\/wp-content\/uploads\/Arrak-400x158.jpeg 400w, https:\/\/dogpride.nl\/wp-content\/uploads\/Arrak.jpeg 916w\" sizes=\"auto, (max-width: 300px) 100vw, 300px\" \/><\/a><\/p>\n<p><a href=\"https:\/\/dogpride.nl\/fr\/kleding\/vesten\/arrak-outdoor-vesten\/\"><img loading=\"lazy\" decoding=\"async\" class=\"alignnone\" title=\"Arrak Flannel Insulated Shirt Rouge Femme\" src=\"https:\/\/dogpride.nl\/wp-content\/uploads\/27034-1016_ccexpress-150x150.jpg\" alt=\"Arrak Flanellen Ge\u00efsoleerd overhemd Rood Dames\" width=\"150\" height=\"150\" \/><\/a><\/p>","protected":false},"excerpt":{"rendered":"<p>Chemise en flanelle Arrak&#039;s en coton doux bross\u00e9 100%. Dans un tissu plus solide et durable dans un design classique. Doublure int\u00e9rieure matelass\u00e9e. Doubles poches poitrine \u00e0 rabats. Coudes renforc\u00e9s. Poche tunnel \u00e0 l&#039;arri\u00e8re.<\/p>","protected":false},"featured_media":89108,"template":"","meta":[],"product_brand":[],"product_cat":[3867],"product_tag":[3335,11043,11037,11042,11048,11051,11033,11034,11039,11035,11044,11041,11050,11038,11047,11046,11036,11049,11040,11045],"class_list":{"0":"post-89107","1":"product","2":"type-product","3":"status-publish","4":"has-post-thumbnail","6":"product_cat-arrak-outdoor-vesten","7":"product_tag-arrak","8":"product_tag-boskleding","9":"product_tag-buitenkleding","10":"product_tag-casual-overhemd","11":"product_tag-duurzaam-katoen","12":"product_tag-flanel","13":"product_tag-flanellen-overhemd","14":"product_tag-geisoleerd-overhemd","15":"product_tag-gevoerd-overhemd","16":"product_tag-heren-overhemd","17":"product_tag-herfst-kleding","18":"product_tag-hiking-overhemd","19":"product_tag-outdoor-fashion","20":"product_tag-outdoor-overhemd","21":"product_tag-scandinavisch-design","22":"product_tag-thermisch-overhemd","23":"product_tag-warme-blouse","24":"product_tag-warme-bovenkleding","25":"product_tag-werkoverhemd","26":"product_tag-winter-kleding","28":"first","29":"instock","30":"taxable","31":"shipping-taxable","32":"purchasable","33":"product-type-variable"},"mb":[],"mfb_rest_fields":["title"],"_links":{"self":[{"href":"https:\/\/dogpride.nl\/fr\/wp-json\/wp\/v2\/product\/89107","targetHints":{"allow":["GET"]}}],"collection":[{"href":"https:\/\/dogpride.nl\/fr\/wp-json\/wp\/v2\/product"}],"about":[{"href":"https:\/\/dogpride.nl\/fr\/wp-json\/wp\/v2\/types\/product"}],"wp:featuredmedia":[{"embeddable":true,"href":"https:\/\/dogpride.nl\/fr\/wp-json\/wp\/v2\/media\/89108"}],"wp:attachment":[{"href":"https:\/\/dogpride.nl\/fr\/wp-json\/wp\/v2\/media?parent=89107"}],"wp:term":[{"taxonomy":"product_brand","embeddable":true,"href":"https:\/\/dogpride.nl\/fr\/wp-json\/wp\/v2\/product_brand?post=89107"},{"taxonomy":"product_cat","embeddable":true,"href":"https:\/\/dogpride.nl\/fr\/wp-json\/wp\/v2\/product_cat?post=89107"},{"taxonomy":"product_tag","embeddable":true,"href":"https:\/\/dogpride.nl\/fr\/wp-json\/wp\/v2\/product_tag?post=89107"}],"curies":[{"name":"wp","href":"https:\/\/api.w.org\/{rel}","templated":true}]}}