{"id":89075,"date":"2022-04-14T18:13:37","date_gmt":"2022-04-14T16:13:37","guid":{"rendered":"https:\/\/www.dogpride.nl\/?post_type=product&#038;p=89075"},"modified":"2025-11-03T08:45:38","modified_gmt":"2025-11-03T07:45:38","slug":"arrak-sporty-hood-dames-zwart","status":"publish","type":"product","link":"https:\/\/dogpride.nl\/fr\/arrak-sporty-hood-dames-zwart\/","title":{"rendered":"Arrak Sporty Hood dames Noir"},"content":{"rendered":"<h4>Arrak Sporty Hood dames Noir<\/h4>\n<p>Arrak Sporty Hood dames Noir. Une capuche de super belle qualit\u00e9 dans une mati\u00e8re sweat-shirt plus lourde en coton 80% \/ Polyester 20%. Le tissu a un ext\u00e9rieur bross\u00e9 doux et un int\u00e9rieur bross\u00e9.<\/p>\n<ul>\n<li>Poche poitrine zipp\u00e9e et 2 poches mains zipp\u00e9es.<\/li>\n<li>Il y a aussi une poche arri\u00e8re pratique \u00e0 l&#039;arri\u00e8re.<\/li>\n<li>Capuche ajustable.<\/li>\n<li>Broderie Arrak sur la poitrine et sur la capuche.<\/li>\n<\/ul>\n<p><strong>Caract\u00e9ristiques:<\/strong><\/p>\n<ul>\n<li>Excellente qualit\u00e9<\/li>\n<li>80% coton \/ 20% polyester<\/li>\n<li>Qualit\u00e9 bross\u00e9e pour un toucher plus doux<\/li>\n<li>Bross\u00e9 \u00e0 l&#039;int\u00e9rieur<\/li>\n<li>Poches poitrine et poches pour les mains zipp\u00e9es<\/li>\n<li>Poche tunnel \u00e0 l&#039;arri\u00e8re<\/li>\n<li>Capuche ajustable<\/li>\n<\/ul>\n<p><strong>Tableau des tailles:<\/strong><\/p>\n<p><img loading=\"lazy\" decoding=\"async\" class=\"alignnone size-full wp-image-89018 lazyautosizes ls-is-cached lazyloaded\" src=\"https:\/\/www.dogpride.nl\/wp-content\/uploads\/Maattabel-Tops-lady-1.jpg\" sizes=\"auto, 632px\" srcset=\"https:\/\/www.dogpride.nl\/wp-content\/uploads\/Maattabel-Tops-lady-1-200x260.jpg 200w, https:\/\/www.dogpride.nl\/wp-content\/uploads\/Maattabel-Tops-lady-1-231x300.jpg 231w, https:\/\/www.dogpride.nl\/wp-content\/uploads\/Maattabel-Tops-lady-1-400x520.jpg 400w, https:\/\/www.dogpride.nl\/wp-content\/uploads\/Maattabel-Tops-lady-1-600x780.jpg 600w, https:\/\/www.dogpride.nl\/wp-content\/uploads\/Maattabel-Tops-lady-1.jpg 632w\" alt=\"Maattabel\" width=\"632\" height=\"822\" data-orig-src=\"https:\/\/www.dogpride.nl\/wp-content\/uploads\/Maattabel-Tops-lady-1.jpg\" data-srcset=\"https:\/\/www.dogpride.nl\/wp-content\/uploads\/Maattabel-Tops-lady-1-200x260.jpg 200w, https:\/\/www.dogpride.nl\/wp-content\/uploads\/Maattabel-Tops-lady-1-231x300.jpg 231w, https:\/\/www.dogpride.nl\/wp-content\/uploads\/Maattabel-Tops-lady-1-400x520.jpg 400w, https:\/\/www.dogpride.nl\/wp-content\/uploads\/Maattabel-Tops-lady-1-600x780.jpg 600w, https:\/\/www.dogpride.nl\/wp-content\/uploads\/Maattabel-Tops-lady-1.jpg 632w\" data-sizes=\"auto\" data-orig-sizes=\"(max-width: 632px) 100vw, 632px\" \/><\/p>\n<p><a href=\"https:\/\/arrakoutdoor.com\/\" target=\"_blank\" rel=\"noopener\"><img loading=\"lazy\" decoding=\"async\" class=\"alignnone wp-image-139301 size-medium\" src=\"https:\/\/dogpride.nl\/wp-content\/uploads\/Arrak-300x118.jpeg\" alt=\"Logo\" width=\"300\" height=\"118\" srcset=\"https:\/\/dogpride.nl\/wp-content\/uploads\/Arrak-300x118.jpeg 300w, https:\/\/dogpride.nl\/wp-content\/uploads\/Arrak-768x303.jpeg 768w, https:\/\/dogpride.nl\/wp-content\/uploads\/Arrak-18x7.jpeg 18w, https:\/\/dogpride.nl\/wp-content\/uploads\/Arrak-250x99.jpeg 250w, https:\/\/dogpride.nl\/wp-content\/uploads\/Arrak-400x158.jpeg 400w, https:\/\/dogpride.nl\/wp-content\/uploads\/Arrak.jpeg 916w\" sizes=\"auto, (max-width: 300px) 100vw, 300px\" \/><\/a><\/p>\n<p><a href=\"https:\/\/dogpride.nl\/fr\/kleding\/hoodies\/arrak-outdoor-hoodies\/\"><img loading=\"lazy\" decoding=\"async\" class=\"alignnone\" title=\"Arrak Sporty Hood dames Zwart hoodie\" src=\"https:\/\/dogpride.nl\/wp-content\/uploads\/27035-1122_ccexpress-150x150.jpg\" alt=\"Arrak Sporty Hood dames Zwart hoodie\" width=\"150\" height=\"150\" \/><\/a><\/p>","protected":false},"excerpt":{"rendered":"<p>Une capuche de super belle qualit\u00e9 dans une mati\u00e8re sweat-shirt plus lourde en coton 80% \/ Polyester 20%. Le tissu a un ext\u00e9rieur bross\u00e9 doux et un int\u00e9rieur bross\u00e9.<\/p>","protected":false},"featured_media":89076,"template":"","meta":[],"product_brand":[],"product_cat":[3888],"product_tag":[],"class_list":{"0":"post-89075","1":"product","2":"type-product","3":"status-publish","4":"has-post-thumbnail","6":"product_cat-arrak-outdoor-hoodies","8":"first","9":"instock","10":"taxable","11":"shipping-taxable","12":"purchasable","13":"product-type-variable"},"mb":[],"mfb_rest_fields":["title"],"_links":{"self":[{"href":"https:\/\/dogpride.nl\/fr\/wp-json\/wp\/v2\/product\/89075","targetHints":{"allow":["GET"]}}],"collection":[{"href":"https:\/\/dogpride.nl\/fr\/wp-json\/wp\/v2\/product"}],"about":[{"href":"https:\/\/dogpride.nl\/fr\/wp-json\/wp\/v2\/types\/product"}],"wp:featuredmedia":[{"embeddable":true,"href":"https:\/\/dogpride.nl\/fr\/wp-json\/wp\/v2\/media\/89076"}],"wp:attachment":[{"href":"https:\/\/dogpride.nl\/fr\/wp-json\/wp\/v2\/media?parent=89075"}],"wp:term":[{"taxonomy":"product_brand","embeddable":true,"href":"https:\/\/dogpride.nl\/fr\/wp-json\/wp\/v2\/product_brand?post=89075"},{"taxonomy":"product_cat","embeddable":true,"href":"https:\/\/dogpride.nl\/fr\/wp-json\/wp\/v2\/product_cat?post=89075"},{"taxonomy":"product_tag","embeddable":true,"href":"https:\/\/dogpride.nl\/fr\/wp-json\/wp\/v2\/product_tag?post=89075"}],"curies":[{"name":"wp","href":"https:\/\/api.w.org\/{rel}","templated":true}]}}