{"id":88546,"date":"2022-04-01T14:45:24","date_gmt":"2022-04-01T12:45:24","guid":{"rendered":"https:\/\/www.dogpride.nl\/?post_type=product&#038;p=88546"},"modified":"2026-02-19T13:12:44","modified_gmt":"2026-02-19T12:12:44","slug":"arrak-motion-flex-pant-men-khaki","status":"publish","type":"product","link":"https:\/\/dogpride.nl\/fr\/arrak-motion-flex-pant-men-khaki\/","title":{"rendered":"Pantalon ARRAK Motion Flex Homme Kaki"},"content":{"rendered":"<h4>Pantalon ARRAK Motion Flex Homme Kaki<\/h4>\n<p>Pantalon ARRAK Motion Flex Homme Kaki<\/p>\n<p>est un pantalon en tissu extensible dans les 4 sens pour un ajustement parfait. Des genoux, c&#039;est un tissu imperm\u00e9able qui prot\u00e8ge, par exemple, lorsque vous marchez sur un terrain humide. Poches zipp\u00e9es pour les mains. Poches cuisses sur le c\u00f4t\u00e9 de la cuisse o\u00f9 l&#039;on a \u00e9galement une poche zipp\u00e9e.<br \/>\nFermeture \u00e9clair \u00e0 l&#039;ouverture des jambes qui facilite l&#039;habillage et peut \u00eatre utilis\u00e9e pour la ventilation.<br \/>\nCeinture int\u00e9gr\u00e9e \u00e0 la taille.<br \/>\nLe pantalon est fait d&#039;un tissu extensible en Nylon 90% \/ Spandex 10% et au bas du pantalon en Polyester 100% avec 3000mm de colonne d&#039;eau.<br \/>\nPantalon outdoor pour ceux qui recherchent un pantalon souple avec une coupe parfaite !<\/p>\n<p><strong>Caract\u00e9ristiques:<\/strong><\/p>\n<ul>\n<li>Tissu extensible Nylon 90% \/ \u00c9lasthanne 10%<\/li>\n<li>Bas du pantalon polyester 100% avec une colonne d&#039;eau de 3000 mm<\/li>\n<li>7 passants de ceinture<\/li>\n<li>Poches zipp\u00e9es pour les mains<\/li>\n<li>Poches sur les cuisses avec fermeture \u00e9clair<\/li>\n<li>Extr\u00e9mit\u00e9s des jambes r\u00e9glables pour un enfilage et un retrait plus faciles<\/li>\n<li>Fermeture \u00e9clair lors du choix de la ventilation<\/li>\n<li>Ceinture int\u00e9gr\u00e9e \u00e0 la taille<\/li>\n<\/ul>\n<p>Tailles : 36-60<\/p>\n<p>&nbsp;<\/p>\n<div class=\"woocommerce-tabs wc-tabs-wrapper\">\n<div id=\"tab-description\" class=\"woocommerce-Tabs-panel woocommerce-Tabs-panel--description panel entry-content wc-tab\" role=\"tabpanel\" aria-labelledby=\"tab-title-description\">\n<div class=\"post-content\">\n<p><img loading=\"lazy\" decoding=\"async\" class=\"alignnone size-full wp-image-88563\" src=\"https:\/\/www.dogpride.nl\/wp-content\/uploads\/Maattabel-AO-New-pants-men-11.jpg\" alt=\"Maattabel\" width=\"644\" height=\"853\" srcset=\"https:\/\/dogpride.nl\/wp-content\/uploads\/Maattabel-AO-New-pants-men-11.jpg 644w, https:\/\/dogpride.nl\/wp-content\/uploads\/Maattabel-AO-New-pants-men-11-250x331.jpg 250w, https:\/\/dogpride.nl\/wp-content\/uploads\/Maattabel-AO-New-pants-men-11-400x530.jpg 400w, https:\/\/dogpride.nl\/wp-content\/uploads\/Maattabel-AO-New-pants-men-11-226x300.jpg 226w, https:\/\/dogpride.nl\/wp-content\/uploads\/Maattabel-AO-New-pants-men-11-200x265.jpg 200w, https:\/\/dogpride.nl\/wp-content\/uploads\/Maattabel-AO-New-pants-men-11-600x795.jpg 600w\" sizes=\"auto, (max-width: 644px) 100vw, 644px\" \/><\/p>\n<p><a href=\"https:\/\/arrakoutdoor.com\/\" target=\"_blank\" rel=\"noopener\"><img loading=\"lazy\" decoding=\"async\" class=\"alignnone wp-image-139301 size-medium\" src=\"https:\/\/dogpride.nl\/wp-content\/uploads\/Arrak-300x118.jpeg\" alt=\"Logo\" width=\"300\" height=\"118\" srcset=\"https:\/\/dogpride.nl\/wp-content\/uploads\/Arrak-300x118.jpeg 300w, https:\/\/dogpride.nl\/wp-content\/uploads\/Arrak-768x303.jpeg 768w, https:\/\/dogpride.nl\/wp-content\/uploads\/Arrak-18x7.jpeg 18w, https:\/\/dogpride.nl\/wp-content\/uploads\/Arrak-250x99.jpeg 250w, https:\/\/dogpride.nl\/wp-content\/uploads\/Arrak-400x158.jpeg 400w, https:\/\/dogpride.nl\/wp-content\/uploads\/Arrak.jpeg 916w\" sizes=\"auto, (max-width: 300px) 100vw, 300px\" \/><\/a><\/p>\n<p><a href=\"https:\/\/dogpride.nl\/fr\/kleding\/broeken\/arrak-outdoor-broeken\/?product-page=2\"><img loading=\"lazy\" decoding=\"async\" class=\"alignnone\" title=\"Pantalon ARRAK Motion Flex Homme Kaki \" src=\"https:\/\/dogpride.nl\/wp-content\/uploads\/motion_flex_pant_beige_4_-150x150.jpg\" alt=\"ARRAK Motion Flex Pant Men Khaki \" width=\"150\" height=\"150\" \/><\/a><\/p>\n<\/div>\n<\/div>\n<\/div>","protected":false},"excerpt":{"rendered":"<div class=\"post-content woocommerce-product-details__short-description\">\n<p>Pantalon Motion Flex Homme. Le pantalon Arrak Motion Flex est fabriqu\u00e9 en tissu extensible dans les 4 sens pour un ajustement parfait.<\/p>\n<\/div>","protected":false},"featured_media":88547,"template":"","meta":[],"product_brand":[],"product_cat":[24458],"product_tag":[],"class_list":{"0":"post-88546","1":"product","2":"type-product","3":"status-publish","4":"has-post-thumbnail","6":"product_cat-arrak-outdoor-heren-broeken","8":"first","9":"instock","10":"taxable","11":"shipping-taxable","12":"purchasable","13":"product-type-variable"},"mb":[],"mfb_rest_fields":["title"],"_links":{"self":[{"href":"https:\/\/dogpride.nl\/fr\/wp-json\/wp\/v2\/product\/88546","targetHints":{"allow":["GET"]}}],"collection":[{"href":"https:\/\/dogpride.nl\/fr\/wp-json\/wp\/v2\/product"}],"about":[{"href":"https:\/\/dogpride.nl\/fr\/wp-json\/wp\/v2\/types\/product"}],"wp:featuredmedia":[{"embeddable":true,"href":"https:\/\/dogpride.nl\/fr\/wp-json\/wp\/v2\/media\/88547"}],"wp:attachment":[{"href":"https:\/\/dogpride.nl\/fr\/wp-json\/wp\/v2\/media?parent=88546"}],"wp:term":[{"taxonomy":"product_brand","embeddable":true,"href":"https:\/\/dogpride.nl\/fr\/wp-json\/wp\/v2\/product_brand?post=88546"},{"taxonomy":"product_cat","embeddable":true,"href":"https:\/\/dogpride.nl\/fr\/wp-json\/wp\/v2\/product_cat?post=88546"},{"taxonomy":"product_tag","embeddable":true,"href":"https:\/\/dogpride.nl\/fr\/wp-json\/wp\/v2\/product_tag?post=88546"}],"curies":[{"name":"wp","href":"https:\/\/api.w.org\/{rel}","templated":true}]}}