{"id":88529,"date":"2022-04-01T14:36:01","date_gmt":"2022-04-01T12:36:01","guid":{"rendered":"https:\/\/www.dogpride.nl\/?post_type=product&#038;p=88529"},"modified":"2026-02-19T13:13:00","modified_gmt":"2026-02-19T12:13:00","slug":"arrak-motion-flex-pant-men-olijf","status":"publish","type":"product","link":"https:\/\/dogpride.nl\/fr\/arrak-motion-flex-pant-men-olijf\/","title":{"rendered":"ARRAK Motion Flex Pantalon Homme Olive"},"content":{"rendered":"<p>ARRAK Motion Flex Pantalon Homme Olive<\/p>\n<p>ARRAK Motion Flex Pant Men Olive est une paire de tissu extensible dans les 4 sens pour un ajustement parfait. Des genoux, c&#039;est un tissu imperm\u00e9able qui prot\u00e8ge, par exemple, lorsque vous marchez sur un terrain humide. Poches zipp\u00e9es pour les mains. Poches cuisses sur le c\u00f4t\u00e9 de la cuisse o\u00f9 l&#039;on a \u00e9galement une poche zipp\u00e9e.<\/p>\n<div class=\"woocommerce-tabs wc-tabs-wrapper\">\n<div id=\"tab-description\" class=\"woocommerce-Tabs-panel woocommerce-Tabs-panel--description panel entry-content wc-tab\" role=\"tabpanel\" aria-labelledby=\"tab-title-description\">\n<div class=\"post-content\">\n<p>Fermeture \u00e9clair \u00e0 l&#039;ouverture des jambes qui facilite l&#039;habillage et peut \u00eatre utilis\u00e9e pour la ventilation.<br \/>\nCeinture int\u00e9gr\u00e9e \u00e0 la taille.<br \/>\nLe pantalon est fait d&#039;un tissu extensible en Nylon 90% \/ Spandex 10% et au bas du pantalon en Polyester 100% avec 3000mm de colonne d&#039;eau.<br \/>\nPantalon outdoor pour ceux qui recherchent un pantalon souple avec une coupe parfaite !<\/p>\n<p><strong>Caract\u00e9ristiques:<\/strong><\/p>\n<ul>\n<li>Tissu extensible Nylon 90% \/ \u00c9lasthanne 10%<\/li>\n<li>Bas du pantalon polyester 100% avec une colonne d&#039;eau de 3000 mm<\/li>\n<li>7 passants de ceinture<\/li>\n<li>Poches zipp\u00e9es pour les mains<\/li>\n<li>Poches sur les cuisses avec fermeture \u00e9clair<\/li>\n<li>Extr\u00e9mit\u00e9s des jambes r\u00e9glables pour un enfilage et un retrait plus faciles<\/li>\n<li>Fermeture \u00e9clair lors du choix de la ventilation<\/li>\n<li>Ceinture int\u00e9gr\u00e9e \u00e0 la taille<\/li>\n<\/ul>\n<p>Tailles : 46-60<\/p>\n<p><img loading=\"lazy\" decoding=\"async\" class=\"lazyautosizes lazyloaded alignnone wp-image-72595 size-large\" src=\"https:\/\/www.dogpride.nl\/wp-content\/uploads\/men_s_pants-701x1024.jpg\" sizes=\"auto, 701px\" srcset=\"https:\/\/www.dogpride.nl\/wp-content\/uploads\/men_s_pants-200x292.jpg 200w, https:\/\/www.dogpride.nl\/wp-content\/uploads\/men_s_pants-206x300.jpg 206w, https:\/\/www.dogpride.nl\/wp-content\/uploads\/men_s_pants-400x584.jpg 400w, https:\/\/www.dogpride.nl\/wp-content\/uploads\/men_s_pants-600x876.jpg 600w, https:\/\/www.dogpride.nl\/wp-content\/uploads\/men_s_pants-701x1024.jpg 701w, https:\/\/www.dogpride.nl\/wp-content\/uploads\/men_s_pants-768x1121.jpg 768w, https:\/\/www.dogpride.nl\/wp-content\/uploads\/men_s_pants-800x1168.jpg 800w, https:\/\/www.dogpride.nl\/wp-content\/uploads\/men_s_pants.jpg 822w\" alt=\"Maattabel\" width=\"701\" height=\"1024\" data-orig-src=\"https:\/\/www.dogpride.nl\/wp-content\/uploads\/men_s_pants-701x1024.jpg\" data-srcset=\"https:\/\/www.dogpride.nl\/wp-content\/uploads\/men_s_pants-200x292.jpg 200w, https:\/\/www.dogpride.nl\/wp-content\/uploads\/men_s_pants-206x300.jpg 206w, https:\/\/www.dogpride.nl\/wp-content\/uploads\/men_s_pants-400x584.jpg 400w, https:\/\/www.dogpride.nl\/wp-content\/uploads\/men_s_pants-600x876.jpg 600w, https:\/\/www.dogpride.nl\/wp-content\/uploads\/men_s_pants-701x1024.jpg 701w, https:\/\/www.dogpride.nl\/wp-content\/uploads\/men_s_pants-768x1121.jpg 768w, https:\/\/www.dogpride.nl\/wp-content\/uploads\/men_s_pants-800x1168.jpg 800w, https:\/\/www.dogpride.nl\/wp-content\/uploads\/men_s_pants.jpg 822w\" data-sizes=\"auto\" data-orig-sizes=\"(max-width: 701px) 100vw, 701px\" \/><\/p>\n<p><a href=\"https:\/\/arrakoutdoor.com\/\" target=\"_blank\" rel=\"noopener\"><img loading=\"lazy\" decoding=\"async\" class=\"alignnone wp-image-139301 size-medium\" src=\"https:\/\/dogpride.nl\/wp-content\/uploads\/Arrak-300x118.jpeg\" alt=\"Logo\" width=\"300\" height=\"118\" srcset=\"https:\/\/dogpride.nl\/wp-content\/uploads\/Arrak-300x118.jpeg 300w, https:\/\/dogpride.nl\/wp-content\/uploads\/Arrak-768x303.jpeg 768w, https:\/\/dogpride.nl\/wp-content\/uploads\/Arrak-18x7.jpeg 18w, https:\/\/dogpride.nl\/wp-content\/uploads\/Arrak-250x99.jpeg 250w, https:\/\/dogpride.nl\/wp-content\/uploads\/Arrak-400x158.jpeg 400w, https:\/\/dogpride.nl\/wp-content\/uploads\/Arrak.jpeg 916w\" sizes=\"auto, (max-width: 300px) 100vw, 300px\" \/><\/a><\/p>\n<\/div>\n<\/div>\n<\/div>\n<div class=\"fusion-clearfix\"><\/div>\n<ul class=\"social-share clearfix\">\n<li class=\"facebook\"><a href=\"https:\/\/dogpride.nl\/fr\/kleding\/broeken\/arrak-outdoor-broeken\/\"><img loading=\"lazy\" decoding=\"async\" class=\"alignnone\" title=\"ARRAK Motion Flex Pantalon Homme Olive\" src=\"https:\/\/dogpride.nl\/wp-content\/uploads\/motion_flex_pant_olive_5_-150x150.jpg\" alt=\"ARRAK Motion Flex Pant Men Olijf\" width=\"150\" height=\"150\" \/><\/a><\/li>\n<\/ul>","protected":false},"excerpt":{"rendered":"<p>Pantalon Motion Flex Homme. Le pantalon Arrak Motion Flex est fabriqu\u00e9 en tissu extensible dans les 4 sens pour un ajustement parfait.<\/p>","protected":false},"featured_media":88530,"template":"","meta":[],"product_brand":[],"product_cat":[24458],"product_tag":[],"class_list":{"0":"post-88529","1":"product","2":"type-product","3":"status-publish","4":"has-post-thumbnail","6":"product_cat-arrak-outdoor-heren-broeken","8":"first","9":"instock","10":"taxable","11":"shipping-taxable","12":"purchasable","13":"product-type-variable"},"mb":[],"mfb_rest_fields":["title"],"_links":{"self":[{"href":"https:\/\/dogpride.nl\/fr\/wp-json\/wp\/v2\/product\/88529","targetHints":{"allow":["GET"]}}],"collection":[{"href":"https:\/\/dogpride.nl\/fr\/wp-json\/wp\/v2\/product"}],"about":[{"href":"https:\/\/dogpride.nl\/fr\/wp-json\/wp\/v2\/types\/product"}],"wp:featuredmedia":[{"embeddable":true,"href":"https:\/\/dogpride.nl\/fr\/wp-json\/wp\/v2\/media\/88530"}],"wp:attachment":[{"href":"https:\/\/dogpride.nl\/fr\/wp-json\/wp\/v2\/media?parent=88529"}],"wp:term":[{"taxonomy":"product_brand","embeddable":true,"href":"https:\/\/dogpride.nl\/fr\/wp-json\/wp\/v2\/product_brand?post=88529"},{"taxonomy":"product_cat","embeddable":true,"href":"https:\/\/dogpride.nl\/fr\/wp-json\/wp\/v2\/product_cat?post=88529"},{"taxonomy":"product_tag","embeddable":true,"href":"https:\/\/dogpride.nl\/fr\/wp-json\/wp\/v2\/product_tag?post=88529"}],"curies":[{"name":"wp","href":"https:\/\/api.w.org\/{rel}","templated":true}]}}