{"id":88194,"date":"2022-03-29T11:50:19","date_gmt":"2022-03-29T09:50:19","guid":{"rendered":"https:\/\/www.dogpride.nl\/?post_type=product&#038;p=88194"},"modified":"2025-11-16T11:31:50","modified_gmt":"2025-11-16T10:31:50","slug":"gappay-vest-flying-ball","status":"publish","type":"product","link":"https:\/\/dogpride.nl\/fr\/gappay-vest-flying-ball\/","title":{"rendered":"Gilet Gappay BOULE VOLANTE"},"content":{"rendered":"<h4>Gilet Gappay BOULE VOLANTE<\/h4>\n<p>Gilet Gappay BOULE VOLANTE<\/p>\n<ul>\n<li>Id\u00e9al en combinaison avec la machine Flying Ball<\/li>\n<li>Le gilet est fait d&#039;un mat\u00e9riau en nylon l\u00e9ger<\/li>\n<li>Seul le gilet est inclus dans la livraison<\/li>\n<li>Le syst\u00e8me Flying Ball doit \u00eatre achet\u00e9 s\u00e9par\u00e9ment<\/li>\n<li>Tr\u00e8s bien fait<\/li>\n<li>Confortable \u00e0 porter<\/li>\n<li>Poss\u00e8de des poches spacieuses<\/li>\n<li>Une grande poche kangourou, continue \u00e0 la hanche<\/li>\n<li>Deux poches poitrine peuvent \u00eatre ferm\u00e9es<\/li>\n<li>Anneau sur le bassin pour la ceinture<\/li>\n<li>Une grande poche continue sur les fesses<\/li>\n<li>Les poches sont faciles \u00e0 saisir gr\u00e2ce aux coins sp\u00e9ciaux<\/li>\n<li>Meilleure qualit\u00e9<\/li>\n<li>Nouvelles fermetures \u00e9clair<\/li>\n<li>Nombreuses poches spacieuses sur le devant<\/li>\n<li>Poches poitrine verrouillables<\/li>\n<li>Mat\u00e9riau tr\u00e8s r\u00e9sistant<\/li>\n<li>Hydrofuge<\/li>\n<li>Tr\u00e8s respirant<\/li>\n<li>R\u00e9sistant aux rayures<\/li>\n<li>Ce mod\u00e8le est unisexe<\/li>\n<li>Un outil parfait pour la manipulation de ligne et la formation de s\u00e9quence libre<\/li>\n<li>Balldropper est plac\u00e9 sur le c\u00f4t\u00e9 gauche avec les boutons-pression donn\u00e9s dans le gilet<\/li>\n<li>D\u00e9clenchement au moyen d&#039;un cordon de traction<\/li>\n<li>Convient aux petites et grosses boules, jusqu&#039;\u00e0 68 mm max.<\/li>\n<li>La balle s&#039;\u00e9jecte sur la g\u00e2chette, toujours dans la bonne position<\/li>\n<li>A deux forces de chute, le verrou 1 et le verrou 2 pour une \u00e9jection plus forte<\/li>\n<li>Atteindre en fonction du ballon et se reposer entre 2 et 5 m\u00e8tres<\/li>\n<li>Disponible en trois tailles en raison de la taille du gilet<\/li>\n<\/ul>\n<p>Disponible en tailles : XS-3XL<\/p>\n<p><strong>Maattabel Gappay Vest FLYING BALL:<\/strong><\/p>\n<p><img loading=\"lazy\" decoding=\"async\" class=\"alignnone wp-image-88179 size-full\" src=\"https:\/\/www.dogpride.nl\/wp-content\/uploads\/Tabelle-1590-en-1597.jpg\" alt=\"GAPPAY Trainingsvest PROFI Unisex\" width=\"600\" height=\"600\" srcset=\"https:\/\/dogpride.nl\/wp-content\/uploads\/Tabelle-1590-en-1597.jpg 600w, https:\/\/dogpride.nl\/wp-content\/uploads\/Tabelle-1590-en-1597-250x250.jpg 250w, https:\/\/dogpride.nl\/wp-content\/uploads\/Tabelle-1590-en-1597-100x100.jpg 100w, https:\/\/dogpride.nl\/wp-content\/uploads\/Tabelle-1590-en-1597-400x400.jpg 400w, https:\/\/dogpride.nl\/wp-content\/uploads\/Tabelle-1590-en-1597-300x300.jpg 300w, https:\/\/dogpride.nl\/wp-content\/uploads\/Tabelle-1590-en-1597-150x150.jpg 150w, https:\/\/dogpride.nl\/wp-content\/uploads\/Tabelle-1590-en-1597-66x66.jpg 66w, https:\/\/dogpride.nl\/wp-content\/uploads\/Tabelle-1590-en-1597-200x200.jpg 200w\" sizes=\"auto, (max-width: 600px) 100vw, 600px\" \/><\/p>\n<p><a href=\"https:\/\/www.gappay-hundesport.com\/en\" target=\"_blank\" rel=\"noopener\"><img loading=\"lazy\" decoding=\"async\" class=\"alignnone wp-image-142913 size-medium\" src=\"https:\/\/dogpride.nl\/wp-content\/uploads\/gappay_logo-4-300x63.jpg\" alt=\"Logo Gappay\" width=\"300\" height=\"63\" srcset=\"https:\/\/dogpride.nl\/wp-content\/uploads\/gappay_logo-4-300x63.jpg 300w, https:\/\/dogpride.nl\/wp-content\/uploads\/gappay_logo-4-18x4.jpg 18w, https:\/\/dogpride.nl\/wp-content\/uploads\/gappay_logo-4-250x52.jpg 250w, https:\/\/dogpride.nl\/wp-content\/uploads\/gappay_logo-4.jpg 305w\" sizes=\"auto, (max-width: 300px) 100vw, 300px\" \/><\/a><\/p>\n<p><a href=\"https:\/\/dogpride.nl\/fr\/kleding\/trainingsvesten\/gappay-trainingsvesten\/\"><img loading=\"lazy\" decoding=\"async\" class=\"alignnone\" title=\"Gilet Gappay BOULE VOLANTE\" src=\"https:\/\/dogpride.nl\/wp-content\/uploads\/1591-A-vesta-s-vyhazovacem-celni-MG-8763-150x150.jpg\" alt=\"Gappay Vest FLYING BALL\" width=\"150\" height=\"150\" \/><\/a><\/p>","protected":false},"excerpt":{"rendered":"<p>Un outil parfait pour la manipulation de ligne et la formation de s\u00e9quence libre. Balldropper est plac\u00e9 sur le c\u00f4t\u00e9 gauche avec les boutons-pression donn\u00e9s dans le gilet. D\u00e9clenchement au moyen d&#039;une tirette. Convient pour les balles petites et grandes, jusqu&#039;\u00e0 68 mm maximum.<\/p>","protected":false},"featured_media":88196,"template":"","meta":[],"product_brand":[],"product_cat":[3875],"product_tag":[],"class_list":{"0":"post-88194","1":"product","2":"type-product","3":"status-publish","4":"has-post-thumbnail","6":"product_cat-gappay-trainingsvesten","8":"first","9":"instock","10":"taxable","11":"shipping-taxable","12":"purchasable","13":"product-type-variable"},"mb":[],"mfb_rest_fields":["title"],"_links":{"self":[{"href":"https:\/\/dogpride.nl\/fr\/wp-json\/wp\/v2\/product\/88194","targetHints":{"allow":["GET"]}}],"collection":[{"href":"https:\/\/dogpride.nl\/fr\/wp-json\/wp\/v2\/product"}],"about":[{"href":"https:\/\/dogpride.nl\/fr\/wp-json\/wp\/v2\/types\/product"}],"wp:featuredmedia":[{"embeddable":true,"href":"https:\/\/dogpride.nl\/fr\/wp-json\/wp\/v2\/media\/88196"}],"wp:attachment":[{"href":"https:\/\/dogpride.nl\/fr\/wp-json\/wp\/v2\/media?parent=88194"}],"wp:term":[{"taxonomy":"product_brand","embeddable":true,"href":"https:\/\/dogpride.nl\/fr\/wp-json\/wp\/v2\/product_brand?post=88194"},{"taxonomy":"product_cat","embeddable":true,"href":"https:\/\/dogpride.nl\/fr\/wp-json\/wp\/v2\/product_cat?post=88194"},{"taxonomy":"product_tag","embeddable":true,"href":"https:\/\/dogpride.nl\/fr\/wp-json\/wp\/v2\/product_tag?post=88194"}],"curies":[{"name":"wp","href":"https:\/\/api.w.org\/{rel}","templated":true}]}}