{"id":88139,"date":"2022-03-29T09:26:03","date_gmt":"2022-03-29T07:26:03","guid":{"rendered":"https:\/\/www.dogpride.nl\/?post_type=product&#038;p=88139"},"modified":"2025-11-16T09:10:14","modified_gmt":"2025-11-16T08:10:14","slug":"dogs4me-dogsportvest-vollk","status":"publish","type":"product","link":"https:\/\/dogpride.nl\/fr\/dogs4me-dogsportvest-vollk\/","title":{"rendered":"DOGS4ME Dogsportvest VOLLK"},"content":{"rendered":"<h4>DOGS4ME Dogsportvest VOLLK<\/h4>\n<p>DOGS4ME Dogsportvest VOLLK<\/p>\n<p>Unisexe \u2013 la coupe est l\u00e9g\u00e8rement resserr\u00e9e \u00e0 la taille<br \/>\nLes inserts de couleur sur le devant donnent au gilet un look slim<br \/>\nMat\u00e9riau sup\u00e9rieur 100% PAD Cordura avec rev\u00eatement en caoutchouc<\/p>\n<p><a href=\"https:\/\/dogpride.nl\/fr\/kleding\/trainingsvesten\/dogs4me-trainingsvesten\/\"><img loading=\"lazy\" decoding=\"async\" class=\"alignnone\" title=\"DOGS4ME Dogsportvest VOLLK\" src=\"https:\/\/dogpride.nl\/wp-content\/uploads\/dogsport-vest-vollk-5-150x150.jpg\" alt=\"DOGS4ME Dogsportvest VOLLK\" width=\"150\" height=\"150\" \/><\/a><\/p>\n<h5>La partie color\u00e9e est en softshell avec 2 poches zipp\u00e9es spacieuses par exemple : cl\u00e9s de voiture, t\u00e9l\u00e9phone portable, etc.<\/h5>\n<ul>\n<li>La capuche imperm\u00e9able fait partie du col - id\u00e9ale par mauvais temps<\/li>\n<li>Taille r\u00e9glable par le tunnel avec une doublure \u00e9lastique noire 100% PES<\/li>\n<li>Anneau autour de la ceinture<\/li>\n<li>Deux poches spacieuses \u00e0 l&#039;avant et deux \u00e0 l&#039;arri\u00e8re en bas du gilet avec possibilit\u00e9 d&#039;agrandir la poche.<\/li>\n<li>Des fermetures PRYM de bonne qualit\u00e9 sont utilis\u00e9es pour la possibilit\u00e9 d&#039;augmenter la taille du gilet sur les hanches. Id\u00e9al en cas de hanches plus larges ou simplement pour ajouter plus de confort lorsque vous travaillez avec un chien, en position agenouill\u00e9e ou assise.<\/li>\n<li>Si vous utilisez \u00e0 la fois l\u2019extension de fermeture \u00e9clair sur les hanches et l\u2019extension de poche, vous obtenez des poches surdimensionn\u00e9es. Les fermetures \u00e9clair s&#039;ouvrent vers le haut. De cette fa\u00e7on, la patte d&#039;un chien impatient ne peut pas \u00eatre attrap\u00e9e et la fermeture \u00e9clair ne sera pas endommag\u00e9e en la tirant vers le bas.<\/li>\n<li>Nous n&#039;utilisons pas de mat\u00e9riau de doublure pour la cale qui agrandit la poche, mais un mat\u00e9riau de qualit\u00e9 sup\u00e9rieure.<\/li>\n<li>Fermetures \u00e9clair YKK (la fermeture \u00e9clair bidirectionnelle est une option)<\/li>\n<\/ul>\n<p>Disponible dans les couleurs : Orange, Vert, Bleu, Rose<\/p>\n<p>Tailles disponibles : XS-XXL ou sur mesure.<\/p>\n<h5>Tableau des tailles:<\/h5>\n<p><img loading=\"lazy\" decoding=\"async\" class=\"alignnone size-full wp-image-88147\" src=\"https:\/\/www.dogpride.nl\/wp-content\/uploads\/Maattabel-VOLLK.jpg\" alt=\"Maattabel\" width=\"598\" height=\"320\" srcset=\"https:\/\/dogpride.nl\/wp-content\/uploads\/Maattabel-VOLLK.jpg 598w, https:\/\/dogpride.nl\/wp-content\/uploads\/Maattabel-VOLLK-250x134.jpg 250w, https:\/\/dogpride.nl\/wp-content\/uploads\/Maattabel-VOLLK-400x214.jpg 400w, https:\/\/dogpride.nl\/wp-content\/uploads\/Maattabel-VOLLK-300x161.jpg 300w, https:\/\/dogpride.nl\/wp-content\/uploads\/Maattabel-VOLLK-200x107.jpg 200w\" sizes=\"auto, (max-width: 598px) 100vw, 598px\" \/><\/p>\n<p><a href=\"https:\/\/d4m.eu\/en\/\" target=\"_blank\" rel=\"noopener\"><img loading=\"lazy\" decoding=\"async\" class=\"alignnone wp-image-142870 size-medium\" src=\"https:\/\/dogpride.nl\/wp-content\/uploads\/Logo-Dogs4me-2-300x188.jpg\" alt=\"Logo\" width=\"300\" height=\"188\" srcset=\"https:\/\/dogpride.nl\/wp-content\/uploads\/Logo-Dogs4me-2-300x188.jpg 300w, https:\/\/dogpride.nl\/wp-content\/uploads\/Logo-Dogs4me-2-1024x640.jpg 1024w, https:\/\/dogpride.nl\/wp-content\/uploads\/Logo-Dogs4me-2-768x480.jpg 768w, https:\/\/dogpride.nl\/wp-content\/uploads\/Logo-Dogs4me-2-1536x960.jpg 1536w, https:\/\/dogpride.nl\/wp-content\/uploads\/Logo-Dogs4me-2-18x12.jpg 18w, https:\/\/dogpride.nl\/wp-content\/uploads\/Logo-Dogs4me-2-250x156.jpg 250w, https:\/\/dogpride.nl\/wp-content\/uploads\/Logo-Dogs4me-2-400x250.jpg 400w, https:\/\/dogpride.nl\/wp-content\/uploads\/Logo-Dogs4me-2.jpg 1680w\" sizes=\"auto, (max-width: 300px) 100vw, 300px\" \/><\/a><\/p>","protected":false},"excerpt":{"rendered":"<p>DOGS4ME Dogsportvest VOLLK Unisex &#8211; de snit is iets versmald in de taille. Kleur inzetstukken aan de voorkant geven het vest een slank look. Top materiaal 100% PAD Cordura met rubberen coating.<\/p>","protected":false},"featured_media":88140,"template":"","meta":[],"product_brand":[],"product_cat":[3872],"product_tag":[],"class_list":{"0":"post-88139","1":"product","2":"type-product","3":"status-publish","4":"has-post-thumbnail","6":"product_cat-dogs4me-trainingsvesten","8":"first","9":"instock","10":"taxable","11":"shipping-taxable","12":"purchasable","13":"product-type-variable"},"mb":[],"mfb_rest_fields":["title"],"_links":{"self":[{"href":"https:\/\/dogpride.nl\/fr\/wp-json\/wp\/v2\/product\/88139","targetHints":{"allow":["GET"]}}],"collection":[{"href":"https:\/\/dogpride.nl\/fr\/wp-json\/wp\/v2\/product"}],"about":[{"href":"https:\/\/dogpride.nl\/fr\/wp-json\/wp\/v2\/types\/product"}],"wp:featuredmedia":[{"embeddable":true,"href":"https:\/\/dogpride.nl\/fr\/wp-json\/wp\/v2\/media\/88140"}],"wp:attachment":[{"href":"https:\/\/dogpride.nl\/fr\/wp-json\/wp\/v2\/media?parent=88139"}],"wp:term":[{"taxonomy":"product_brand","embeddable":true,"href":"https:\/\/dogpride.nl\/fr\/wp-json\/wp\/v2\/product_brand?post=88139"},{"taxonomy":"product_cat","embeddable":true,"href":"https:\/\/dogpride.nl\/fr\/wp-json\/wp\/v2\/product_cat?post=88139"},{"taxonomy":"product_tag","embeddable":true,"href":"https:\/\/dogpride.nl\/fr\/wp-json\/wp\/v2\/product_tag?post=88139"}],"curies":[{"name":"wp","href":"https:\/\/api.w.org\/{rel}","templated":true}]}}