{"id":87309,"date":"2022-03-16T14:18:42","date_gmt":"2022-03-16T13:18:42","guid":{"rendered":"https:\/\/www.dogpride.nl\/?post_type=product&#038;p=87309"},"modified":"2022-03-16T14:26:45","modified_gmt":"2022-03-16T13:26:45","slug":"dibaro-transportkooi-90-x-72-x-60-cm","status":"publish","type":"product","link":"https:\/\/dogpride.nl\/fr\/dibaro-transportkooi-90-x-72-x-60-cm\/","title":{"rendered":"Cage de transport DIBARO \u2013 90 x 72 x 60 cm"},"content":{"rendered":"<h4>Cage de transport DIBARO \u2013 90 x 72 x 60 cm<\/h4>\n<p>Cage de transport DIBARO \u2013 90 x 72 x 60 cm.<\/p>\n<p><strong><span class=\"\">La cage simple DIBARO a \u00e9t\u00e9 sp\u00e9cialement con\u00e7ue pour transporter votre chien en toute s\u00e9curit\u00e9.<\/span><\/strong><\/p>\n<p>Fabricant haut de gamme, en aluminium anodis\u00e9 pour profil\u00e9s et panneaux PVC 10 mm.<br \/>\nLa cage DIBARO apporte confort et bien-\u00eatre \u00e0 votre chien et maintient la voiture propre<\/p>\n<p>Largeur 90 cm x profondeur 72 cm x hauteur 60 cm<br \/>\n1 partie inclin\u00e9e c\u00f4t\u00e9 banquette arri\u00e8re pour r\u00e9gler l&#039;inclinaison des si\u00e8ges, 1 partie inclin\u00e9e c\u00f4t\u00e9 hayon pour suivre la courbure du coffre.<\/p>\n<ul>\n<li><span class=\"goog-text-highlight\">Livr\u00e9 en kit, facile \u00e0 monter<\/span><\/li>\n<\/ul>","protected":false},"excerpt":{"rendered":"<p><span class=\"\">La cage simple DIBARO a \u00e9t\u00e9 sp\u00e9cialement con\u00e7ue pour transporter votre chien en toute s\u00e9curit\u00e9. Fabricant haut de gamme, en aluminium anodis\u00e9 pour profil\u00e9s et panneaux PVC 10 mm.<\/span><\/p>","protected":false},"featured_media":87307,"template":"","meta":[],"product_brand":[],"product_cat":[370],"product_tag":[],"class_list":{"0":"post-87309","1":"product","2":"type-product","3":"status-publish","4":"has-post-thumbnail","6":"product_cat-benches","8":"first","9":"instock","10":"taxable","11":"shipping-taxable","12":"purchasable","13":"product-type-simple"},"mb":[],"mfb_rest_fields":["title"],"_links":{"self":[{"href":"https:\/\/dogpride.nl\/fr\/wp-json\/wp\/v2\/product\/87309","targetHints":{"allow":["GET"]}}],"collection":[{"href":"https:\/\/dogpride.nl\/fr\/wp-json\/wp\/v2\/product"}],"about":[{"href":"https:\/\/dogpride.nl\/fr\/wp-json\/wp\/v2\/types\/product"}],"wp:featuredmedia":[{"embeddable":true,"href":"https:\/\/dogpride.nl\/fr\/wp-json\/wp\/v2\/media\/87307"}],"wp:attachment":[{"href":"https:\/\/dogpride.nl\/fr\/wp-json\/wp\/v2\/media?parent=87309"}],"wp:term":[{"taxonomy":"product_brand","embeddable":true,"href":"https:\/\/dogpride.nl\/fr\/wp-json\/wp\/v2\/product_brand?post=87309"},{"taxonomy":"product_cat","embeddable":true,"href":"https:\/\/dogpride.nl\/fr\/wp-json\/wp\/v2\/product_cat?post=87309"},{"taxonomy":"product_tag","embeddable":true,"href":"https:\/\/dogpride.nl\/fr\/wp-json\/wp\/v2\/product_tag?post=87309"}],"curies":[{"name":"wp","href":"https:\/\/api.w.org\/{rel}","templated":true}]}}