{"id":87275,"date":"2022-03-16T11:23:22","date_gmt":"2022-03-16T10:23:22","guid":{"rendered":"https:\/\/www.dogpride.nl\/?post_type=product&#038;p=87275"},"modified":"2023-02-01T12:31:37","modified_gmt":"2023-02-01T11:31:37","slug":"nomad-2-deurs-reiskooi","status":"publish","type":"product","link":"https:\/\/dogpride.nl\/fr\/nomad-2-deurs-reiskooi\/","title":{"rendered":"Cage de voyage NOMAD 2 portes"},"content":{"rendered":"<h4>Cage de voyage NOMAD 2 portes<\/h4>\n<p>Cage de voyage NOMAD 2 portes.<\/p>\n<h5><span class=\"\">La cage de transport NOMAD r\u00e9pond aux normes IATA pour le transport a\u00e9rien d&#039;un chien<\/span><\/h5>\n<p>Pour le transport en voiture, cette cage est id\u00e9ale pour les petits chiens, elle permet de transporter 1 ou 2 chiens gr\u00e2ce au s\u00e9parateur amovible et aux deux portes.<br \/>\nLa cage Nomad est \u00e9quip\u00e9e de roulettes amovibles pour faciliter la manipulation, ainsi que d&#039;une poign\u00e9e r\u00e9tractable type trolley.<br \/>\nLa cage Nomad dispose de 2 compartiments de rangement en partie haute.<\/p>\n<p><strong><span class=\"goog-text-highlight\">Dimensions:<\/span><\/strong><\/p>\n<ul>\n<li><span class=\"goog-text-highlight\">Profondeur 56 cm<\/span><\/li>\n<li><span class=\"goog-text-highlight\">Largeur 87cm<\/span><\/li>\n<li><span class=\"goog-text-highlight\">Hauteur 65cm<\/span><\/li>\n<\/ul>\n<p><img loading=\"lazy\" decoding=\"async\" class=\"alignnone size-full wp-image-87280\" src=\"https:\/\/www.dogpride.nl\/wp-content\/uploads\/verybig-5556-5.jpg\" alt=\"NOMAD 2-deurs reiskooi Afmetingen\" width=\"520\" height=\"520\" srcset=\"https:\/\/dogpride.nl\/wp-content\/uploads\/verybig-5556-5.jpg 520w, https:\/\/dogpride.nl\/wp-content\/uploads\/verybig-5556-5-250x250.jpg 250w, https:\/\/dogpride.nl\/wp-content\/uploads\/verybig-5556-5-100x100.jpg 100w, https:\/\/dogpride.nl\/wp-content\/uploads\/verybig-5556-5-400x400.jpg 400w, https:\/\/dogpride.nl\/wp-content\/uploads\/verybig-5556-5-300x300.jpg 300w, https:\/\/dogpride.nl\/wp-content\/uploads\/verybig-5556-5-150x150.jpg 150w, https:\/\/dogpride.nl\/wp-content\/uploads\/verybig-5556-5-66x66.jpg 66w, https:\/\/dogpride.nl\/wp-content\/uploads\/verybig-5556-5-200x200.jpg 200w\" sizes=\"auto, (max-width: 520px) 100vw, 520px\" \/><\/p>","protected":false},"excerpt":{"rendered":"<p>Pour le transport en voiture, cette cage est id\u00e9ale pour les petits chiens. Il peut transporter 1 ou 2 chiens gr\u00e2ce au s\u00e9parateur amovible et aux deux portes.\u00a0<span class=\"\">La cage de transport NOMAD r\u00e9pond aux normes IATA pour le transport a\u00e9rien d&#039;un chien.<\/span><\/p>","protected":false},"featured_media":87276,"template":"","meta":[],"product_brand":[],"product_cat":[5174],"product_tag":[],"class_list":{"0":"post-87275","1":"product","2":"type-product","3":"status-publish","4":"has-post-thumbnail","6":"product_cat-reizen-transport","8":"first","9":"onbackorder","10":"taxable","11":"shipping-taxable","12":"purchasable","13":"product-type-simple"},"mb":[],"mfb_rest_fields":["title"],"_links":{"self":[{"href":"https:\/\/dogpride.nl\/fr\/wp-json\/wp\/v2\/product\/87275","targetHints":{"allow":["GET"]}}],"collection":[{"href":"https:\/\/dogpride.nl\/fr\/wp-json\/wp\/v2\/product"}],"about":[{"href":"https:\/\/dogpride.nl\/fr\/wp-json\/wp\/v2\/types\/product"}],"wp:featuredmedia":[{"embeddable":true,"href":"https:\/\/dogpride.nl\/fr\/wp-json\/wp\/v2\/media\/87276"}],"wp:attachment":[{"href":"https:\/\/dogpride.nl\/fr\/wp-json\/wp\/v2\/media?parent=87275"}],"wp:term":[{"taxonomy":"product_brand","embeddable":true,"href":"https:\/\/dogpride.nl\/fr\/wp-json\/wp\/v2\/product_brand?post=87275"},{"taxonomy":"product_cat","embeddable":true,"href":"https:\/\/dogpride.nl\/fr\/wp-json\/wp\/v2\/product_cat?post=87275"},{"taxonomy":"product_tag","embeddable":true,"href":"https:\/\/dogpride.nl\/fr\/wp-json\/wp\/v2\/product_tag?post=87275"}],"curies":[{"name":"wp","href":"https:\/\/api.w.org\/{rel}","templated":true}]}}