{"id":87236,"date":"2022-03-15T15:34:31","date_gmt":"2022-03-15T14:34:31","guid":{"rendered":"https:\/\/www.dogpride.nl\/?post_type=product&#038;p=87236"},"modified":"2023-02-01T09:49:11","modified_gmt":"2023-02-01T08:49:11","slug":"petmate-husky-dog-house","status":"publish","type":"product","link":"https:\/\/dogpride.nl\/fr\/petmate-husky-dog-house\/","title":{"rendered":"Niche pour chien Petmate Husky"},"content":{"rendered":"<h4 class=\"mb-0 pb-0 text-black product-title\">Niche pour chien Petmate Husky<\/h4>\n<p class=\"mb-0 pb-0 text-black product-title\">Niche pour chien Petmate Husky.<\/p>\n<p><strong>La seule niche dont un chien aura besoin.<br \/>\n<\/strong>Offrez \u00e0 votre chien la protection ultime contre l&#039;ext\u00e9rieur avec cette niche pour chien Husky.<\/p>\n<p><strong>Fabriqu\u00e9 \u00e0 partir de r\u00e9sine recycl\u00e9e 100% &quot;mousse de polypropyl\u00e8ne&quot;.\u00a0<\/strong><\/p>\n<p>Sp\u00e9cialement con\u00e7u pour durer et avec un plancher sur\u00e9lev\u00e9, une ventilation arri\u00e8re pour une circulation d&#039;air saine et une conception de construction en mousse structurelle r\u00e9sistante aux fuites pour garder votre animal au sec.<br \/>\nLa forme en d\u00f4me offre \u00e0 votre chien beaucoup d&#039;espace, tandis que l&#039;entr\u00e9e allong\u00e9e offre une protection contre la pluie, le vent et la neige.<\/p>\n<p><strong>caract\u00e9ristiques<\/strong><\/p>\n<ul>\n<li>Ventilation pour l&#039;air frais<\/li>\n<li>Conception \u00e9tanche<\/li>\n<li>Frais en \u00e9t\u00e9, plus chaud en hiver<\/li>\n<li>Installation facile avec juste un tournevis<\/li>\n<li>Fabriqu\u00e9 aux Etats-Unis<\/li>\n<li>Emballage tr\u00e8s compact<\/li>\n<\/ul>\n<p><strong>Convient aux chiens jusqu&#039;\u00e0 40 kg.<\/strong><\/p>\n<p><strong>Grenier de poids<br \/>\n<\/strong>14,7 kg<\/p>\n<p><strong>Format<br \/>\n<\/strong>85x84x66cm<\/p>","protected":false},"excerpt":{"rendered":"<p>Sp\u00e9cialement con\u00e7u pour durer et avec un plancher sur\u00e9lev\u00e9, une ventilation arri\u00e8re pour une circulation d&#039;air saine et une conception de construction en mousse structurelle r\u00e9sistante aux fuites pour garder votre animal au sec.<\/p>","protected":false},"featured_media":87237,"template":"","meta":[],"product_brand":[],"product_cat":[370],"product_tag":[],"class_list":{"0":"post-87236","1":"product","2":"type-product","3":"status-publish","4":"has-post-thumbnail","6":"product_cat-benches","8":"first","9":"instock","10":"taxable","11":"shipping-taxable","12":"purchasable","13":"product-type-simple"},"mb":[],"mfb_rest_fields":["title"],"_links":{"self":[{"href":"https:\/\/dogpride.nl\/fr\/wp-json\/wp\/v2\/product\/87236","targetHints":{"allow":["GET"]}}],"collection":[{"href":"https:\/\/dogpride.nl\/fr\/wp-json\/wp\/v2\/product"}],"about":[{"href":"https:\/\/dogpride.nl\/fr\/wp-json\/wp\/v2\/types\/product"}],"wp:featuredmedia":[{"embeddable":true,"href":"https:\/\/dogpride.nl\/fr\/wp-json\/wp\/v2\/media\/87237"}],"wp:attachment":[{"href":"https:\/\/dogpride.nl\/fr\/wp-json\/wp\/v2\/media?parent=87236"}],"wp:term":[{"taxonomy":"product_brand","embeddable":true,"href":"https:\/\/dogpride.nl\/fr\/wp-json\/wp\/v2\/product_brand?post=87236"},{"taxonomy":"product_cat","embeddable":true,"href":"https:\/\/dogpride.nl\/fr\/wp-json\/wp\/v2\/product_cat?post=87236"},{"taxonomy":"product_tag","embeddable":true,"href":"https:\/\/dogpride.nl\/fr\/wp-json\/wp\/v2\/product_tag?post=87236"}],"curies":[{"name":"wp","href":"https:\/\/api.w.org\/{rel}","templated":true}]}}