{"id":86208,"date":"2022-03-07T14:57:51","date_gmt":"2022-03-07T13:57:51","guid":{"rendered":"https:\/\/www.dogpride.nl\/?post_type=product&#038;p=86208"},"modified":"2025-11-26T10:48:05","modified_gmt":"2025-11-26T09:48:05","slug":"mypado-classic-zachte-hondendeken","status":"publish","type":"product","link":"https:\/\/dogpride.nl\/fr\/mypado-classic-zachte-hondendeken\/","title":{"rendered":"Couverture pour chien douce classique MYPADO"},"content":{"rendered":"<h4>Couverture pour chien douce classique MYPADO<\/h4>\n<p>Couverture pour chien souple classique MYPADO. Cette belle et \u00e9l\u00e9gante couverture pour chien s\u00e9duit avant tout par son fin tissu d&#039;ameublement structurel. Il forme non seulement une surface douce et extr\u00eamement c\u00e2line qui vous invite \u00e0 vous c\u00e2liner ; son aspect noble fait \u00e9galement du coussin de relaxation de votre chien un v\u00e9ritable accroche-regard dans votre salon.<\/p>\n<div class=\"div_content\">\n<div class=\"beschreibung_spalte2\">De binnenkern van de MYPADO Classic Zachte Hondendeken is gemaakt van polyester fleece en is daardoor zowel knuffelig als stabiliserend. Samen met het bijzonder slijtvaste bovenmateriaal bieden wij u met mypado\u00ae Classic een hondendeken in absolute topkwaliteit.<\/div>\n<p>Peu importe qu&#039;il s&#039;agisse de carlin ou de dogues allemands : la couverture pour chien mypado\u00ae Classic est disponible dans de nombreuses tailles diff\u00e9rentes, de sorte que chaque chien puisse vraiment profiter de cette couverture pour chien. C&#039;est ainsi que les amis \u00e0 quatre pattes se d\u00e9tendent avec le plus haut niveau de confort et le plus beau design !<\/p>\n<\/div>\n<div class=\"div_content\">\n<div class=\"beschreibung_spalte2\">Bien entendu, la couverture pour chien mypado\u00ae Classic est disponible dans de nombreuses couleurs diff\u00e9rentes. Du gris classique et de l&#039;argent au violet r\u00eaveur. Et pour que vous et le nez poilu puissiez en profiter le plus longtemps possible, la couverture pour chien peut \u00eatre lav\u00e9e \u00e0 30\u00b0C dans la machine \u00e0 laver.<\/div>\n<p><strong>Les particularit\u00e9s:<\/strong><\/p>\n<\/div>\n<div class=\"div_content\">\n<div class=\"beschreibung_spalte1\">\n<ul>\n<li>Contour matelass\u00e9 (accent de couleur \u2013 ton sur ton)<\/li>\n<li>Tissu d&#039;ameublement structurel<\/li>\n<li>doux et c\u00e2lin<\/li>\n<li>Doublure \u00e9paisse en molleton de polyester<\/li>\n<li>convient aux amis \u00e0 quatre pattes l\u00e9gers et lourds<\/li>\n<li>durable et r\u00e9sistant<\/li>\n<\/ul>\n<p><strong>Tailles\u00a0:<\/strong><\/p>\n<ul>\n<li>M &gt; 90\u00d765 cm<\/li>\n<li>L &gt; 120\u00d780 cm<\/li>\n<\/ul>\n<p>Couleurs disponibles: Gris, Cr\u00e8me, Argent, Marron clair, Marron, Rose, Violet<\/p>\n<p><a href=\"https:\/\/dogpride.nl\/fr\/hondenmanden\/mypado-accessoires\/\"><img loading=\"lazy\" decoding=\"async\" class=\"alignnone\" title=\"Couverture pour chien douce classique MYPADO \" src=\"https:\/\/dogpride.nl\/wp-content\/uploads\/mypado-hundedecke-classic-softline-violett-01_600x600.jpg\" alt=\"MYPADO Classic Zachte Hondendeken \" width=\"140\" height=\"105\" \/><\/a><\/p>\n<p><a href=\"https:\/\/www.mypado.de\/\" target=\"_blank\" rel=\"noopener\"><img loading=\"lazy\" decoding=\"async\" class=\"alignnone wp-image-144946 size-full\" src=\"https:\/\/dogpride.nl\/wp-content\/uploads\/logo-mypad-2.jpg\" alt=\"\" width=\"197\" height=\"75\" srcset=\"https:\/\/dogpride.nl\/wp-content\/uploads\/logo-mypad-2.jpg 197w, https:\/\/dogpride.nl\/wp-content\/uploads\/logo-mypad-2-18x7.jpg 18w\" sizes=\"auto, (max-width: 197px) 100vw, 197px\" \/><\/a><\/p>\n<\/div>\n<\/div>","protected":false},"excerpt":{"rendered":"<p>Le noyau int\u00e9rieur de la couverture pour chien est en polaire de polyester et est donc \u00e0 la fois c\u00e2lin et stabilisant. Avec le mat\u00e9riau ext\u00e9rieur particuli\u00e8rement r\u00e9sistant \u00e0 l&#039;usure, notre mypado\u00ae Classic est une couverture pour chien d&#039;une qualit\u00e9 irr\u00e9prochable.<\/p>","protected":false},"featured_media":86209,"template":"","meta":[],"product_brand":[],"product_cat":[3462],"product_tag":[14846,14844,14843,14845,14848,14847,14833,14837,14841,14836],"class_list":{"0":"post-86208","1":"product","2":"type-product","3":"status-publish","4":"has-post-thumbnail","6":"product_cat-mypado-accessoires","7":"product_tag-bankbescherming-hond","8":"product_tag-comfortabele-hondenplaid","9":"product_tag-fleece-hondendeken","10":"product_tag-hondenmand-deken","11":"product_tag-hondenplaid-voor-thuis","12":"product_tag-klassieke-hondendeken","13":"product_tag-mypado-hondendeken","14":"product_tag-warme-hondendeken","15":"product_tag-wasbare-hondendeken","16":"product_tag-zachte-hondendeken","18":"first","19":"instock","20":"taxable","21":"shipping-taxable","22":"purchasable","23":"product-type-variable"},"mb":[],"mfb_rest_fields":["title"],"_links":{"self":[{"href":"https:\/\/dogpride.nl\/fr\/wp-json\/wp\/v2\/product\/86208","targetHints":{"allow":["GET"]}}],"collection":[{"href":"https:\/\/dogpride.nl\/fr\/wp-json\/wp\/v2\/product"}],"about":[{"href":"https:\/\/dogpride.nl\/fr\/wp-json\/wp\/v2\/types\/product"}],"wp:featuredmedia":[{"embeddable":true,"href":"https:\/\/dogpride.nl\/fr\/wp-json\/wp\/v2\/media\/86209"}],"wp:attachment":[{"href":"https:\/\/dogpride.nl\/fr\/wp-json\/wp\/v2\/media?parent=86208"}],"wp:term":[{"taxonomy":"product_brand","embeddable":true,"href":"https:\/\/dogpride.nl\/fr\/wp-json\/wp\/v2\/product_brand?post=86208"},{"taxonomy":"product_cat","embeddable":true,"href":"https:\/\/dogpride.nl\/fr\/wp-json\/wp\/v2\/product_cat?post=86208"},{"taxonomy":"product_tag","embeddable":true,"href":"https:\/\/dogpride.nl\/fr\/wp-json\/wp\/v2\/product_tag?post=86208"}],"curies":[{"name":"wp","href":"https:\/\/api.w.org\/{rel}","templated":true}]}}