{"id":84433,"date":"2022-02-23T15:30:46","date_gmt":"2022-02-23T14:30:46","guid":{"rendered":"https:\/\/www.dogpride.nl\/?post_type=product&#038;p=84433"},"modified":"2026-04-13T12:54:31","modified_gmt":"2026-04-13T10:54:31","slug":"euro-joe-tactical-halsband-met-handvat-2-0","status":"publish","type":"product","link":"https:\/\/dogpride.nl\/fr\/euro-joe-tactical-halsband-met-handvat-2-0\/","title":{"rendered":"Euro Joe Tactical Halsband met handvat 2.0"},"content":{"rendered":"<h4>Euro Joe Tactical Halsband met handvat 2.0<\/h4>\n<p>Euro Joe Tactical Halsband met handvat 2.0<\/p>\n<p>Euro Joe &quot;Collier Tactique&quot; avec poign\u00e9e 2.0. Ce roc solide\u00a0<strong>Collier tactique avec poign\u00e9e<\/strong>\u00a0est fabriqu\u00e9 \u00e0 partir d&#039;un nylon tr\u00e8s r\u00e9sistant et a un\u00a0<strong>fermeture super solide<\/strong>\u00a0qui est reconnu par la police, l&#039;arm\u00e9e et les services de s\u00e9curit\u00e9 pour ses excellentes qualit\u00e9s d&#039;utilisation.<br \/>\nLe collier convient \u00e0 toutes les races moyennes \u00e0 grandes. Ce collier a une poign\u00e9e.<br \/>\nLa fermeture coulissante et le velcro vous permettent d&#039;ajuster la longueur et de l&#039;ajuster correctement. Le velcro est \u00e0 l&#039;int\u00e9rieur, il n&#039;y a donc pas de rubans l\u00e2ches \u00e0 l&#039;ext\u00e9rieur.<br \/>\nCe collier a \u00e9galement du velcro sur le\u00a0<strong>ext\u00e9rieur<\/strong>, o\u00f9 vous pouvez obtenir un badge suppl\u00e9mentaire ou\u00a0<a href=\"https:\/\/dogpride.nl\/fr\/produit\/badge-eigen-tekst-8x3cm\/\">\u00e9tiquette de nom<\/a>\u00a0peut pendre. Vous pouvez \u00e9galement le faire personnaliser, c&#039;est-\u00e0-dire avec un nom ou un mot de votre choix.<\/p>\n<p>Ce collier tactique est disponible dans les tailles M, L, XL, XXL et dans les couleurs :<\/p>\n<ul>\n<li>Jaune fluo<\/li>\n<li>Vert kaki<\/li>\n<li>Orange<\/li>\n<li>Violet<\/li>\n<li>Rouge<\/li>\n<li>Taupe<\/li>\n<li>Rose<\/li>\n<li>Noir<\/li>\n<li>N\u00e9on vert<\/li>\n<li>Bleu<\/li>\n<\/ul>\n<p><strong>Tableau des tailles:<\/strong><\/p>\n<p><img loading=\"lazy\" decoding=\"async\" class=\"alignnone size-full wp-image-84446\" src=\"https:\/\/www.dogpride.nl\/wp-content\/uploads\/Maattabel-Euro-Joe-halsbanden-met-handvat.jpg\" alt=\"Maattabel\" width=\"837\" height=\"145\" srcset=\"https:\/\/dogpride.nl\/wp-content\/uploads\/Maattabel-Euro-Joe-halsbanden-met-handvat.jpg 837w, https:\/\/dogpride.nl\/wp-content\/uploads\/Maattabel-Euro-Joe-halsbanden-met-handvat-250x43.jpg 250w, https:\/\/dogpride.nl\/wp-content\/uploads\/Maattabel-Euro-Joe-halsbanden-met-handvat-400x69.jpg 400w, https:\/\/dogpride.nl\/wp-content\/uploads\/Maattabel-Euro-Joe-halsbanden-met-handvat-300x52.jpg 300w, https:\/\/dogpride.nl\/wp-content\/uploads\/Maattabel-Euro-Joe-halsbanden-met-handvat-768x133.jpg 768w, https:\/\/dogpride.nl\/wp-content\/uploads\/Maattabel-Euro-Joe-halsbanden-met-handvat-200x35.jpg 200w, https:\/\/dogpride.nl\/wp-content\/uploads\/Maattabel-Euro-Joe-halsbanden-met-handvat-600x104.jpg 600w, https:\/\/dogpride.nl\/wp-content\/uploads\/Maattabel-Euro-Joe-halsbanden-met-handvat-800x139.jpg 800w\" sizes=\"auto, (max-width: 837px) 100vw, 837px\" \/><\/p>\n<p><a href=\"https:\/\/dogpride.nl\/fr\/euro-joe-tactical-halsband-met-handvat-2-0\/\"><img loading=\"lazy\" decoding=\"async\" class=\"alignnone\" title=\"Euro Joe Tactical Halsband met handvat 2.0 oranje\" src=\"https:\/\/dogpride.nl\/wp-content\/uploads\/tactical_collar-HV_24-150x150.jpg\" alt=\"Euro Joe Tactical Halsband met handvat 2.0 oranje\" width=\"150\" height=\"150\" \/><\/a><a href=\"https:\/\/euro-joe.com\/nl\/\" target=\"_blank\" rel=\"noopener\"><img loading=\"lazy\" decoding=\"async\" class=\"alignnone\" src=\"https:\/\/dogpride.nl\/wp-content\/uploads\/tactical_collar-HV_22-150x150.jpg\" alt=\"Euro Joe &quot;Tactical Halsband&quot; met handvat 2.0 roze\" width=\"150\" height=\"150\" \/><\/a><\/p>\n<p><a href=\"https:\/\/euro-joe.com\/nl\/\" target=\"_blank\" rel=\"noopener\"><img loading=\"lazy\" decoding=\"async\" class=\"alignnone wp-image-143097 size-medium\" title=\"Euro Joe Iron Power halsband\" src=\"https:\/\/dogpride.nl\/wp-content\/uploads\/Logo_EJ_MULTI_website-1-300x88.jpg\" alt=\"Euro Joe Iron Power halsband\" width=\"300\" height=\"88\" srcset=\"https:\/\/dogpride.nl\/wp-content\/uploads\/Logo_EJ_MULTI_website-1-300x88.jpg 300w, https:\/\/dogpride.nl\/wp-content\/uploads\/Logo_EJ_MULTI_website-1-1024x299.jpg 1024w, https:\/\/dogpride.nl\/wp-content\/uploads\/Logo_EJ_MULTI_website-1-768x225.jpg 768w, https:\/\/dogpride.nl\/wp-content\/uploads\/Logo_EJ_MULTI_website-1-1536x449.jpg 1536w, https:\/\/dogpride.nl\/wp-content\/uploads\/Logo_EJ_MULTI_website-1-2048x599.jpg 2048w, https:\/\/dogpride.nl\/wp-content\/uploads\/Logo_EJ_MULTI_website-1-18x5.jpg 18w, https:\/\/dogpride.nl\/wp-content\/uploads\/Logo_EJ_MULTI_website-1-250x73.jpg 250w, https:\/\/dogpride.nl\/wp-content\/uploads\/Logo_EJ_MULTI_website-1-400x117.jpg 400w\" sizes=\"auto, (max-width: 300px) 100vw, 300px\" \/><\/a><\/p>","protected":false},"excerpt":{"rendered":"<p>Ce roc solide\u00a0<strong>Collier tactique avec poign\u00e9e<\/strong>\u00a0est fabriqu\u00e9 \u00e0 partir d&#039;un nylon tr\u00e8s r\u00e9sistant et a un\u00a0<strong>fermeture super solide<\/strong>\u00a0qui est reconnu par la police, l&#039;arm\u00e9e et les services de s\u00e9curit\u00e9 pour ses excellentes qualit\u00e9s d&#039;utilisation.<\/p>","protected":false},"featured_media":84434,"template":"","meta":[],"product_brand":[],"product_cat":[9239],"product_tag":[4683,4744,5238,4867,4890],"class_list":{"0":"post-84433","1":"product","2":"type-product","3":"status-publish","4":"has-post-thumbnail","6":"product_cat-euro-joe-hondenhalsbanden","7":"product_tag-2-0","8":"product_tag-euro-joe","9":"product_tag-halsband","10":"product_tag-handvat","11":"product_tag-tactical","13":"first","14":"instock","15":"taxable","16":"shipping-taxable","17":"purchasable","18":"product-type-variable"},"mb":[],"mfb_rest_fields":["title"],"_links":{"self":[{"href":"https:\/\/dogpride.nl\/fr\/wp-json\/wp\/v2\/product\/84433","targetHints":{"allow":["GET"]}}],"collection":[{"href":"https:\/\/dogpride.nl\/fr\/wp-json\/wp\/v2\/product"}],"about":[{"href":"https:\/\/dogpride.nl\/fr\/wp-json\/wp\/v2\/types\/product"}],"wp:featuredmedia":[{"embeddable":true,"href":"https:\/\/dogpride.nl\/fr\/wp-json\/wp\/v2\/media\/84434"}],"wp:attachment":[{"href":"https:\/\/dogpride.nl\/fr\/wp-json\/wp\/v2\/media?parent=84433"}],"wp:term":[{"taxonomy":"product_brand","embeddable":true,"href":"https:\/\/dogpride.nl\/fr\/wp-json\/wp\/v2\/product_brand?post=84433"},{"taxonomy":"product_cat","embeddable":true,"href":"https:\/\/dogpride.nl\/fr\/wp-json\/wp\/v2\/product_cat?post=84433"},{"taxonomy":"product_tag","embeddable":true,"href":"https:\/\/dogpride.nl\/fr\/wp-json\/wp\/v2\/product_tag?post=84433"}],"curies":[{"name":"wp","href":"https:\/\/api.w.org\/{rel}","templated":true}]}}