{"id":84414,"date":"2022-02-23T15:14:07","date_gmt":"2022-02-23T14:14:07","guid":{"rendered":"https:\/\/www.dogpride.nl\/?post_type=product&#038;p=84414"},"modified":"2026-04-13T12:54:34","modified_gmt":"2026-04-13T10:54:34","slug":"euro-joe-tactical-halsband-zonder-handvat-2","status":"publish","type":"product","link":"https:\/\/dogpride.nl\/fr\/euro-joe-tactical-halsband-zonder-handvat-2\/","title":{"rendered":"Euro Joe Tactical Halsband zonder handvat 2"},"content":{"rendered":"<h4>Euro Joe Tactical Halsband zonder handvat 2<\/h4>\n<p>Euro Joe Tactical Halsband zonder handvat 2. Deze oerdegelijke <strong>Collier tactique sans poign\u00e9e<\/strong>\u00a0est fabriqu\u00e9 \u00e0 partir d&#039;un nylon tr\u00e8s r\u00e9sistant et a un\u00a0<strong>fermeture super solide<\/strong>\u00a0qui est reconnu par la police, l&#039;arm\u00e9e et les services de s\u00e9curit\u00e9 pour ses excellentes qualit\u00e9s d&#039;utilisation.<br \/>\nLe collier convient \u00e0 toutes les races moyennes \u00e0 grandes. Ce collier n&#039;a pas de poign\u00e9e.<br \/>\nLa fermeture coulissante et le velcro vous permettent d&#039;ajuster la longueur et de l&#039;ajuster correctement. Le velcro est \u00e0 l&#039;int\u00e9rieur, il n&#039;y a donc pas de rubans l\u00e2ches \u00e0 l&#039;ext\u00e9rieur.<br \/>\nCe collier a \u00e9galement du velcro sur le\u00a0<strong>ext\u00e9rieur<\/strong>, o\u00f9 vous pouvez obtenir un badge suppl\u00e9mentaire ou\u00a0<a href=\"https:\/\/dogpride.nl\/fr\/produit\/badge-eigen-tekst-8x3cm\/\">\u00e9tiquette de nom<\/a>\u00a0peut pendre. Vous pouvez \u00e9galement le faire personnaliser, c&#039;est-\u00e0-dire avec un nom ou un mot de votre choix.<\/p>\n<p>Ce collier tactique est disponible dans les tailles XS, M, L, XL, XXL et dans les couleurs :<\/p>\n<ul>\n<li>Jaune fluo<\/li>\n<li>Vert kaki<\/li>\n<li>Orange<\/li>\n<li>Violet<\/li>\n<li>Rouge<\/li>\n<li>Taupe<\/li>\n<li>Rose<\/li>\n<li>Noir<\/li>\n<li>N\u00e9on vert<\/li>\n<li>Bleu<\/li>\n<\/ul>\n<p><strong>Tableau des tailles:<\/strong><\/p>\n<p><img loading=\"lazy\" decoding=\"async\" class=\"alignnone size-full wp-image-84419\" src=\"https:\/\/www.dogpride.nl\/wp-content\/uploads\/Maten-halsbanden-Euro-Joe.jpg\" alt=\"Maattabel\" width=\"840\" height=\"194\" srcset=\"https:\/\/dogpride.nl\/wp-content\/uploads\/Maten-halsbanden-Euro-Joe.jpg 840w, https:\/\/dogpride.nl\/wp-content\/uploads\/Maten-halsbanden-Euro-Joe-250x58.jpg 250w, https:\/\/dogpride.nl\/wp-content\/uploads\/Maten-halsbanden-Euro-Joe-400x92.jpg 400w, https:\/\/dogpride.nl\/wp-content\/uploads\/Maten-halsbanden-Euro-Joe-300x69.jpg 300w, https:\/\/dogpride.nl\/wp-content\/uploads\/Maten-halsbanden-Euro-Joe-768x177.jpg 768w, https:\/\/dogpride.nl\/wp-content\/uploads\/Maten-halsbanden-Euro-Joe-200x46.jpg 200w, https:\/\/dogpride.nl\/wp-content\/uploads\/Maten-halsbanden-Euro-Joe-600x139.jpg 600w, https:\/\/dogpride.nl\/wp-content\/uploads\/Maten-halsbanden-Euro-Joe-800x185.jpg 800w\" sizes=\"auto, (max-width: 840px) 100vw, 840px\" \/><\/p>\n<p><a href=\"https:\/\/euro-joe.com\/nl\/\" target=\"_blank\" rel=\"noopener\"><img loading=\"lazy\" decoding=\"async\" class=\"alignnone wp-image-143097 size-medium\" title=\"Euro Joe Iron Power halsband\" src=\"https:\/\/dogpride.nl\/wp-content\/uploads\/Logo_EJ_MULTI_website-1-300x88.jpg\" alt=\"Euro Joe Iron Power halsband\" width=\"300\" height=\"88\" srcset=\"https:\/\/dogpride.nl\/wp-content\/uploads\/Logo_EJ_MULTI_website-1-300x88.jpg 300w, https:\/\/dogpride.nl\/wp-content\/uploads\/Logo_EJ_MULTI_website-1-1024x299.jpg 1024w, https:\/\/dogpride.nl\/wp-content\/uploads\/Logo_EJ_MULTI_website-1-768x225.jpg 768w, https:\/\/dogpride.nl\/wp-content\/uploads\/Logo_EJ_MULTI_website-1-1536x449.jpg 1536w, https:\/\/dogpride.nl\/wp-content\/uploads\/Logo_EJ_MULTI_website-1-2048x599.jpg 2048w, https:\/\/dogpride.nl\/wp-content\/uploads\/Logo_EJ_MULTI_website-1-18x5.jpg 18w, https:\/\/dogpride.nl\/wp-content\/uploads\/Logo_EJ_MULTI_website-1-250x73.jpg 250w, https:\/\/dogpride.nl\/wp-content\/uploads\/Logo_EJ_MULTI_website-1-400x117.jpg 400w\" sizes=\"auto, (max-width: 300px) 100vw, 300px\" \/><\/a><\/p>","protected":false},"excerpt":{"rendered":"<p>Ce roc solide\u00a0<strong>Collier tactique sans poign\u00e9e<\/strong>\u00a0est fabriqu\u00e9 \u00e0 partir d&#039;un nylon tr\u00e8s r\u00e9sistant et a un\u00a0<strong>fermeture super solide<\/strong>\u00a0qui est reconnu par la police, l&#039;arm\u00e9e et les services de s\u00e9curit\u00e9 pour ses excellentes qualit\u00e9s d&#039;utilisation.<\/p>","protected":false},"featured_media":84415,"template":"","meta":[],"product_brand":[],"product_cat":[9239],"product_tag":[4744,5238,6349,4890],"class_list":{"0":"post-84414","1":"product","2":"type-product","3":"status-publish","4":"has-post-thumbnail","6":"product_cat-euro-joe-hondenhalsbanden","7":"product_tag-euro-joe","8":"product_tag-halsband","9":"product_tag-hondenhalsband","10":"product_tag-tactical","12":"first","13":"instock","14":"taxable","15":"shipping-taxable","16":"purchasable","17":"product-type-variable"},"mb":[],"mfb_rest_fields":["title"],"_links":{"self":[{"href":"https:\/\/dogpride.nl\/fr\/wp-json\/wp\/v2\/product\/84414","targetHints":{"allow":["GET"]}}],"collection":[{"href":"https:\/\/dogpride.nl\/fr\/wp-json\/wp\/v2\/product"}],"about":[{"href":"https:\/\/dogpride.nl\/fr\/wp-json\/wp\/v2\/types\/product"}],"wp:featuredmedia":[{"embeddable":true,"href":"https:\/\/dogpride.nl\/fr\/wp-json\/wp\/v2\/media\/84415"}],"wp:attachment":[{"href":"https:\/\/dogpride.nl\/fr\/wp-json\/wp\/v2\/media?parent=84414"}],"wp:term":[{"taxonomy":"product_brand","embeddable":true,"href":"https:\/\/dogpride.nl\/fr\/wp-json\/wp\/v2\/product_brand?post=84414"},{"taxonomy":"product_cat","embeddable":true,"href":"https:\/\/dogpride.nl\/fr\/wp-json\/wp\/v2\/product_cat?post=84414"},{"taxonomy":"product_tag","embeddable":true,"href":"https:\/\/dogpride.nl\/fr\/wp-json\/wp\/v2\/product_tag?post=84414"}],"curies":[{"name":"wp","href":"https:\/\/api.w.org\/{rel}","templated":true}]}}