{"id":83911,"date":"2022-02-17T11:06:34","date_gmt":"2022-02-17T10:06:34","guid":{"rendered":"https:\/\/www.dogpride.nl\/?post_type=product&#038;p=83911"},"modified":"2025-11-16T12:15:39","modified_gmt":"2025-11-16T11:15:39","slug":"pride-cordura-trainingsvest-unisex","status":"publish","type":"product","link":"https:\/\/dogpride.nl\/fr\/pride-cordura-trainingsvest-unisex\/","title":{"rendered":"Veste d&#039;entra\u00eenement PRIDE Cordura unisexe"},"content":{"rendered":"<h4>Veste d&#039;entra\u00eenement PRIDE Cordura unisexe<\/h4>\n<p>Gilet d&#039;entra\u00eenement PRIDE Cordura unisexe.<\/p>\n<div id=\"cc-m-14237770878\" class=\"j-module n j-header\">\n<p id=\"cc-m-header-14237770878\"><span style=\"font-size: 16px;\">Le gilet d&#039;entra\u00eenement PRIDE est fabriqu\u00e9 en polyester Cordura\u00ae imperm\u00e9able de haute qualit\u00e9 avec des fermetures \u00e9clair YKK\u00ae originales.<\/span><\/p>\n<\/div>\n<div id=\"cc-m-14459637178\" class=\"j-module n j-text\">\n<p>Design tr\u00e8s moderne, tendance et fonctionnel.<\/p>\n<p>2 grandes poches et 2 grandes poches poitrine, 1 grande poche au dos.<\/p>\n<p>Couleur : noir avec du vert.<\/p>\n<ul>\n<li>Excellentes performances d&#039;usure<\/li>\n<li>Entretien facile<\/li>\n<li>R\u00e9sistance \u00e0 la pourriture et \u00e0 la moisissure<\/li>\n<li>Look \u00e9l\u00e9gant<\/li>\n<li>R\u00e9sistance exceptionnelle aux abrasions, perforations et d\u00e9chirures<\/li>\n<li>Robustesse l\u00e9g\u00e8re avec un volume sup\u00e9rieur<\/li>\n<\/ul>\n<p><strong>Tour de poitrine:<\/strong><\/p>\n<ul>\n<li><em><strong>Taille XS \u2013 102cm<\/strong><\/em><\/li>\n<li><em><strong>Taille S \u2013 113cm<\/strong><\/em><\/li>\n<li><em><strong>Taille M - 118cm<\/strong><\/em><\/li>\n<li><em><strong>Taille L \u2013 122cm<\/strong><\/em><\/li>\n<li><em><strong>Taille XL \u2013 125cm<\/strong><\/em><\/li>\n<li><em><strong>Taille XXL - 128 cm<\/strong><\/em><\/li>\n<li><em><strong>Taille XXXL \u2013 132 cm<\/strong><\/em><\/li>\n<\/ul>\n<p><a href=\"https:\/\/www.dogpride.eu\/\" target=\"_blank\" rel=\"noopener\"><img loading=\"lazy\" decoding=\"async\" class=\"alignnone wp-image-142932 size-full\" src=\"https:\/\/dogpride.nl\/wp-content\/uploads\/Logo-Pride2-2-4.png\" alt=\"\" width=\"327\" height=\"105\" srcset=\"https:\/\/dogpride.nl\/wp-content\/uploads\/Logo-Pride2-2-4.png 327w, https:\/\/dogpride.nl\/wp-content\/uploads\/Logo-Pride2-2-4-300x96.png 300w, https:\/\/dogpride.nl\/wp-content\/uploads\/Logo-Pride2-2-4-18x6.png 18w, https:\/\/dogpride.nl\/wp-content\/uploads\/Logo-Pride2-2-4-250x80.png 250w\" sizes=\"auto, (max-width: 327px) 100vw, 327px\" \/><\/a><\/p>\n<p><a href=\"https:\/\/dogpride.nl\/fr\/kleding\/trainingsvesten\/pride-trainingsvesten\/\"><img loading=\"lazy\" decoding=\"async\" class=\"alignnone\" title=\"Veste d&#039;entra\u00eenement PRIDE Cordura unisexe\" src=\"https:\/\/dogpride.nl\/wp-content\/uploads\/1643836010-150x150.jpg\" alt=\"PRIDE Cordura Trainingsvest Unisex\" width=\"150\" height=\"150\" \/><\/a><\/p>\n<\/div>","protected":false},"excerpt":{"rendered":"<p><span style=\"font-size: 16px;\">Le gilet d&#039;entra\u00eenement PRIDE est fabriqu\u00e9 en polyester Cordura\u00ae imperm\u00e9able de haute qualit\u00e9 avec des fermetures \u00e9clair YKK\u00ae originales. 2 grandes poches et 2 grandes poches poitrine, 1 grande poche au dos.<\/span><\/p>","protected":false},"featured_media":83912,"template":"","meta":[],"product_brand":[],"product_cat":[3874],"product_tag":[],"class_list":{"0":"post-83911","1":"product","2":"type-product","3":"status-publish","4":"has-post-thumbnail","6":"product_cat-pride-trainingsvesten","8":"first","9":"instock","10":"taxable","11":"shipping-taxable","12":"purchasable","13":"product-type-variable"},"mb":[],"mfb_rest_fields":["title"],"_links":{"self":[{"href":"https:\/\/dogpride.nl\/fr\/wp-json\/wp\/v2\/product\/83911","targetHints":{"allow":["GET"]}}],"collection":[{"href":"https:\/\/dogpride.nl\/fr\/wp-json\/wp\/v2\/product"}],"about":[{"href":"https:\/\/dogpride.nl\/fr\/wp-json\/wp\/v2\/types\/product"}],"wp:featuredmedia":[{"embeddable":true,"href":"https:\/\/dogpride.nl\/fr\/wp-json\/wp\/v2\/media\/83912"}],"wp:attachment":[{"href":"https:\/\/dogpride.nl\/fr\/wp-json\/wp\/v2\/media?parent=83911"}],"wp:term":[{"taxonomy":"product_brand","embeddable":true,"href":"https:\/\/dogpride.nl\/fr\/wp-json\/wp\/v2\/product_brand?post=83911"},{"taxonomy":"product_cat","embeddable":true,"href":"https:\/\/dogpride.nl\/fr\/wp-json\/wp\/v2\/product_cat?post=83911"},{"taxonomy":"product_tag","embeddable":true,"href":"https:\/\/dogpride.nl\/fr\/wp-json\/wp\/v2\/product_tag?post=83911"}],"curies":[{"name":"wp","href":"https:\/\/api.w.org\/{rel}","templated":true}]}}