{"id":83599,"date":"2022-02-14T14:18:53","date_gmt":"2022-02-14T13:18:53","guid":{"rendered":"https:\/\/www.dogpride.nl\/?post_type=product&#038;p=83599"},"modified":"2026-03-13T10:11:15","modified_gmt":"2026-03-13T09:11:15","slug":"mooria-original-halsband-sharp-waves","status":"publish","type":"product","link":"https:\/\/dogpride.nl\/fr\/mooria-original-halsband-sharp-waves\/","title":{"rendered":"MOORIA Original Collier Sharp-Waves"},"content":{"rendered":"<h4>MOORIA Original Collier Sharp-Waves<\/h4>\n<p>Collier Original MOORIA Sharp-Waves. Les colliers et laisses MOORIA sont faits de tissus imperm\u00e9ables fonctionnels. La base est en tissu de nylon \u00e9pais recouvert de tissu softshell imprim\u00e9 ou monochrome.<br \/>\nNos colliers et laisses ont la m\u00eame fonctionnalit\u00e9 et la m\u00eame r\u00e9sistance que les produits en nylon populaires\u00a0; de plus, nous offrons une apparence attrayante gr\u00e2ce \u00e0 une large gamme de motifs, d&#039;imprim\u00e9s et de couleurs.<br \/>\nL&#039;excellente base textile n&#039;est pas le seul avantage de nos produits. Tous les autres mat\u00e9riels tels que les boucles, les anneaux et les mousquetons sont de haute qualit\u00e9 et trait\u00e9s selon des normes \u00e9lev\u00e9es.<br \/>\nNous n&#039;utilisons que du mat\u00e9riel provenant de fabricants soigneusement s\u00e9lectionn\u00e9s en Europe et aux \u00c9tats-Unis. Gr\u00e2ce \u00e0 l&#039;accent mis sur la haute qualit\u00e9 et la fonctionnalit\u00e9, nous pouvons proposer ces produits uniques, attrayants et \u00e9l\u00e9gants.<\/p>\n<p>* Une m\u00e9daille etc. peut \u00eatre attach\u00e9e au petit anneau.<\/p>\n<p>* Disponible avec fermeture en plastique ou en aluminium.<\/p>\n<p>*\u00a0<a href=\"https:\/\/dogpride.nl\/fr\/mooria-original-lijn-sharp-waves\/\">Lignes assorties disponibles<\/a><\/p>\n<p><strong>Porte-nom\u00a0:<\/strong><\/p>\n<ul>\n<li>L&#039;ajout d&#039;un porte-nom permet de retrouver plus facilement votre chien lorsqu&#039;il s&#039;est enfui. Entrez le nom et le num\u00e9ro de t\u00e9l\u00e9phone du chien que vous voulez sur le collier exactement comme vous voulez qu&#039;ils apparaissent sur le collier - majuscules, espaces, format du num\u00e9ro de t\u00e9l\u00e9phone, etc.<\/li>\n<\/ul>\n<p><strong>Noeud papillon d\u00e9coratif :<\/strong><\/p>\n<ul>\n<li>Choisissez, si vous le souhaitez, d&#039;avoir un n\u0153ud papillon \u00e9l\u00e9gant pour le col. Le n\u0153ud papillon est sur une bande \u00e9lastique et est donc amovible. Le n\u0153ud papillon est produit dans le m\u00eame motif et la m\u00eame taille que le col.<\/li>\n<\/ul>\n<p><strong>Dimensions:<\/strong><\/p>\n<p><img loading=\"lazy\" decoding=\"async\" class=\"alignnone size-full wp-image-81263 lazyautosizes ls-is-cached lazyloaded\" src=\"https:\/\/www.dogpride.nl\/wp-content\/uploads\/mAATTABEL-mOORIA-HALSBANDEN-1.jpg\" sizes=\"auto, 816px\" srcset=\"https:\/\/www.dogpride.nl\/wp-content\/uploads\/mAATTABEL-mOORIA-HALSBANDEN-1-200x117.jpg 200w, https:\/\/www.dogpride.nl\/wp-content\/uploads\/mAATTABEL-mOORIA-HALSBANDEN-1-300x176.jpg 300w, https:\/\/www.dogpride.nl\/wp-content\/uploads\/mAATTABEL-mOORIA-HALSBANDEN-1-400x235.jpg 400w, https:\/\/www.dogpride.nl\/wp-content\/uploads\/mAATTABEL-mOORIA-HALSBANDEN-1-600x352.jpg 600w, https:\/\/www.dogpride.nl\/wp-content\/uploads\/mAATTABEL-mOORIA-HALSBANDEN-1-768x451.jpg 768w, https:\/\/www.dogpride.nl\/wp-content\/uploads\/mAATTABEL-mOORIA-HALSBANDEN-1-800x470.jpg 800w, https:\/\/www.dogpride.nl\/wp-content\/uploads\/mAATTABEL-mOORIA-HALSBANDEN-1.jpg 853w\" alt=\"Mooria Maatbabel\" width=\"853\" height=\"501\" data-orig-src=\"https:\/\/www.dogpride.nl\/wp-content\/uploads\/mAATTABEL-mOORIA-HALSBANDEN-1.jpg\" data-srcset=\"https:\/\/www.dogpride.nl\/wp-content\/uploads\/mAATTABEL-mOORIA-HALSBANDEN-1-200x117.jpg 200w, https:\/\/www.dogpride.nl\/wp-content\/uploads\/mAATTABEL-mOORIA-HALSBANDEN-1-300x176.jpg 300w, https:\/\/www.dogpride.nl\/wp-content\/uploads\/mAATTABEL-mOORIA-HALSBANDEN-1-400x235.jpg 400w, https:\/\/www.dogpride.nl\/wp-content\/uploads\/mAATTABEL-mOORIA-HALSBANDEN-1-600x352.jpg 600w, https:\/\/www.dogpride.nl\/wp-content\/uploads\/mAATTABEL-mOORIA-HALSBANDEN-1-768x451.jpg 768w, https:\/\/www.dogpride.nl\/wp-content\/uploads\/mAATTABEL-mOORIA-HALSBANDEN-1-800x470.jpg 800w, https:\/\/www.dogpride.nl\/wp-content\/uploads\/mAATTABEL-mOORIA-HALSBANDEN-1.jpg 853w\" data-sizes=\"auto\" data-orig-sizes=\"(max-width: 853px) 100vw, 853px\" \/><\/p>\n<p><a href=\"https:\/\/www.mooria.eu\/\" target=\"_blank\" rel=\"noopener\"><img loading=\"lazy\" decoding=\"async\" class=\"alignnone wp-image-118346 size-full\" src=\"https:\/\/dogpride.nl\/wp-content\/uploads\/Logo-MOORIA-2.png\" sizes=\"auto, (max-width: 233px) 100vw, 233px\" srcset=\"https:\/\/dogpride.nl\/wp-content\/uploads\/Logo-MOORIA-2.png 233w, https:\/\/dogpride.nl\/wp-content\/uploads\/Logo-MOORIA-2-18x4.png 18w\" alt=\"Logo Mooria\" width=\"233\" height=\"53\" \/><\/a><\/p>\n<p><a href=\"https:\/\/dogpride.nl\/fr\/hondenhalsbanden\/mooria-hondenhalsbanden\/?product-page=2\"><img loading=\"lazy\" decoding=\"async\" class=\"alignnone\" title=\"MOORIA Original Collier Sharp-Waves\" src=\"https:\/\/dogpride.nl\/wp-content\/uploads\/set1-sharp-waves-150x150.jpg\" alt=\"MOORIA Original Halsband Sharp-Waves\" width=\"150\" height=\"150\" \/><\/a><\/p>","protected":false},"excerpt":{"rendered":"<p>MOORIA Original Lijn Sharp-Waves halsbanden en lijnen hebben dezelfde functionaliteit en weerstand als populaire nylonproducten; daarnaast bieden wij een aantrekkelijk uiterlijk door een breed scala aan patronen, bedrukkingen en kleuren.<\/p>","protected":false},"featured_media":83600,"template":"","meta":[],"product_brand":[],"product_cat":[696],"product_tag":[],"class_list":{"0":"post-83599","1":"product","2":"type-product","3":"status-publish","4":"has-post-thumbnail","6":"product_cat-mooria-hondenhalsbanden","7":"product_shipping_class-vast-tarief-eu-overig","9":"first","10":"instock","11":"taxable","12":"shipping-taxable","13":"purchasable","14":"product-type-variable"},"mb":[],"mfb_rest_fields":["title"],"_links":{"self":[{"href":"https:\/\/dogpride.nl\/fr\/wp-json\/wp\/v2\/product\/83599","targetHints":{"allow":["GET"]}}],"collection":[{"href":"https:\/\/dogpride.nl\/fr\/wp-json\/wp\/v2\/product"}],"about":[{"href":"https:\/\/dogpride.nl\/fr\/wp-json\/wp\/v2\/types\/product"}],"wp:featuredmedia":[{"embeddable":true,"href":"https:\/\/dogpride.nl\/fr\/wp-json\/wp\/v2\/media\/83600"}],"wp:attachment":[{"href":"https:\/\/dogpride.nl\/fr\/wp-json\/wp\/v2\/media?parent=83599"}],"wp:term":[{"taxonomy":"product_brand","embeddable":true,"href":"https:\/\/dogpride.nl\/fr\/wp-json\/wp\/v2\/product_brand?post=83599"},{"taxonomy":"product_cat","embeddable":true,"href":"https:\/\/dogpride.nl\/fr\/wp-json\/wp\/v2\/product_cat?post=83599"},{"taxonomy":"product_tag","embeddable":true,"href":"https:\/\/dogpride.nl\/fr\/wp-json\/wp\/v2\/product_tag?post=83599"}],"curies":[{"name":"wp","href":"https:\/\/api.w.org\/{rel}","templated":true}]}}